{"id":3293,"date":"2024-06-19T15:34:10","date_gmt":"2024-06-19T13:34:10","guid":{"rendered":"https:\/\/rubens-antwerpen.be\/home\/sued\/groenplaats-gruenen-platz\/"},"modified":"2025-07-28T16:51:50","modified_gmt":"2025-07-28T14:51:50","slug":"groenplaats-gruenen-platz","status":"publish","type":"page","link":"https:\/\/rubens-antwerpen.be\/de\/home\/sued\/groenplaats-gruenen-platz\/","title":{"rendered":"Groenplaats\/Gr\u00fcnen Platz"},"content":{"rendered":"\t\t<div data-elementor-type=\"wp-page\" data-elementor-id=\"3293\" class=\"elementor elementor-3293 elementor-829\">\n\t\t\t\t<div class=\"elementor-element elementor-element-ad42995 e-flex e-con-boxed e-con e-parent\" data-id=\"ad42995\" data-element_type=\"container\" data-e-type=\"container\">\n\t\t\t\t\t<div class=\"e-con-inner\">\n\t\t\t\t<div class=\"elementor-element elementor-element-dbf73d7 elementor-widget elementor-widget-heading\" data-id=\"dbf73d7\" data-element_type=\"widget\" data-e-type=\"widget\" data-widget_type=\"heading.default\">\n\t\t\t\t<div class=\"elementor-widget-container\">\n\t\t\t\t\t<h2 class=\"elementor-heading-title elementor-size-default\">De Groenplaats: Statue von Peter Paul Rubens<\/h2>\t\t\t\t<\/div>\n\t\t\t\t<\/div>\n\t\t\t\t\t<\/div>\n\t\t\t\t<\/div>\n\t\t<div class=\"elementor-element elementor-element-bf578f7 e-flex e-con-boxed e-con e-parent\" data-id=\"bf578f7\" data-element_type=\"container\" data-e-type=\"container\">\n\t\t\t\t\t<div class=\"e-con-inner\">\n\t\t\t\t<div class=\"elementor-element elementor-element-77663d4 elementor-widget elementor-widget-text-editor\" data-id=\"77663d4\" data-element_type=\"widget\" data-e-type=\"widget\" data-widget_type=\"text-editor.default\">\n\t\t\t\t<div class=\"elementor-widget-container\">\n\t\t\t\t\t\t\t\t\t<p><img fetchpriority=\"high\" decoding=\"async\" class=\"alignleft wp-image-510 size-medium\" src=\"http:\/\/rubens-antwerpen.be\/wp-content\/uploads\/110P-Groenplaats--225x300.jpg\" alt=\"\" width=\"225\" height=\"300\" srcset=\"https:\/\/rubens-antwerpen.be\/wp-content\/uploads\/110P-Groenplaats--225x300.jpg 225w, https:\/\/rubens-antwerpen.be\/wp-content\/uploads\/110P-Groenplaats-.jpg 768w\" sizes=\"(max-width: 225px) 100vw, 225px\" \/><\/p>\n<p style=\"text-align: justify;\"><em>Am 7. Januar 1835 unterzeichnete der erste K\u00f6nig der neuen belgischen Nation, Leopold I., einen Erlass zu Ehren des Andenkens &#8222;der Belgier, die zum Ruhm ihres Vaterlandes beigetragen hatten&#8220;. Sie ahnen, wer der erste B\u00fcrger ist, der hier geehrt wurde: Peter Paul Rubens. Urspr\u00fcnglich sollte dieses Denkmal zur Begr\u00fc\u00dfen f\u00fcr Besucher, die damals vor allem mit dem Schiff anreisten, auf dem Uferdamm an der Schelde gestanden haben.<\/em><\/p>\n<p><\/p>\n<hr \/>\n<p><\/p>\n<p style=\"text-align: justify;\">Mein Name ist Pietro Pauolo Rubens und heute nehme ich Sie mit auf einen Spaziergang durch meine Stadt.<\/p>\n<p><\/p>\n<p style=\"text-align: justify;\">Antwerpen <strong>ist<\/strong> <strong>wirklich<\/strong> <strong>meine<\/strong> Stadt. Hier verbrachte ich die meiste Zeit meines Lebens, erhielt ich meine Ausbildung, machte ich mir einen Namen und erlang ich Ruhm. Es ist zwar sicher, dass ich 1577 geboren wurde. Aber sowohl das genaue Geburtsdatum als auch der genaue Geburtsort sind seit langem umstritten.<\/p>\n<p><\/p>\n<p style=\"text-align: justify;\">Es wurde angenommen, dass ich in Siegen geboren wurde. Aber heutzutage scheinen immer mehr Argumente darauf hinzudeuten, dass ich hier in Antwerpen geboren wurde.<\/p>\n<p><\/p>\n<p style=\"text-align: justify;\">Das Geburtsdatum, n\u00e4mlich der 28. Juni 1577 k\u00f6nnte korrekt sein aufgrund des Brauchs, die j\u00fcngeren Kinder nach dem Heiligen des Tages zu nennen und zu taufen. Die \u00e4lteren Geschwister hatten bereits die Namen ihrer Eltern, Gro\u00dfeltern, Paten oder Patinnen erhalten. Und deshalb trage ich den doppelten Vornamen der Apostel Petrus und Paulus. Ihr Namenstag f\u00e4llt tats\u00e4chlich auf den 29. Juni.<\/p>\n<p><\/p>\n<p style=\"text-align: justify;\">Ich bin in K\u00f6ln aufgewachsen und habe bis zu meinem zw\u00f6lften Lebensjahr dort die Schule besucht, daher ist auch diese Stadt ein bisschen die meine. Wenn Sie die Kirche Sankt Peter besuchen, k\u00f6nnen Sie immer noch den Grabstein meines Vaters Jan sehen, ebenso wie mein allerletztes Gem\u00e4lde, eine Darstellung des Martyriums des heiligen Petrus.<\/p>\n<p><\/p>\n<p style=\"text-align: justify;\">Nach dem Tod meines Vaters kehrte meine Mutter, Maria Pijpelincx, mit ihren Kindern in ihre Heimatstadt Antwerpen zur\u00fcck. Hier lernte ich Latein an der Domschule. Und sp\u00e4ter lernte ich von nicht weniger als drei Meistern, das edle Handwerk der Malerei.<\/p>\n<p><\/p>\n<p style=\"text-align: justify;\">Nach acht Jahren in Italien, beraten von meinem Lehrer Otto Van Veen, kam ich im Dezember 1608 wieder zur\u00fcck nach Antwerpen. Italien gef\u00e4llt mir immer noch so gut, dass ich meine Briefe mit Vornamen auf Italienisch unterschreibe: Pietro Pauolo.<\/p>\n<p><\/p>\n<p style=\"text-align: justify;\">Ich war dennoch ein echter Europ\u00e4er. In Mantua habe ich in den Diensten des Herzogs Vincenzo Gonzaga gearbeitet; in Madrid war K\u00f6nig Philipp IV. mein Auftraggeber; in Paris diente ich der K\u00f6nigin Maria de&#8216; Medici; in London arbeitete ich f\u00fcr K\u00f6nig Karl I.; und in Br\u00fcssel malte ich oft f\u00fcr unsere Erzherz\u00f6ge Albert und Isabella.<\/p>\n<p><\/p>\n<p style=\"text-align: justify;\">Ich begleite Sie zu den Orten in Antwerpen wo ich gelebt und gearbeitet habe. Unterwegs treffen wir meinen gesch\u00e4tzten Lehrer Otto Van Veen, aber auch Adam Van Noort, Lehrer und sp\u00e4terer Schwiegervater von Jacob Jordaens. Sp\u00e4ter werden Sie Anthony Van Dyck treffen, sowie meine zutiefst betrauerte erste Frau Isabella Brant, und nat\u00fcrlich meine herzallerliebste, Helene Fourment, meine zweite Gattin.<\/p>\n<p><\/p>\n<p style=\"text-align: justify;\">Hin und wieder werden wir so tun, als ob Ereignisse der Vergangenheit in der Gegenwart stattfinden w\u00fcrden.<\/p>\n<p><\/p>\n<p style=\"text-align: justify;\">Betrachten wir den Stra\u00dfenplan: im Jahre 1819, noch vor der belgischen Unabh\u00e4ngigkeit, erhielt ein Teil des Scheldekais seinen Namen von Jordaens und Van Dyck. Ab 1830 war es der junge Staat Belgien, aber auch die wachsende Stadt Antwerpen, die die glorreiche Vergangenheit mit ihrer Namensgebung zum Ausdruck brachten.<\/p>\n<p><\/p>\n<p style=\"text-align: justify;\">Rund um den Stadtpark kannst du von einer Malerstra\u00dfe zur anderen schlendern: Van Eycklei, Quinten Matsijslei, Rubenslei; andere Stra\u00dfen sind nach Brueghel, Jacob Jordaens, Anthony Van Dyck, Adam Van Noort und Abraham van Diepenbeeck benannt.<\/p>\n<p><\/p>\n<p style=\"text-align: justify;\">Vergeblich wirst du nach Tobias Verhaecht, meinem ersten Lehrer, oder Hendrick Van Baelen, dem Lehrer von Anthony Van Dyck suchen.<\/p>\n<p><strong><span style=\"color: #008000;\">S\u00fcdliche Route: verlassen Sie Groenplaats auf der s\u00fcdwestlichen Seite, Groenkerkhofstraat geht in die <a href=\"https:\/\/rubens-antwerpen.be\/de\/home\/sued\/reynderstraat\/\">Reyndersstraat<\/a>. \u00fcber.<\/span><\/strong><\/p>\n\t\t\t\t\t\t\t\t<\/div>\n\t\t\t\t<\/div>\n\t\t\t\t\t<\/div>\n\t\t\t\t<\/div>\n\t\t\t\t<\/div>\n\t\t","protected":false},"excerpt":{"rendered":"<p>De Groenplaats: Statue von Peter Paul Rubens Am 7. Januar 1835 unterzeichnete der erste K\u00f6nig der neuen belgischen Nation, Leopold [&hellip;]<\/p>\n","protected":false},"author":1,"featured_media":0,"parent":3291,"menu_order":110,"comment_status":"closed","ping_status":"closed","template":"","meta":{"site-sidebar-layout":"no-sidebar","site-content-layout":"","ast-site-content-layout":"full-width-container","site-content-style":"default","site-sidebar-style":"default","ast-global-header-display":"","ast-banner-title-visibility":"","ast-main-header-display":"","ast-hfb-above-header-display":"","ast-hfb-below-header-display":"","ast-hfb-mobile-header-display":"","site-post-title":"disabled","ast-breadcrumbs-content":"","ast-featured-img":"disabled","footer-sml-layout":"","ast-disable-related-posts":"","theme-transparent-header-meta":"","adv-header-id-meta":"","stick-header-meta":"","header-above-stick-meta":"","header-main-stick-meta":"","header-below-stick-meta":"","astra-migrate-meta-layouts":"default","ast-page-background-enabled":"default","ast-page-background-meta":{"desktop":{"background-color":"var(--ast-global-color-4)","background-image":"","background-repeat":"repeat","background-position":"center center","background-size":"auto","background-attachment":"scroll","background-type":"","background-media":"","overlay-type":"","overlay-color":"","overlay-opacity":"","overlay-gradient":""},"tablet":{"background-color":"","background-image":"","background-repeat":"repeat","background-position":"center center","background-size":"auto","background-attachment":"scroll","background-type":"","background-media":"","overlay-type":"","overlay-color":"","overlay-opacity":"","overlay-gradient":""},"mobile":{"background-color":"","background-image":"","background-repeat":"repeat","background-position":"center center","background-size":"auto","background-attachment":"scroll","background-type":"","background-media":"","overlay-type":"","overlay-color":"","overlay-opacity":"","overlay-gradient":""}},"ast-content-background-meta":{"desktop":{"background-color":"var(--ast-global-color-5)","background-image":"","background-repeat":"repeat","background-position":"center center","background-size":"auto","background-attachment":"scroll","background-type":"","background-media":"","overlay-type":"","overlay-color":"","overlay-opacity":"","overlay-gradient":""},"tablet":{"background-color":"var(--ast-global-color-5)","background-image":"","background-repeat":"repeat","background-position":"center center","background-size":"auto","background-attachment":"scroll","background-type":"","background-media":"","overlay-type":"","overlay-color":"","overlay-opacity":"","overlay-gradient":""},"mobile":{"background-color":"var(--ast-global-color-5)","background-image":"","background-repeat":"repeat","background-position":"center center","background-size":"auto","background-attachment":"scroll","background-type":"","background-media":"","overlay-type":"","overlay-color":"","overlay-opacity":"","overlay-gradient":""}},"footnotes":""},"class_list":["post-3293","page","type-page","status-publish","hentry"],"aioseo_notices":[],"_links":{"self":[{"href":"https:\/\/rubens-antwerpen.be\/de\/wp-json\/wp\/v2\/pages\/3293","targetHints":{"allow":["GET"]}}],"collection":[{"href":"https:\/\/rubens-antwerpen.be\/de\/wp-json\/wp\/v2\/pages"}],"about":[{"href":"https:\/\/rubens-antwerpen.be\/de\/wp-json\/wp\/v2\/types\/page"}],"author":[{"embeddable":true,"href":"https:\/\/rubens-antwerpen.be\/de\/wp-json\/wp\/v2\/users\/1"}],"replies":[{"embeddable":true,"href":"https:\/\/rubens-antwerpen.be\/de\/wp-json\/wp\/v2\/comments?post=3293"}],"version-history":[{"count":5,"href":"https:\/\/rubens-antwerpen.be\/de\/wp-json\/wp\/v2\/pages\/3293\/revisions"}],"predecessor-version":[{"id":5695,"href":"https:\/\/rubens-antwerpen.be\/de\/wp-json\/wp\/v2\/pages\/3293\/revisions\/5695"}],"up":[{"embeddable":true,"href":"https:\/\/rubens-antwerpen.be\/de\/wp-json\/wp\/v2\/pages\/3291"}],"wp:attachment":[{"href":"https:\/\/rubens-antwerpen.be\/de\/wp-json\/wp\/v2\/media?parent=3293"}],"curies":[{"name":"wp","href":"https:\/\/api.w.org\/{rel}","templated":true}]}}