{"id":3295,"date":"2024-06-19T15:34:37","date_gmt":"2024-06-19T13:34:37","guid":{"rendered":"https:\/\/rubens-antwerpen.be\/home\/sued\/reynderstraat\/"},"modified":"2025-08-19T15:31:25","modified_gmt":"2025-08-19T13:31:25","slug":"reynderstraat","status":"publish","type":"page","link":"https:\/\/rubens-antwerpen.be\/de\/home\/sued\/reynderstraat\/","title":{"rendered":"Reyndersstraat"},"content":{"rendered":"\t\t<div data-elementor-type=\"wp-page\" data-elementor-id=\"3295\" class=\"elementor elementor-3295 elementor-831\">\n\t\t\t\t<div class=\"elementor-element elementor-element-ad42995 e-flex e-con-boxed e-con e-parent\" data-id=\"ad42995\" data-element_type=\"container\" data-e-type=\"container\">\n\t\t\t\t\t<div class=\"e-con-inner\">\n\t\t\t\t<div class=\"elementor-element elementor-element-dbf73d7 elementor-widget elementor-widget-heading\" data-id=\"dbf73d7\" data-element_type=\"widget\" data-e-type=\"widget\" data-widget_type=\"heading.default\">\n\t\t\t\t<div class=\"elementor-widget-container\">\n\t\t\t\t\t<h2 class=\"elementor-heading-title elementor-size-default\">Reyndersstraat 6 \/ Hoogstraat: Haus von Jacques Jordaens<\/h2>\t\t\t\t<\/div>\n\t\t\t\t<\/div>\n\t\t\t\t\t<\/div>\n\t\t\t\t<\/div>\n\t\t<div class=\"elementor-element elementor-element-f4b563c e-flex e-con-boxed e-con e-parent\" data-id=\"f4b563c\" data-element_type=\"container\" data-e-type=\"container\">\n\t\t\t\t\t<div class=\"e-con-inner\">\n\t\t\t\t<div class=\"elementor-element elementor-element-3e9e9a0 elementor-widget elementor-widget-text-editor\" data-id=\"3e9e9a0\" data-element_type=\"widget\" data-e-type=\"widget\" data-widget_type=\"text-editor.default\">\n\t\t\t\t<div class=\"elementor-widget-container\">\n\t\t\t\t\t\t\t\t\t<p><span style=\"color: #008000;\"><strong>S\u00fcdliche Route: Reyndersstraat 6. Ge\u00f6ffnet Donnerstag bis Sonntag, 13:00 bis 21:00 Uhr; <\/strong><\/span><br \/><span style=\"color: #008000;\"><strong>andere \u00d6ffnungszeiten m\u00fcssen mit der Kunstgalerie vereinbart werden. [<a href=\"mailto:info@goodwoodartgallery.com\">info@goodwoodartgallery.com<\/a>]<\/strong><\/span><\/p>\n<p><img fetchpriority=\"high\" decoding=\"async\" class=\"alignleft wp-image-513 size-medium\" src=\"http:\/\/rubens-antwerpen.be\/wp-content\/uploads\/120P-Reyndersstraat-300x225.jpg\" alt=\"\" width=\"300\" height=\"225\" srcset=\"https:\/\/rubens-antwerpen.be\/wp-content\/uploads\/120P-Reyndersstraat-300x225.jpg 300w, https:\/\/rubens-antwerpen.be\/wp-content\/uploads\/120P-Reyndersstraat-768x576.jpg 768w, https:\/\/rubens-antwerpen.be\/wp-content\/uploads\/120P-Reyndersstraat.jpg 1024w\" sizes=\"(max-width: 300px) 100vw, 300px\" \/><\/p>\n<p style=\"text-align: justify;\">Im Jahr 1659 wurde Jordaens&#8216; Wohnkomplex aus steuerlichen Gr\u00fcnden auf 13 Herde bewertet, das sind ungef\u00e4hr 13 Arbeiterh\u00e4user. F\u00fcr diesen Steuer-bescheid wurde ein j\u00e4hrlicher Mietwert von 450 Gulden gesch\u00e4tzt, das heute bis zu 36.000 Euro betragen w\u00fcrde.<\/p>\n<p><\/p>\n<hr \/>\n<p><\/p>\n<p style=\"text-align: justify;\">Wenn sie die M\u00f6glichkeit bekamen, gro\u00dfe Gem\u00e4lden f\u00fcr wichtige Kunden herzustellen (und daf\u00fcr auch dementsprechend bezahlt wurden), konnten erfolgreiche Meister damals ein Verm\u00f6gen erwerben, wie Sie hier und heute sehen.<\/p>\n<p><\/p>\n<p style=\"text-align: justify;\">Um die Ecke rechts, in der Hoogstraat 13 (w\u00f6rtlich: Hohe Stra\u00dfe), befindet sich das Geburtshaus von Jordaens \u201a<em>das Paradies<\/em>\u2018. Auf der Gedenktafel steht: geboren am 19. Mai 1593. Dort lebte er mindestens bis 1634. Nachdem er Catharina im Alter von 25 Jahren (15. Mai 1616) geheiratet hatte, lie\u00df er auch seinen Schwiegervater und Lehrer Adam Van Noort in seinem Haus wohnen.<\/p>\n<p><\/p>\n<p style=\"text-align: justify;\">Kurz nach der Hochzeit erwarb Jordaens die Hinterh\u00e4user in der Hoogstraat und der Reyndersstraat. Etwa zwanzig Jahre sp\u00e4ter, im Jahr 1639, kaufte der K\u00fcnstler das heutige Haus Nummer 43. Er legte die Geb\u00e4ude zusammen und verwandelte das ganze \u2013 genau wie Rubens es gemacht hat\u2013 in einen barocken Stadtpalast.<\/p>\n<p><\/p>\n<p style=\"text-align: justify;\">Von diesem Eingang aus k\u00f6nnen Sie noch die fast urspr\u00fcngliche Struktur sehen: links in Backstein den \u00e4lteren Anbau (1618). Gleich daneben, direkt vor Ihnen, befindet sich der erste Wohnfl\u00fcgel von Jordaens. Dieser nach Norden ausgerichtete Teil war ideal zum malen wegen des gleichbleibenden Lichteinfalls.<\/p>\n<p><\/p>\n<p style=\"text-align: justify;\">Es ist vor allem der barocke Neubau, der auff\u00e4llt mit seinen beiden Fassaden, die sich auf den ersten Blick spiegeln. Rechts laufen Sie auf die R\u00fcckseite des Hauses an der Hoogstraat zu.<\/p>\n<p><\/p>\n<p style=\"text-align: justify;\">Durch die schlichteren Fenster bestechen vor allem das Tor, der Balkon und der verzierte Giebel um so mehr.<\/p>\n<p><\/p>\n<p style=\"text-align: justify;\">Jordaens Originaldeckengem\u00e4lde, die den Tierkreis in zw\u00f6lf Szenen darstellen, sind heute in Paris in der Bibliothek des franz\u00f6sischen Senats zu sehen. Eine in Antwerpen bekannte Privatsammlung, die Phoebus Foundation, besitzt eine \u00e4hnliche mythologische Serie zum Thema Amor und Psych\u00e9.<\/p>\n<p><\/p>\n<p style=\"text-align: justify;\">Schauen Sie wieder nach links: diese barocke Fassade aus dem Jahr 1640 mit tiefem <em>Trompe-l\u2019oeil<\/em> spiegelt mehr oder weniger die Westfassade wider, bekommt aber mehr Sonnenlicht! Der Gedenkstein am Eingang skizziert die sp\u00e4tere Geschichte des Geb\u00e4udes. Aber im Gro\u00dfen und Ganzen ist das, was Sie hier sehen, authentisch.<\/p>\n<p><\/p>\n<p style=\"text-align: justify;\">Die gesamte Geschichte von Jordaens Wohnungen erhebt sich aus dem Schatten der Vergangenheit wie eine Geschichte von heute \u00fcber Landrechte, erworbene Rechte und Pflichten oder gemeinsame Mauern mit den H\u00e4usern nebenan. Besonders letzteres war wichtig; eine Baugenehmigung bedeutete, dass man ein gutes Verh\u00e4ltnis zu den Nachbarn hatte.<\/p>\n<p><\/p>\n<p style=\"text-align: justify;\">Jordaens Immobilienverm\u00f6gen war teilweise einer Erbschaft seines Schwiegervaters zu verdanken; acht H\u00e4user wurden unter den T\u00f6chtern von Adam Van Noort aufgeteilt.<\/p>\n<p><\/p>\n<p style=\"text-align: justify;\">Auch was die Eink\u00fcnfte seines Berufs betraf, hatte Jordaens keinen Grund zum klagen, vor allem nach Rubens Tod (in 1640). Wir zitieren eine englische Quelle aus dieser Zeit:<\/p>\n<p><\/p>\n<p style=\"text-align: justify;\">\u00a0\u00a0\u00a0\u00a0\u00a0\u00a0\u00a0\u00a0\u00a0\u00a0\u00a0 &#8222;So as Jordaens remaynes yc (=as) prime painter here&#8220;: \u201e<em>so bleibt Jordaens hier als erstrangiger Maler\u201c.<\/em><\/p>\n<p><\/p>\n<p style=\"text-align: justify;\">Und auch im Ausland war Jordaens erfolgreich. Zuerst arbeitete er f\u00fcr wohlhabende Kaufleute in Amsterdam, sp\u00e4ter war er dort zust\u00e4ndig f\u00fcr die Dekoration des Rathauses am Dam-Platz, wo sie noch heute zu bewundern ist. Er erhielt 3000 Gulden f\u00fcr drei Gem\u00e4lde (bezahlt zwischen 1661 bis 1666). Zuvor hatte er bereits \u201a<em>Der Triumph des Frederik Hendrik<\/em>\u2018 gemalt. Dies war der verstorbene Stadthalter von Oranien-Nassau in Holland. Wir wissen nicht, wie viel Jordaens f\u00fcr diese Arbeit erhalten hat. Aber es ist ein riesiges Gem\u00e4lde, das noch heute in der k\u00f6niglichen Residenz Huis Ten Bosch in Den Haag h\u00e4ngt. Jordaens bedauerte, dass er sein eigenes Werk mit den Abmessungen von 7,3 auf 7,5 Metern nicht in seiner Gesamtheit \u00fcberblicken konnte! Daf\u00fcr war sein Atelier zu klein.<\/p>\n<p><\/p>\n<p style=\"text-align: justify;\">Und so geh\u00f6rte Jordaens im Laufe der Zeit zu den 400 reichsten B\u00fcrgern Antwerpens.<\/p>\n<p><\/p>\n<p style=\"text-align: justify;\">Wie sah er aus? Begr\u00fc\u00dfen wir seine Statue.<\/p>\n<p><span style=\"color: #008000;\"><strong>Route S\u00fcd: weiter in die Reyndersstraat, links in die Hoogstraat abbiegen, an der Hausnummer 43 vorbei, in den <a href=\"https:\/\/rubens-antwerpen.be\/de\/home\/sued\/oever\/\">Oever<\/a> (kleiner Park) abbiegen.<\/strong><\/span><\/p>\n\t\t\t\t\t\t\t\t<\/div>\n\t\t\t\t<\/div>\n\t\t\t\t\t<\/div>\n\t\t\t\t<\/div>\n\t\t\t\t<\/div>\n\t\t","protected":false},"excerpt":{"rendered":"<p>Reyndersstraat 6 \/ Hoogstraat: Haus von Jacques Jordaens S\u00fcdliche Route: Reyndersstraat 6. Ge\u00f6ffnet Donnerstag bis Sonntag, 13:00 bis 21:00 Uhr; [&hellip;]<\/p>\n","protected":false},"author":1,"featured_media":0,"parent":3291,"menu_order":120,"comment_status":"closed","ping_status":"closed","template":"","meta":{"site-sidebar-layout":"no-sidebar","site-content-layout":"","ast-site-content-layout":"full-width-container","site-content-style":"default","site-sidebar-style":"default","ast-global-header-display":"","ast-banner-title-visibility":"","ast-main-header-display":"","ast-hfb-above-header-display":"","ast-hfb-below-header-display":"","ast-hfb-mobile-header-display":"","site-post-title":"","ast-breadcrumbs-content":"","ast-featured-img":"disabled","footer-sml-layout":"","ast-disable-related-posts":"","theme-transparent-header-meta":"","adv-header-id-meta":"","stick-header-meta":"","header-above-stick-meta":"","header-main-stick-meta":"","header-below-stick-meta":"","astra-migrate-meta-layouts":"default","ast-page-background-enabled":"default","ast-page-background-meta":{"desktop":{"background-color":"var(--ast-global-color-4)","background-image":"","background-repeat":"repeat","background-position":"center center","background-size":"auto","background-attachment":"scroll","background-type":"","background-media":"","overlay-type":"","overlay-color":"","overlay-opacity":"","overlay-gradient":""},"tablet":{"background-color":"","background-image":"","background-repeat":"repeat","background-position":"center center","background-size":"auto","background-attachment":"scroll","background-type":"","background-media":"","overlay-type":"","overlay-color":"","overlay-opacity":"","overlay-gradient":""},"mobile":{"background-color":"","background-image":"","background-repeat":"repeat","background-position":"center center","background-size":"auto","background-attachment":"scroll","background-type":"","background-media":"","overlay-type":"","overlay-color":"","overlay-opacity":"","overlay-gradient":""}},"ast-content-background-meta":{"desktop":{"background-color":"var(--ast-global-color-5)","background-image":"","background-repeat":"repeat","background-position":"center center","background-size":"auto","background-attachment":"scroll","background-type":"","background-media":"","overlay-type":"","overlay-color":"","overlay-opacity":"","overlay-gradient":""},"tablet":{"background-color":"var(--ast-global-color-5)","background-image":"","background-repeat":"repeat","background-position":"center center","background-size":"auto","background-attachment":"scroll","background-type":"","background-media":"","overlay-type":"","overlay-color":"","overlay-opacity":"","overlay-gradient":""},"mobile":{"background-color":"var(--ast-global-color-5)","background-image":"","background-repeat":"repeat","background-position":"center center","background-size":"auto","background-attachment":"scroll","background-type":"","background-media":"","overlay-type":"","overlay-color":"","overlay-opacity":"","overlay-gradient":""}},"footnotes":""},"class_list":["post-3295","page","type-page","status-publish","hentry"],"aioseo_notices":[],"_links":{"self":[{"href":"https:\/\/rubens-antwerpen.be\/de\/wp-json\/wp\/v2\/pages\/3295","targetHints":{"allow":["GET"]}}],"collection":[{"href":"https:\/\/rubens-antwerpen.be\/de\/wp-json\/wp\/v2\/pages"}],"about":[{"href":"https:\/\/rubens-antwerpen.be\/de\/wp-json\/wp\/v2\/types\/page"}],"author":[{"embeddable":true,"href":"https:\/\/rubens-antwerpen.be\/de\/wp-json\/wp\/v2\/users\/1"}],"replies":[{"embeddable":true,"href":"https:\/\/rubens-antwerpen.be\/de\/wp-json\/wp\/v2\/comments?post=3295"}],"version-history":[{"count":9,"href":"https:\/\/rubens-antwerpen.be\/de\/wp-json\/wp\/v2\/pages\/3295\/revisions"}],"predecessor-version":[{"id":6199,"href":"https:\/\/rubens-antwerpen.be\/de\/wp-json\/wp\/v2\/pages\/3295\/revisions\/6199"}],"up":[{"embeddable":true,"href":"https:\/\/rubens-antwerpen.be\/de\/wp-json\/wp\/v2\/pages\/3291"}],"wp:attachment":[{"href":"https:\/\/rubens-antwerpen.be\/de\/wp-json\/wp\/v2\/media?parent=3295"}],"curies":[{"name":"wp","href":"https:\/\/api.w.org\/{rel}","templated":true}]}}