{"id":3297,"date":"2024-06-19T15:35:20","date_gmt":"2024-06-19T13:35:20","guid":{"rendered":"https:\/\/rubens-antwerpen.be\/home\/sued\/oever\/"},"modified":"2025-08-09T11:13:31","modified_gmt":"2025-08-09T09:13:31","slug":"oever","status":"publish","type":"page","link":"https:\/\/rubens-antwerpen.be\/de\/home\/sued\/oever\/","title":{"rendered":"Oever"},"content":{"rendered":"\t\t<div data-elementor-type=\"wp-page\" data-elementor-id=\"3297\" class=\"elementor elementor-3297 elementor-833\">\n\t\t\t\t<div class=\"elementor-element elementor-element-ad42995 e-flex e-con-boxed e-con e-parent\" data-id=\"ad42995\" data-element_type=\"container\" data-e-type=\"container\">\n\t\t\t\t\t<div class=\"e-con-inner\">\n\t\t\t\t<div class=\"elementor-element elementor-element-dbf73d7 elementor-widget elementor-widget-heading\" data-id=\"dbf73d7\" data-element_type=\"widget\" data-e-type=\"widget\" data-widget_type=\"heading.default\">\n\t\t\t\t<div class=\"elementor-widget-container\">\n\t\t\t\t\t<h2 class=\"elementor-heading-title elementor-size-default\">De Oever: Statue von Jacques Jordaens<\/h2>\t\t\t\t<\/div>\n\t\t\t\t<\/div>\n\t\t\t\t\t<\/div>\n\t\t\t\t<\/div>\n\t\t<div class=\"elementor-element elementor-element-280969d e-flex e-con-boxed e-con e-parent\" data-id=\"280969d\" data-element_type=\"container\" data-e-type=\"container\">\n\t\t\t\t\t<div class=\"e-con-inner\">\n\t\t\t\t<div class=\"elementor-element elementor-element-3af2daa elementor-widget elementor-widget-text-editor\" data-id=\"3af2daa\" data-element_type=\"widget\" data-e-type=\"widget\" data-widget_type=\"text-editor.default\">\n\t\t\t\t<div class=\"elementor-widget-container\">\n\t\t\t\t\t\t\t\t\t<p><img fetchpriority=\"high\" decoding=\"async\" class=\"alignleft wp-image-516 size-medium\" src=\"http:\/\/rubens-antwerpen.be\/wp-content\/uploads\/130P-Oever-169x300.jpg\" alt=\"\" width=\"169\" height=\"300\" srcset=\"https:\/\/rubens-antwerpen.be\/wp-content\/uploads\/130P-Oever-169x300.jpg 169w, https:\/\/rubens-antwerpen.be\/wp-content\/uploads\/130P-Oever.jpg 576w\" sizes=\"(max-width: 169px) 100vw, 169px\" \/><\/p>\n<p style=\"text-align: justify;\"><em>Um 1615-1616 erwarb Jordaens nach siebenj\u00e4hriger Lehrzeit die Eintragung als Meister in den Liggeren (also Hauptbuch) der Lukasgilde mit dem Pr\u00e4dikat &#8222;Wassermaler&#8220;.<\/em><\/p>\n<p><\/p>\n<hr \/>\n<p><\/p>\n<p style=\"text-align: justify;\"><em>Jordaens spricht:<\/em><\/p>\n<p><\/p>\n<p style=\"text-align: justify;\">Ob ich in Wirklichkeit so aussah wie meine Statue?<\/p>\n<p><\/p>\n<p style=\"text-align: justify;\">Ich tat das, was fast alle Maler tun: mich selbst portr\u00e4tieren. Heute hei\u00dft das ein <em>Selfie<\/em>. Ich spielte Modell f\u00fcr das eine oder andere Motiv, oft zusammen mit meiner Familie.<\/p>\n<p><\/p>\n<p style=\"text-align: justify;\">Wenn Sie Zeit haben, gehen Sie ins Museum der Sch\u00f6nen K\u00fcnste (KMSKA), wo in Saal 2.10 ein \u201a<em>Dudelsackspieler<\/em>\u2018 h\u00e4ngt. Das ist ein Selbstportr\u00e4t, das ich von mir gemalt habe. Das runde und zerfurchte Gesicht des Spielers wird Sie davon \u00fcberzeugen, dass es sich um denselben Mann handelt, der hier als Statue steht.<\/p>\n<p><\/p>\n<p style=\"text-align: justify;\">Das Musikinstrument in diesem Gem\u00e4lde verr\u00e4t, dass ich in meinen Bildern gerne die damals g\u00e4ngige Lebensweise zum Ausdruck brachte. Selbst in Themen der antiken Mythologie habe ich Portr\u00e4ts von Menschen eingebaut, die um mich herum leben.<\/p>\n<p><\/p>\n<p style=\"text-align: justify;\"><a href=\"https:\/\/rubens-antwerpen.be\/wp-content\/uploads\/131-JJO-DoedelzakspelerZ.jpg\"><img decoding=\"async\" class=\"wp-image-5639 size-medium alignleft\" src=\"https:\/\/rubens-antwerpen.be\/wp-content\/uploads\/131-JJO-DoedelzakspelerZ-300x300.jpg\" alt=\"\" width=\"300\" height=\"300\" srcset=\"https:\/\/rubens-antwerpen.be\/wp-content\/uploads\/131-JJO-DoedelzakspelerZ-300x300.jpg 300w, https:\/\/rubens-antwerpen.be\/wp-content\/uploads\/131-JJO-DoedelzakspelerZ-150x150.jpg 150w, https:\/\/rubens-antwerpen.be\/wp-content\/uploads\/131-JJO-DoedelzakspelerZ-768x768.jpg 768w, https:\/\/rubens-antwerpen.be\/wp-content\/uploads\/131-JJO-DoedelzakspelerZ.jpg 1024w\" sizes=\"(max-width: 300px) 100vw, 300px\" \/><\/a><\/p>\n<p><\/p>\n<p style=\"text-align: justify;\">Deshalb wiederholen sich auch manche beliebten Themen recht oft in meinen Atelierwerken wie die \u201a<em>So d&#8217;ouden songen\/Wie die Alten sangen\u2018<\/em> . Manchmal f\u00fchrte dies zu Problemen: So war ich am 25. August 1648 gezwungen, vor einem Notar zu best\u00e4tigen, dass ich f\u00fcnf meiner eigenen Werke selbst gemalt hatte.<\/p>\n<p><\/p>\n<p style=\"text-align: justify;\">Weil sie dieselben Themen hatten, glaubte man es handle sich um F\u00e4lschungen.<\/p>\n<p><\/p>\n<p style=\"text-align: justify;\">Aber, ein gro\u00dfes Aber, danach hatte ich selbst sie gr\u00fcndlich abge\u00e4ndert und neu bemalt. Deshalb behaupte ich, dass es sich um Originalwerke handelte.<\/p>\n<p><\/p>\n<p style=\"text-align: justify;\">Kehren wir aber zu meiner Statue hier zur\u00fcck. Ich habe n\u00e4mlich einen Tipp f\u00fcr Sie. In der Regel lohnt es sich, einen Blick auf die R\u00fcckseite des Denkmals zu werfen. Da k\u00f6nnen Sie n\u00e4mlich etwas \u00fcber die Geschichte der Statue selbst erfahren. Auf dem Sockel unten lesen Sie, dass ich hin und her gereist bin: mein erster Standort von 1886 bis 1901 in der Van Br\u00e9estraat war. Dann wurde ich auf den Gemeenteplaats (dem heutigen Franklin-Rooseveltplaats) versetzt; Anthony Van Dyck war dort mein Nachbar! Ah, da werden Erinnerungen an sch\u00f6nen Zeiten wach nach unsere fr\u00fcheren gemeinsamen Jahre (ich bin 6 Jahre \u00e4lter als Anthony). Einst arbeiteten wir mit unserem gro\u00dfen Meister Pietro Pauolo Rubens zusammen. Wir malten den Zyklus \u201a<em>Geheimnisse des Rosenkranzes<\/em>\u2018 der Paulskirche. Genau wie unsere k\u00fcnstlerischen Karrieren gingen auch unsere Statuen ihren eigenen Weg.<\/p>\n<p><\/p>\n<p style=\"text-align: justify;\">Anthony folgte dem Rat unseres Meisters und fuhr nach Italien, um seinen Stil zu vervollkommnen. Sp\u00e4ter reiste er oft nach England! Mein anderer von mir gesch\u00e4tzter Lehrer und Schwiegervater, Adam Van Noort, war ebenfalls in Italien gewesen. Tun die heutigen Studenten nicht dasselbe, indem sie durch Europa reisen im Rahmen des Erasmusprogramms?<\/p>\n<p><\/p>\n<p style=\"text-align: justify;\">Ich selbst lebte weiterhin in Antwerpen und meine Reisen waren eher beruflich bedingt, zum Beispiel f\u00fcr Auftr\u00e4ge in der Republik der Vereinigten Sieben Provinzen der Niederlande.<\/p>\n<p><\/p>\n<p style=\"text-align: justify;\">Ist Ihnen aufgefallen, dass der Bildhauer Jules Pecher meine Hand auf einem Buch, genauer gesagt, &#8222;<strong>dem Buch der B\u00fccher<\/strong>&#8220; ruhen l\u00e4sst? Es handelt sich nat\u00fcrlich um die Bibel, die f\u00fcr Protestanten noch mehr als f\u00fcr Katholiken, der einzige und ma\u00dfgebliche Leitfaden f\u00fcr ihr christliches Leben ist. Ich gebe es zu, ich habe meine Catharina Van Noort am 15. Mai 1616 in der katholischen Liebfrauenkathedrale geheiratet, aber sp\u00e4ter \u00fcberzeugte mich die Reformationsbewegung mehr und mehr.<\/p>\n<p><\/p>\n<p style=\"text-align: justify;\">Meine Sympathien f\u00fcr den Protestantismus f\u00fchrten dazu, dass ich in den 1650er Jahre wegen sogenannten &#8222;<em>skandal\u00f6ser Schriften<\/em>&#8220; zu einer Geldstrafe verurteilt wurde: Ich musste mehr als 200 Pfund bezahlen, eine stolze Summe! (heute ungef\u00e4hr 100.000 Euro). Etwa zwanzig Jahre sp\u00e4ter, im Jahre 1671, wurde unsere Familie in die Gemeinde des Brabantischen \u00d6lbergs aufgenommen, die der strengen protestantischen Linie des Calvinismus folgte. Diese Gemeinde durfte keine \u00f6ffentlichen Gottesdienste abhalten. Deshalb habe ich unser ger\u00e4umiges Haus um Weihnachten und Ostern herum immer zur Verf\u00fcgung gestellt, um dort das Abendmahl zu feiern zu k\u00f6nnen, damals noch ein heimliches Geschehen.<\/p>\n<p><\/p>\n<p style=\"text-align: justify;\">Nach meiner Konvertierung wollte ich auch nicht mehr in einer r\u00f6misch-katholischen Kirche begraben werden m\u00f6chte, sondern zog es vor, meinen Leichnam nach Putte bringen zu lassen, und zwar auf die holl\u00e4ndische Seite der Grenze.<\/p>\n<p><\/p>\n<p style=\"text-align: justify;\">Dort hat man mir 1877 bereits ein Denkmal errichtet, passenderweise in der Antwerpener Stra\u00dfe, in der N\u00e4he der Hausnummer 32, auf 400 Fu\u00df (ca. 120 Meter) Entfernung von der Waffenstillstandslinie von 1609\/1648 zwischen den n\u00f6rdlichen und s\u00fcdlichen Niederlanden. Der Bronzekopf aus 1877 ist von der Hand des Antwerpener K\u00fcnstlers Jef Lambeaux; das ist sogar 9 Jahre vor der Errichtung der Marmorstatue, die hier zu Ihnen spricht!<\/p>\n<p><\/p>\n<p style=\"text-align: justify;\"><span style=\"color: #008000;\"><strong>Route S\u00fcd: spazieren Sie weiter bis zur n\u00e4chsten Kreuzung, am Anfang der <a href=\"https:\/\/rubens-antwerpen.be\/de\/home\/sued\/kloosterstraat\/\">Kloosterstraat<\/a>; hier blickt man in Richtung des Kunstmuseums.<\/strong><\/span><\/p>\n\t\t\t\t\t\t\t\t<\/div>\n\t\t\t\t<\/div>\n\t\t\t\t\t<\/div>\n\t\t\t\t<\/div>\n\t\t\t\t<\/div>\n\t\t","protected":false},"excerpt":{"rendered":"<p>De Oever: Statue von Jacques Jordaens Um 1615-1616 erwarb Jordaens nach siebenj\u00e4hriger Lehrzeit die Eintragung als Meister in den Liggeren [&hellip;]<\/p>\n","protected":false},"author":1,"featured_media":0,"parent":3291,"menu_order":130,"comment_status":"closed","ping_status":"closed","template":"","meta":{"site-sidebar-layout":"no-sidebar","site-content-layout":"","ast-site-content-layout":"full-width-container","site-content-style":"default","site-sidebar-style":"default","ast-global-header-display":"","ast-banner-title-visibility":"","ast-main-header-display":"","ast-hfb-above-header-display":"","ast-hfb-below-header-display":"","ast-hfb-mobile-header-display":"","site-post-title":"disabled","ast-breadcrumbs-content":"","ast-featured-img":"disabled","footer-sml-layout":"","ast-disable-related-posts":"","theme-transparent-header-meta":"","adv-header-id-meta":"","stick-header-meta":"","header-above-stick-meta":"","header-main-stick-meta":"","header-below-stick-meta":"","astra-migrate-meta-layouts":"default","ast-page-background-enabled":"default","ast-page-background-meta":{"desktop":{"background-color":"var(--ast-global-color-4)","background-image":"","background-repeat":"repeat","background-position":"center center","background-size":"auto","background-attachment":"scroll","background-type":"","background-media":"","overlay-type":"","overlay-color":"","overlay-opacity":"","overlay-gradient":""},"tablet":{"background-color":"","background-image":"","background-repeat":"repeat","background-position":"center center","background-size":"auto","background-attachment":"scroll","background-type":"","background-media":"","overlay-type":"","overlay-color":"","overlay-opacity":"","overlay-gradient":""},"mobile":{"background-color":"","background-image":"","background-repeat":"repeat","background-position":"center center","background-size":"auto","background-attachment":"scroll","background-type":"","background-media":"","overlay-type":"","overlay-color":"","overlay-opacity":"","overlay-gradient":""}},"ast-content-background-meta":{"desktop":{"background-color":"var(--ast-global-color-5)","background-image":"","background-repeat":"repeat","background-position":"center center","background-size":"auto","background-attachment":"scroll","background-type":"","background-media":"","overlay-type":"","overlay-color":"","overlay-opacity":"","overlay-gradient":""},"tablet":{"background-color":"var(--ast-global-color-5)","background-image":"","background-repeat":"repeat","background-position":"center center","background-size":"auto","background-attachment":"scroll","background-type":"","background-media":"","overlay-type":"","overlay-color":"","overlay-opacity":"","overlay-gradient":""},"mobile":{"background-color":"var(--ast-global-color-5)","background-image":"","background-repeat":"repeat","background-position":"center center","background-size":"auto","background-attachment":"scroll","background-type":"","background-media":"","overlay-type":"","overlay-color":"","overlay-opacity":"","overlay-gradient":""}},"footnotes":""},"class_list":["post-3297","page","type-page","status-publish","hentry"],"aioseo_notices":[],"_links":{"self":[{"href":"https:\/\/rubens-antwerpen.be\/de\/wp-json\/wp\/v2\/pages\/3297","targetHints":{"allow":["GET"]}}],"collection":[{"href":"https:\/\/rubens-antwerpen.be\/de\/wp-json\/wp\/v2\/pages"}],"about":[{"href":"https:\/\/rubens-antwerpen.be\/de\/wp-json\/wp\/v2\/types\/page"}],"author":[{"embeddable":true,"href":"https:\/\/rubens-antwerpen.be\/de\/wp-json\/wp\/v2\/users\/1"}],"replies":[{"embeddable":true,"href":"https:\/\/rubens-antwerpen.be\/de\/wp-json\/wp\/v2\/comments?post=3297"}],"version-history":[{"count":17,"href":"https:\/\/rubens-antwerpen.be\/de\/wp-json\/wp\/v2\/pages\/3297\/revisions"}],"predecessor-version":[{"id":6099,"href":"https:\/\/rubens-antwerpen.be\/de\/wp-json\/wp\/v2\/pages\/3297\/revisions\/6099"}],"up":[{"embeddable":true,"href":"https:\/\/rubens-antwerpen.be\/de\/wp-json\/wp\/v2\/pages\/3291"}],"wp:attachment":[{"href":"https:\/\/rubens-antwerpen.be\/de\/wp-json\/wp\/v2\/media?parent=3297"}],"curies":[{"name":"wp","href":"https:\/\/api.w.org\/{rel}","templated":true}]}}