{"id":3299,"date":"2024-05-14T13:59:45","date_gmt":"2024-05-14T11:59:45","guid":{"rendered":"https:\/\/rubens-antwerpen.be\/home\/sued\/kloosterstraat\/"},"modified":"2025-08-09T11:14:25","modified_gmt":"2025-08-09T09:14:25","slug":"kloosterstraat","status":"publish","type":"page","link":"https:\/\/rubens-antwerpen.be\/de\/home\/sued\/kloosterstraat\/","title":{"rendered":"Kloosterstraat"},"content":{"rendered":"\t\t<div data-elementor-type=\"wp-page\" data-elementor-id=\"3299\" class=\"elementor elementor-3299 elementor-407\">\n\t\t\t\t<div class=\"elementor-element elementor-element-ad42995 e-flex e-con-boxed e-con e-parent\" data-id=\"ad42995\" data-element_type=\"container\" data-e-type=\"container\">\n\t\t\t\t\t<div class=\"e-con-inner\">\n\t\t\t\t<div class=\"elementor-element elementor-element-dbf73d7 elementor-widget elementor-widget-heading\" data-id=\"dbf73d7\" data-element_type=\"widget\" data-e-type=\"widget\" data-widget_type=\"heading.default\">\n\t\t\t\t<div class=\"elementor-widget-container\">\n\t\t\t\t\t<h2 class=\"elementor-heading-title elementor-size-default\">Kloosterstraat: Die verschwundene Abtei Sankt Michael<\/h2>\t\t\t\t<\/div>\n\t\t\t\t<\/div>\n\t\t\t\t\t<\/div>\n\t\t\t\t<\/div>\n\t\t<div class=\"elementor-element elementor-element-fdf7896 e-flex e-con-boxed e-con e-parent\" data-id=\"fdf7896\" data-element_type=\"container\" data-e-type=\"container\">\n\t\t\t\t\t<div class=\"e-con-inner\">\n\t\t\t\t<div class=\"elementor-element elementor-element-4b909fc elementor-widget elementor-widget-text-editor\" data-id=\"4b909fc\" data-element_type=\"widget\" data-e-type=\"widget\" data-widget_type=\"text-editor.default\">\n\t\t\t\t<div class=\"elementor-widget-container\">\n\t\t\t\t\t\t\t\t\t<p><img fetchpriority=\"high\" decoding=\"async\" class=\"alignleft wp-image-519 size-medium\" src=\"https:\/\/rubens-antwerpen.be\/wp-content\/uploads\/\/140P-Kloosterstraat-300x229.jpg\" alt=\"\" width=\"300\" height=\"229\" srcset=\"https:\/\/rubens-antwerpen.be\/wp-content\/uploads\/140P-Kloosterstraat-300x229.jpg 300w, https:\/\/rubens-antwerpen.be\/wp-content\/uploads\/140P-Kloosterstraat-768x587.jpg 768w, https:\/\/rubens-antwerpen.be\/wp-content\/uploads\/140P-Kloosterstraat.jpg 1024w\" sizes=\"(max-width: 300px) 100vw, 300px\" \/><\/p>\n<p style=\"text-align: justify;\"><em>In so vielen Antwerpener Stra\u00dfen findet man die bescheidenen Spuren von Abteien und Klostergemeinschaften. In der Kloosterstraat oder Klosterstra\u00dfe erinnert nur der Name an die reizendste Adresse der Stadt, die alle anderen in den Schatten stellte.<\/em><\/p>\n<p><\/p>\n<hr \/>\n<p><\/p>\n<p style=\"text-align: justify;\">Wer sich historische Stadtpl\u00e4ne von Antwerpen ansieht, wie zum Beispiel aus dem Jahr 1610, ist erstaunt \u00fcber die Allgegenw\u00e4rtigkeit von Kl\u00f6stern und Ordensgemeinschaften. Das hat ab 1585 mit der katholischen Gegenreformation zu tun. Vor allem im 17. Jahrhundert haben unsere geliebten Habsburgischen Erzherz\u00f6ge Albert und Isabella die bestehenden Orden stark unterst\u00fctzt und auch neue eingeladen.<\/p>\n<p><\/p>\n<p style=\"text-align: justify;\">Was w\u00fcrden unsere Meister in der heutigen Stadt noch erkennen: kaum etwas, obwohl sich der Stra\u00dfenplan der Altstadt seit etwa 1600 nicht ver\u00e4ndert hat. Die meisten Kl\u00f6ster verschwanden zur Zeit der Aufkl\u00e4rung, per Dekret des \u00f6sterreichischen Kaisers Joseph II. oder sp\u00e4ter durch die franz\u00f6sische Revolution.<\/p>\n<p><\/p>\n<p style=\"text-align: justify;\">Einige H\u00e4user, die 1640 sichtbar waren, sind heute noch zu sehen, genau in dieser Stra\u00dfe. Bei den Hausnummern 31 bis 37 w\u00fcrden Rubens die Tr\u00e4nen in die Augen schie\u00dfen, wenn er sich die Fragen stellen w\u00fcrde:<\/p>\n<p><\/p>\n<p style=\"padding-left: 40px; text-align: justify;\"><em>Wo ist die Abtei St. Michael mit dem Grab meiner geliebten Mutter, Maria Pijpelinckx?<br \/>\n<\/em><em>Wo hatte ich mein erstes Atelier, etwa Kloosterstraat 35?<br \/>\n<\/em><em>Wo lebte meine Nachbarin und sp\u00e4tere erste Frau Isabella, die Tochter des Stadtsekret\u00e4rs Jan Brant?<\/em><\/p>\n<p><\/p>\n<p style=\"text-align: justify;\">Rubens w\u00e4re jedoch \u00fcberrascht, wenn er erfahren w\u00fcrde, dass es jetzt im S\u00fcdbezirk ein Museum gibt, dessen gr\u00f6\u00dfter Saal seinen Namen tr\u00e4gt. Er kannte das Konzept der Kunstkammer, denn sein eigener M\u00e4zen Cornelis van der Geest besa\u00df eine solche, idealisiert gemalt von Willem Van Haecht (heute Teil der Sammlung des Rubenshauses). Und Rubens selbst war sehr oft prominent vertreten in den Galerien der Monarchen seiner Zeit.<\/p>\n<p><\/p>\n<p style=\"text-align: justify;\">Heute w\u00fcrde er hier wahrscheinlich einige Galerien f\u00fcr zeitgen\u00f6ssische Kunst und Buchl\u00e4den besuchen. Dort suchte er nach Werken seines Klassenkameraden, Gesch\u00e4ftspartners und guten Freundes Balthazar Moretus, des Leiters der ber\u00fchmten Druckerei Plantyn.<\/p>\n\t\t\t\t\t\t\t\t<\/div>\n\t\t\t\t<\/div>\n\t\t\t\t\t<\/div>\n\t\t\t\t<\/div>\n\t\t<div class=\"elementor-element elementor-element-6c86107 e-flex e-con-boxed e-con e-parent\" data-id=\"6c86107\" data-element_type=\"container\" data-e-type=\"container\">\n\t\t\t\t\t<div class=\"e-con-inner\">\n\t\t<div class=\"elementor-element elementor-element-97e9806 e-con-full e-flex e-con e-child\" data-id=\"97e9806\" data-element_type=\"container\" data-e-type=\"container\">\n\t\t\t\t<div class=\"elementor-element elementor-element-d8e63dc elementor-widget elementor-widget-image\" data-id=\"d8e63dc\" data-element_type=\"widget\" data-e-type=\"widget\" data-widget_type=\"image.default\">\n\t\t\t\t<div class=\"elementor-widget-container\">\n\t\t\t\t\t\t\t\t\t\t\t\t\t\t\t<img decoding=\"async\" width=\"300\" height=\"300\" src=\"https:\/\/rubens-antwerpen.be\/wp-content\/uploads\/141Q-MICH-PPR-Oude-vrouw.jpg\" class=\"attachment-large size-large wp-image-1955\" alt=\"\" srcset=\"https:\/\/rubens-antwerpen.be\/wp-content\/uploads\/141Q-MICH-PPR-Oude-vrouw.jpg 300w, https:\/\/rubens-antwerpen.be\/wp-content\/uploads\/141Q-MICH-PPR-Oude-vrouw-150x150.jpg 150w\" sizes=\"(max-width: 300px) 100vw, 300px\" \/>\t\t\t\t\t\t\t\t\t\t\t\t\t\t\t<\/div>\n\t\t\t\t<\/div>\n\t\t\t\t<div class=\"elementor-element elementor-element-5385ae0 elementor-widget elementor-widget-text-editor\" data-id=\"5385ae0\" data-element_type=\"widget\" data-e-type=\"widget\" data-widget_type=\"text-editor.default\">\n\t\t\t\t<div class=\"elementor-widget-container\">\n\t\t\t\t\t\t\t\t\t<p style=\"text-align: center;\"><a href=\"https:\/\/rubens-antwerpen.be\/de\/home\/sued\/kloosterstraat\/rubens-kopfstudie-einer-alten-frau\/\">Peter Paul Rubens:<br \/>\nKopfstudie einer alten Frau <\/a><\/p>\n<audio class=\"wp-audio-shortcode\" id=\"audio-3299-1\" preload=\"none\" style=\"width: 100%;\" controls=\"controls\"><source type=\"audio\/mpeg\" src=\"http:\/\/rubens-antwerpen.be\/wp-content\/uploads\/141D-PPR-OudeVrouw.mp3?_=1\" \/><a href=\"http:\/\/rubens-antwerpen.be\/wp-content\/uploads\/141D-PPR-OudeVrouw.mp3\">http:\/\/rubens-antwerpen.be\/wp-content\/uploads\/141D-PPR-OudeVrouw.mp3<\/a><\/audio>\n\t\t\t\t\t\t\t\t<\/div>\n\t\t\t\t<\/div>\n\t\t\t\t<\/div>\n\t\t<div class=\"elementor-element elementor-element-f7d2301 e-con-full e-flex e-con e-child\" data-id=\"f7d2301\" data-element_type=\"container\" data-e-type=\"container\">\n\t\t\t\t<\/div>\n\t\t<div class=\"elementor-element elementor-element-1f1cc0f e-con-full e-flex e-con e-child\" data-id=\"1f1cc0f\" data-element_type=\"container\" data-e-type=\"container\">\n\t\t\t\t<\/div>\n\t\t<div class=\"elementor-element elementor-element-cd60e04 e-con-full e-flex e-con e-child\" data-id=\"cd60e04\" data-element_type=\"container\" data-e-type=\"container\">\n\t\t\t\t<\/div>\n\t\t\t\t\t<\/div>\n\t\t\t\t<\/div>\n\t\t\t\t<\/div>\n\t\t","protected":false},"excerpt":{"rendered":"<p>Kloosterstraat: Die verschwundene Abtei Sankt Michael In so vielen Antwerpener Stra\u00dfen findet man die bescheidenen Spuren von Abteien und Klostergemeinschaften. [&hellip;]<\/p>\n","protected":false},"author":1,"featured_media":0,"parent":3291,"menu_order":140,"comment_status":"closed","ping_status":"closed","template":"","meta":{"site-sidebar-layout":"no-sidebar","site-content-layout":"","ast-site-content-layout":"full-width-container","site-content-style":"default","site-sidebar-style":"default","ast-global-header-display":"","ast-banner-title-visibility":"","ast-main-header-display":"","ast-hfb-above-header-display":"","ast-hfb-below-header-display":"","ast-hfb-mobile-header-display":"","site-post-title":"disabled","ast-breadcrumbs-content":"","ast-featured-img":"disabled","footer-sml-layout":"","ast-disable-related-posts":"","theme-transparent-header-meta":"","adv-header-id-meta":"","stick-header-meta":"","header-above-stick-meta":"","header-main-stick-meta":"","header-below-stick-meta":"","astra-migrate-meta-layouts":"default","ast-page-background-enabled":"default","ast-page-background-meta":{"desktop":{"background-color":"var(--ast-global-color-4)","background-image":"","background-repeat":"repeat","background-position":"center center","background-size":"auto","background-attachment":"scroll","background-type":"","background-media":"","overlay-type":"","overlay-color":"","overlay-opacity":"","overlay-gradient":""},"tablet":{"background-color":"","background-image":"","background-repeat":"repeat","background-position":"center center","background-size":"auto","background-attachment":"scroll","background-type":"","background-media":"","overlay-type":"","overlay-color":"","overlay-opacity":"","overlay-gradient":""},"mobile":{"background-color":"","background-image":"","background-repeat":"repeat","background-position":"center center","background-size":"auto","background-attachment":"scroll","background-type":"","background-media":"","overlay-type":"","overlay-color":"","overlay-opacity":"","overlay-gradient":""}},"ast-content-background-meta":{"desktop":{"background-color":"var(--ast-global-color-5)","background-image":"","background-repeat":"repeat","background-position":"center center","background-size":"auto","background-attachment":"scroll","background-type":"","background-media":"","overlay-type":"","overlay-color":"","overlay-opacity":"","overlay-gradient":""},"tablet":{"background-color":"var(--ast-global-color-5)","background-image":"","background-repeat":"repeat","background-position":"center center","background-size":"auto","background-attachment":"scroll","background-type":"","background-media":"","overlay-type":"","overlay-color":"","overlay-opacity":"","overlay-gradient":""},"mobile":{"background-color":"var(--ast-global-color-5)","background-image":"","background-repeat":"repeat","background-position":"center center","background-size":"auto","background-attachment":"scroll","background-type":"","background-media":"","overlay-type":"","overlay-color":"","overlay-opacity":"","overlay-gradient":""}},"footnotes":""},"class_list":["post-3299","page","type-page","status-publish","hentry"],"aioseo_notices":[],"_links":{"self":[{"href":"https:\/\/rubens-antwerpen.be\/de\/wp-json\/wp\/v2\/pages\/3299","targetHints":{"allow":["GET"]}}],"collection":[{"href":"https:\/\/rubens-antwerpen.be\/de\/wp-json\/wp\/v2\/pages"}],"about":[{"href":"https:\/\/rubens-antwerpen.be\/de\/wp-json\/wp\/v2\/types\/page"}],"author":[{"embeddable":true,"href":"https:\/\/rubens-antwerpen.be\/de\/wp-json\/wp\/v2\/users\/1"}],"replies":[{"embeddable":true,"href":"https:\/\/rubens-antwerpen.be\/de\/wp-json\/wp\/v2\/comments?post=3299"}],"version-history":[{"count":7,"href":"https:\/\/rubens-antwerpen.be\/de\/wp-json\/wp\/v2\/pages\/3299\/revisions"}],"predecessor-version":[{"id":6101,"href":"https:\/\/rubens-antwerpen.be\/de\/wp-json\/wp\/v2\/pages\/3299\/revisions\/6101"}],"up":[{"embeddable":true,"href":"https:\/\/rubens-antwerpen.be\/de\/wp-json\/wp\/v2\/pages\/3291"}],"wp:attachment":[{"href":"https:\/\/rubens-antwerpen.be\/de\/wp-json\/wp\/v2\/media?parent=3299"}],"curies":[{"name":"wp","href":"https:\/\/api.w.org\/{rel}","templated":true}]}}