{"id":3301,"date":"2024-06-19T15:38:18","date_gmt":"2024-06-19T13:38:18","guid":{"rendered":"https:\/\/rubens-antwerpen.be\/home\/sued\/kloosterstraat\/rubens-kopfstudie-einer-alten-frau\/"},"modified":"2025-08-09T11:15:29","modified_gmt":"2025-08-09T09:15:29","slug":"rubens-kopfstudie-einer-alten-frau","status":"publish","type":"page","link":"https:\/\/rubens-antwerpen.be\/de\/home\/sued\/kloosterstraat\/rubens-kopfstudie-einer-alten-frau\/","title":{"rendered":"Rubens: Kopfstudie einer alten Frau"},"content":{"rendered":"\t\t<div data-elementor-type=\"wp-page\" data-elementor-id=\"3301\" class=\"elementor elementor-3301 elementor-844\">\n\t\t\t\t<div class=\"elementor-element elementor-element-ad42995 e-flex e-con-boxed e-con e-parent\" data-id=\"ad42995\" data-element_type=\"container\" data-e-type=\"container\">\n\t\t\t\t\t<div class=\"e-con-inner\">\n\t\t\t\t<div class=\"elementor-element elementor-element-dbf73d7 elementor-widget elementor-widget-heading\" data-id=\"dbf73d7\" data-element_type=\"widget\" data-e-type=\"widget\" data-widget_type=\"heading.default\">\n\t\t\t\t<div class=\"elementor-widget-container\">\n\t\t\t\t\t<h2 class=\"elementor-heading-title elementor-size-default\">Peter Paul Rubens : Kopfstudie einer alten Frau <\/h2>\t\t\t\t<\/div>\n\t\t\t\t<\/div>\n\t\t\t\t\t<\/div>\n\t\t\t\t<\/div>\n\t\t<div class=\"elementor-element elementor-element-b81b7dd e-flex e-con-boxed e-con e-parent\" data-id=\"b81b7dd\" data-element_type=\"container\" data-e-type=\"container\">\n\t\t\t\t\t<div class=\"e-con-inner\">\n\t\t\t\t<div class=\"elementor-element elementor-element-c1b3487 elementor-widget elementor-widget-text-editor\" data-id=\"c1b3487\" data-element_type=\"widget\" data-e-type=\"widget\" data-widget_type=\"text-editor.default\">\n\t\t\t\t<div class=\"elementor-widget-container\">\n\t\t\t\t\t\t\t\t\t<p><a href=\"https:\/\/rubens-antwerpen.be\/wp-content\/uploads\/\/141P-MICH-PPR-Oude-vrouw-204x300.jpg\"><img fetchpriority=\"high\" decoding=\"async\" class=\"wp-image-522 size-medium alignleft\" src=\"https:\/\/rubens-antwerpen.be\/wp-content\/uploads\/\/141P-MICH-PPR-Oude-vrouw-204x300.jpg\" alt=\"\" width=\"204\" height=\"300\" srcset=\"https:\/\/rubens-antwerpen.be\/wp-content\/uploads\/141P-MICH-PPR-Oude-vrouw-204x300.jpg 204w, https:\/\/rubens-antwerpen.be\/wp-content\/uploads\/141P-MICH-PPR-Oude-vrouw.jpg 697w\" sizes=\"(max-width: 204px) 100vw, 204px\" \/><\/a><\/p>\n<p style=\"text-align: justify;\"><em>Der \u00dcberlieferung nach handelt es sich bei der Portr\u00e4tierten um Maria Pijpelincx, die Mutter von Peter Paul Rubens. Diese Dame war gezwungen, aus dem Schatten ihres untreuen Mannes Jan Rubens herauszutreten, indem sie die Familie Wilhelms von Orange-Nassau, die in derselben Aff\u00e4re betrogen worden war, um Gnade f\u00fcr ihn bat.<\/em><\/p>\n<p><\/p>\n<hr \/>\n<p><\/p>\n<p style=\"text-align: justify;\"><em>Maria Pijpelinckx spricht:<\/em><\/p>\n<p><\/p>\n<p style=\"text-align: justify;\">Heute ist der Abend vom 8. auf 9. Mai 1600. Mein j\u00fcngster Sohn reist gerade nach Italien ab. Er hat sein Gesundheitszertifikat dabei, das best\u00e4tigt, dass er nicht an der Pest oder einer anderen Krankheit leidet. Ich bin stolz auf ihn, obwohl es in seinem Leben nicht so gelaufen ist, wie wir es als Eltern geplant hatten.<\/p>\n<p><\/p>\n<p style=\"text-align: justify;\">Sein \u00e4lterer Bruder Jan Baptist, der ebenfalls gerne malt, hat uns schon in sehr jungen Jahren in die gleiche Richtung verlassen.<\/p>\n<p><\/p>\n<p style=\"text-align: justify;\">Die ersten Lebensjahre unseres Peter Paul waren von den schwierigen Lebensumst\u00e4nden unserer Familie in Westfalen gepr\u00e4gt. Wir lebten im Exil im fernen Siegen, eine Art Freiluftgef\u00e4ngnis f\u00fcr meinen Mann Jan Rubens. Als wir nach K\u00f6ln ziehen konnten und unsere Jungen dort zur Schule gingen, wurde das Leben dank meines kleinen Gem\u00fcseladens etwas einfacher; Ich wurde eine &#8222;<em>Kauffrau, die ihren eigenen Handel betreibt<\/em> [<em>NL: coopvrouwe drijvende heurs seit handel]<\/em>&#8222;.<\/p>\n<p><\/p>\n<p style=\"text-align: justify;\">Hin und wieder konnten wir nach Antwerpen kommen; aber erst am 1. M\u00e4rz 1587, nach dem Tode meines Mannes Jan, kehrte unsere Familie definitiv in diese Stadt zur\u00fcck.<\/p>\n<p><\/p>\n<p style=\"text-align: justify;\">Mein Sohn Philip ist ein brillanter Rechtsanwalt, er tritt in die Fu\u00dfstapfen seines Vaters.<\/p>\n<p><\/p>\n<p style=\"text-align: justify;\">Peter Paul schlug einen anderen Weg ein; er begann als aufmerksamer Sch\u00fcler in der lateinischen Schule des Schulmeisters Verdonck. Er diente auch als Page von Frau de Lalaing in Oudenaarde; die feinen Manieren, die er dort erlernte, kommen ihm noch jeden Tag zugute. Aber meine Familie brauchte ein echtes Einkommen, und das konnte nur durch echte Arbeit erreicht werden; gl\u00fccklicherweise haben wir in unserer Stadt viele Malerwerkst\u00e4tten, in denen Lehrlinge willkommen sind. Ein entfernter Verwandter, Tobias Verhaecht, war der erste, der Peter Paul aufnahm. Aber dann konnte ich meinen Sohn den Altmeistern der Lukasgilde, Adam Van Noort und Otto Van Veen, vorstellen. Letzterer war ein gelehrter Mann und ein ausgezeichneter Lehrer, das wirst du sp\u00e4ter sehen! Er \u00fcberzeugte unseren Jungen auch, dass es bei der Malerei um mehr geht als die Herstellung von Luxusprodukten. F\u00fcr alle echten Kunstliebhaber, sagte er, gibt es nur ein gelobtes Land: Italien! Auf und davon!<\/p>\n<p><\/p>\n<p style=\"text-align: justify;\">Die Gem\u00e4lde, die Peter Paul hier vor seiner Abreise gemalt hat, sind zum Teil in der Familie geblieben; ich habe ein paar sch\u00f6ne Werke zu Hause!<\/p>\n<p><\/p>\n<p style=\"text-align: justify;\">&#8212;&#8212;&#8212;-<\/p>\n<p><\/p>\n<p style=\"text-align: justify;\">Maria Pijpelincx verfasste mindestens vier Testamente. Sie stirbt am 19. Oktober 1608. Peter Paul kehrt erst am 11. Dezember aus Italien zur\u00fcck. F\u00fcr das Grab seiner Mutter in der Abtei St. Michael stiftet er das Gem\u00e4lde \u201a<em>Gregor der Gro\u00dfe, umgeben von Heiligen<\/em>\u2018, ein Werk, das er aus Italien mitgebracht hat. Heute h\u00e4ngt es im Mus\u00e9e des Beaux-Arts in Grenoble. Eine Stra\u00dfe wurde nach Maria Pijpelincx benannt, die Verl\u00e4ngerung des Wappers.<\/p>\n<p><\/p>\n<p style=\"text-align: justify;\"><a href=\"#_ftnref1\" name=\"_ftn1\">[1]<\/a> <span style=\"font-family: helvetica, arial, sans-serif;\"><em>18 dec 1606: \u201cMaar allen danderen schilderijenn die fraai zijn behooren Peeteren toe, die ze gemaakt heeft\u201d (zitiert in Rubenshuis 1990)<\/em><\/span><\/p>\n\t\t\t\t\t\t\t\t<\/div>\n\t\t\t\t<\/div>\n\t\t\t\t<div class=\"elementor-element elementor-element-39bb195 elementor-widget elementor-widget-text-editor\" data-id=\"39bb195\" data-element_type=\"widget\" data-e-type=\"widget\" data-widget_type=\"text-editor.default\">\n\t\t\t\t<div class=\"elementor-widget-container\">\n\t\t\t\t\t\t\t\t\t<p style=\"text-align: justify;\"><span style=\"color: #008000;\"><strong>S\u00fcdliche Route: im <a href=\"https:\/\/rubens-antwerpen.be\/de\/home\/sued\/kmska\/\">Museum der sch\u00f6nen K\u00fcnste<\/a> k\u00f6nnen Sie zwei wichtige Gem\u00e4lde sehen.<\/strong><\/span><\/p>\n\t\t\t\t\t\t\t\t<\/div>\n\t\t\t\t<\/div>\n\t\t\t\t\t<\/div>\n\t\t\t\t<\/div>\n\t\t\t\t<\/div>\n\t\t","protected":false},"excerpt":{"rendered":"<p>Peter Paul Rubens : Kopfstudie einer alten Frau Der \u00dcberlieferung nach handelt es sich bei der Portr\u00e4tierten um Maria Pijpelincx, [&hellip;]<\/p>\n","protected":false},"author":1,"featured_media":0,"parent":3299,"menu_order":141,"comment_status":"closed","ping_status":"closed","template":"","meta":{"site-sidebar-layout":"no-sidebar","site-content-layout":"","ast-site-content-layout":"full-width-container","site-content-style":"default","site-sidebar-style":"default","ast-global-header-display":"","ast-banner-title-visibility":"","ast-main-header-display":"","ast-hfb-above-header-display":"","ast-hfb-below-header-display":"","ast-hfb-mobile-header-display":"","site-post-title":"disabled","ast-breadcrumbs-content":"","ast-featured-img":"disabled","footer-sml-layout":"","ast-disable-related-posts":"","theme-transparent-header-meta":"","adv-header-id-meta":"","stick-header-meta":"","header-above-stick-meta":"","header-main-stick-meta":"","header-below-stick-meta":"","astra-migrate-meta-layouts":"default","ast-page-background-enabled":"default","ast-page-background-meta":{"desktop":{"background-color":"var(--ast-global-color-4)","background-image":"","background-repeat":"repeat","background-position":"center center","background-size":"auto","background-attachment":"scroll","background-type":"","background-media":"","overlay-type":"","overlay-color":"","overlay-opacity":"","overlay-gradient":""},"tablet":{"background-color":"","background-image":"","background-repeat":"repeat","background-position":"center center","background-size":"auto","background-attachment":"scroll","background-type":"","background-media":"","overlay-type":"","overlay-color":"","overlay-opacity":"","overlay-gradient":""},"mobile":{"background-color":"","background-image":"","background-repeat":"repeat","background-position":"center center","background-size":"auto","background-attachment":"scroll","background-type":"","background-media":"","overlay-type":"","overlay-color":"","overlay-opacity":"","overlay-gradient":""}},"ast-content-background-meta":{"desktop":{"background-color":"var(--ast-global-color-5)","background-image":"","background-repeat":"repeat","background-position":"center center","background-size":"auto","background-attachment":"scroll","background-type":"","background-media":"","overlay-type":"","overlay-color":"","overlay-opacity":"","overlay-gradient":""},"tablet":{"background-color":"var(--ast-global-color-5)","background-image":"","background-repeat":"repeat","background-position":"center center","background-size":"auto","background-attachment":"scroll","background-type":"","background-media":"","overlay-type":"","overlay-color":"","overlay-opacity":"","overlay-gradient":""},"mobile":{"background-color":"var(--ast-global-color-5)","background-image":"","background-repeat":"repeat","background-position":"center center","background-size":"auto","background-attachment":"scroll","background-type":"","background-media":"","overlay-type":"","overlay-color":"","overlay-opacity":"","overlay-gradient":""}},"footnotes":""},"class_list":["post-3301","page","type-page","status-publish","hentry"],"aioseo_notices":[],"_links":{"self":[{"href":"https:\/\/rubens-antwerpen.be\/de\/wp-json\/wp\/v2\/pages\/3301","targetHints":{"allow":["GET"]}}],"collection":[{"href":"https:\/\/rubens-antwerpen.be\/de\/wp-json\/wp\/v2\/pages"}],"about":[{"href":"https:\/\/rubens-antwerpen.be\/de\/wp-json\/wp\/v2\/types\/page"}],"author":[{"embeddable":true,"href":"https:\/\/rubens-antwerpen.be\/de\/wp-json\/wp\/v2\/users\/1"}],"replies":[{"embeddable":true,"href":"https:\/\/rubens-antwerpen.be\/de\/wp-json\/wp\/v2\/comments?post=3301"}],"version-history":[{"count":10,"href":"https:\/\/rubens-antwerpen.be\/de\/wp-json\/wp\/v2\/pages\/3301\/revisions"}],"predecessor-version":[{"id":6103,"href":"https:\/\/rubens-antwerpen.be\/de\/wp-json\/wp\/v2\/pages\/3301\/revisions\/6103"}],"up":[{"embeddable":true,"href":"https:\/\/rubens-antwerpen.be\/de\/wp-json\/wp\/v2\/pages\/3299"}],"wp:attachment":[{"href":"https:\/\/rubens-antwerpen.be\/de\/wp-json\/wp\/v2\/media?parent=3301"}],"curies":[{"name":"wp","href":"https:\/\/api.w.org\/{rel}","templated":true}]}}