{"id":3305,"date":"2024-06-19T15:39:59","date_gmt":"2024-06-19T13:39:59","guid":{"rendered":"https:\/\/rubens-antwerpen.be\/home\/sued\/kmska\/rubens-van-dyck-der-lanzenstoss\/"},"modified":"2025-07-28T17:23:34","modified_gmt":"2025-07-28T15:23:34","slug":"rubens-van-dyck-der-lanzenstoss","status":"publish","type":"page","link":"https:\/\/rubens-antwerpen.be\/de\/home\/sued\/kmska\/rubens-van-dyck-der-lanzenstoss\/","title":{"rendered":"Rubens  Van Dyck: der Lanzensto\u00df"},"content":{"rendered":"\t\t<div data-elementor-type=\"wp-page\" data-elementor-id=\"3305\" class=\"elementor elementor-3305 elementor-849\">\n\t\t\t\t<div class=\"elementor-element elementor-element-ad42995 e-flex e-con-boxed e-con e-parent\" data-id=\"ad42995\" data-element_type=\"container\" data-e-type=\"container\">\n\t\t\t\t\t<div class=\"e-con-inner\">\n\t\t\t\t<div class=\"elementor-element elementor-element-dbf73d7 elementor-widget elementor-widget-heading\" data-id=\"dbf73d7\" data-element_type=\"widget\" data-e-type=\"widget\" data-widget_type=\"heading.default\">\n\t\t\t\t<div class=\"elementor-widget-container\">\n\t\t\t\t\t<h2 class=\"elementor-heading-title elementor-size-default\">Peter Paul Rubens und Anthony van Dyck: der Lanzensto\u00df<\/h2>\t\t\t\t<\/div>\n\t\t\t\t<\/div>\n\t\t\t\t\t<\/div>\n\t\t\t\t<\/div>\n\t\t<div class=\"elementor-element elementor-element-16ec065 e-flex e-con-boxed e-con e-parent\" data-id=\"16ec065\" data-element_type=\"container\" data-e-type=\"container\">\n\t\t\t\t\t<div class=\"e-con-inner\">\n\t\t\t\t<div class=\"elementor-element elementor-element-a10a6b6 elementor-widget elementor-widget-text-editor\" data-id=\"a10a6b6\" data-element_type=\"widget\" data-e-type=\"widget\" data-widget_type=\"text-editor.default\">\n\t\t\t\t<div class=\"elementor-widget-container\">\n\t\t\t\t\t\t\t\t\t<p style=\"text-align: justify;\"><span style=\"color: #008000;\"><strong>Im KMSKA, geh nach Saal 2.2 (Rubenssaal)<\/strong><\/span><\/p>\n<p><a href=\"http:\/\/rubens-antwerpen.be\/wp-content\/uploads\/151P-KMSKA-AVD-PPR-Lanssteek.jpg\"><img fetchpriority=\"high\" decoding=\"async\" class=\"alignleft wp-image-667 size-medium\" src=\"http:\/\/rubens-antwerpen.be\/wp-content\/uploads\/151P-KMSKA-AVD-PPR-Lanssteek-221x300.jpg\" alt=\"\" width=\"221\" height=\"300\" srcset=\"https:\/\/rubens-antwerpen.be\/wp-content\/uploads\/151P-KMSKA-AVD-PPR-Lanssteek-221x300.jpg 221w, https:\/\/rubens-antwerpen.be\/wp-content\/uploads\/151P-KMSKA-AVD-PPR-Lanssteek.jpg 755w\" sizes=\"(max-width: 221px) 100vw, 221px\" \/><\/a><\/p>\n<p style=\"text-align: justify;\"><em>Als Wohnhaus und Museum sprechen wir vom Rubenshaus, als Atelier klingt Haus Rubens vielleicht besser. Wer hat eigentlich was gemalt?<\/em><\/p>\n<p><\/p>\n<hr \/>\n<p><\/p>\n<p style=\"text-align: justify;\">Im Museumskatalog von 1988 hei\u00dft dieses Gem\u00e4lde \u201a<em>Der gekreuzigte Christus zwischen zwei Verbrechern<\/em>\u2018 oder \u201a<em>Der Lanzensto\u00df\/Coup de Lance<\/em>\u2018. Man ging davon aus, dass Rubens der einzige Maler dieses Werkes gewesen sei. In Raum 2.2 sagt das Schild heute \u201aAnthony Van Dyck im Atelier von Peter Paul Rubens\u2018.<\/p>\n<p><\/p>\n<p style=\"text-align: justify;\">Der Auftraggeber ist der B\u00fcrgermeister und M\u00e4zen Nicolaas Rockox. Er hat es f\u00fcr den Hochaltar der Kirche der Minoriten (heute: Kunstakademie, Mutsaardstraat) um 1619-1620 bestellt.<\/p>\n<p><\/p>\n<p style=\"text-align: justify;\">Kurz danach \u00fcbernimmt Rubens das gro\u00dfe Projekt der Deckenmalerei in der Kirche St. Karl Borrom\u00e4us. Der Vertrag mit den Jesuiten erw\u00e4hnt aber ausdr\u00fccklich den Namen Anthony van Dyck.<\/p>\n<p><\/p>\n<p style=\"text-align: justify;\">K\u00f6nnen wir uns vorstellen, dass es hier um ein kooperatives Unternehmen handelt? Erinnern wir uns heute nur noch an den Regisseur eines Films? Was ist mit dem Drehbuchautor oder dem Produzenten?<\/p>\n<p><\/p>\n<p style=\"text-align: justify;\">Inhaltlich zeugt das Gem\u00e4lde dennoch von Rubens kraftvoller Fantasie. Im Mittelpunkt der Szene steht der Lanzensto\u00df des Hauptmanns, der \u00fcberpr\u00fcfen will, ob der Gekreuzigte wirklich tot ist. Also durchbohrt er mit seiner Lanze kr\u00e4ftig die Seite des bleichen K\u00f6rpers; &#8222;<em>und sogleich floss Blut und Wasser heraus<\/em>&#8220; (Johannes 19:34).<\/p>\n<p><\/p>\n<p style=\"text-align: justify;\">Maria Magdalena protestiert gegen diese sinnlose Gewalt; Johannes und Maria wenden ihre K\u00f6pfe ab um diese zus\u00e4tzliche Verletzung nicht zu sehen. Das Gem\u00e4lde zeigt auch, dass die Beine anderer Str\u00e4flinge gebrochen werden, um den Sterbeprozess zu beschleunigen. Ihre gekr\u00fcmmten K\u00f6rper stehen im Kontrast zu den geraden Linien von Kreuzen, Lanzen, Leitern und den Beinen der Pferde; nur Jesus h\u00e4ngt v\u00f6llig bewegungslos da. Das letzte Tageslicht dringt durch den bew\u00f6lkten Himmel: die (angebliche) Sonnenfinsternis nimmt ein Ende.<\/p>\n<p><\/p>\n<p style=\"text-align: justify;\">Die Zuschauer, unten auf dem Kalvarienberg verleihen dem Bild eine gewisse Perspektive und Tiefe. Sie sind vielleicht mit Absicht etwas vage gemalt, damit wir uns mit ihnen identifizieren k\u00f6nnen und das geschah absichtlich.<\/p>\n<p><\/p>\n<p style=\"text-align: justify;\">Eine wissenschaftliche Untersuchung mit Mikroskop, R\u00f6ntgenstrahlen und Infrarotlicht erm\u00f6glicht es uns, die Handschrift der einzelnen Maler, Meister und Sch\u00fcler zu identifizieren, aber darauf legten die Maler damals weniger Wert.<\/p>\n<p><\/p>\n<p style=\"text-align: justify;\">Wir werden an drei anderen Orten auf unserer Route auf dieses Werk zur\u00fcckkommen: in der Mutsaardstraat, in der Liebfrauenkathedrale mit der \u201a<em>Kreuzaufrichtung\u2018<\/em> von Rubens und in der Paulskirche mit dem \u201a<em>Kreuztod\u2018<\/em> von Jordaens.<\/p>\n<p><span style=\"color: #008000;\"><strong>Geh nach <a href=\"https:\/\/rubens-antwerpen.be\/de\/home\/sued\/kmska\/jordaens-familienkonzert\/\">Saal 2.11<\/a><\/strong><\/span><span style=\"color: #008000;\"> <strong>\u21d2 Elisabeth im Konzert<\/strong><\/span><\/p>\n\t\t\t\t\t\t\t\t<\/div>\n\t\t\t\t<\/div>\n\t\t\t\t\t<\/div>\n\t\t\t\t<\/div>\n\t\t\t\t<\/div>\n\t\t","protected":false},"excerpt":{"rendered":"<p>Peter Paul Rubens und Anthony van Dyck: der Lanzensto\u00df Im KMSKA, geh nach Saal 2.2 (Rubenssaal) Als Wohnhaus und Museum [&hellip;]<\/p>\n","protected":false},"author":1,"featured_media":0,"parent":3303,"menu_order":151,"comment_status":"closed","ping_status":"closed","template":"","meta":{"site-sidebar-layout":"no-sidebar","site-content-layout":"","ast-site-content-layout":"full-width-container","site-content-style":"default","site-sidebar-style":"default","ast-global-header-display":"","ast-banner-title-visibility":"","ast-main-header-display":"","ast-hfb-above-header-display":"","ast-hfb-below-header-display":"","ast-hfb-mobile-header-display":"","site-post-title":"disabled","ast-breadcrumbs-content":"","ast-featured-img":"disabled","footer-sml-layout":"","ast-disable-related-posts":"","theme-transparent-header-meta":"","adv-header-id-meta":"","stick-header-meta":"","header-above-stick-meta":"","header-main-stick-meta":"","header-below-stick-meta":"","astra-migrate-meta-layouts":"default","ast-page-background-enabled":"default","ast-page-background-meta":{"desktop":{"background-color":"var(--ast-global-color-4)","background-image":"","background-repeat":"repeat","background-position":"center center","background-size":"auto","background-attachment":"scroll","background-type":"","background-media":"","overlay-type":"","overlay-color":"","overlay-opacity":"","overlay-gradient":""},"tablet":{"background-color":"","background-image":"","background-repeat":"repeat","background-position":"center center","background-size":"auto","background-attachment":"scroll","background-type":"","background-media":"","overlay-type":"","overlay-color":"","overlay-opacity":"","overlay-gradient":""},"mobile":{"background-color":"","background-image":"","background-repeat":"repeat","background-position":"center center","background-size":"auto","background-attachment":"scroll","background-type":"","background-media":"","overlay-type":"","overlay-color":"","overlay-opacity":"","overlay-gradient":""}},"ast-content-background-meta":{"desktop":{"background-color":"var(--ast-global-color-5)","background-image":"","background-repeat":"repeat","background-position":"center center","background-size":"auto","background-attachment":"scroll","background-type":"","background-media":"","overlay-type":"","overlay-color":"","overlay-opacity":"","overlay-gradient":""},"tablet":{"background-color":"var(--ast-global-color-5)","background-image":"","background-repeat":"repeat","background-position":"center center","background-size":"auto","background-attachment":"scroll","background-type":"","background-media":"","overlay-type":"","overlay-color":"","overlay-opacity":"","overlay-gradient":""},"mobile":{"background-color":"var(--ast-global-color-5)","background-image":"","background-repeat":"repeat","background-position":"center center","background-size":"auto","background-attachment":"scroll","background-type":"","background-media":"","overlay-type":"","overlay-color":"","overlay-opacity":"","overlay-gradient":""}},"footnotes":""},"class_list":["post-3305","page","type-page","status-publish","hentry"],"aioseo_notices":[],"_links":{"self":[{"href":"https:\/\/rubens-antwerpen.be\/de\/wp-json\/wp\/v2\/pages\/3305","targetHints":{"allow":["GET"]}}],"collection":[{"href":"https:\/\/rubens-antwerpen.be\/de\/wp-json\/wp\/v2\/pages"}],"about":[{"href":"https:\/\/rubens-antwerpen.be\/de\/wp-json\/wp\/v2\/types\/page"}],"author":[{"embeddable":true,"href":"https:\/\/rubens-antwerpen.be\/de\/wp-json\/wp\/v2\/users\/1"}],"replies":[{"embeddable":true,"href":"https:\/\/rubens-antwerpen.be\/de\/wp-json\/wp\/v2\/comments?post=3305"}],"version-history":[{"count":8,"href":"https:\/\/rubens-antwerpen.be\/de\/wp-json\/wp\/v2\/pages\/3305\/revisions"}],"predecessor-version":[{"id":5710,"href":"https:\/\/rubens-antwerpen.be\/de\/wp-json\/wp\/v2\/pages\/3305\/revisions\/5710"}],"up":[{"embeddable":true,"href":"https:\/\/rubens-antwerpen.be\/de\/wp-json\/wp\/v2\/pages\/3303"}],"wp:attachment":[{"href":"https:\/\/rubens-antwerpen.be\/de\/wp-json\/wp\/v2\/media?parent=3305"}],"curies":[{"name":"wp","href":"https:\/\/api.w.org\/{rel}","templated":true}]}}