{"id":3307,"date":"2024-06-19T15:42:34","date_gmt":"2024-06-19T13:42:34","guid":{"rendered":"https:\/\/rubens-antwerpen.be\/home\/sued\/kmska\/jordaens-familienkonzert\/"},"modified":"2025-08-09T11:19:02","modified_gmt":"2025-08-09T09:19:02","slug":"jordaens-familienkonzert","status":"publish","type":"page","link":"https:\/\/rubens-antwerpen.be\/de\/home\/sued\/kmska\/jordaens-familienkonzert\/","title":{"rendered":"Jordaens: Familienkonzert"},"content":{"rendered":"\t\t<div data-elementor-type=\"wp-page\" data-elementor-id=\"3307\" class=\"elementor elementor-3307 elementor-854\">\n\t\t\t\t<div class=\"elementor-element elementor-element-ad42995 e-flex e-con-boxed e-con e-parent\" data-id=\"ad42995\" data-element_type=\"container\" data-e-type=\"container\">\n\t\t\t\t\t<div class=\"e-con-inner\">\n\t\t\t\t<div class=\"elementor-element elementor-element-dbf73d7 elementor-widget elementor-widget-heading\" data-id=\"dbf73d7\" data-element_type=\"widget\" data-e-type=\"widget\" data-widget_type=\"heading.default\">\n\t\t\t\t<div class=\"elementor-widget-container\">\n\t\t\t\t\t<h2 class=\"elementor-heading-title elementor-size-default\">Elisabeth Jordaens in einem Familienkonzert <\/h2>\t\t\t\t<\/div>\n\t\t\t\t<\/div>\n\t\t\t\t\t<\/div>\n\t\t\t\t<\/div>\n\t\t<div class=\"elementor-element elementor-element-f3c8b4c e-flex e-con-boxed e-con e-parent\" data-id=\"f3c8b4c\" data-element_type=\"container\" data-e-type=\"container\">\n\t\t\t\t\t<div class=\"e-con-inner\">\n\t\t\t\t<div class=\"elementor-element elementor-element-b105d22 elementor-widget elementor-widget-text-editor\" data-id=\"b105d22\" data-element_type=\"widget\" data-e-type=\"widget\" data-widget_type=\"text-editor.default\">\n\t\t\t\t<div class=\"elementor-widget-container\">\n\t\t\t\t\t\t\t\t\t<p style=\"text-align: justify;\"><span style=\"color: #008000;\"><strong>Geh nach KMSKA, Saal 2.11<\/strong><\/span><\/p>\n<p><a href=\"http:\/\/rubens-antwerpen.be\/wp-content\/uploads\/152P-KMSKA-JJO-Isabella-Jordaens.jpg\"><img fetchpriority=\"high\" decoding=\"async\" class=\"alignleft wp-image-531 size-medium\" src=\"http:\/\/rubens-antwerpen.be\/wp-content\/uploads\/152P-KMSKA-JJO-Isabella-Jordaens-300x187.jpg\" alt=\"\" width=\"300\" height=\"187\" srcset=\"https:\/\/rubens-antwerpen.be\/wp-content\/uploads\/152P-KMSKA-JJO-Isabella-Jordaens-300x187.jpg 300w, https:\/\/rubens-antwerpen.be\/wp-content\/uploads\/152P-KMSKA-JJO-Isabella-Jordaens-768x479.jpg 768w, https:\/\/rubens-antwerpen.be\/wp-content\/uploads\/152P-KMSKA-JJO-Isabella-Jordaens.jpg 1024w\" sizes=\"(max-width: 300px) 100vw, 300px\" \/><\/a><\/p>\n<p style=\"text-align: justify;\"><em>Elisabeth starb am selben Tag wie ihr Vater, nachdem sie sich bis zuletzt um ihn gek\u00fcmmert hatte. Ein Teil ihres Privatlebens blieb im Schatten: Beide waren zum calvinistischen Glauben konvertiert <\/em><\/p>\n<p><\/p>\n<hr \/>\n<p><\/p>\n<p style=\"text-align: justify;\"><em>Elisabeth Jordaens spricht:<br \/>\n<\/em>Wie lange ist das schon her? Wir haben jetzt Oktober 1678, ich bin 61, also muss es vor ungef\u00e4hr vierzig Jahren sein. Damals, im Jahr 1638, war ich jung und schaute zu \u00e4lteren Menschen auf; aber ob ich mich heute noch so f\u00fchle?<\/p>\n<p><\/p>\n<p style=\"text-align: justify;\"><em>\u201aSo d&#8217;ouden songen, so piepen de jongen\u2018<\/em>, \u00fcbersetzt: \u201a<em>Wie die Alten singen, pfeifen die Jungen<\/em>\u2018. Dieses Sprichwort kannst du oben auf dem Gem\u00e4lde lesen. Im Jahr 1632 reiste unsere ganze Familie, Gro\u00dfvater Adam van Noort, Mama und Papa und ich, nach Holland, wo der beliebte Dichter Jacob \u201aVater\u2018 Cats gerade \u201a<em>Der Spiegel der alten und neuen Zeiten\u2018<\/em> ver\u00f6ffentlicht hatte, ein Buch voller Sprichw\u00f6rter und Volksweisheiten.<\/p>\n<p><\/p>\n<p style=\"text-align: justify;\">Papa wollte diese auf Leinwand darstellen. Was war einfacher, als uns selbst als Vorbild der perfekten Familie zu pr\u00e4sentieren?<\/p>\n<p><\/p>\n<p style=\"text-align: justify;\">Auf der linken Seite sieht man, wie Opa Adam mit einem Liederbuch in der Hand den Takt schl\u00e4gt. Oma \u2013 oder jemand wie sie \u2013 folgt auf dem Notenblatt. Papa spielt Dudelsack, und das ist nicht das erste Mal, dass er sich auf diese Weise pr\u00e4sentiert; er ist hier 45 Jahre alt. Die Kinder geben ihr Bestes, um die Melodie auf der Fl\u00f6te mitzuspielen. Klingt das alles wirklich gut? Unser Hund spitzt die Ohren!<\/p>\n<p><\/p>\n<p style=\"text-align: justify;\">Wir sitzen drinnen, am sp\u00e4ten Nachmittag, vielleicht am Sonntag, Zeit zum Entspannen. Von links kommt ein sch\u00f6nes Licht, so dass Opa mit seiner Brille gut sehen kann. Neben der Semmel auf der linken Seite liegen die Trauben. Eine Pastete steht im Mittelpunkt, rechts sind die Birnen zu sehen. Auf dem Blechtopf k\u00f6nnen wir den Glanz des Fensterrahmens sehen. Das Licht f\u00e4llt voll auf mich. Falls Sie daran zweifeln, das bin ich in der Mitte: Ich sehe \u00fcberhaupt nicht aus wie meine Mutter!<\/p>\n<p><\/p>\n<p style=\"text-align: justify;\">Ungef\u00e4hr zur gleichen Zeit, als ich etwa zwanzig war, portr\u00e4tierte mich mein Vater als gesundes Landm\u00e4dchen mit Blumen am Hut, einem Korb und sogar mit der gleichen Perlenkette wie auf diesem Gem\u00e4lde. Aber in Wirklichkeit waren wir Stadtmenschen, die wie viele andere die Angewohnheit hatten, zusammen zu singen.<\/p>\n<p><\/p>\n<p style=\"text-align: justify;\">Heute, im Alter von 85 Jahren, geht es meinem Vater \u00fcberhaupt nicht gut. Und ich f\u00fchle mich alles andere als gesund. Die Krankheit, die sich in der Stadt ausbreitet, hat bereits zum Tod vieler unserer Nachbarn, Freunden und Bekannten gef\u00fchrt. All dieses ist meiner Mutter erspart geblieben.<\/p>\n<p><\/p>\n<p style=\"text-align: justify;\">Sie ist vor fast 20 Jahren gestorben, und seitdem k\u00fcmmere ich mich um meinen Vater. F\u00fcr eine unverheiratete Tochter wie ich eine bin, ist das ziemlich selbstverst\u00e4ndlich, zumal ich mit ihm zusammenlebe.<\/p>\n<p><\/p>\n<p style=\"text-align: justify;\">Als Prinz Willem III. von Oranien uns vor \u00fcber einem Jahr besuchte, schrieb sein Sekret\u00e4r Christiaan Huyghens, dass &#8222;<em>Jacques auf einem Stuhl getragen wurde und die ganze Zeit quatschte<\/em>&#8222;.<\/p>\n<p><\/p>\n<p style=\"text-align: justify;\">Das macht mich sehr traurig, denn vorher war mein Vater sein ganzes Leben lang ein fr\u00f6hlicher und freundlicher Mann, so steht es jedenfalls geschrieben.<\/p>\n<p><\/p>\n<p style=\"text-align: justify;\">1669 notierte ein Maler aus Hamburg, Matthias Scheits, dass mein Vater &#8222;<em>immer flei\u00dfig malte<\/em>&#8222;.<\/p>\n<p><\/p>\n<p style=\"text-align: justify;\">Wo finde ich Trost? In der Bibel, besonders seit wir vor sieben Jahren (1671) der protestantischen Gemeinde vom Brabantischen \u00d6lberg beigetreten sind.<\/p>\n<p><\/p>\n<p style=\"text-align: justify;\">Aufgrund der Anwesenheit ausl\u00e4ndischer H\u00e4ndler, Kaufleute und Bankiers ist Antwerpen eine ziemlich tolerante Stadt, solange man kein Skandal verursacht. Selbst als Papa 1660 vor Gericht mit einem Eid &#8222;<em>vor Gott<\/em>&#8220; schwor und nicht mehr &#8222;<em>vor allen seinen Heiligen<\/em>&#8220; (wie er es 1649 getan hatte), fand der Richter das \u00fcberzeugend genug.<\/p>\n<p><\/p>\n<p style=\"text-align: justify;\"><span style=\"color: #008000;\"><strong>S\u00fcdliche Route (weiter): Biegen Sie links in die Muntstraat ein, diese wird zur Augustijnenstraat und biegen Sie rechts in die Waaistraat bis zum Platz vor der <a href=\"https:\/\/rubens-antwerpen.be\/de\/home\/sued\/st-andreaskirche\/\">Sint-Andreaskirche<\/a> ab. Der Haupteingang befindet sich auf dem Pastoor Visschersplein, die Seiteneing\u00e4nge zur Zeit an der Augustijnenstraat oder an der Sint-Andriesstraat. <\/strong><\/span><\/p>\n\t\t\t\t\t\t\t\t<\/div>\n\t\t\t\t<\/div>\n\t\t\t\t\t<\/div>\n\t\t\t\t<\/div>\n\t\t\t\t<\/div>\n\t\t","protected":false},"excerpt":{"rendered":"<p>Elisabeth Jordaens in einem Familienkonzert Geh nach KMSKA, Saal 2.11 Elisabeth starb am selben Tag wie ihr Vater, nachdem sie [&hellip;]<\/p>\n","protected":false},"author":1,"featured_media":0,"parent":3303,"menu_order":152,"comment_status":"closed","ping_status":"closed","template":"","meta":{"site-sidebar-layout":"no-sidebar","site-content-layout":"","ast-site-content-layout":"full-width-container","site-content-style":"default","site-sidebar-style":"default","ast-global-header-display":"","ast-banner-title-visibility":"","ast-main-header-display":"","ast-hfb-above-header-display":"","ast-hfb-below-header-display":"","ast-hfb-mobile-header-display":"","site-post-title":"disabled","ast-breadcrumbs-content":"","ast-featured-img":"disabled","footer-sml-layout":"","ast-disable-related-posts":"","theme-transparent-header-meta":"","adv-header-id-meta":"","stick-header-meta":"","header-above-stick-meta":"","header-main-stick-meta":"","header-below-stick-meta":"","astra-migrate-meta-layouts":"default","ast-page-background-enabled":"default","ast-page-background-meta":{"desktop":{"background-color":"var(--ast-global-color-4)","background-image":"","background-repeat":"repeat","background-position":"center center","background-size":"auto","background-attachment":"scroll","background-type":"","background-media":"","overlay-type":"","overlay-color":"","overlay-opacity":"","overlay-gradient":""},"tablet":{"background-color":"","background-image":"","background-repeat":"repeat","background-position":"center center","background-size":"auto","background-attachment":"scroll","background-type":"","background-media":"","overlay-type":"","overlay-color":"","overlay-opacity":"","overlay-gradient":""},"mobile":{"background-color":"","background-image":"","background-repeat":"repeat","background-position":"center center","background-size":"auto","background-attachment":"scroll","background-type":"","background-media":"","overlay-type":"","overlay-color":"","overlay-opacity":"","overlay-gradient":""}},"ast-content-background-meta":{"desktop":{"background-color":"var(--ast-global-color-5)","background-image":"","background-repeat":"repeat","background-position":"center center","background-size":"auto","background-attachment":"scroll","background-type":"","background-media":"","overlay-type":"","overlay-color":"","overlay-opacity":"","overlay-gradient":""},"tablet":{"background-color":"var(--ast-global-color-5)","background-image":"","background-repeat":"repeat","background-position":"center center","background-size":"auto","background-attachment":"scroll","background-type":"","background-media":"","overlay-type":"","overlay-color":"","overlay-opacity":"","overlay-gradient":""},"mobile":{"background-color":"var(--ast-global-color-5)","background-image":"","background-repeat":"repeat","background-position":"center center","background-size":"auto","background-attachment":"scroll","background-type":"","background-media":"","overlay-type":"","overlay-color":"","overlay-opacity":"","overlay-gradient":""}},"footnotes":""},"class_list":["post-3307","page","type-page","status-publish","hentry"],"aioseo_notices":[],"_links":{"self":[{"href":"https:\/\/rubens-antwerpen.be\/de\/wp-json\/wp\/v2\/pages\/3307","targetHints":{"allow":["GET"]}}],"collection":[{"href":"https:\/\/rubens-antwerpen.be\/de\/wp-json\/wp\/v2\/pages"}],"about":[{"href":"https:\/\/rubens-antwerpen.be\/de\/wp-json\/wp\/v2\/types\/page"}],"author":[{"embeddable":true,"href":"https:\/\/rubens-antwerpen.be\/de\/wp-json\/wp\/v2\/users\/1"}],"replies":[{"embeddable":true,"href":"https:\/\/rubens-antwerpen.be\/de\/wp-json\/wp\/v2\/comments?post=3307"}],"version-history":[{"count":13,"href":"https:\/\/rubens-antwerpen.be\/de\/wp-json\/wp\/v2\/pages\/3307\/revisions"}],"predecessor-version":[{"id":6109,"href":"https:\/\/rubens-antwerpen.be\/de\/wp-json\/wp\/v2\/pages\/3307\/revisions\/6109"}],"up":[{"embeddable":true,"href":"https:\/\/rubens-antwerpen.be\/de\/wp-json\/wp\/v2\/pages\/3303"}],"wp:attachment":[{"href":"https:\/\/rubens-antwerpen.be\/de\/wp-json\/wp\/v2\/media?parent=3307"}],"curies":[{"name":"wp","href":"https:\/\/api.w.org\/{rel}","templated":true}]}}