{"id":3311,"date":"2024-06-19T15:44:24","date_gmt":"2024-06-19T13:44:24","guid":{"rendered":"https:\/\/rubens-antwerpen.be\/home\/sued\/st-andreaskirche\/otto-van-veen-das-martyrium-des-heiligen-andreas\/"},"modified":"2025-08-19T15:51:22","modified_gmt":"2025-08-19T13:51:22","slug":"otto-van-veen-das-martyrium-des-heiligen-andreas","status":"publish","type":"page","link":"https:\/\/rubens-antwerpen.be\/de\/home\/sued\/st-andreaskirche\/otto-van-veen-das-martyrium-des-heiligen-andreas\/","title":{"rendered":"Otto van Veen: das Martyrium des heiligen Andreas"},"content":{"rendered":"\t\t<div data-elementor-type=\"wp-page\" data-elementor-id=\"3311\" class=\"elementor elementor-3311 elementor-859\">\n\t\t\t\t<div class=\"elementor-element elementor-element-ad42995 e-flex e-con-boxed e-con e-parent\" data-id=\"ad42995\" data-element_type=\"container\" data-e-type=\"container\">\n\t\t\t\t\t<div class=\"e-con-inner\">\n\t\t\t\t<div class=\"elementor-element elementor-element-dbf73d7 elementor-widget elementor-widget-heading\" data-id=\"dbf73d7\" data-element_type=\"widget\" data-e-type=\"widget\" data-widget_type=\"heading.default\">\n\t\t\t\t<div class=\"elementor-widget-container\">\n\t\t\t\t\t<h2 class=\"elementor-heading-title elementor-size-default\">Lehrer Otto van Veen: das Martyrium des heiligen Andreas<\/h2>\t\t\t\t<\/div>\n\t\t\t\t<\/div>\n\t\t\t\t\t<\/div>\n\t\t\t\t<\/div>\n\t\t<div class=\"elementor-element elementor-element-a6a4a1f e-flex e-con-boxed e-con e-parent\" data-id=\"a6a4a1f\" data-element_type=\"container\" data-e-type=\"container\">\n\t\t\t\t\t<div class=\"e-con-inner\">\n\t\t\t\t<div class=\"elementor-element elementor-element-1e8575b elementor-widget elementor-widget-text-editor\" data-id=\"1e8575b\" data-element_type=\"widget\" data-e-type=\"widget\" data-widget_type=\"text-editor.default\">\n\t\t\t\t<div class=\"elementor-widget-container\">\n\t\t\t\t\t\t\t\t\t<p style=\"text-align: justify;\"><span style=\"color: #008000;\"><strong>In der St.-Andreas-Kirche: Falls m\u00f6glich, folgen Sie mit der Wanderkarte in der Hand am Chorgest\u00fchl vorbei und werfen Sie einen Blick in den Chor.<br \/>\n<\/strong><\/span><span style=\"color: #008000;\"><strong>Anschlie\u00dfend gehen Sie durch den linken Eingang in die Schatzkammer bzw. das Museum.<\/strong><\/span><\/p>\n<figure id=\"attachment_2963\" aria-describedby=\"caption-attachment-2963\" style=\"width: 230px\" class=\"wp-caption alignleft\"><a href=\"http:\/\/rubens-antwerpen.be\/wp-content\/uploads\/161B-STA-OVV-Marteldood-Andreas-modello.jpg\"><img fetchpriority=\"high\" decoding=\"async\" class=\"wp-image-1551 size-medium\" src=\"http:\/\/rubens-antwerpen.be\/wp-content\/uploads\/161B-STA-OVV-Marteldood-Andreas-modello-230x300.jpg\" alt=\"\" width=\"230\" height=\"300\" srcset=\"https:\/\/rubens-antwerpen.be\/wp-content\/uploads\/161B-STA-OVV-Marteldood-Andreas-modello-230x300.jpg 230w, https:\/\/rubens-antwerpen.be\/wp-content\/uploads\/161B-STA-OVV-Marteldood-Andreas-modello-768x1001.jpg 768w, https:\/\/rubens-antwerpen.be\/wp-content\/uploads\/161B-STA-OVV-Marteldood-Andreas-modello.jpg 786w\" sizes=\"(max-width: 230px) 100vw, 230px\" \/><\/a><figcaption id=\"caption-attachment-2963\" class=\"wp-caption-text\">Martyrium des heiligen Andreas<br \/>(modello im Museum)<\/figcaption><\/figure>\n<figure id=\"attachment_1994\" aria-describedby=\"caption-attachment-1994\" style=\"width: 234px\" class=\"wp-caption alignleft\"><a href=\"http:\/\/rubens-antwerpen.be\/wp-content\/uploads\/161P-STA-OVV-Marteldood-Andreas.jpg\"><img decoding=\"async\" class=\"wp-image-537 size-medium\" src=\"http:\/\/rubens-antwerpen.be\/wp-content\/uploads\/161P-STA-OVV-Marteldood-Andreas-234x300.jpg\" alt=\"\" width=\"234\" height=\"300\" srcset=\"https:\/\/rubens-antwerpen.be\/wp-content\/uploads\/161P-STA-OVV-Marteldood-Andreas-234x300.jpg 234w, https:\/\/rubens-antwerpen.be\/wp-content\/uploads\/161P-STA-OVV-Marteldood-Andreas-768x984.jpg 768w, https:\/\/rubens-antwerpen.be\/wp-content\/uploads\/161P-STA-OVV-Marteldood-Andreas.jpg 799w\" sizes=\"(max-width: 234px) 100vw, 234px\" \/><\/a><figcaption id=\"caption-attachment-1994\" class=\"wp-caption-text\">Martyrium des heiligen Andreas<br \/>(im Chor)<\/figcaption><\/figure>\n<p style=\"text-align: justify;\"><em>\u201eDeshalb kommt es mir in den Sinn, mich zuerst mit dem bedeutenden Maler Octavius van Veen zu befassen\u201c (also schrieb Carel van Mander 1604).<\/em><\/p>\n<p><\/p>\n<hr \/>\n<p><\/p>\n<p style=\"text-align: justify;\">Dieser Satz wurde vor mehr als 400 Jahren geschrieben und hilft uns heute auf unserem Weg: 1604 schrieb Carel van Mander das \u201a<em>Buch der Maler\/Schilderboek\u2018<\/em>, die allererste K\u00fcnstlerbiografie in den historischen Niederlanden. So wie van Mander das gemacht hat, werden wir zuerst Rubens\u2018 besten Lehrer, Otto van Veen, behandeln.<\/p>\n<p><\/p>\n<p style=\"text-align: justify;\">Unsere gro\u00dfen Meister des Barocks m\u00f6gen zwar ein k\u00fcnstlerisches Geschenk des Himmels gewesen sein \u2013 vor allem mit ihren religi\u00f6sen Szenen \u2013 aber sie nicht einfach aus der Luft gefallen. Sie selbst hatten Lehrer die eine lange Ausbildung von Handwerk und verschiedene Techniken vermittelten.<\/p>\n<p><\/p>\n<p style=\"text-align: justify;\">Vor allem Rubens, Van Dyck und Jordaens waren Innovatoren, die neue Themen darstellten und ihren Werken neuen intellektuellen Inhalt gaben. Und mit ihren Portr\u00e4ts konnten sie ein neues Publikum ansprechen.<\/p>\n<p><\/p>\n<p style=\"text-align: justify;\">In dieser Kirche lernen wir wie ein Gem\u00e4lde vorbereitet wird und wie ein Werk ein anderes inspiriert.<\/p>\n<p><\/p>\n<p style=\"text-align: justify;\">Der Schutzpatron dieser Kirche ist Andreas, und deshalb sollte er hier h\u00e4ngen. Man w\u00fcrde ein Gem\u00e4lde mit einem solchen Motiv auf dem Hauptaltar erwarten, aber hier wurde es an die Seitenwand des Chores verbannt.<\/p>\n<p><\/p>\n<p style=\"text-align: justify;\">M\u00e4rtyrer erhalten viel Anerkennung f\u00fcr ihren Glauben oder ihre \u00dcberzeugungen, auch au\u00dferhalb des religi\u00f6sen Kontextes.<\/p>\n<p><\/p>\n<p style=\"text-align: justify;\">Andreas, der Schutzpatron der Burgunder, der Vorfahren der Habsburger, erregte zur Zeit der Gegenreformation sogar besondere Aufmerksamkeit.<\/p>\n<p><\/p>\n<p style=\"text-align: justify;\">1594 erhielt Otto Van Veen diesen Auftrag, den er sp\u00e4testens 1599 vollendete; damals arbeitete der junge Rubens in seinem Atelier. Als Auftakt zu einem Auftrag malte er ein sogenanntes <em>Modello<\/em>. Diese Kirche hat das gro\u00dfe Gl\u00fcck, dieses <em>Modello<\/em> erworben zu haben; es h\u00e4ngt in der Schatzkammer. Sie k\u00f6nnen \u201aGl\u00fcck\u2018 hier w\u00f6rtlich interpretieren; das gro\u00dfe Gem\u00e4lde selbst wurde so stark geklebt, \u00fcbermalt und neu gerahmt, dass es an Qualit\u00e4t eingeb\u00fc\u00dft hat. Es steht jetzt im Schatten des <em>Modellos<\/em>. Dieses bietet eine bessere Wiedergabe des Lichtspiels, der lebendigen Details und der dargestellten Farben.<\/p>\n<p><\/p>\n<p style=\"text-align: justify;\">Der Vordergrund ist eine gro\u00dfformatige Szene, deren unterer Teil als klares Dreieck komponiert ist. Der Hintergrund mit der Masse der Zuh\u00f6rer wurde als antike Dekor auf Patras, Griechenland, hindeuten.<\/p>\n<p><\/p>\n<p style=\"text-align: justify;\">Behalten Sie folgendes f\u00fcr einen Augenblick im Ged\u00e4chtnis: das volle Licht auf dem Antlitz des Apostels, der immer noch predigt, w\u00e4hrend er zum Himmel aufblickt; dann die athletischen Henker; der Prokonsul Ageas zu Pferd, und seine Frau, die mit ihren Kindern zum Christentum konvertiert ist; sie schaut uns Zuschauer an. Und dann ist da noch der kleine Hund. Wenn Sie Rubens&#8216; ber\u00fchmter \u201a<em>Kreuzaufrichtung\u2018<\/em> in der Liebfrauenkathedrale gegen\u00fcberstehen, werden Sie mehrere \u00c4hnlichkeiten feststellen k\u00f6nnen!<\/p>\n<p><\/p>\n<p style=\"text-align: justify;\">In den Niederlanden und insbesondere in Antwerpen blieb der \u00fcberschw\u00e4ngliche Barock bis zur Mitte des 19. Jahrhunderts eine vertraute Formensprache, um Emotionen zu vermitteln; die Kanzel der St. Andreas-Kirche zeugt davon, indem sie \u201a<em>Die Berufung von Andreas und Petrus\u2018<\/em> darstellt.<\/p>\n<p><a href=\"https:\/\/rubens-antwerpen.be\/wp-content\/uploads\/161P-STA-Sint-Pieter.jpg\"><img decoding=\"async\" class=\"alignleft wp-image-3757 size-medium\" src=\"https:\/\/rubens-antwerpen.be\/wp-content\/uploads\/161P-STA-Sint-Pieter-214x300.jpg\" alt=\"\" width=\"214\" height=\"300\" srcset=\"https:\/\/rubens-antwerpen.be\/wp-content\/uploads\/161P-STA-Sint-Pieter-214x300.jpg 214w, https:\/\/rubens-antwerpen.be\/wp-content\/uploads\/161P-STA-Sint-Pieter.jpg 732w\" sizes=\"(max-width: 214px) 100vw, 214px\" \/><\/a><\/p>\n<p style=\"text-align: justify;\">Aber betrachten Sie zun\u00e4chst ein Meisterwerk der barocken Bildhauerei: den <em>Petrus<\/em> von Artus Quellinus I. dem \u00c4lteren.<\/p>\n<p><\/p>\n<p style=\"text-align: justify;\">Der innere Kampf des Apostels, der seinen Meister Jesus verleugnete, noch bevor der Hahn kr\u00e4hte, l\u00e4sst sich an seiner K\u00f6rpersprache ablesen: an den kr\u00e4ftigen H\u00e4nden rund um das Holz des Kreuzes, an der Anstrengung in seinem Gesicht. Die Darstellung des feineren Stoffes des Kleidungsst\u00fccks und des dickeren Gewebes des Mantels unterstreicht die K\u00f6rpersprache zus\u00e4tzlich.<\/p>\n<p><\/p>\n<p style=\"text-align: justify;\">In drei Dimensionen steht dem Bildhauer die Gestaltung seines Materials zur Verf\u00fcgung, um uns davon zu \u00fcberzeugen, dass hier ein Mensch vor uns steht.<\/p>\n<p><\/p>\n<p style=\"text-align: justify;\"><span style=\"color: #008000;\"><strong>Betrachten Sie zuerst die S\u00e4ule links vom Chor und schlie\u00dflich die <a href=\"https:\/\/rubens-antwerpen.be\/de\/home\/sued\/st-andreaskirche\/st-andreaskirche-kanzel\/\">Kanzel<\/a>.<\/strong><\/span><\/p>\n\t\t\t\t\t\t\t\t<\/div>\n\t\t\t\t<\/div>\n\t\t\t\t\t<\/div>\n\t\t\t\t<\/div>\n\t\t\t\t<\/div>\n\t\t","protected":false},"excerpt":{"rendered":"<p>Lehrer Otto van Veen: das Martyrium des heiligen Andreas In der St.-Andreas-Kirche: Falls m\u00f6glich, folgen Sie mit der Wanderkarte in [&hellip;]<\/p>\n","protected":false},"author":1,"featured_media":0,"parent":3309,"menu_order":161,"comment_status":"closed","ping_status":"closed","template":"","meta":{"site-sidebar-layout":"no-sidebar","site-content-layout":"","ast-site-content-layout":"full-width-container","site-content-style":"default","site-sidebar-style":"default","ast-global-header-display":"","ast-banner-title-visibility":"","ast-main-header-display":"","ast-hfb-above-header-display":"","ast-hfb-below-header-display":"","ast-hfb-mobile-header-display":"","site-post-title":"disabled","ast-breadcrumbs-content":"","ast-featured-img":"disabled","footer-sml-layout":"","ast-disable-related-posts":"","theme-transparent-header-meta":"","adv-header-id-meta":"","stick-header-meta":"","header-above-stick-meta":"","header-main-stick-meta":"","header-below-stick-meta":"","astra-migrate-meta-layouts":"default","ast-page-background-enabled":"default","ast-page-background-meta":{"desktop":{"background-color":"var(--ast-global-color-4)","background-image":"","background-repeat":"repeat","background-position":"center center","background-size":"auto","background-attachment":"scroll","background-type":"","background-media":"","overlay-type":"","overlay-color":"","overlay-opacity":"","overlay-gradient":""},"tablet":{"background-color":"","background-image":"","background-repeat":"repeat","background-position":"center center","background-size":"auto","background-attachment":"scroll","background-type":"","background-media":"","overlay-type":"","overlay-color":"","overlay-opacity":"","overlay-gradient":""},"mobile":{"background-color":"","background-image":"","background-repeat":"repeat","background-position":"center center","background-size":"auto","background-attachment":"scroll","background-type":"","background-media":"","overlay-type":"","overlay-color":"","overlay-opacity":"","overlay-gradient":""}},"ast-content-background-meta":{"desktop":{"background-color":"var(--ast-global-color-5)","background-image":"","background-repeat":"repeat","background-position":"center center","background-size":"auto","background-attachment":"scroll","background-type":"","background-media":"","overlay-type":"","overlay-color":"","overlay-opacity":"","overlay-gradient":""},"tablet":{"background-color":"var(--ast-global-color-5)","background-image":"","background-repeat":"repeat","background-position":"center center","background-size":"auto","background-attachment":"scroll","background-type":"","background-media":"","overlay-type":"","overlay-color":"","overlay-opacity":"","overlay-gradient":""},"mobile":{"background-color":"var(--ast-global-color-5)","background-image":"","background-repeat":"repeat","background-position":"center center","background-size":"auto","background-attachment":"scroll","background-type":"","background-media":"","overlay-type":"","overlay-color":"","overlay-opacity":"","overlay-gradient":""}},"footnotes":""},"class_list":["post-3311","page","type-page","status-publish","hentry"],"aioseo_notices":[],"_links":{"self":[{"href":"https:\/\/rubens-antwerpen.be\/de\/wp-json\/wp\/v2\/pages\/3311","targetHints":{"allow":["GET"]}}],"collection":[{"href":"https:\/\/rubens-antwerpen.be\/de\/wp-json\/wp\/v2\/pages"}],"about":[{"href":"https:\/\/rubens-antwerpen.be\/de\/wp-json\/wp\/v2\/types\/page"}],"author":[{"embeddable":true,"href":"https:\/\/rubens-antwerpen.be\/de\/wp-json\/wp\/v2\/users\/1"}],"replies":[{"embeddable":true,"href":"https:\/\/rubens-antwerpen.be\/de\/wp-json\/wp\/v2\/comments?post=3311"}],"version-history":[{"count":17,"href":"https:\/\/rubens-antwerpen.be\/de\/wp-json\/wp\/v2\/pages\/3311\/revisions"}],"predecessor-version":[{"id":6227,"href":"https:\/\/rubens-antwerpen.be\/de\/wp-json\/wp\/v2\/pages\/3311\/revisions\/6227"}],"up":[{"embeddable":true,"href":"https:\/\/rubens-antwerpen.be\/de\/wp-json\/wp\/v2\/pages\/3309"}],"wp:attachment":[{"href":"https:\/\/rubens-antwerpen.be\/de\/wp-json\/wp\/v2\/media?parent=3311"}],"curies":[{"name":"wp","href":"https:\/\/api.w.org\/{rel}","templated":true}]}}