{"id":3313,"date":"2024-06-19T15:45:51","date_gmt":"2024-06-19T13:45:51","guid":{"rendered":"https:\/\/rubens-antwerpen.be\/home\/sued\/st-andreaskirche\/st-andreaskirche-kanzel\/"},"modified":"2025-07-31T11:28:41","modified_gmt":"2025-07-31T09:28:41","slug":"st-andreaskirche-kanzel","status":"publish","type":"page","link":"https:\/\/rubens-antwerpen.be\/de\/home\/sued\/st-andreaskirche\/st-andreaskirche-kanzel\/","title":{"rendered":"St. Andreaskirche: Kanzel"},"content":{"rendered":"\t\t<div data-elementor-type=\"wp-page\" data-elementor-id=\"3313\" class=\"elementor elementor-3313 elementor-864\">\n\t\t\t\t<div class=\"elementor-element elementor-element-ad42995 e-flex e-con-boxed e-con e-parent\" data-id=\"ad42995\" data-element_type=\"container\" data-e-type=\"container\">\n\t\t\t\t\t<div class=\"e-con-inner\">\n\t\t\t\t<div class=\"elementor-element elementor-element-dbf73d7 elementor-widget elementor-widget-heading\" data-id=\"dbf73d7\" data-element_type=\"widget\" data-e-type=\"widget\" data-widget_type=\"heading.default\">\n\t\t\t\t<div class=\"elementor-widget-container\">\n\t\t\t\t\t<h2 class=\"elementor-heading-title elementor-size-default\">Eine Kanzel aus dem 19. Jahrhundert: J.F. van Geel  J.B. van Hool<\/h2>\t\t\t\t<\/div>\n\t\t\t\t<\/div>\n\t\t\t\t\t<\/div>\n\t\t\t\t<\/div>\n\t\t<div class=\"elementor-element elementor-element-ed4eda6 e-flex e-con-boxed e-con e-parent\" data-id=\"ed4eda6\" data-element_type=\"container\" data-e-type=\"container\">\n\t\t\t\t\t<div class=\"e-con-inner\">\n\t\t\t\t<div class=\"elementor-element elementor-element-829fd3a elementor-widget elementor-widget-text-editor\" data-id=\"829fd3a\" data-element_type=\"widget\" data-e-type=\"widget\" data-widget_type=\"text-editor.default\">\n\t\t\t\t<div class=\"elementor-widget-container\">\n\t\t\t\t\t\t\t\t\t<p><a href=\"http:\/\/rubens-antwerpen.be\/wp-content\/uploads\/162P-STA-Preekstoel.jpg\"><img fetchpriority=\"high\" decoding=\"async\" class=\"alignleft wp-image-540 size-medium\" src=\"http:\/\/rubens-antwerpen.be\/wp-content\/uploads\/162P-STA-Preekstoel-231x300.jpg\" alt=\"\" width=\"231\" height=\"300\" srcset=\"https:\/\/rubens-antwerpen.be\/wp-content\/uploads\/162P-STA-Preekstoel-231x300.jpg 231w, https:\/\/rubens-antwerpen.be\/wp-content\/uploads\/162P-STA-Preekstoel-768x995.jpg 768w, https:\/\/rubens-antwerpen.be\/wp-content\/uploads\/162P-STA-Preekstoel.jpg 790w\" sizes=\"(max-width: 231px) 100vw, 231px\" \/><\/a><\/p>\n<p style=\"text-align: justify;\"><em>Da sagte [Jesus] zu ihnen: Kommt her, folgt mir nach! Ich werde euch zu Menschenfischern machen. Sofort lie\u00dfen sie ihre Netze liegen und folgten ihm. <\/em><br \/>\n(Matth\u00e4us 4,19-20)<\/p>\n<p><\/p>\n<hr \/>\n<p><\/p>\n<p style=\"text-align: justify;\">Dieses liturgische M\u00f6belst\u00fcck aus dem Jahr 1821 zeigt uns, wie K\u00fcnstler, die Realismus mit Emotion verbinden, einen in eine Geschichte hineinziehen k\u00f6nnen, noch bevor der Prediger ein einziges Wort gesprochen hat.<\/p>\n<p><\/p>\n<p style=\"text-align: justify;\">Dieses h\u00f6lzerne Meisterwerk von Bildhauer Jan Frans Van Geel und Zimmermann Jan Baptist Van Hool zeigt in einer lebhaften Szene die Berufung zweier Apostel, Andreas und sein Bruder Petrus, von Beruf Fischer auf dem See Genezareth.<\/p>\n<p><\/p>\n<p style=\"text-align: justify;\">Die lebensgro\u00dfen Figuren und die Requisiten der Geschichte sind fast greifbar: das Boot, die Ruder, die Netze, der Fisch, der Hummer, die Krabbe. Als theatralisches Dekor befindet sich im Hintergrund eine mit Pflanzen bewachsene Felsformation, die durch einen Baumstamm bis zum Schalldeckel reicht.<\/p>\n<p><\/p>\n<p style=\"text-align: justify;\">Maler m\u00fcssen durch Licht und Schatten die dritte, r\u00e4umliche Dimension suggerieren. Aber hier kommt das r\u00e4umliche auf hyperrealistische Weise zu uns. In der Kunst kann Jesus den Menschen kaum n\u00e4herkommen als hier.<\/p>\n<p><\/p>\n<p style=\"text-align: justify;\">Schlie\u00dflich ruft die Darstellung der ausdrucksstarken H\u00e4nde eine vierte Dimension hervor, die Zeit, eine Aufforderung \u00fcber die Jahrhunderte hinweg, die g\u00f6ttliche Einladung: &#8222;<em>Komm, folge mir nach<\/em>&#8222;. Vor unseren Augen erfahren beide Br\u00fcder die radikale Wende in ihrem Leben, indem sie ihre vorherigen beruflichen Aktivit\u00e4ten aufgeben. Auch wir, die Zuschauer, sind eingeladen, \u00fcber den Sinn unseres Lebens als Berufung nachzudenken.<\/p>\n<ul>\n<li style=\"text-align: justify;\"><span style=\"color: #008000;\"><strong>Die s\u00fcdliche Route geht weiter: Von der Sint-Andriesstraat aus \u00fcberqueren Sie die Nationalestraat und gehen in die Sleutelstraat. Biegen sie links in die Kammenstraat ab und dann rechts in die Everdijstraat. Die entweihte Sankt-Augustinus-Kirche besa\u00df ein monumentales Altarbild von jedem unserer drei Meister, die sich heute im KMSKA befinden. Jordaens und Van Noort bewohnten zusammen ein Haus in der Everdijstraat.<\/strong><\/span><\/li>\n<li style=\"text-align: justify;\"><span style=\"color: #008000;\"><strong>Wenn Sie nach zwei Minuten links in Richtung der Kreuzung Wilde Zee abbiegen, sehen Sie eine zusammengesetzte Fassade aus drei H\u00e4usern in der Wiegstraat 19. Dahinter befand sich der Festsaal der Lukasgilde, eine wahre Kunstgalerie. Gehen Sie zur\u00fcck oder biegen Sie sofort rechts in die Korte und dann in die Lange Gasthuisstraat ein. zu Nr. 19: Das <a href=\"https:\/\/rubens-antwerpen.be\/de\/home\/sued\/mayer-van-den-bergh\/\">Mayer van den Bergh Museum<\/a>.<\/strong><\/span><\/li>\n<\/ul>\n\t\t\t\t\t\t\t\t<\/div>\n\t\t\t\t<\/div>\n\t\t\t\t\t<\/div>\n\t\t\t\t<\/div>\n\t\t\t\t<\/div>\n\t\t","protected":false},"excerpt":{"rendered":"<p>Eine Kanzel aus dem 19. Jahrhundert: J.F. van Geel J.B. van Hool Da sagte [Jesus] zu ihnen: Kommt her, folgt [&hellip;]<\/p>\n","protected":false},"author":1,"featured_media":0,"parent":3309,"menu_order":162,"comment_status":"closed","ping_status":"closed","template":"","meta":{"site-sidebar-layout":"no-sidebar","site-content-layout":"","ast-site-content-layout":"full-width-container","site-content-style":"default","site-sidebar-style":"default","ast-global-header-display":"","ast-banner-title-visibility":"","ast-main-header-display":"","ast-hfb-above-header-display":"","ast-hfb-below-header-display":"","ast-hfb-mobile-header-display":"","site-post-title":"disabled","ast-breadcrumbs-content":"","ast-featured-img":"disabled","footer-sml-layout":"","ast-disable-related-posts":"","theme-transparent-header-meta":"","adv-header-id-meta":"","stick-header-meta":"","header-above-stick-meta":"","header-main-stick-meta":"","header-below-stick-meta":"","astra-migrate-meta-layouts":"default","ast-page-background-enabled":"default","ast-page-background-meta":{"desktop":{"background-color":"var(--ast-global-color-4)","background-image":"","background-repeat":"repeat","background-position":"center center","background-size":"auto","background-attachment":"scroll","background-type":"","background-media":"","overlay-type":"","overlay-color":"","overlay-opacity":"","overlay-gradient":""},"tablet":{"background-color":"","background-image":"","background-repeat":"repeat","background-position":"center center","background-size":"auto","background-attachment":"scroll","background-type":"","background-media":"","overlay-type":"","overlay-color":"","overlay-opacity":"","overlay-gradient":""},"mobile":{"background-color":"","background-image":"","background-repeat":"repeat","background-position":"center center","background-size":"auto","background-attachment":"scroll","background-type":"","background-media":"","overlay-type":"","overlay-color":"","overlay-opacity":"","overlay-gradient":""}},"ast-content-background-meta":{"desktop":{"background-color":"var(--ast-global-color-5)","background-image":"","background-repeat":"repeat","background-position":"center center","background-size":"auto","background-attachment":"scroll","background-type":"","background-media":"","overlay-type":"","overlay-color":"","overlay-opacity":"","overlay-gradient":""},"tablet":{"background-color":"var(--ast-global-color-5)","background-image":"","background-repeat":"repeat","background-position":"center center","background-size":"auto","background-attachment":"scroll","background-type":"","background-media":"","overlay-type":"","overlay-color":"","overlay-opacity":"","overlay-gradient":""},"mobile":{"background-color":"var(--ast-global-color-5)","background-image":"","background-repeat":"repeat","background-position":"center center","background-size":"auto","background-attachment":"scroll","background-type":"","background-media":"","overlay-type":"","overlay-color":"","overlay-opacity":"","overlay-gradient":""}},"footnotes":""},"class_list":["post-3313","page","type-page","status-publish","hentry"],"aioseo_notices":[],"_links":{"self":[{"href":"https:\/\/rubens-antwerpen.be\/de\/wp-json\/wp\/v2\/pages\/3313","targetHints":{"allow":["GET"]}}],"collection":[{"href":"https:\/\/rubens-antwerpen.be\/de\/wp-json\/wp\/v2\/pages"}],"about":[{"href":"https:\/\/rubens-antwerpen.be\/de\/wp-json\/wp\/v2\/types\/page"}],"author":[{"embeddable":true,"href":"https:\/\/rubens-antwerpen.be\/de\/wp-json\/wp\/v2\/users\/1"}],"replies":[{"embeddable":true,"href":"https:\/\/rubens-antwerpen.be\/de\/wp-json\/wp\/v2\/comments?post=3313"}],"version-history":[{"count":9,"href":"https:\/\/rubens-antwerpen.be\/de\/wp-json\/wp\/v2\/pages\/3313\/revisions"}],"predecessor-version":[{"id":5769,"href":"https:\/\/rubens-antwerpen.be\/de\/wp-json\/wp\/v2\/pages\/3313\/revisions\/5769"}],"up":[{"embeddable":true,"href":"https:\/\/rubens-antwerpen.be\/de\/wp-json\/wp\/v2\/pages\/3309"}],"wp:attachment":[{"href":"https:\/\/rubens-antwerpen.be\/de\/wp-json\/wp\/v2\/media?parent=3313"}],"curies":[{"name":"wp","href":"https:\/\/api.w.org\/{rel}","templated":true}]}}