{"id":3317,"date":"2024-06-19T15:47:24","date_gmt":"2024-06-19T13:47:24","guid":{"rendered":"https:\/\/rubens-antwerpen.be\/home\/sued\/mayer-van-den-bergh\/cornelis-de-vos-familienportraets-vekemans\/"},"modified":"2025-07-31T11:40:57","modified_gmt":"2025-07-31T09:40:57","slug":"cornelis-de-vos-familienportraets-vekemans","status":"publish","type":"page","link":"https:\/\/rubens-antwerpen.be\/de\/home\/sued\/mayer-van-den-bergh\/cornelis-de-vos-familienportraets-vekemans\/","title":{"rendered":"Cornelis De Vos: Familienportr\u00e4ts Vekemans"},"content":{"rendered":"\t\t<div data-elementor-type=\"wp-page\" data-elementor-id=\"3317\" class=\"elementor elementor-3317 elementor-869\">\n\t\t\t\t<div class=\"elementor-element elementor-element-ad42995 e-flex e-con-boxed e-con e-parent\" data-id=\"ad42995\" data-element_type=\"container\" data-e-type=\"container\">\n\t\t\t\t\t<div class=\"e-con-inner\">\n\t\t\t\t<div class=\"elementor-element elementor-element-dbf73d7 elementor-widget elementor-widget-heading\" data-id=\"dbf73d7\" data-element_type=\"widget\" data-e-type=\"widget\" data-widget_type=\"heading.default\">\n\t\t\t\t<div class=\"elementor-widget-container\">\n\t\t\t\t\t<h2 class=\"elementor-heading-title elementor-size-default\">Cornelis de Vos: Familienportr\u00e4ts, die Vekemans-Kinder<\/h2>\t\t\t\t<\/div>\n\t\t\t\t<\/div>\n\t\t\t\t\t<\/div>\n\t\t\t\t<\/div>\n\t\t<div class=\"elementor-element elementor-element-b0ea2c7 e-flex e-con-boxed e-con e-parent\" data-id=\"b0ea2c7\" data-element_type=\"container\" data-e-type=\"container\">\n\t\t\t\t\t<div class=\"e-con-inner\">\n\t\t\t\t<div class=\"elementor-element elementor-element-0beb672 elementor-widget elementor-widget-text-editor\" data-id=\"0beb672\" data-element_type=\"widget\" data-e-type=\"widget\" data-widget_type=\"text-editor.default\">\n\t\t\t\t<div class=\"elementor-widget-container\">\n\t\t\t\t\t\t\t\t\t<p style=\"text-align: justify;\"><span style=\"color: #008000;\"><strong>Im Museum Mayer van de Bergh: geh nach Saal 2 \u2013 Barockmaler<\/strong><\/span><\/p>\n<p><a href=\"http:\/\/rubens-antwerpen.be\/wp-content\/uploads\/171P-MMB-CDV-Kinderen-Vekemans.jpg\"><img fetchpriority=\"high\" decoding=\"async\" class=\"alignleft wp-image-546 size-medium\" src=\"http:\/\/rubens-antwerpen.be\/wp-content\/uploads\/171P-MMB-CDV-Kinderen-Vekemans-300x203.jpg\" alt=\"\" width=\"300\" height=\"203\" srcset=\"https:\/\/rubens-antwerpen.be\/wp-content\/uploads\/171P-MMB-CDV-Kinderen-Vekemans-300x203.jpg 300w, https:\/\/rubens-antwerpen.be\/wp-content\/uploads\/171P-MMB-CDV-Kinderen-Vekemans-768x519.jpg 768w, https:\/\/rubens-antwerpen.be\/wp-content\/uploads\/171P-MMB-CDV-Kinderen-Vekemans.jpg 1024w\" sizes=\"(max-width: 300px) 100vw, 300px\" \/><\/a><\/p>\n<p style=\"text-align: justify;\"><em>Bitte treten Sie ein in eine gem\u00fctliche Atmosph\u00e4re, in der die famili\u00e4ren Bindungen gepflegt und gelebt werden.<\/em><\/p>\n<p><\/p>\n<hr \/>\n<p><\/p>\n<p style=\"text-align: justify;\">Obwohl diese Portr\u00e4ts bereits 400 Jahre alt sind (wahrscheinlich aus dem Jahr 1624) und sich die Kleidermode seither grundlegend gewandelt hat, erkennen wir unmittelbar, wof\u00fcr sie stehen: f\u00fcr famili\u00e4res Gl\u00fcck.<\/p>\n<p><\/p>\n<p style=\"text-align: justify;\">Wohlhabende B\u00fcrger, Kaufleute oder auch die Maler selbst, lie\u00dfen sich als Familie \u2013 entweder in Gruppenbildern oder, wie hier in Einzelportr\u00e4ts &#8211; darstellen. Dies galt auch f\u00fcr die j\u00fcngsten Familienmitglieder. Solche Gem\u00e4lde dienten oftmals als Erinnerung an eine m\u00f6glicherweise unbeschwerte Kindheit; als dekoratives Element im Wohnzimmer oder auch als Idealbild einer harmonischen, die auf Familiengr\u00fcndung und -erweiterung ausgerichtet war.<\/p>\n<p><\/p>\n<p style=\"text-align: justify;\">Der Maler Cornelis de Vos hatte sich auf dieses Genre spezialisiert. Nach dem, was wir heute \u00fcber ihn wissen, hatte er ein ausgeglichener Charakter mit einem feinem Gesp\u00fcr f\u00fcr die W\u00fcnsche seiner Auftraggeber, die er meisterhaft in seinen Portr\u00e4ts wiedergab.<\/p>\n<p><\/p>\n<p style=\"text-align: justify;\">De Vos z\u00e4hlt zu den ersten K\u00fcnstlern, die Kinder wirklich als Kinder darstellten und nicht als Miniaturerwachsene\u2013 mit nat\u00fcrlichem Ausdruck offenem Blick.<\/p>\n<p><\/p>\n<p style=\"text-align: justify;\">Die aufwendig gearbeiteten Stoffe, in die die Kinder geh\u00fcllt sind, sind freilich nicht zum Spielen gedacht. Vielmehr handelt es sich um modische Kleidungsst\u00fccke f\u00fcr Erwachsenen, die in Kindergr\u00f6\u00dfen XS\/S angepasst wurden und damit sozialen Status und Wohlstand zum Ausdruck bringen.<\/p>\n<p><\/p>\n<p style=\"text-align: justify;\">Welche Kinder der Familie Vekemans uns hier konkret ansehen, ist nicht mit letzter Sicherheit zu bestimmen. Der Junge k\u00f6nnte Frans im Alter von vier oder f\u00fcnf Jahre sein (es gibt ein separates Portr\u00e4t seines Bruders Jan); das M\u00e4dchen ist entweder die achtj\u00e4hrige Elisabeth oder ihre j\u00fcngere Schwester Cornelia. Kurz nach Fertigstellung der Portr\u00e4ts, verstarb Vater Joris (Georg) im Alter von 35 Jahren. Auch die beiden M\u00e4dchen starben jung \u2013 Elisabeth mit elf, Cornelia mit siebzehn Jahre.<\/p>\n<p><\/p>\n<p style=\"text-align: justify;\">Von diesen Schattenseiten des Lebens ist in den Bildern jedoch nichts zu sp\u00fcren. Auch die individuelle Pers\u00f6nlichkeit der Kinder, soweit in ihrem jungen Alter entwickelt, bleibt hinter der idealisierenden Darstellung verborgen \u2013 ein Aspekt, der sich erst im Werk Anthony van Dycks differenzierter ausdr\u00fcckt.<\/p>\n<p><\/p>\n<p style=\"text-align: justify;\"><span style=\"color: #008000;\"><strong>Im Museum Mayer van den Bergh: <a href=\"https:\/\/rubens-antwerpen.be\/de\/home\/sued\/mayer-van-den-bergh\/daniel-seghers-blumen-in-einer-vase\/\">im selben Saal<\/a><\/strong><\/span><\/p>\n\t\t\t\t\t\t\t\t<\/div>\n\t\t\t\t<\/div>\n\t\t\t\t\t<\/div>\n\t\t\t\t<\/div>\n\t\t\t\t<\/div>\n\t\t","protected":false},"excerpt":{"rendered":"<p>Cornelis de Vos: Familienportr\u00e4ts, die Vekemans-Kinder Im Museum Mayer van de Bergh: geh nach Saal 2 \u2013 Barockmaler Bitte treten [&hellip;]<\/p>\n","protected":false},"author":1,"featured_media":0,"parent":3315,"menu_order":171,"comment_status":"closed","ping_status":"closed","template":"","meta":{"site-sidebar-layout":"no-sidebar","site-content-layout":"","ast-site-content-layout":"full-width-container","site-content-style":"default","site-sidebar-style":"default","ast-global-header-display":"","ast-banner-title-visibility":"","ast-main-header-display":"","ast-hfb-above-header-display":"","ast-hfb-below-header-display":"","ast-hfb-mobile-header-display":"","site-post-title":"disabled","ast-breadcrumbs-content":"","ast-featured-img":"disabled","footer-sml-layout":"","ast-disable-related-posts":"","theme-transparent-header-meta":"","adv-header-id-meta":"","stick-header-meta":"","header-above-stick-meta":"","header-main-stick-meta":"","header-below-stick-meta":"","astra-migrate-meta-layouts":"default","ast-page-background-enabled":"default","ast-page-background-meta":{"desktop":{"background-color":"var(--ast-global-color-4)","background-image":"","background-repeat":"repeat","background-position":"center center","background-size":"auto","background-attachment":"scroll","background-type":"","background-media":"","overlay-type":"","overlay-color":"","overlay-opacity":"","overlay-gradient":""},"tablet":{"background-color":"","background-image":"","background-repeat":"repeat","background-position":"center center","background-size":"auto","background-attachment":"scroll","background-type":"","background-media":"","overlay-type":"","overlay-color":"","overlay-opacity":"","overlay-gradient":""},"mobile":{"background-color":"","background-image":"","background-repeat":"repeat","background-position":"center center","background-size":"auto","background-attachment":"scroll","background-type":"","background-media":"","overlay-type":"","overlay-color":"","overlay-opacity":"","overlay-gradient":""}},"ast-content-background-meta":{"desktop":{"background-color":"var(--ast-global-color-5)","background-image":"","background-repeat":"repeat","background-position":"center center","background-size":"auto","background-attachment":"scroll","background-type":"","background-media":"","overlay-type":"","overlay-color":"","overlay-opacity":"","overlay-gradient":""},"tablet":{"background-color":"var(--ast-global-color-5)","background-image":"","background-repeat":"repeat","background-position":"center center","background-size":"auto","background-attachment":"scroll","background-type":"","background-media":"","overlay-type":"","overlay-color":"","overlay-opacity":"","overlay-gradient":""},"mobile":{"background-color":"var(--ast-global-color-5)","background-image":"","background-repeat":"repeat","background-position":"center center","background-size":"auto","background-attachment":"scroll","background-type":"","background-media":"","overlay-type":"","overlay-color":"","overlay-opacity":"","overlay-gradient":""}},"footnotes":""},"class_list":["post-3317","page","type-page","status-publish","hentry"],"aioseo_notices":[],"_links":{"self":[{"href":"https:\/\/rubens-antwerpen.be\/de\/wp-json\/wp\/v2\/pages\/3317","targetHints":{"allow":["GET"]}}],"collection":[{"href":"https:\/\/rubens-antwerpen.be\/de\/wp-json\/wp\/v2\/pages"}],"about":[{"href":"https:\/\/rubens-antwerpen.be\/de\/wp-json\/wp\/v2\/types\/page"}],"author":[{"embeddable":true,"href":"https:\/\/rubens-antwerpen.be\/de\/wp-json\/wp\/v2\/users\/1"}],"replies":[{"embeddable":true,"href":"https:\/\/rubens-antwerpen.be\/de\/wp-json\/wp\/v2\/comments?post=3317"}],"version-history":[{"count":5,"href":"https:\/\/rubens-antwerpen.be\/de\/wp-json\/wp\/v2\/pages\/3317\/revisions"}],"predecessor-version":[{"id":5773,"href":"https:\/\/rubens-antwerpen.be\/de\/wp-json\/wp\/v2\/pages\/3317\/revisions\/5773"}],"up":[{"embeddable":true,"href":"https:\/\/rubens-antwerpen.be\/de\/wp-json\/wp\/v2\/pages\/3315"}],"wp:attachment":[{"href":"https:\/\/rubens-antwerpen.be\/de\/wp-json\/wp\/v2\/media?parent=3317"}],"curies":[{"name":"wp","href":"https:\/\/api.w.org\/{rel}","templated":true}]}}