{"id":3319,"date":"2024-06-19T15:48:28","date_gmt":"2024-06-19T13:48:28","guid":{"rendered":"https:\/\/rubens-antwerpen.be\/home\/sued\/mayer-van-den-bergh\/daniel-seghers-blumen-in-einer-vase\/"},"modified":"2025-07-31T11:42:46","modified_gmt":"2025-07-31T09:42:46","slug":"daniel-seghers-blumen-in-einer-vase","status":"publish","type":"page","link":"https:\/\/rubens-antwerpen.be\/de\/home\/sued\/mayer-van-den-bergh\/daniel-seghers-blumen-in-einer-vase\/","title":{"rendered":"Dani\u00ebl Seghers: Blumen in einer Vase"},"content":{"rendered":"\t\t<div data-elementor-type=\"wp-page\" data-elementor-id=\"3319\" class=\"elementor elementor-3319 elementor-874\">\n\t\t\t\t<div class=\"elementor-element elementor-element-ad42995 e-flex e-con-boxed e-con e-parent\" data-id=\"ad42995\" data-element_type=\"container\" data-e-type=\"container\">\n\t\t\t\t\t<div class=\"e-con-inner\">\n\t\t\t\t<div class=\"elementor-element elementor-element-dbf73d7 elementor-widget elementor-widget-heading\" data-id=\"dbf73d7\" data-element_type=\"widget\" data-e-type=\"widget\" data-widget_type=\"heading.default\">\n\t\t\t\t<div class=\"elementor-widget-container\">\n\t\t\t\t\t<h2 class=\"elementor-heading-title elementor-size-default\">Dani\u00ebl Seghers: Blumen in einer Vase<\/h2>\t\t\t\t<\/div>\n\t\t\t\t<\/div>\n\t\t\t\t\t<\/div>\n\t\t\t\t<\/div>\n\t\t<div class=\"elementor-element elementor-element-de55465 e-flex e-con-boxed e-con e-parent\" data-id=\"de55465\" data-element_type=\"container\" data-e-type=\"container\">\n\t\t\t\t\t<div class=\"e-con-inner\">\n\t\t\t\t<div class=\"elementor-element elementor-element-6ce63ad elementor-widget elementor-widget-text-editor\" data-id=\"6ce63ad\" data-element_type=\"widget\" data-e-type=\"widget\" data-widget_type=\"text-editor.default\">\n\t\t\t\t<div class=\"elementor-widget-container\">\n\t\t\t\t\t\t\t\t\t<p style=\"text-align: justify;\"><span style=\"color: #008000;\"><strong>Im Museum Mayer van den Bergh: im selben Saal<\/strong><\/span><\/p>\n<p><a href=\"http:\/\/rubens-antwerpen.be\/wp-content\/uploads\/172P-MMB-DS-Bloemen-in-vaas.jpg\"><img fetchpriority=\"high\" decoding=\"async\" class=\"alignleft wp-image-549 size-medium\" src=\"http:\/\/rubens-antwerpen.be\/wp-content\/uploads\/172P-MMB-DS-Bloemen-in-vaas-207x300.jpg\" alt=\"\" width=\"207\" height=\"300\" srcset=\"https:\/\/rubens-antwerpen.be\/wp-content\/uploads\/172P-MMB-DS-Bloemen-in-vaas-207x300.jpg 207w, https:\/\/rubens-antwerpen.be\/wp-content\/uploads\/172P-MMB-DS-Bloemen-in-vaas.jpg 705w\" sizes=\"(max-width: 207px) 100vw, 207px\" \/><\/a><\/p>\n<p style=\"text-align: justify;\"><em>&#8222;Eine Biene stie\u00df auf sein Gem\u00e4lde<\/em><br \/>\n<em>und Geruch und Farben,<\/em><br \/>\n<em>und rief: &#8222;Natur, verzeih mir!<\/em><br \/>\n<em>Dieser Blumenpinsel hat mich get\u00e4uscht.\u00ab<\/em><\/p>\n<p><\/p>\n<p style=\"text-align: justify;\"><em>Solche Gedichte schrieb Joost van den Vondel zu Ehren des Ph\u00f6nix der Blumenmaler.<\/em><\/p>\n<p><\/p>\n<hr \/>\n<p><\/p>\n<p style=\"text-align: justify;\">Stillleben mit gedeckten Tischen, Wild und Gefl\u00fcgel. In der Malerei des 17. Jahrhunderts entwickelt sich daraus ein eigenst\u00e4ndiges <em>Genre.<\/em> Unter den K\u00fcnstlern, die sich konsequent auf ein einziges Thema spezialisiert haben, m\u00f6chten wir Ihnen den fl\u00e4mischen Blumenmaler Dani\u00ebl Seghers vorstellen. Er wurde 1590 in Antwerpen geboren. Nach dem fr\u00fchen Tod seines Vaters zog er mit seiner Mutter ins calvinistisch gepr\u00e4gte Utrecht. Aber er kehrte 1609 nach Antwerpen zur\u00fcck, als Sch\u00fcler von Jan Brueghel dem \u00c4lteren. Zun\u00e4chst wurde er Mitglied der Lukasgilde \u2013 der Malerzunft \u2013 bevor er in den Jesuitenorden eintrat.<\/p>\n<p><\/p>\n<p style=\"text-align: justify;\">Diese religi\u00f6se Zugeh\u00f6rigkeit erkl\u00e4rt die geistliche Ausrichtung vieler seiner Werke, die sich h\u00e4ufig der Marien- oder Heiligenverehrung widmen. Die zentrale Darstellung der Heiligen \u2013 meist in Grisaille-Technik von Kollegen wie Jan Brueghel I oder Hendrick van Balen ausgef\u00fchrt \u2013 ist von pr\u00e4chtigen Blumenkr\u00e4nzen umrahmt, die Seghers mit beeindruckender Naturn\u00e4he malte.<\/p>\n<p><\/p>\n<p style=\"text-align: justify;\">Seghers\u2019 Gem\u00e4lde lassen sich auch als eine Hommage an die g\u00f6ttliche Sch\u00f6pfung lesen \u2013 sie rufen Assoziationen an den Garten Eden oder das irdische Paradies hervor. Seine Werke sind heute unter anderem in Antwerpen im K\u00f6niglichen Museum der Sch\u00f6nen K\u00fcnste (KMSKA) und im Rubenshaus zu sehen. Dort erfahren Sie, wie sich sein pers\u00f6nlicher Stil entwickelt hat.<\/p>\n<p><\/p>\n<p style=\"text-align: justify;\">Seghers umrahmt die Heiligenfiguren mit Blumen und Girlanden, die durch ihre naturgetreue Darstellung und leuchtenden Farben besonders hervorstechen. Das Malen \u201e<em>nach dem Leben<\/em>\u201c war bei ihm keineswegs auf Menschen beschr\u00e4nkt \u2013 auch Pflanzen und Bl\u00fcten wurden mit gr\u00f6\u00dfter Sorgfalt erfasst. Selbst das schlichtere Werk dieser Sammlung, <em>Blumen in einer Vase<\/em>, vereint all diese Qualit\u00e4ten: es zeugt von Seghers\u2019 pr\u00e4zisem Blick f\u00fcr die Natur und seinem ausgepr\u00e4gten Sinn f\u00fcr kompositorische Harmonie.<\/p>\n<p><\/p>\n<p style=\"text-align: justify;\">Doch der Eindruck naturgetreuer Wiedergabe tr\u00fcgt: die opulenten Blumenstr\u00e4u\u00dfe, wie sie auf diesen Gem\u00e4lden dargestellt sind, konnten in der Realit\u00e4t kaum auf diese Weise arrangiert werden, da viele der gezeigten Blumen zu unterschiedlichen Jahreszeiten bl\u00fchen. Die Darstellung verweist somit auf eine symbolische Ebene: der H\u00f6hepunkt der Bl\u00fcte steht f\u00fcr das Leben, auf das rasch das Verwelken folgt \u2013 Sinnbild der Verg\u00e4nglichkeit. Ein zarter Schmetterling, der h\u00e4ufig zwischen den Bl\u00fcten zu finden ist, verweist auf die menschliche Seele, die sich dem Irdischen entzieht und gen Himmel strebt.<\/p>\n<p><\/p>\n<p style=\"text-align: justify;\">Damals war Kunst nie ohne Bedeutung; sie erz\u00e4hlt eine Geschichte und zeugt sicherlich von der religi\u00f6sen Moral zur Zeit der Gegenreformation.<\/p>\n<p><\/p>\n<p style=\"text-align: justify;\">Blumen wie Tulpen, Iris oder Rosen galten \u00fcbrigens als Luxusg\u00fcter und waren nur dem Wohlhabenden B\u00fcrgertum oder dem Adel vorbehalten.<\/p>\n<p><\/p>\n<p style=\"text-align: justify;\">Daniel Seghers, der als Maler hohes Ansehen genoss \u2013 auch bei F\u00fcrstenh\u00f6fen und protestantischen Statthaltern, die seine Werke als diplomatische Geschenke sch\u00e4tzten \u2013 blieb trotz seines Ruhms bescheiden. Sowohl der Dichter Joost van den Vondel als auch der Gelehrte Constantijn Huygens widmeten ihm Lobgedichte. Doch Seghers, zun\u00e4chst Laienbruder und sp\u00e4ter Priester, hielt stets an einem schlichten Lebenswandel fest; er lebte weiterhin im Antwerpener Jesuitenhaus (in der N\u00e4he der St. Karl Borrom\u00e4us-Kirche). Sein handwerkliches K\u00f6nnen hatte er sich w\u00e4hrend seines zweij\u00e4hrigen Aufenthalts in Rom erarbeitet. Daniel Seghers hat selber ein Verzeichnis aller seiner 239 Werke erstellt.<\/p>\n<p><\/p>\n<p style=\"text-align: justify;\"><span style=\"color: #008000;\"><strong>Gehen Sie weiter auf der Lange Gasthuisstraat 33, das <a href=\"https:\/\/rubens-antwerpen.be\/de\/home\/sued\/maagdenhuis\/\"> Maagdenhuis<\/a>.<\/strong><\/span><\/p>\n\t\t\t\t\t\t\t\t<\/div>\n\t\t\t\t<\/div>\n\t\t\t\t\t<\/div>\n\t\t\t\t<\/div>\n\t\t\t\t<\/div>\n\t\t","protected":false},"excerpt":{"rendered":"<p>Dani\u00ebl Seghers: Blumen in einer Vase Im Museum Mayer van den Bergh: im selben Saal &#8222;Eine Biene stie\u00df auf sein [&hellip;]<\/p>\n","protected":false},"author":1,"featured_media":0,"parent":3315,"menu_order":172,"comment_status":"closed","ping_status":"closed","template":"","meta":{"site-sidebar-layout":"no-sidebar","site-content-layout":"","ast-site-content-layout":"full-width-container","site-content-style":"default","site-sidebar-style":"default","ast-global-header-display":"","ast-banner-title-visibility":"","ast-main-header-display":"","ast-hfb-above-header-display":"","ast-hfb-below-header-display":"","ast-hfb-mobile-header-display":"","site-post-title":"disabled","ast-breadcrumbs-content":"","ast-featured-img":"disabled","footer-sml-layout":"","ast-disable-related-posts":"","theme-transparent-header-meta":"","adv-header-id-meta":"","stick-header-meta":"","header-above-stick-meta":"","header-main-stick-meta":"","header-below-stick-meta":"","astra-migrate-meta-layouts":"default","ast-page-background-enabled":"default","ast-page-background-meta":{"desktop":{"background-color":"var(--ast-global-color-4)","background-image":"","background-repeat":"repeat","background-position":"center center","background-size":"auto","background-attachment":"scroll","background-type":"","background-media":"","overlay-type":"","overlay-color":"","overlay-opacity":"","overlay-gradient":""},"tablet":{"background-color":"","background-image":"","background-repeat":"repeat","background-position":"center center","background-size":"auto","background-attachment":"scroll","background-type":"","background-media":"","overlay-type":"","overlay-color":"","overlay-opacity":"","overlay-gradient":""},"mobile":{"background-color":"","background-image":"","background-repeat":"repeat","background-position":"center center","background-size":"auto","background-attachment":"scroll","background-type":"","background-media":"","overlay-type":"","overlay-color":"","overlay-opacity":"","overlay-gradient":""}},"ast-content-background-meta":{"desktop":{"background-color":"var(--ast-global-color-5)","background-image":"","background-repeat":"repeat","background-position":"center center","background-size":"auto","background-attachment":"scroll","background-type":"","background-media":"","overlay-type":"","overlay-color":"","overlay-opacity":"","overlay-gradient":""},"tablet":{"background-color":"var(--ast-global-color-5)","background-image":"","background-repeat":"repeat","background-position":"center center","background-size":"auto","background-attachment":"scroll","background-type":"","background-media":"","overlay-type":"","overlay-color":"","overlay-opacity":"","overlay-gradient":""},"mobile":{"background-color":"var(--ast-global-color-5)","background-image":"","background-repeat":"repeat","background-position":"center center","background-size":"auto","background-attachment":"scroll","background-type":"","background-media":"","overlay-type":"","overlay-color":"","overlay-opacity":"","overlay-gradient":""}},"footnotes":""},"class_list":["post-3319","page","type-page","status-publish","hentry"],"aioseo_notices":[],"_links":{"self":[{"href":"https:\/\/rubens-antwerpen.be\/de\/wp-json\/wp\/v2\/pages\/3319","targetHints":{"allow":["GET"]}}],"collection":[{"href":"https:\/\/rubens-antwerpen.be\/de\/wp-json\/wp\/v2\/pages"}],"about":[{"href":"https:\/\/rubens-antwerpen.be\/de\/wp-json\/wp\/v2\/types\/page"}],"author":[{"embeddable":true,"href":"https:\/\/rubens-antwerpen.be\/de\/wp-json\/wp\/v2\/users\/1"}],"replies":[{"embeddable":true,"href":"https:\/\/rubens-antwerpen.be\/de\/wp-json\/wp\/v2\/comments?post=3319"}],"version-history":[{"count":6,"href":"https:\/\/rubens-antwerpen.be\/de\/wp-json\/wp\/v2\/pages\/3319\/revisions"}],"predecessor-version":[{"id":5775,"href":"https:\/\/rubens-antwerpen.be\/de\/wp-json\/wp\/v2\/pages\/3319\/revisions\/5775"}],"up":[{"embeddable":true,"href":"https:\/\/rubens-antwerpen.be\/de\/wp-json\/wp\/v2\/pages\/3315"}],"wp:attachment":[{"href":"https:\/\/rubens-antwerpen.be\/de\/wp-json\/wp\/v2\/media?parent=3319"}],"curies":[{"name":"wp","href":"https:\/\/api.w.org\/{rel}","templated":true}]}}