{"id":3323,"date":"2024-06-19T15:49:22","date_gmt":"2024-06-19T13:49:22","guid":{"rendered":"https:\/\/rubens-antwerpen.be\/home\/sued\/maagdenhuis\/adam-van-noort-darstellung-mariens\/"},"modified":"2025-08-19T16:54:01","modified_gmt":"2025-08-19T14:54:01","slug":"adam-van-noort-darstellung-mariens","status":"publish","type":"page","link":"https:\/\/rubens-antwerpen.be\/de\/home\/sued\/maagdenhuis\/adam-van-noort-darstellung-mariens\/","title":{"rendered":"Adam van Noort: Darstellung Mariens"},"content":{"rendered":"\t\t<div data-elementor-type=\"wp-page\" data-elementor-id=\"3323\" class=\"elementor elementor-3323 elementor-879\">\n\t\t\t\t<div class=\"elementor-element elementor-element-ad42995 e-flex e-con-boxed e-con e-parent\" data-id=\"ad42995\" data-element_type=\"container\" data-e-type=\"container\">\n\t\t\t\t\t<div class=\"e-con-inner\">\n\t\t\t\t<div class=\"elementor-element elementor-element-dbf73d7 elementor-widget elementor-widget-heading\" data-id=\"dbf73d7\" data-element_type=\"widget\" data-e-type=\"widget\" data-widget_type=\"heading.default\">\n\t\t\t\t<div class=\"elementor-widget-container\">\n\t\t\t\t\t<h2 class=\"elementor-heading-title elementor-size-default\">Meister Adam van Noort: Darstellung Mariens<\/h2>\t\t\t\t<\/div>\n\t\t\t\t<\/div>\n\t\t\t\t\t<\/div>\n\t\t\t\t<\/div>\n\t\t<div class=\"elementor-element elementor-element-0364a8a e-flex e-con-boxed e-con e-parent\" data-id=\"0364a8a\" data-element_type=\"container\" data-e-type=\"container\">\n\t\t\t\t\t<div class=\"e-con-inner\">\n\t\t\t\t<div class=\"elementor-element elementor-element-ef5d9f4 elementor-widget elementor-widget-text-editor\" data-id=\"ef5d9f4\" data-element_type=\"widget\" data-e-type=\"widget\" data-widget_type=\"text-editor.default\">\n\t\t\t\t<div class=\"elementor-widget-container\">\n\t\t\t\t\t\t\t\t\t<p style=\"text-align: justify;\"><span style=\"color: #008000;\"><strong>Im Maagdenhuis: geh nach der ehemalige Kapelle, wenn zug\u00e4nglich<\/strong><\/span><\/p>\n<p><a href=\"https:\/\/rubens-antwerpen.be\/wp-content\/uploads\/181P-MHS-AVN-Presentatie-Maria.jpg\"><img fetchpriority=\"high\" decoding=\"async\" class=\"alignleft wp-image-555 size-medium\" src=\"http:\/\/rubens-antwerpen.be\/wp-content\/uploads\/181P-MHS-AVN-Presentatie-Maria-265x300.jpg\" alt=\"\" width=\"300\" height=\"270\" \/><\/a><\/p>\n<p style=\"text-align: justify;\"><em>Wieder Carel Van Mander im Jahr 1604, \u00fcber Adam van Noort .. &#8222;der auch ein geschickter Figurenmaler ist&#8220;.<\/em><\/p>\n<p><\/p>\n<hr \/>\n<p><\/p>\n<p style=\"text-align: justify;\">Das Maagdenhuis oder M\u00e4dchenhaus war \u00fcber 300 Jahre lang (1552 bis 1882) das Waisenhaus f\u00fcr M\u00e4dchen in Antwerpen. Heute ist es ein Museum. Die kompakte Sammlung wertvoller Gem\u00e4lde befasst sich vor allem mit den Themen, die Ihre Rolle in der Sozialgeschichte der Stadt widerspiegeln. Hier begegnen wir Rubens&#8216; zweitem Lehrer, Adam van Noort. Ein Gem\u00e4lde von ihm &#8211; die \u201a<em>Darstellung der Jungfrau Maria\u2018 <\/em>&#8211; h\u00e4ngt in der ehemaligen Kapelle, noch an seinem urspr\u00fcnglichen Platz.<\/p>\n<p><\/p>\n<p style=\"text-align: justify;\">Um das Thema des Gem\u00e4ldes zu verdeutlichen: eine alte Legende zufolge brachten Marias \u00e4ltere Eltern, Joachim und Anna, ihre Tochter schon in jungen Jahren in den Tempel in Jerusalem, um sie auf ein gottgeweihtes Leben vorzubereiten. Diese Geschichte ist nicht in der Bibel zu finden, aber entstammt den apokryphen Schriften. Dennoch feieren sowohl die katholische als auch die orthodoxe Kirche dieses Ereignis bis heute noch am 21. November. Es soll M\u00e4dchen ermutigen, sich nicht nur Wissen und F\u00e4higkeiten anzueignen, sondern auch religi\u00f6se Tugenden zu entwickeln.<\/p>\n<p><\/p>\n<p style=\"text-align: justify;\">Adam van Noort (1562-1641) erlernte sein Handwerk von seinem Vater Lambert (Amersfoort, 1521 &#8211; +Antwerpen 1571) und betrieb ein Atelier in der Hofstraat 22. Zu seinen Sch\u00fclern z\u00e4hlten unter anderem Rubens und Van Balen; am einflussreichsten war er doch f\u00fcr Jacques Jordaens, der am 15. Mai 1616 seine Tochter Catharina heiratete. Jordaens portr\u00e4tierte wiederholt seine \u2013 erweiterte \u2013 Familie. In Jordaens\u2019 Gem\u00e4lde <em>Der K\u00f6nig trinkt <\/em>oder <em>das Bohnenfest<\/em> (Br\u00fcssel) wird die zentrale Figur als sein Schwiegervater van Noort interpretiert.<\/p>\n<p><\/p>\n<p style=\"text-align: justify;\">Zur\u00fcck zu van Noorts Werk im Maagdenhuis. Dicke Lackschichten haben die einst frischen Farben nachdunklen lassen; eine Restaurierung k\u00f6nnte sie wieder ans Licht holen. Die Komposition mit Figuren im Vordergrund ist typisch f\u00fcr das sp\u00e4te 16. Jahrhundert. Das zentrale Thema befindet sich in der Bildmitte; im grauen Hintergrund erkennen wir Joachim und Anna an der Goldenen Pforte in Jerusalem. Solche Werke erz\u00e4hlen oft mehrere Kapitel derselben Geschichte. Erst sp\u00e4ter, in der Barockzeit, wird sich dies auf eine einzige \u201eCoverstory\u201c konzentrieren.<\/p>\n<p><\/p>\n<p style=\"text-align: justify;\">Die Figuren kommunizieren durch ausdrucksstarke Handgesten miteinander, wenden sich jedoch nicht an uns, die Betrachter. Wir f\u00fchlen uns emotional nicht unmittelbar angesprochen. Dennoch mag es als sympathisch empfunden werden, dass dieses erzieherische Thema gerade hier, im Waisenhaus, seinen Platz gefunden hat.<\/p>\n<p><span style=\"color: #008000;\"><strong>Wir bleiben im Maagdenhuis; nirgendwo sonst kommen wir einem Gem\u00e4lde von Jordaens so nahe. Geh nach das <a href=\"https:\/\/rubens-antwerpen.be\/de\/home\/sued\/maagdenhuis\/jordaens-waschung-und-salbung-christi\/\">Vander-Meere-Zimmer<\/a><\/strong><\/span>\u00a0<span style=\"color: #008000;\"><strong>(wenn zug\u00e4nglich)<\/strong><\/span><\/p>\n\t\t\t\t\t\t\t\t<\/div>\n\t\t\t\t<\/div>\n\t\t\t\t\t<\/div>\n\t\t\t\t<\/div>\n\t\t\t\t<\/div>\n\t\t","protected":false},"excerpt":{"rendered":"<p>Meister Adam van Noort: Darstellung Mariens Im Maagdenhuis: geh nach der ehemalige Kapelle, wenn zug\u00e4nglich Wieder Carel Van Mander im [&hellip;]<\/p>\n","protected":false},"author":1,"featured_media":0,"parent":3321,"menu_order":181,"comment_status":"closed","ping_status":"closed","template":"","meta":{"site-sidebar-layout":"no-sidebar","site-content-layout":"","ast-site-content-layout":"full-width-container","site-content-style":"default","site-sidebar-style":"default","ast-global-header-display":"","ast-banner-title-visibility":"","ast-main-header-display":"","ast-hfb-above-header-display":"","ast-hfb-below-header-display":"","ast-hfb-mobile-header-display":"","site-post-title":"","ast-breadcrumbs-content":"","ast-featured-img":"disabled","footer-sml-layout":"","ast-disable-related-posts":"","theme-transparent-header-meta":"","adv-header-id-meta":"","stick-header-meta":"","header-above-stick-meta":"","header-main-stick-meta":"","header-below-stick-meta":"","astra-migrate-meta-layouts":"default","ast-page-background-enabled":"default","ast-page-background-meta":{"desktop":{"background-color":"var(--ast-global-color-4)","background-image":"","background-repeat":"repeat","background-position":"center center","background-size":"auto","background-attachment":"scroll","background-type":"","background-media":"","overlay-type":"","overlay-color":"","overlay-opacity":"","overlay-gradient":""},"tablet":{"background-color":"","background-image":"","background-repeat":"repeat","background-position":"center center","background-size":"auto","background-attachment":"scroll","background-type":"","background-media":"","overlay-type":"","overlay-color":"","overlay-opacity":"","overlay-gradient":""},"mobile":{"background-color":"","background-image":"","background-repeat":"repeat","background-position":"center center","background-size":"auto","background-attachment":"scroll","background-type":"","background-media":"","overlay-type":"","overlay-color":"","overlay-opacity":"","overlay-gradient":""}},"ast-content-background-meta":{"desktop":{"background-color":"var(--ast-global-color-5)","background-image":"","background-repeat":"repeat","background-position":"center center","background-size":"auto","background-attachment":"scroll","background-type":"","background-media":"","overlay-type":"","overlay-color":"","overlay-opacity":"","overlay-gradient":""},"tablet":{"background-color":"var(--ast-global-color-5)","background-image":"","background-repeat":"repeat","background-position":"center center","background-size":"auto","background-attachment":"scroll","background-type":"","background-media":"","overlay-type":"","overlay-color":"","overlay-opacity":"","overlay-gradient":""},"mobile":{"background-color":"var(--ast-global-color-5)","background-image":"","background-repeat":"repeat","background-position":"center center","background-size":"auto","background-attachment":"scroll","background-type":"","background-media":"","overlay-type":"","overlay-color":"","overlay-opacity":"","overlay-gradient":""}},"footnotes":""},"class_list":["post-3323","page","type-page","status-publish","hentry"],"aioseo_notices":[],"_links":{"self":[{"href":"https:\/\/rubens-antwerpen.be\/de\/wp-json\/wp\/v2\/pages\/3323","targetHints":{"allow":["GET"]}}],"collection":[{"href":"https:\/\/rubens-antwerpen.be\/de\/wp-json\/wp\/v2\/pages"}],"about":[{"href":"https:\/\/rubens-antwerpen.be\/de\/wp-json\/wp\/v2\/types\/page"}],"author":[{"embeddable":true,"href":"https:\/\/rubens-antwerpen.be\/de\/wp-json\/wp\/v2\/users\/1"}],"replies":[{"embeddable":true,"href":"https:\/\/rubens-antwerpen.be\/de\/wp-json\/wp\/v2\/comments?post=3323"}],"version-history":[{"count":10,"href":"https:\/\/rubens-antwerpen.be\/de\/wp-json\/wp\/v2\/pages\/3323\/revisions"}],"predecessor-version":[{"id":6254,"href":"https:\/\/rubens-antwerpen.be\/de\/wp-json\/wp\/v2\/pages\/3323\/revisions\/6254"}],"up":[{"embeddable":true,"href":"https:\/\/rubens-antwerpen.be\/de\/wp-json\/wp\/v2\/pages\/3321"}],"wp:attachment":[{"href":"https:\/\/rubens-antwerpen.be\/de\/wp-json\/wp\/v2\/media?parent=3323"}],"curies":[{"name":"wp","href":"https:\/\/api.w.org\/{rel}","templated":true}]}}