{"id":3325,"date":"2024-06-19T15:50:07","date_gmt":"2024-06-19T13:50:07","guid":{"rendered":"https:\/\/rubens-antwerpen.be\/home\/sued\/maagdenhuis\/jordaens-waschung-und-salbung-christi\/"},"modified":"2025-08-19T16:57:38","modified_gmt":"2025-08-19T14:57:38","slug":"jordaens-waschung-und-salbung-christi","status":"publish","type":"page","link":"https:\/\/rubens-antwerpen.be\/de\/home\/sued\/maagdenhuis\/jordaens-waschung-und-salbung-christi\/","title":{"rendered":"Jordaens: Waschung und Salbung Christi"},"content":{"rendered":"\t\t<div data-elementor-type=\"wp-page\" data-elementor-id=\"3325\" class=\"elementor elementor-3325 elementor-884\">\n\t\t\t\t<div class=\"elementor-element elementor-element-ad42995 e-flex e-con-boxed e-con e-parent\" data-id=\"ad42995\" data-element_type=\"container\" data-e-type=\"container\">\n\t\t\t\t\t<div class=\"e-con-inner\">\n\t\t\t\t<div class=\"elementor-element elementor-element-dbf73d7 elementor-widget elementor-widget-heading\" data-id=\"dbf73d7\" data-element_type=\"widget\" data-e-type=\"widget\" data-widget_type=\"heading.default\">\n\t\t\t\t<div class=\"elementor-widget-container\">\n\t\t\t\t\t<h2 class=\"elementor-heading-title elementor-size-default\">Jacques Jordaens: Waschung und Salbung Christi<\/h2>\t\t\t\t<\/div>\n\t\t\t\t<\/div>\n\t\t\t\t\t<\/div>\n\t\t\t\t<\/div>\n\t\t<div class=\"elementor-element elementor-element-64c8764 e-flex e-con-boxed e-con e-parent\" data-id=\"64c8764\" data-element_type=\"container\" data-e-type=\"container\">\n\t\t\t\t\t<div class=\"e-con-inner\">\n\t\t\t\t<div class=\"elementor-element elementor-element-0ff5087 elementor-widget elementor-widget-text-editor\" data-id=\"0ff5087\" data-element_type=\"widget\" data-e-type=\"widget\" data-widget_type=\"text-editor.default\">\n\t\t\t\t<div class=\"elementor-widget-container\">\n\t\t\t\t\t\t\t\t\t<p style=\"text-align: justify;\"><span style=\"color: #008000;\"><strong>Wir bleiben im Maagdenhuis, Van der Meere Zimmer\u00a0(wenn zug\u00e4nglich); nirgendwo sonst kommen wir einem Gem\u00e4lde von Jordaens so nahe.<\/strong><\/span><\/p>\n<p><a href=\"http:\/\/rubens-antwerpen.be\/wp-content\/uploads\/182P-MHS-JJO-Wassing-zalving-Christus.jpg\"><img fetchpriority=\"high\" decoding=\"async\" class=\"alignleft wp-image-558 size-medium\" src=\"http:\/\/rubens-antwerpen.be\/wp-content\/uploads\/182P-MHS-JJO-Wassing-zalving-Christus-300x225.jpg\" alt=\"\" width=\"300\" height=\"225\" srcset=\"https:\/\/rubens-antwerpen.be\/wp-content\/uploads\/182P-MHS-JJO-Wassing-zalving-Christus-300x225.jpg 300w, https:\/\/rubens-antwerpen.be\/wp-content\/uploads\/182P-MHS-JJO-Wassing-zalving-Christus-768x576.jpg 768w, https:\/\/rubens-antwerpen.be\/wp-content\/uploads\/182P-MHS-JJO-Wassing-zalving-Christus.jpg 1024w\" sizes=\"(max-width: 300px) 100vw, 300px\" \/><\/a><\/p>\n<p style=\"text-align: justify;\"><em>Jordaens schenkte dieses Werk der Kammer der Armengemeinde\/Camer der Huysarmen in seinem Nachlass, wie sein Schwiegersohn erkl\u00e4rte: &#8222;f\u00fcr eine gute affektive Neigung, die der verstorbene Jacques Jordaens zu den Armen hatte&#8220;.<\/em><\/p>\n<p><\/p>\n<hr \/>\n<p><\/p>\n<p style=\"text-align: justify;\">Achten Sie im Vorbeigehen auf die zahlreichen Werke anonymer oder unbekannter Meister. In gewisser Weise sind sie das Gegenst\u00fcck zu den bekannten Sch\u00fclern und Mitarbeitern, denen aber kein etabliertes oder bekanntes Werk zugeschrieben werden kann. Sie veranschaulichen, dass die Malerei nicht nur Kunst war, sondern zuerst ein Gesch\u00e4ft, Handwerk und ein Produktionszentrum inspirierender Werke \u2013 mit religi\u00f6sen oder historischen Themen, die sich f\u00fcr den Arbeitsplatz, das B\u00fcro oder das eigene Zuhause eigneten.<\/p>\n<p><\/p>\n<p style=\"text-align: justify;\">Im Van Der Meerezaal steht man vor einem gro\u00dfformatigen Werk von Jordaens aus den Jahren 1620-1623: \u201a<em>Beweinung <\/em>oder<em> Klage Christi<\/em>\u2018, ein zentrales Thema der christlichen Fr\u00f6mmigkeit und Kunstgeschichte. Dieses Werk tr\u00e4gt jedoch einen eigenen Titel: \u201a<em>Die Waschung und Salbung des Leibes Christi\u2018<\/em>.<\/p>\n<p><\/p>\n<p style=\"text-align: justify;\">F\u00fcr Katholiken geh\u00f6rt &#8222;die Toten begraben&#8220; als ein siebtes, explizit hinzugef\u00fcgtes Werk der Barmherzigkeit. Gute Taten zu vollbringen, gilt als der beste katholische Weg, um Gott in der Ewigkeit zu begegnen. Man spricht gemeinhin davon, &#8222;seine Erl\u00f6sung zu finden&#8220; oder, noch eindrucksvoller, &#8222;sich den Himmel zu verdienen&#8220;. Schlie\u00dflich war es Jesus selbst, der sagte: &#8222;<em> Amen, ich sage euch: Was ihr f\u00fcr einen meiner geringsten Br\u00fcder getan habt, das habt ihr mir getan<\/em>&#8222;(Mt. 25,40). Eine solche Mitmenschlichkeit war Jordaens nicht fremd.<\/p>\n<p><\/p>\n<p style=\"text-align: justify;\">Er hat dieses Gem\u00e4lde h\u00f6chstwahrscheinlich f\u00fcr sich selbst geschaffen oder wollte es zumindest behalten, denn es geh\u00f6rte zu seinem Nachlass. \u00dcber die Armenkammer der Pfarrei, einen fr\u00fchen Vorl\u00e4ufer heutiger Wohlfahrtsbeh\u00f6rden, gelangte es hier, gemeinsam mit einer erheblichen Geldsumme. Jacques&#8216; Schwiegersohn Johan II. Wierts erkl\u00e4rte diese Stiftung als &#8222;<em>eine gute affektive Neigung, die der verstorbene Jacques Jordaens zu den Armen hatte\u201c. <\/em>Eine wertvolle, heute wiederholbare Einstellung.<\/p>\n<p><\/p>\n<p style=\"text-align: justify;\">Die Szene zeigt den Moment unmittelbar nach der Kreuzabnahme. Jesus liegt in den Armen seiner trauernden Mutter Maria. Zwei Frauen mit Balsamkr\u00e4utern stehen ihr zur Seite. Ratsherr Nikodemus st\u00fctzt sich auf die Leiter. Neben Josef von Arimath\u00e4a, dem Stifter des Grabes; erkennen wir auch den Apostel Johannes und zwei weitere Frauen mit einem Waschbecken.<\/p>\n<p><\/p>\n<p style=\"text-align: justify;\">In dieser <em>Piet\u00e0<\/em> f\u00e4llt der rohe Realismus der Figur Jesu auf, die den Vordergrund des Bildes beherrscht. Doch ist der Leichnam bereits gewaschen, sodass die gr\u00f6bsten Spuren von Gei\u00dfelung, Kreuzigung und Lanzenstich nicht mehr sichtbar sind. Auch wurde bereits eine kleine Menge Salb\u00f6l aus der Kanne aufgetragen \u2013 das erkl\u00e4rt das gelbliche Licht auf dem Rumpf.<\/p>\n<p><\/p>\n<p style=\"text-align: justify;\">Das Geschehen spielt sich kurz vor Sonnenuntergang ab. Doch das Licht f\u00e4llt &#8211; von rechts &#8211; dramatisch auf die Szene. Vielleicht dachte Jordaens dabei an das nat\u00fcrliche Licht in dem Raum seines eigenen Hauses.<\/p>\n<p><\/p>\n<p style=\"text-align: justify;\">Ein besonderes Detail sticht hervor: die ausgestreckte Hand Josefs von Arimath\u00e4a und ihr markanter Schatten auf dem Leichentuch. Durch den Kontrast von harten und weichen Schatten erscheinen die Falten des Tuches so, als w\u00fcrden sie sich sanft um den bewegungslosen K\u00f6rper legen.<\/p>\n<p><\/p>\n<p style=\"text-align: justify;\">Der obere Teil des Gem\u00e4ldes mit den Putten unterscheidet sich stilistisch deutlich und das ist leicht zu erkl\u00e4ren. Die Tafel wurde rund 30 Jahre sp\u00e4ter erweitert &#8211; unten, links, rechts und oben bis etwa zur Mitte der Leiter!<\/p>\n<p><\/p>\n<p style=\"text-align: justify;\">Links in diesem Saal sehen Sie einen \u201a<em>Heiligen Hieronymus<\/em>\u2018, gemalt von einem Anh\u00e4nger Anthony Van Dycks. Dieser K\u00fcnstler konnte die hohe Qualit\u00e4t seines Meisters nur in der detailreichen Darstellung des Kopfes ann\u00e4hernd erreichen. Die Studie zu diesem Portr\u00e4t ist im Snijders-Rockox-Haus auf unserer Nordroute zu sehen.<\/p>\n<p><\/p>\n<p style=\"text-align: justify;\">Drehen Sie sich nun um und werfen Sie einen Blick auf \u201a<em>Das Abendmahl in Emmaus<\/em>\u2018 von Theodoor Van Loon (ca. 1582-1649). Er war ein Zeitgenosse von Jordaens, arbeitete in Br\u00fcssel, und malte ganz im Stil von Caravaggio. Das Licht der Szene geht ausschlie\u00dflich von einer Kerze aus; der Rest bleibt im Schatten. Ist Barock nicht manchmal \u201a<strong>viel zu viel\u2018<\/strong>? Lassen Sie sich dennoch von der ausgestreckten Hand einladen &#8211; sie scheint Sie auffordernen zu wollen, mit dieser Gruppe am Tisch platz zu nehmen.<\/p>\n<ul>\n<li style=\"list-style-type: none;\">\n<ul>\n<li style=\"text-align: justify;\"><span style=\"color: #008000;\"><strong>Die s\u00fcdliche Route endet hier; von hier aus k\u00f6nnen Sie auch zum <a href=\"https:\/\/rubens-antwerpen.be\/de\/home\/sued\/kmska\/\">KMSKA<\/a> (Museum der Sch\u00f6nen K\u00fcnste) gehen.<\/strong><\/span><\/li>\n<\/ul>\n<p><\/li>\n<p><\/ul>\n<p><\/p>\n<ul>\n<li style=\"list-style-type: none;\">\n<ul>\n<li style=\"text-align: justify;\"><span style=\"color: #008000;\"><strong>F\u00fcr die Fortsetzung unserer Wanderung entlang der <a href=\"https:\/\/rubens-antwerpen.be\/de\/home\/oest\/\">\u00f6stlichen Route<\/a> durchqueren Sie die Innenh\u00f6fe des ehemaligen Sankt-Elisabeth-Krankenhauses und die Henri Van Heurckstraat bis zum Oude Vaartplaats. Biegen Sie links ab und Sie erreichen die Maria Pijpelincxstraat. Das Wapper\/die \u201aWippe\u2018 und das Rubenshaus befinden sich jetzt in der N\u00e4he. <\/strong><\/span><\/li>\n<\/ul>\n<p><\/li>\n<p><\/ul>\n<p>&nbsp;<\/p>\n\t\t\t\t\t\t\t\t<\/div>\n\t\t\t\t<\/div>\n\t\t\t\t\t<\/div>\n\t\t\t\t<\/div>\n\t\t\t\t<\/div>\n\t\t","protected":false},"excerpt":{"rendered":"<p>Jacques Jordaens: Waschung und Salbung Christi Wir bleiben im Maagdenhuis, Van der Meere Zimmer\u00a0(wenn zug\u00e4nglich); nirgendwo sonst kommen wir einem [&hellip;]<\/p>\n","protected":false},"author":1,"featured_media":0,"parent":3321,"menu_order":182,"comment_status":"closed","ping_status":"closed","template":"","meta":{"site-sidebar-layout":"no-sidebar","site-content-layout":"","ast-site-content-layout":"full-width-container","site-content-style":"default","site-sidebar-style":"default","ast-global-header-display":"","ast-banner-title-visibility":"","ast-main-header-display":"","ast-hfb-above-header-display":"","ast-hfb-below-header-display":"","ast-hfb-mobile-header-display":"","site-post-title":"","ast-breadcrumbs-content":"","ast-featured-img":"disabled","footer-sml-layout":"","ast-disable-related-posts":"","theme-transparent-header-meta":"","adv-header-id-meta":"","stick-header-meta":"","header-above-stick-meta":"","header-main-stick-meta":"","header-below-stick-meta":"","astra-migrate-meta-layouts":"default","ast-page-background-enabled":"default","ast-page-background-meta":{"desktop":{"background-color":"var(--ast-global-color-4)","background-image":"","background-repeat":"repeat","background-position":"center center","background-size":"auto","background-attachment":"scroll","background-type":"","background-media":"","overlay-type":"","overlay-color":"","overlay-opacity":"","overlay-gradient":""},"tablet":{"background-color":"","background-image":"","background-repeat":"repeat","background-position":"center center","background-size":"auto","background-attachment":"scroll","background-type":"","background-media":"","overlay-type":"","overlay-color":"","overlay-opacity":"","overlay-gradient":""},"mobile":{"background-color":"","background-image":"","background-repeat":"repeat","background-position":"center center","background-size":"auto","background-attachment":"scroll","background-type":"","background-media":"","overlay-type":"","overlay-color":"","overlay-opacity":"","overlay-gradient":""}},"ast-content-background-meta":{"desktop":{"background-color":"var(--ast-global-color-5)","background-image":"","background-repeat":"repeat","background-position":"center center","background-size":"auto","background-attachment":"scroll","background-type":"","background-media":"","overlay-type":"","overlay-color":"","overlay-opacity":"","overlay-gradient":""},"tablet":{"background-color":"var(--ast-global-color-5)","background-image":"","background-repeat":"repeat","background-position":"center center","background-size":"auto","background-attachment":"scroll","background-type":"","background-media":"","overlay-type":"","overlay-color":"","overlay-opacity":"","overlay-gradient":""},"mobile":{"background-color":"var(--ast-global-color-5)","background-image":"","background-repeat":"repeat","background-position":"center center","background-size":"auto","background-attachment":"scroll","background-type":"","background-media":"","overlay-type":"","overlay-color":"","overlay-opacity":"","overlay-gradient":""}},"footnotes":""},"class_list":["post-3325","page","type-page","status-publish","hentry"],"aioseo_notices":[],"_links":{"self":[{"href":"https:\/\/rubens-antwerpen.be\/de\/wp-json\/wp\/v2\/pages\/3325","targetHints":{"allow":["GET"]}}],"collection":[{"href":"https:\/\/rubens-antwerpen.be\/de\/wp-json\/wp\/v2\/pages"}],"about":[{"href":"https:\/\/rubens-antwerpen.be\/de\/wp-json\/wp\/v2\/types\/page"}],"author":[{"embeddable":true,"href":"https:\/\/rubens-antwerpen.be\/de\/wp-json\/wp\/v2\/users\/1"}],"replies":[{"embeddable":true,"href":"https:\/\/rubens-antwerpen.be\/de\/wp-json\/wp\/v2\/comments?post=3325"}],"version-history":[{"count":9,"href":"https:\/\/rubens-antwerpen.be\/de\/wp-json\/wp\/v2\/pages\/3325\/revisions"}],"predecessor-version":[{"id":6263,"href":"https:\/\/rubens-antwerpen.be\/de\/wp-json\/wp\/v2\/pages\/3325\/revisions\/6263"}],"up":[{"embeddable":true,"href":"https:\/\/rubens-antwerpen.be\/de\/wp-json\/wp\/v2\/pages\/3321"}],"wp:attachment":[{"href":"https:\/\/rubens-antwerpen.be\/de\/wp-json\/wp\/v2\/media?parent=3325"}],"curies":[{"name":"wp","href":"https:\/\/api.w.org\/{rel}","templated":true}]}}