{"id":3330,"date":"2024-06-11T13:11:56","date_gmt":"2024-06-11T11:11:56","guid":{"rendered":"https:\/\/rubens-antwerpen.be\/home\/oest\/rubens-haus\/"},"modified":"2025-08-05T14:08:05","modified_gmt":"2025-08-05T12:08:05","slug":"rubens-haus","status":"publish","type":"page","link":"https:\/\/rubens-antwerpen.be\/de\/home\/oest\/rubens-haus\/","title":{"rendered":"Rubenshaus"},"content":{"rendered":"\t\t<div data-elementor-type=\"wp-page\" data-elementor-id=\"3330\" class=\"elementor elementor-3330 elementor-763\">\n\t\t\t\t<div class=\"elementor-element elementor-element-ad42995 e-flex e-con-boxed e-con e-parent\" data-id=\"ad42995\" data-element_type=\"container\" data-e-type=\"container\">\n\t\t\t\t\t<div class=\"e-con-inner\">\n\t\t\t\t<div class=\"elementor-element elementor-element-dbf73d7 elementor-widget elementor-widget-heading\" data-id=\"dbf73d7\" data-element_type=\"widget\" data-e-type=\"widget\" data-widget_type=\"heading.default\">\n\t\t\t\t<div class=\"elementor-widget-container\">\n\t\t\t\t\t<h2 class=\"elementor-heading-title elementor-size-default\">Wapper\/Wippe: Rubenshaus<\/h2>\t\t\t\t<\/div>\n\t\t\t\t<\/div>\n\t\t\t\t\t<\/div>\n\t\t\t\t<\/div>\n\t\t<div class=\"elementor-element elementor-element-c85521e e-flex e-con-boxed e-con e-parent\" data-id=\"c85521e\" data-element_type=\"container\" data-e-type=\"container\">\n\t\t\t\t\t<div class=\"e-con-inner\">\n\t\t\t\t<div class=\"elementor-element elementor-element-bc33b5f elementor-widget elementor-widget-text-editor\" data-id=\"bc33b5f\" data-element_type=\"widget\" data-e-type=\"widget\" data-widget_type=\"text-editor.default\">\n\t\t\t\t<div class=\"elementor-widget-container\">\n\t\t\t\t\t\t\t\t\t<figure id=\"attachment_2075\" aria-describedby=\"caption-attachment-2075\" style=\"width: 300px\" class=\"wp-caption alignleft\"><a href=\"https:\/\/rubens-antwerpen.be\/wp-content\/uploads\/\/210P-Rubenshuis-300x224.jpg\"><img fetchpriority=\"high\" decoding=\"async\" class=\"wp-image-564 size-medium\" src=\"https:\/\/rubens-antwerpen.be\/wp-content\/uploads\/\/210P-Rubenshuis-300x224.jpg\" alt=\"\" width=\"300\" height=\"224\" srcset=\"https:\/\/rubens-antwerpen.be\/wp-content\/uploads\/210P-Rubenshuis-300x224.jpg 300w, https:\/\/rubens-antwerpen.be\/wp-content\/uploads\/210P-Rubenshuis-768x572.jpg 768w, https:\/\/rubens-antwerpen.be\/wp-content\/uploads\/210P-Rubenshuis.jpg 1024w\" sizes=\"(max-width: 300px) 100vw, 300px\" \/><\/a><figcaption id=\"caption-attachment-2075\" class=\"wp-caption-text\">Der Innenhof des Rubenshauses<\/figcaption><\/figure>\n<p><em>Am 19. Juni 1622 schrieb Rubens: &#8222;Ich habe auch ein Buch \u00fcber die Architektur der sch\u00f6nsten Palazzi in Genua ver\u00f6ffentlicht.&#8220;<\/em><br \/><em style=\"font-size: 16px;\">Mit seinem eigenen Haus und vor allem Atelier brachte er ein St\u00fcck Italien nach Antwerpen.<\/em><\/p>\n<hr \/>\n<p><\/p>\n<p style=\"text-align: justify;\">Schauen Sie sich das Rubenshaus an, heute zu finden unter den Hausnummern 9-11 am Wapper \u2013 einem Namen, der sich vermutlich vom niederl\u00e4ndischen <em>wippe<\/em> ableitet, einem Hebel \u00fcber einem Wasserlauf. Stellen Sie sich vor, eine Zeitmaschine versetzte Sie mehr als 400 Jahre zur\u00fcck, ins Jahr 1611, und doch blieben Sie zugleich mit der Gegenwart in Verbindung.<\/p>\n<p><\/p>\n<p style=\"text-align: justify;\">Heutzutage verbietet uns der Datenschutz den Einblick in Kaufvertr\u00e4ge, Testamente, Vollmachten oder Baugenehmigungen. F\u00fcr nachfolgende Generationen aber bilden solche Dokumente eine wahre Fundgrube an Informationen \u00fcber das Leben und Denken fr\u00fcheren Zeiten.<\/p>\n<p><\/p>\n<p style=\"text-align: justify;\">Im Jahr 1611 kaufte Rubens f\u00fcr 7.600 Gulden (etwa 125.000 Euro) ein Haus mit Grundst\u00fcck am Wapper. Schon bald begann er mit umfassenden Renovierungsarbeiten und lie\u00df \u00fcber den bestehenden Fundamenten ein Atelier errichten. Die Bauarbeiten zogen sich lange hin und verschlangen vermutlich das Zehnfache des Kaufpreises; in heutiger W\u00e4hrung eine Investition von \u00fcber einer Million Euro.<\/p>\n<p><\/p>\n<p style=\"text-align: justify;\">Dank seiner monumentalen Gem\u00e4lde, mit denen er ein Verm\u00f6gen verdiente, z\u00e4hlt Rubens auch nach heutigen Ma\u00dfst\u00e4ben zu den wirtschaftlich erfolgreichsten K\u00fcnstlern aller Zeiten. Die sogenannte <em>Staetmasse,<\/em> also sein Nachlass, der f\u00fcnf Jahre nach seinem Tod aufgenommen wurde, belief sich auf eine Summe von 400.000 Gulden, umgerechnet \u00fcber 5 Millionen Euro!<\/p>\n<p><\/p>\n<p style=\"text-align: justify;\">Wie heute waren auch die B\u00fcrger des 17. Jahrhunderts um Vorsorge bem\u00fcht. Peter Paul Rubens und seine Ehefrau Isabella Brant hatten Testamente aufgesetzt, in denen sie unter anderem verf\u00fcgten, dass Rubens\u2018 Bruder Philip und Isabellas Vater Jan Brant die Vormundschaft \u00fcber ihre Kinder \u00fcbernehmen sollten (wobei Philip allerdings vorzeitig verstarb).<\/p>\n<p><\/p>\n<p style=\"text-align: justify;\">F\u00fcr beiden Ehen hatte Rubens jeweils einen Ehevertrag mit seiner zuk\u00fcnftigen Braut geschlossen. Diese Vertr\u00e4ge und Testamente wurden sp\u00e4ter mit gro\u00dfer Sorgfalt ausgef\u00fchrt. Das Erbe wurde gerecht unter den Kindern beider Ehen aufgeteilt; niemand wurde benachteiligt. Sein Sohn Albert erbte die Bibliothek; die Medaillensammlung teilte er mit seinem Bruder Nicolaas. Helena, Rubens\u2018 zweite Frau, durfte ihre Juwelen und ihre Kleidung behalten; ausdr\u00fccklich genannt wurden: &#8222;<em>Die Kleidungsst\u00fccke aus Wolle, Seide, Gold, Silber und Leinen, die ihr geh\u00f6ren\u201c.<\/em><\/p>\n\t\t\t\t\t\t\t\t<\/div>\n\t\t\t\t<\/div>\n\t\t\t\t\t<\/div>\n\t\t\t\t<\/div>\n\t\t<div class=\"elementor-element elementor-element-9239e49 e-flex e-con-boxed e-con e-parent\" data-id=\"9239e49\" data-element_type=\"container\" data-e-type=\"container\">\n\t\t\t\t\t<div class=\"e-con-inner\">\n\t\t<div class=\"elementor-element elementor-element-0463717 e-con-full e-flex e-con e-child\" data-id=\"0463717\" data-element_type=\"container\" data-e-type=\"container\">\n\t\t\t\t<div class=\"elementor-element elementor-element-32cb449 elementor-widget elementor-widget-image\" data-id=\"32cb449\" data-element_type=\"widget\" data-e-type=\"widget\" data-widget_type=\"image.default\">\n\t\t\t\t<div class=\"elementor-widget-container\">\n\t\t\t\t\t\t\t\t\t\t\t\t\t\t\t\t<a href=\"https:\/\/www.rubens-antwerpen.be\/wp-content\/uploads\/211P-RH-PPR-Zelfportret-1621.jpg%20\">\n\t\t\t\t\t\t\t<img decoding=\"async\" width=\"300\" height=\"300\" src=\"https:\/\/rubens-antwerpen.be\/wp-content\/uploads\/211Q-RH-PPR-Zelfportret-1621.jpg\" class=\"attachment-medium size-medium wp-image-2087\" alt=\"\" srcset=\"https:\/\/rubens-antwerpen.be\/wp-content\/uploads\/211Q-RH-PPR-Zelfportret-1621.jpg 300w, https:\/\/rubens-antwerpen.be\/wp-content\/uploads\/211Q-RH-PPR-Zelfportret-1621-150x150.jpg 150w\" sizes=\"(max-width: 300px) 100vw, 300px\" \/>\t\t\t\t\t\t\t\t<\/a>\n\t\t\t\t\t\t\t\t\t\t\t\t\t\t\t<\/div>\n\t\t\t\t<\/div>\n\t\t\t\t<div class=\"elementor-element elementor-element-f3accb0 elementor-widget elementor-widget-text-editor\" data-id=\"f3accb0\" data-element_type=\"widget\" data-e-type=\"widget\" data-widget_type=\"text-editor.default\">\n\t\t\t\t<div class=\"elementor-widget-container\">\n\t\t\t\t\t\t\t\t\t<p style=\"text-align: center;\"><a href=\"https:\/\/rubens-antwerpen.be\/de\/home\/oest\/rubens-haus\/rubens-selbstbildnis-1621\/\">Peter Paul Rubens\r\nSelbstbildnis (1621\/23)<\/a><\/p><br><audio class=\"wp-audio-shortcode\" id=\"audio-3330-1\" preload=\"none\" style=\"width: 100%;\" controls=\"controls\"><source type=\"audio\/mpeg\" src=\"http:\/\/rubens-antwerpen.be\/wp-content\/uploads\/211D-PPR-Zelfportret1621.mp3?_=1\" \/><a href=\"http:\/\/rubens-antwerpen.be\/wp-content\/uploads\/211D-PPR-Zelfportret1621.mp3\">http:\/\/rubens-antwerpen.be\/wp-content\/uploads\/211D-PPR-Zelfportret1621.mp3<\/a><\/audio>\t\t\t\t\t\t\t\t<\/div>\n\t\t\t\t<\/div>\n\t\t\t\t<\/div>\n\t\t<div class=\"elementor-element elementor-element-cc8bbab e-con-full e-flex e-con e-child\" data-id=\"cc8bbab\" data-element_type=\"container\" data-e-type=\"container\">\n\t\t\t\t<div class=\"elementor-element elementor-element-61c1a89 elementor-widget elementor-widget-image\" data-id=\"61c1a89\" data-element_type=\"widget\" data-e-type=\"widget\" data-widget_type=\"image.default\">\n\t\t\t\t<div class=\"elementor-widget-container\">\n\t\t\t\t\t\t\t\t\t\t\t\t\t\t\t\t<a href=\"https:\/\/www.rubens-antwerpen.be\/wp-content\/uploads\/212P-RH-PPR-Isabella-Brandt.jpg%20\">\n\t\t\t\t\t\t\t<img decoding=\"async\" width=\"300\" height=\"300\" src=\"https:\/\/rubens-antwerpen.be\/wp-content\/uploads\/212Q-RH-PPR-Isabella-Brandt.jpg\" class=\"attachment-medium size-medium wp-image-2096\" alt=\"\" srcset=\"https:\/\/rubens-antwerpen.be\/wp-content\/uploads\/212Q-RH-PPR-Isabella-Brandt.jpg 300w, https:\/\/rubens-antwerpen.be\/wp-content\/uploads\/212Q-RH-PPR-Isabella-Brandt-150x150.jpg 150w\" sizes=\"(max-width: 300px) 100vw, 300px\" \/>\t\t\t\t\t\t\t\t<\/a>\n\t\t\t\t\t\t\t\t\t\t\t\t\t\t\t<\/div>\n\t\t\t\t<\/div>\n\t\t\t\t<div class=\"elementor-element elementor-element-3955805 elementor-widget elementor-widget-text-editor\" data-id=\"3955805\" data-element_type=\"widget\" data-e-type=\"widget\" data-widget_type=\"text-editor.default\">\n\t\t\t\t<div class=\"elementor-widget-container\">\n\t\t\t\t\t\t\t\t\t<p style=\"text-align: center;\"><a href=\"https:\/\/rubens-antwerpen.be\/de\/home\/oest\/rubens-haus\/rubens-zeichnung-von-isabella-brant\/\">Peter Paul Rubens\r\nZeichnung von Isabella Brant<\/a><\/p><br><audio class=\"wp-audio-shortcode\" id=\"audio-3330-2\" preload=\"none\" style=\"width: 100%;\" controls=\"controls\"><source type=\"audio\/mpeg\" src=\"http:\/\/rubens-antwerpen.be\/wp-content\/uploads\/212D-PPR-IsabellaBrant.mp3?_=2\" \/><a href=\"http:\/\/rubens-antwerpen.be\/wp-content\/uploads\/212D-PPR-IsabellaBrant.mp3\">http:\/\/rubens-antwerpen.be\/wp-content\/uploads\/212D-PPR-IsabellaBrant.mp3<\/a><\/audio>\t\t\t\t\t\t\t\t<\/div>\n\t\t\t\t<\/div>\n\t\t\t\t<\/div>\n\t\t<div class=\"elementor-element elementor-element-319f3ff e-con-full e-flex e-con e-child\" data-id=\"319f3ff\" data-element_type=\"container\" data-e-type=\"container\">\n\t\t\t\t<div class=\"elementor-element elementor-element-da63e4d elementor-widget elementor-widget-image\" data-id=\"da63e4d\" data-element_type=\"widget\" data-e-type=\"widget\" data-widget_type=\"image.default\">\n\t\t\t\t<div class=\"elementor-widget-container\">\n\t\t\t\t\t\t\t\t\t\t\t\t\t\t\t\t<a href=\"https:\/\/www.rubens-antwerpen.be\/wp-content\/uploads\/213P-RH-PPR-Helena-Fourment.jpg%20\">\n\t\t\t\t\t\t\t<img loading=\"lazy\" decoding=\"async\" width=\"300\" height=\"300\" src=\"https:\/\/rubens-antwerpen.be\/wp-content\/uploads\/213Q-RH-PPR-Helena-Fourment.jpg\" class=\"attachment-medium size-medium wp-image-2105\" alt=\"\" srcset=\"https:\/\/rubens-antwerpen.be\/wp-content\/uploads\/213Q-RH-PPR-Helena-Fourment.jpg 300w, https:\/\/rubens-antwerpen.be\/wp-content\/uploads\/213Q-RH-PPR-Helena-Fourment-150x150.jpg 150w\" sizes=\"(max-width: 300px) 100vw, 300px\" \/>\t\t\t\t\t\t\t\t<\/a>\n\t\t\t\t\t\t\t\t\t\t\t\t\t\t\t<\/div>\n\t\t\t\t<\/div>\n\t\t\t\t<div class=\"elementor-element elementor-element-9aeaefe elementor-widget elementor-widget-text-editor\" data-id=\"9aeaefe\" data-element_type=\"widget\" data-e-type=\"widget\" data-widget_type=\"text-editor.default\">\n\t\t\t\t<div class=\"elementor-widget-container\">\n\t\t\t\t\t\t\t\t\t<p style=\"text-align: center;\"><a href=\"https:\/\/rubens-antwerpen.be\/de\/home\/oest\/rubens-haus\/rubens-helena-fourment-und-ihre-kinder\/\">Peter Paul Rubens\r\nHelena Fourment und ihre Kinder<\/a><\/p><br><audio class=\"wp-audio-shortcode\" id=\"audio-3330-3\" preload=\"none\" style=\"width: 100%;\" controls=\"controls\"><source type=\"audio\/mpeg\" src=\"http:\/\/rubens-antwerpen.be\/wp-content\/uploads\/213D-PPR-HelenaFourment.mp3?_=3\" \/><a href=\"http:\/\/rubens-antwerpen.be\/wp-content\/uploads\/213D-PPR-HelenaFourment.mp3\">http:\/\/rubens-antwerpen.be\/wp-content\/uploads\/213D-PPR-HelenaFourment.mp3<\/a><\/audio>\t\t\t\t\t\t\t\t<\/div>\n\t\t\t\t<\/div>\n\t\t\t\t<\/div>\n\t\t<div class=\"elementor-element elementor-element-cd09186 e-con-full e-flex e-con e-child\" data-id=\"cd09186\" data-element_type=\"container\" data-e-type=\"container\">\n\t\t\t\t<div class=\"elementor-element elementor-element-a324f40 elementor-widget elementor-widget-image\" data-id=\"a324f40\" data-element_type=\"widget\" data-e-type=\"widget\" data-widget_type=\"image.default\">\n\t\t\t\t<div class=\"elementor-widget-container\">\n\t\t\t\t\t\t\t\t\t\t\t\t\t\t\t\t<a href=\"https:\/\/www.rubens-antwerpen.be\/wp-content\/uploads\/214P-RH-PPR-Zelfportret-1638.jpg%20\">\n\t\t\t\t\t\t\t<img loading=\"lazy\" decoding=\"async\" width=\"300\" height=\"300\" src=\"https:\/\/rubens-antwerpen.be\/wp-content\/uploads\/214Q-RH-PPR-Zelfportret-1638.jpg\" class=\"attachment-medium size-medium wp-image-2114\" alt=\"\" srcset=\"https:\/\/rubens-antwerpen.be\/wp-content\/uploads\/214Q-RH-PPR-Zelfportret-1638.jpg 300w, https:\/\/rubens-antwerpen.be\/wp-content\/uploads\/214Q-RH-PPR-Zelfportret-1638-150x150.jpg 150w\" sizes=\"(max-width: 300px) 100vw, 300px\" \/>\t\t\t\t\t\t\t\t<\/a>\n\t\t\t\t\t\t\t\t\t\t\t\t\t\t\t<\/div>\n\t\t\t\t<\/div>\n\t\t\t\t<div class=\"elementor-element elementor-element-c16802f elementor-widget elementor-widget-text-editor\" data-id=\"c16802f\" data-element_type=\"widget\" data-e-type=\"widget\" data-widget_type=\"text-editor.default\">\n\t\t\t\t<div class=\"elementor-widget-container\">\n\t\t\t\t\t\t\t\t\t<p style=\"text-align: center;\"><a href=\"https:\/\/rubens-antwerpen.be\/de\/home\/oest\/rubens-haus\/rubens-selbstbildnis-1638\/\">Peter Paul Rubens\r\nSelbstbildnis \u00e4lteren Rubens (1638)<\/a><\/p><br><audio class=\"wp-audio-shortcode\" id=\"audio-3330-4\" preload=\"none\" style=\"width: 100%;\" controls=\"controls\"><source type=\"audio\/mpeg\" src=\"http:\/\/rubens-antwerpen.be\/wp-content\/uploads\/214D-PPR-Zelfportret1638.mp3?_=4\" \/><a href=\"http:\/\/rubens-antwerpen.be\/wp-content\/uploads\/214D-PPR-Zelfportret1638.mp3\">http:\/\/rubens-antwerpen.be\/wp-content\/uploads\/214D-PPR-Zelfportret1638.mp3<\/a><\/audio>\t\t\t\t\t\t\t\t<\/div>\n\t\t\t\t<\/div>\n\t\t\t\t<\/div>\n\t\t\t\t\t<\/div>\n\t\t\t\t<\/div>\n\t\t\t\t<\/div>\n\t\t","protected":false},"excerpt":{"rendered":"<p>Wapper\/Wippe: Rubenshaus Am 19. Juni 1622 schrieb Rubens: &#8222;Ich habe auch ein Buch \u00fcber die Architektur der sch\u00f6nsten Palazzi in [&hellip;]<\/p>\n","protected":false},"author":1,"featured_media":0,"parent":3327,"menu_order":210,"comment_status":"closed","ping_status":"closed","template":"","meta":{"site-sidebar-layout":"no-sidebar","site-content-layout":"","ast-site-content-layout":"full-width-container","site-content-style":"default","site-sidebar-style":"default","ast-global-header-display":"","ast-banner-title-visibility":"","ast-main-header-display":"","ast-hfb-above-header-display":"","ast-hfb-below-header-display":"","ast-hfb-mobile-header-display":"","site-post-title":"disabled","ast-breadcrumbs-content":"","ast-featured-img":"disabled","footer-sml-layout":"","ast-disable-related-posts":"","theme-transparent-header-meta":"","adv-header-id-meta":"","stick-header-meta":"","header-above-stick-meta":"","header-main-stick-meta":"","header-below-stick-meta":"","astra-migrate-meta-layouts":"default","ast-page-background-enabled":"default","ast-page-background-meta":{"desktop":{"background-color":"var(--ast-global-color-4)","background-image":"","background-repeat":"repeat","background-position":"center center","background-size":"auto","background-attachment":"scroll","background-type":"","background-media":"","overlay-type":"","overlay-color":"","overlay-opacity":"","overlay-gradient":""},"tablet":{"background-color":"","background-image":"","background-repeat":"repeat","background-position":"center center","background-size":"auto","background-attachment":"scroll","background-type":"","background-media":"","overlay-type":"","overlay-color":"","overlay-opacity":"","overlay-gradient":""},"mobile":{"background-color":"","background-image":"","background-repeat":"repeat","background-position":"center center","background-size":"auto","background-attachment":"scroll","background-type":"","background-media":"","overlay-type":"","overlay-color":"","overlay-opacity":"","overlay-gradient":""}},"ast-content-background-meta":{"desktop":{"background-color":"var(--ast-global-color-5)","background-image":"","background-repeat":"repeat","background-position":"center center","background-size":"auto","background-attachment":"scroll","background-type":"","background-media":"","overlay-type":"","overlay-color":"","overlay-opacity":"","overlay-gradient":""},"tablet":{"background-color":"var(--ast-global-color-5)","background-image":"","background-repeat":"repeat","background-position":"center center","background-size":"auto","background-attachment":"scroll","background-type":"","background-media":"","overlay-type":"","overlay-color":"","overlay-opacity":"","overlay-gradient":""},"mobile":{"background-color":"var(--ast-global-color-5)","background-image":"","background-repeat":"repeat","background-position":"center center","background-size":"auto","background-attachment":"scroll","background-type":"","background-media":"","overlay-type":"","overlay-color":"","overlay-opacity":"","overlay-gradient":""}},"footnotes":""},"class_list":["post-3330","page","type-page","status-publish","hentry"],"aioseo_notices":[],"_links":{"self":[{"href":"https:\/\/rubens-antwerpen.be\/de\/wp-json\/wp\/v2\/pages\/3330","targetHints":{"allow":["GET"]}}],"collection":[{"href":"https:\/\/rubens-antwerpen.be\/de\/wp-json\/wp\/v2\/pages"}],"about":[{"href":"https:\/\/rubens-antwerpen.be\/de\/wp-json\/wp\/v2\/types\/page"}],"author":[{"embeddable":true,"href":"https:\/\/rubens-antwerpen.be\/de\/wp-json\/wp\/v2\/users\/1"}],"replies":[{"embeddable":true,"href":"https:\/\/rubens-antwerpen.be\/de\/wp-json\/wp\/v2\/comments?post=3330"}],"version-history":[{"count":13,"href":"https:\/\/rubens-antwerpen.be\/de\/wp-json\/wp\/v2\/pages\/3330\/revisions"}],"predecessor-version":[{"id":5912,"href":"https:\/\/rubens-antwerpen.be\/de\/wp-json\/wp\/v2\/pages\/3330\/revisions\/5912"}],"up":[{"embeddable":true,"href":"https:\/\/rubens-antwerpen.be\/de\/wp-json\/wp\/v2\/pages\/3327"}],"wp:attachment":[{"href":"https:\/\/rubens-antwerpen.be\/de\/wp-json\/wp\/v2\/media?parent=3330"}],"curies":[{"name":"wp","href":"https:\/\/api.w.org\/{rel}","templated":true}]}}