{"id":3332,"date":"2024-06-19T15:54:05","date_gmt":"2024-06-19T13:54:05","guid":{"rendered":"https:\/\/rubens-antwerpen.be\/home\/oest\/rubens-haus\/rubens-selbstbildnis-1621\/"},"modified":"2025-08-19T17:02:47","modified_gmt":"2025-08-19T15:02:47","slug":"rubens-selbstbildnis-1621","status":"publish","type":"page","link":"https:\/\/rubens-antwerpen.be\/de\/home\/oest\/rubens-haus\/rubens-selbstbildnis-1621\/","title":{"rendered":"Rubens: Selbstbildnis 1621"},"content":{"rendered":"\t\t<div data-elementor-type=\"wp-page\" data-elementor-id=\"3332\" class=\"elementor elementor-3332 elementor-893\">\n\t\t\t\t<div class=\"elementor-element elementor-element-ad42995 e-flex e-con-boxed e-con e-parent\" data-id=\"ad42995\" data-element_type=\"container\" data-e-type=\"container\">\n\t\t\t\t\t<div class=\"e-con-inner\">\n\t\t\t\t<div class=\"elementor-element elementor-element-dbf73d7 elementor-widget elementor-widget-heading\" data-id=\"dbf73d7\" data-element_type=\"widget\" data-e-type=\"widget\" data-widget_type=\"heading.default\">\n\t\t\t\t<div class=\"elementor-widget-container\">\n\t\t\t\t\t<h2 class=\"elementor-heading-title elementor-size-default\">Selbstbildnis von Peter Paul Rubens<\/h2>\t\t\t\t<\/div>\n\t\t\t\t<\/div>\n\t\t\t\t\t<\/div>\n\t\t\t\t<\/div>\n\t\t<div class=\"elementor-element elementor-element-3ff81ff e-flex e-con-boxed e-con e-parent\" data-id=\"3ff81ff\" data-element_type=\"container\" data-e-type=\"container\">\n\t\t\t\t\t<div class=\"e-con-inner\">\n\t\t\t\t<div class=\"elementor-element elementor-element-0848873 elementor-widget elementor-widget-text-editor\" data-id=\"0848873\" data-element_type=\"widget\" data-e-type=\"widget\" data-widget_type=\"text-editor.default\">\n\t\t\t\t<div class=\"elementor-widget-container\">\n\t\t\t\t\t\t\t\t\t<p style=\"text-align: justify;\"><span style=\"color: #008000;\"><strong>Sobald das Rubenshaus wieder ganz ge\u00f6ffnet ist, k\u00f6nnen Sie dort sein Selbstportr\u00e4t bewundern, heute im Rubens Experience.<br \/>\nKlicken Sie vorab bereits auf das Bild.<\/strong><\/span><\/p>\n<figure id=\"attachment_2084\" aria-describedby=\"caption-attachment-2084\" style=\"width: 226px\" class=\"wp-caption alignleft\"><a href=\"http:\/\/rubens-antwerpen.be\/wp-content\/uploads\/211P-RH-PPR-Zelfportret-1621.jpg\"><img fetchpriority=\"high\" decoding=\"async\" class=\"wp-image-567 size-medium\" src=\"http:\/\/rubens-antwerpen.be\/wp-content\/uploads\/211P-RH-PPR-Zelfportret-1621-226x300.jpg\" alt=\"\" width=\"226\" height=\"300\" srcset=\"https:\/\/rubens-antwerpen.be\/wp-content\/uploads\/211P-RH-PPR-Zelfportret-1621-226x300.jpg 226w, https:\/\/rubens-antwerpen.be\/wp-content\/uploads\/211P-RH-PPR-Zelfportret-1621-768x1020.jpg 768w, https:\/\/rubens-antwerpen.be\/wp-content\/uploads\/211P-RH-PPR-Zelfportret-1621.jpg 771w\" sizes=\"(max-width: 226px) 100vw, 226px\" \/><\/a><figcaption id=\"caption-attachment-2084\" class=\"wp-caption-text\">Selbstbildnis 1621\/23<\/figcaption><\/figure>\n<p style=\"text-align: justify;\"><em>Wir besitzen zahlreiche Briefe des Malers, die Einblick in sein Leben und Schaffen geben. Doch Rubens&#8216; tiefste Pers\u00f6nlichkeit bleibt im Schatten, selbst in seinen Portr\u00e4ts, sei es zu Beginn oder am Ende seiner Karriere.<\/em><\/p>\n<p><\/p>\n<hr \/>\n<p><\/p>\n<p style=\"text-align: justify;\"><em>Peter Paul Rubens spricht: <\/em><\/p>\n<p><\/p>\n<p style=\"text-align: justify;\">Wir tun es alle, wir Maler: wir portr\u00e4tieren uns selbst.<\/p>\n<p><\/p>\n<p style=\"text-align: justify;\">Mein verstorbener Bruder Philip (+1611) zitierte gerne die griechischen Philosophen: \u201eErkenne dich selbst\u201c. Man k\u00f6nnte sagen, dass wir uns dabei oft von unserer besten Seite zeigen, gans wie unsere Modelle. Und ja, ich gebe zu: ich bin da keine Ausnahme.<\/p>\n<p><\/p>\n<p style=\"text-align: justify;\">Mein Selbstportr\u00e4t ist zugleich ein Aush\u00e4ngeschild unserer Werkstatt: Von Original, das ich selbst gemalt habe, fertigen meine Mitarbeiter authentische Kopien an. Diese konnten dann an potenzielle Kunden geschickt werden \u2013 vor allem an solche, die K\u00fcnstlerportr\u00e4ts sammeln.<\/p>\n<p><\/p>\n<p style=\"text-align: justify;\">Das Gem\u00e4lde ist \u00fcbrigens gar nicht so gro\u00df: etwa 24 x 18 Zoll [61,5 x 45 cm]. Es findet leicht einen Platz an der Wand.<\/p>\n<p><\/p>\n<p style=\"text-align: justify;\">Aber ich will offen sein; ich bin es gewohnt, in einem gr\u00f6\u00dferen Format zu malen, &#8222;<em>je nach den Anforderungen des Werkes\/a se meliora forma<\/em>&#8222;. Denken Sie nur an gro\u00dfe Auftraggeber wie den englischen K\u00f6nig! Einmal schrieb ich an den k\u00fcnstlerischen Berater von K\u00f6nig Charles:<\/p>\n<p><\/p>\n<p style=\"text-align: justify; padding-left: 40px;\"><em>\u00bbWas Seine Majest\u00e4t und Seine Hoheit den Prinzen von Wales betrifft, so werde ich mich stets geehrt f\u00fchlen, ihre Auftr\u00e4ge zu empfangen. Was den Saal im neuen Palast betrifft, so gestehe ich gern, dass mir durch nat\u00fcrliche Neigung gro\u00dfe Werke mehr liegen als kleine Kuriosit\u00e4ten. Jeder nach seiner Begabung: meine ist so gro\u00df, dass mich kein Vorhaben, so umfangreich, so vielf\u00e4ltig es auch sei, je entmutigt hat.&#8220;<\/em><\/p>\n<p><\/p>\n<p style=\"text-align: justify;\">Auch hier gebe ich zu: ja, ich bin ehrgeizig. Besonders stolz bin ich darauf, dass ich dem Handwerk der Malerei in unserem Land neues Leben eingehaucht habe. Zugleich sch\u00e4tze die Werke meiner Kollegen sehr. Ich kaufe sie oft zum vollen Marktpreis und erweitere so meine private Sammlung.<\/p>\n<p><\/p>\n<p style=\"text-align: justify;\">Mein Lehrer Otto van Veen und meine Jahre in Italien, haben mich gelehrt, dass unsere Pinsel mehr als nur Technik brauchen: W\u00e4rme, Bewegung, Inspiration. Und doch m\u00fcssen wir unserer fl\u00e4mischen Tradition treu bleiben, dem Bestreben, den Menschen <em>lebensnah<\/em> darzustellen, mit Gesicht, Frisur, Kleidung&#8230; und mit seinem wahren Charakter.<\/p>\n<p><strong><span style=\"color: #339966;\">Folge auf der Zeitleiste 1626: <a href=\"https:\/\/rubens-antwerpen.be\/de\/home\/oest\/rubens-haus\/rubens-zeichnung-von-isabella-brant\/\">Zeichnung von Isabella Brant<\/a><\/span><\/strong><\/p>\n\t\t\t\t\t\t\t\t<\/div>\n\t\t\t\t<\/div>\n\t\t\t\t\t<\/div>\n\t\t\t\t<\/div>\n\t\t\t\t<\/div>\n\t\t","protected":false},"excerpt":{"rendered":"<p>Selbstbildnis von Peter Paul Rubens Sobald das Rubenshaus wieder ganz ge\u00f6ffnet ist, k\u00f6nnen Sie dort sein Selbstportr\u00e4t bewundern, heute im [&hellip;]<\/p>\n","protected":false},"author":1,"featured_media":0,"parent":3330,"menu_order":211,"comment_status":"closed","ping_status":"closed","template":"","meta":{"site-sidebar-layout":"no-sidebar","site-content-layout":"","ast-site-content-layout":"full-width-container","site-content-style":"default","site-sidebar-style":"default","ast-global-header-display":"","ast-banner-title-visibility":"","ast-main-header-display":"","ast-hfb-above-header-display":"","ast-hfb-below-header-display":"","ast-hfb-mobile-header-display":"","site-post-title":"","ast-breadcrumbs-content":"","ast-featured-img":"disabled","footer-sml-layout":"","ast-disable-related-posts":"","theme-transparent-header-meta":"","adv-header-id-meta":"","stick-header-meta":"","header-above-stick-meta":"","header-main-stick-meta":"","header-below-stick-meta":"","astra-migrate-meta-layouts":"default","ast-page-background-enabled":"default","ast-page-background-meta":{"desktop":{"background-color":"var(--ast-global-color-4)","background-image":"","background-repeat":"repeat","background-position":"center center","background-size":"auto","background-attachment":"scroll","background-type":"","background-media":"","overlay-type":"","overlay-color":"","overlay-opacity":"","overlay-gradient":""},"tablet":{"background-color":"","background-image":"","background-repeat":"repeat","background-position":"center center","background-size":"auto","background-attachment":"scroll","background-type":"","background-media":"","overlay-type":"","overlay-color":"","overlay-opacity":"","overlay-gradient":""},"mobile":{"background-color":"","background-image":"","background-repeat":"repeat","background-position":"center center","background-size":"auto","background-attachment":"scroll","background-type":"","background-media":"","overlay-type":"","overlay-color":"","overlay-opacity":"","overlay-gradient":""}},"ast-content-background-meta":{"desktop":{"background-color":"var(--ast-global-color-5)","background-image":"","background-repeat":"repeat","background-position":"center center","background-size":"auto","background-attachment":"scroll","background-type":"","background-media":"","overlay-type":"","overlay-color":"","overlay-opacity":"","overlay-gradient":""},"tablet":{"background-color":"var(--ast-global-color-5)","background-image":"","background-repeat":"repeat","background-position":"center center","background-size":"auto","background-attachment":"scroll","background-type":"","background-media":"","overlay-type":"","overlay-color":"","overlay-opacity":"","overlay-gradient":""},"mobile":{"background-color":"var(--ast-global-color-5)","background-image":"","background-repeat":"repeat","background-position":"center center","background-size":"auto","background-attachment":"scroll","background-type":"","background-media":"","overlay-type":"","overlay-color":"","overlay-opacity":"","overlay-gradient":""}},"footnotes":""},"class_list":["post-3332","page","type-page","status-publish","hentry"],"aioseo_notices":[],"_links":{"self":[{"href":"https:\/\/rubens-antwerpen.be\/de\/wp-json\/wp\/v2\/pages\/3332","targetHints":{"allow":["GET"]}}],"collection":[{"href":"https:\/\/rubens-antwerpen.be\/de\/wp-json\/wp\/v2\/pages"}],"about":[{"href":"https:\/\/rubens-antwerpen.be\/de\/wp-json\/wp\/v2\/types\/page"}],"author":[{"embeddable":true,"href":"https:\/\/rubens-antwerpen.be\/de\/wp-json\/wp\/v2\/users\/1"}],"replies":[{"embeddable":true,"href":"https:\/\/rubens-antwerpen.be\/de\/wp-json\/wp\/v2\/comments?post=3332"}],"version-history":[{"count":10,"href":"https:\/\/rubens-antwerpen.be\/de\/wp-json\/wp\/v2\/pages\/3332\/revisions"}],"predecessor-version":[{"id":6272,"href":"https:\/\/rubens-antwerpen.be\/de\/wp-json\/wp\/v2\/pages\/3332\/revisions\/6272"}],"up":[{"embeddable":true,"href":"https:\/\/rubens-antwerpen.be\/de\/wp-json\/wp\/v2\/pages\/3330"}],"wp:attachment":[{"href":"https:\/\/rubens-antwerpen.be\/de\/wp-json\/wp\/v2\/media?parent=3332"}],"curies":[{"name":"wp","href":"https:\/\/api.w.org\/{rel}","templated":true}]}}