{"id":3336,"date":"2024-06-19T15:57:37","date_gmt":"2024-06-19T13:57:37","guid":{"rendered":"https:\/\/rubens-antwerpen.be\/home\/oest\/rubens-haus\/rubens-helena-fourment-und-ihre-kinder\/"},"modified":"2025-07-31T16:55:50","modified_gmt":"2025-07-31T14:55:50","slug":"rubens-helena-fourment-und-ihre-kinder","status":"publish","type":"page","link":"https:\/\/rubens-antwerpen.be\/de\/home\/oest\/rubens-haus\/rubens-helena-fourment-und-ihre-kinder\/","title":{"rendered":"Rubens: Helena Fourment und ihre Kinder"},"content":{"rendered":"\t\t<div data-elementor-type=\"wp-page\" data-elementor-id=\"3336\" class=\"elementor elementor-3336 elementor-903\">\n\t\t\t\t<div class=\"elementor-element elementor-element-ad42995 e-flex e-con-boxed e-con e-parent\" data-id=\"ad42995\" data-element_type=\"container\" data-e-type=\"container\">\n\t\t\t\t\t<div class=\"e-con-inner\">\n\t\t\t\t<div class=\"elementor-element elementor-element-dbf73d7 elementor-widget elementor-widget-heading\" data-id=\"dbf73d7\" data-element_type=\"widget\" data-e-type=\"widget\" data-widget_type=\"heading.default\">\n\t\t\t\t<div class=\"elementor-widget-container\">\n\t\t\t\t\t<h2 class=\"elementor-heading-title elementor-size-default\">Zeitleiste 1636: Helena Fourment und ihre Kinder<\/h2>\t\t\t\t<\/div>\n\t\t\t\t<\/div>\n\t\t\t\t\t<\/div>\n\t\t\t\t<\/div>\n\t\t<div class=\"elementor-element elementor-element-c53f8fb e-flex e-con-boxed e-con e-parent\" data-id=\"c53f8fb\" data-element_type=\"container\" data-e-type=\"container\">\n\t\t\t\t\t<div class=\"e-con-inner\">\n\t\t\t\t<div class=\"elementor-element elementor-element-fdd08ec elementor-widget elementor-widget-text-editor\" data-id=\"fdd08ec\" data-element_type=\"widget\" data-e-type=\"widget\" data-widget_type=\"text-editor.default\">\n\t\t\t\t<div class=\"elementor-widget-container\">\n\t\t\t\t\t\t\t\t\t<p><a href=\"http:\/\/rubens-antwerpen.be\/wp-content\/uploads\/213P-RH-PPR-Helena-Fourment.jpg\"><img fetchpriority=\"high\" decoding=\"async\" class=\"alignleft wp-image-573 size-medium\" src=\"http:\/\/rubens-antwerpen.be\/wp-content\/uploads\/213P-RH-PPR-Helena-Fourment-220x300.jpg\" alt=\"\" width=\"220\" height=\"300\" srcset=\"https:\/\/rubens-antwerpen.be\/wp-content\/uploads\/213P-RH-PPR-Helena-Fourment-220x300.jpg 220w, https:\/\/rubens-antwerpen.be\/wp-content\/uploads\/213P-RH-PPR-Helena-Fourment.jpg 752w\" sizes=\"(max-width: 220px) 100vw, 220px\" \/><\/a><\/p>\n<p style=\"text-align: justify;\"><em>Mehr als 250 Briefe von Rubens sind erhalten geblieben; von seiner zweiten Frau hingegen nur zwei, und diese betreffen haupts\u00e4chlich gesch\u00e4ftliche Angelegenheiten. D\u00fcrfen wir also die L\u00fccken in der Geschichte mit dem erg\u00e4nzen, was wir, mehr oder weniger gesichert, aus jenem schnellen Familienportr\u00e4t von 1636 wissen, das heute im Louvre h\u00e4ngt?<\/em><\/p>\n<p><\/p>\n<hr \/>\n<p><\/p>\n<p style=\"text-align: justify;\"><em>Helena Fourment spricht:<\/em><\/p>\n<p><\/p>\n<p style=\"text-align: justify;\">Gef\u00e4llt dir das Gem\u00e4lde? Mir auf jeden Fall! Nun, ich wei\u00df, die Leute klatschen, ich sei die sch\u00f6nste Frau in ganz Antwerpen. Aber noch wichtiger ist: ich habe einen liebevollen Ehemann. Oft hat er mich aus dem Haus in sein Atelier gerufen, bat mich, mich hinzusetzen, zu l\u00e4cheln, aber bitte nicht zu sehr &#8230;<\/p>\n<p><\/p>\n<p style=\"text-align: justify;\">Und mit ein paar Pinselstrichen war ich da, auf der Leinwand. Dieses Familienportr\u00e4t liebe ich mehr als die Bilder, auf denen ich als antike G\u00f6ttin posieren musste, oder jenes mit dem ,<em>Pelzchen\/het Pelsken<\/em>\u2018, das heute in Wien h\u00e4ngt.<\/p>\n<p><\/p>\n<p style=\"text-align: justify;\">Hier sitze ich mit unseren beiden \u00e4ltesten Kindern. Clara Johanna ist etwa vier Jahre alt und Frans ist gerade drei geworden. Clara wollte unbedingt aufrecht stehen, aber Frans blieb lieber ruhig sitzen. So hatte Peter Paul gen\u00fcgend Zeit, sein Gesicht besonders sch\u00f6n auszuarbeiten. Er schaut dich direkt an, ein Malertrick, der dich in das Bild hineinziehen soll. Ich behalte ihn im Auge und halte ihn mit meinem Arm, damit sein h\u00fcbscher Hut nicht wie ein Vogel davonfliegt.<\/p>\n<p><\/p>\n<p style=\"text-align: justify;\">Wir haben \u00fcbrigens gar nicht so lange posiert, denn Peter Paul verliert ungern Zeit, selbst wenn er mal nur zu seinem und unserem Vergn\u00fcgen malt. (<em>zu viel Arbeit<\/em>, sagt er dann). Du siehst, wie rasch er mein Kleid, meinen roten Umhang und sogar den bl\u00e4ulich-grauen Himmel gemalt hat. Man k\u00f6nnte fast meinen, wir s\u00e4\u00dfen unter einem Baum oder in unserem Gartenpavillon (aber eben nicht wirklich im Schatten.)<\/p>\n<p><\/p>\n<p style=\"text-align: justify;\">Vielleicht arbeitet er noch einmal an diesem Bild weiter. Doch ehrlich gesagt, ich sehe keinen Grund daf\u00fcr. Viel lieber w\u00fcrde ich sehen, dass er bald ein neues Werk auf die Staffelei stellt!<\/p>\n<p><\/p>\n<p style=\"text-align: justify;\"><span style=\"color: #008000;\"><strong>Folge auf der Zeitleiste 1638: <a href=\"https:\/\/rubens-antwerpen.be\/de\/home\/oest\/rubens-haus\/rubens-selbstbildnis-1638\/\">Selbstbildnis des \u00e4lteren Rubens<\/a><\/strong><\/span><\/p>\n\t\t\t\t\t\t\t\t<\/div>\n\t\t\t\t<\/div>\n\t\t\t\t\t<\/div>\n\t\t\t\t<\/div>\n\t\t\t\t<\/div>\n\t\t","protected":false},"excerpt":{"rendered":"<p>Zeitleiste 1636: Helena Fourment und ihre Kinder Mehr als 250 Briefe von Rubens sind erhalten geblieben; von seiner zweiten Frau [&hellip;]<\/p>\n","protected":false},"author":1,"featured_media":0,"parent":3330,"menu_order":213,"comment_status":"closed","ping_status":"closed","template":"","meta":{"site-sidebar-layout":"no-sidebar","site-content-layout":"","ast-site-content-layout":"full-width-container","site-content-style":"default","site-sidebar-style":"default","ast-global-header-display":"","ast-banner-title-visibility":"","ast-main-header-display":"","ast-hfb-above-header-display":"","ast-hfb-below-header-display":"","ast-hfb-mobile-header-display":"","site-post-title":"disabled","ast-breadcrumbs-content":"","ast-featured-img":"disabled","footer-sml-layout":"","ast-disable-related-posts":"","theme-transparent-header-meta":"","adv-header-id-meta":"","stick-header-meta":"","header-above-stick-meta":"","header-main-stick-meta":"","header-below-stick-meta":"","astra-migrate-meta-layouts":"default","ast-page-background-enabled":"default","ast-page-background-meta":{"desktop":{"background-color":"var(--ast-global-color-4)","background-image":"","background-repeat":"repeat","background-position":"center center","background-size":"auto","background-attachment":"scroll","background-type":"","background-media":"","overlay-type":"","overlay-color":"","overlay-opacity":"","overlay-gradient":""},"tablet":{"background-color":"","background-image":"","background-repeat":"repeat","background-position":"center center","background-size":"auto","background-attachment":"scroll","background-type":"","background-media":"","overlay-type":"","overlay-color":"","overlay-opacity":"","overlay-gradient":""},"mobile":{"background-color":"","background-image":"","background-repeat":"repeat","background-position":"center center","background-size":"auto","background-attachment":"scroll","background-type":"","background-media":"","overlay-type":"","overlay-color":"","overlay-opacity":"","overlay-gradient":""}},"ast-content-background-meta":{"desktop":{"background-color":"var(--ast-global-color-5)","background-image":"","background-repeat":"repeat","background-position":"center center","background-size":"auto","background-attachment":"scroll","background-type":"","background-media":"","overlay-type":"","overlay-color":"","overlay-opacity":"","overlay-gradient":""},"tablet":{"background-color":"var(--ast-global-color-5)","background-image":"","background-repeat":"repeat","background-position":"center center","background-size":"auto","background-attachment":"scroll","background-type":"","background-media":"","overlay-type":"","overlay-color":"","overlay-opacity":"","overlay-gradient":""},"mobile":{"background-color":"var(--ast-global-color-5)","background-image":"","background-repeat":"repeat","background-position":"center center","background-size":"auto","background-attachment":"scroll","background-type":"","background-media":"","overlay-type":"","overlay-color":"","overlay-opacity":"","overlay-gradient":""}},"footnotes":""},"class_list":["post-3336","page","type-page","status-publish","hentry"],"aioseo_notices":[],"_links":{"self":[{"href":"https:\/\/rubens-antwerpen.be\/de\/wp-json\/wp\/v2\/pages\/3336","targetHints":{"allow":["GET"]}}],"collection":[{"href":"https:\/\/rubens-antwerpen.be\/de\/wp-json\/wp\/v2\/pages"}],"about":[{"href":"https:\/\/rubens-antwerpen.be\/de\/wp-json\/wp\/v2\/types\/page"}],"author":[{"embeddable":true,"href":"https:\/\/rubens-antwerpen.be\/de\/wp-json\/wp\/v2\/users\/1"}],"replies":[{"embeddable":true,"href":"https:\/\/rubens-antwerpen.be\/de\/wp-json\/wp\/v2\/comments?post=3336"}],"version-history":[{"count":6,"href":"https:\/\/rubens-antwerpen.be\/de\/wp-json\/wp\/v2\/pages\/3336\/revisions"}],"predecessor-version":[{"id":5794,"href":"https:\/\/rubens-antwerpen.be\/de\/wp-json\/wp\/v2\/pages\/3336\/revisions\/5794"}],"up":[{"embeddable":true,"href":"https:\/\/rubens-antwerpen.be\/de\/wp-json\/wp\/v2\/pages\/3330"}],"wp:attachment":[{"href":"https:\/\/rubens-antwerpen.be\/de\/wp-json\/wp\/v2\/media?parent=3336"}],"curies":[{"name":"wp","href":"https:\/\/api.w.org\/{rel}","templated":true}]}}