{"id":3338,"date":"2024-06-19T15:58:34","date_gmt":"2024-06-19T13:58:34","guid":{"rendered":"https:\/\/rubens-antwerpen.be\/home\/oest\/rubens-haus\/rubens-selbstbildnis-1638\/"},"modified":"2025-07-31T17:00:47","modified_gmt":"2025-07-31T15:00:47","slug":"rubens-selbstbildnis-1638","status":"publish","type":"page","link":"https:\/\/rubens-antwerpen.be\/de\/home\/oest\/rubens-haus\/rubens-selbstbildnis-1638\/","title":{"rendered":"Rubens: Selbstbildnis 1638"},"content":{"rendered":"\t\t<div data-elementor-type=\"wp-page\" data-elementor-id=\"3338\" class=\"elementor elementor-3338 elementor-908\">\n\t\t\t\t<div class=\"elementor-element elementor-element-ad42995 e-flex e-con-boxed e-con e-parent\" data-id=\"ad42995\" data-element_type=\"container\" data-e-type=\"container\">\n\t\t\t\t\t<div class=\"e-con-inner\">\n\t\t\t\t<div class=\"elementor-element elementor-element-dbf73d7 elementor-widget elementor-widget-heading\" data-id=\"dbf73d7\" data-element_type=\"widget\" data-e-type=\"widget\" data-widget_type=\"heading.default\">\n\t\t\t\t<div class=\"elementor-widget-container\">\n\t\t\t\t\t<h2 class=\"elementor-heading-title elementor-size-default\">Zeitleiste 1638: Selbstbildnis des \u00e4lteren Rubens<\/h2>\t\t\t\t<\/div>\n\t\t\t\t<\/div>\n\t\t\t\t\t<\/div>\n\t\t\t\t<\/div>\n\t\t<div class=\"elementor-element elementor-element-0824395 e-flex e-con-boxed e-con e-parent\" data-id=\"0824395\" data-element_type=\"container\" data-e-type=\"container\">\n\t\t\t\t\t<div class=\"e-con-inner\">\n\t\t\t\t<div class=\"elementor-element elementor-element-95ff422 elementor-widget elementor-widget-text-editor\" data-id=\"95ff422\" data-element_type=\"widget\" data-e-type=\"widget\" data-widget_type=\"text-editor.default\">\n\t\t\t\t<div class=\"elementor-widget-container\">\n\t\t\t\t\t\t\t\t\t<p><a href=\"http:\/\/rubens-antwerpen.be\/wp-content\/uploads\/214P-RH-PPR-Zelfportret-1638.jpg\"><img fetchpriority=\"high\" decoding=\"async\" class=\"alignleft wp-image-576 size-medium\" src=\"http:\/\/rubens-antwerpen.be\/wp-content\/uploads\/214P-RH-PPR-Zelfportret-1638-232x300.jpg\" alt=\"\" width=\"232\" height=\"300\" srcset=\"https:\/\/rubens-antwerpen.be\/wp-content\/uploads\/214P-RH-PPR-Zelfportret-1638-232x300.jpg 232w, https:\/\/rubens-antwerpen.be\/wp-content\/uploads\/214P-RH-PPR-Zelfportret-1638-768x992.jpg 768w, https:\/\/rubens-antwerpen.be\/wp-content\/uploads\/214P-RH-PPR-Zelfportret-1638.jpg 793w\" sizes=\"(max-width: 232px) 100vw, 232px\" \/><\/a><\/p>\n<p style=\"text-align: justify;\"><em>Seine 252 erhaltenen Briefe geben uns wertvolle Einblicke in Rubens\u2018 Leben, sowohl als Maler wie auch als Diplomat. Wie schon bei seiner verstorbenen ersten Frau erw\u00e4hnt Rubens auch seine zweite Frau, Helena, nur ein einziges Mal, und auch da nennt er ihren Namen nicht. Weitaus pers\u00f6nlicher klingen dagegen seine Mitteilungen an den Sch\u00fcler und Mitarbeiter Lucas Fayd&#8217;herbe; diese Briefe lesen sich beinahe wie moderne E-Mails \u2013 direkt, herzlich und voller allt\u00e4glicher Details.<\/em><\/p>\n<p><\/p>\n<hr \/>\n<p><\/p>\n<p style=\"text-align: justify;\"><em>Peter Paul Rubens spricht:<\/em><\/p>\n<p><\/p>\n<p style=\"text-align: justify;\">Schau dir mein Selbstportr\u00e4t von 1638 an; sehe ich m\u00fcde aus? Du hast Recht.<\/p>\n<p><\/p>\n<p style=\"text-align: justify;\">Wenn ich auf meine diplomatischen Reisen nach Spanien oder England zur\u00fcckblicke, bin ich dankbar. Die Vertragsverhandlungen verliefen erfolgreich, zur Zufriedenheit aller Beteiligten. Doch jetzt habe ich Ruhe gefunden. Ich habe all diese Aktivit\u00e4ten hinter mir gelassen und widme mich ganz meinen geliebten Beruf: der Malerei.<\/p>\n<p><\/p>\n<p style=\"text-align: justify;\">Ich gebe zu, das Stadtleben war mitunter hektisch, f\u00fcr mich, f\u00fcr Helena und vor allem f\u00fcr die Kinder. Deshalb war es eine gute Entscheidung, aufs Land zu ziehen. Ich kaufte 1627 das Herrenhaus van Lanceloot van Ursel in Ekeren (Bezirk Schoonbroek). Es ist etwa eine Stunde entfernt von Antwerpen.<\/p>\n<p><\/p>\n<p style=\"text-align: justify;\">Und ein paar Jahre sp\u00e4ter, am 12. Mai 1635, kaufte ich eine alte Ritterburg in Elewijt (zwischen Mechelen und Vilvoorde) f\u00fcr 93.000 Gulden, den \u201e<em>Steen\u201c<\/em>. Mit dem Schloss erwarb ich auch die umliegenden L\u00e4ndereien und W\u00e4lder. Hier nennen mich die Leute &#8222;<em>mein Herr<\/em>&#8222;.<\/p>\n<p><\/p>\n<p style=\"text-align: justify;\">Nun habe ich endlich Zeit. Zeit zum Malen, aber auch zum Schreiben. Wenn mich die Gicht vom Pinsel abh\u00e4lt, greife ich zur Feder \u2013 sie ist geduldiger.<\/p>\n<p><\/p>\n<p style=\"text-align: justify;\">Darf ich dir zwei Briefstellen vorlesen?<\/p>\n<p><\/p>\n<p style=\"text-align: justify;\"><span style=\"font-size: 16px;\">An meinen guten Freund Peiresc (am 18. Dezember 1634, wieder auf Italienisch):<\/span><\/p>\n<p><\/p>\n<p style=\"text-align: justify;\">Hier nehme ich mir Zeit, Briefe zu schreiben. Die Feder ist etwas geduldiger als der Pinsel, wenn ich einen Gichtanfall bekomme. Darf ich dir zwei Fragmente vorlesen?<\/p>\n<p><\/p>\n<p style=\"text-align: justify;\">An meinen guten Freund Peiresc (am 18. Dezember 1634, wieder auf Italienisch):<\/p>\n<p><\/p>\n<p style=\"padding-left: 40px; text-align: justify;\"><em>&#8222;Jetzt, durch die Gnade Gottes, finde ich Ruhe bei meiner Frau und meinen Kindern, mit keinem anderen Anspruch auf der Welt, als in Frieden zu leben. Ich beschloss zu heiraten, weil ich feststellte, dass ich f\u00fcr die Abstinenz im Z\u00f6libat noch nicht geeignet war &#8230; Ich w\u00e4hlte eine junge Frau aus einer respektablen, wenn auch b\u00fcrgerlichen Familie, obwohl mir alle geraten hatten, mir eine Adlige zu suchen. Aber ich f\u00fcrchtete den Stolz, das allgemeine \u00dcbel der Aristokratie, besonders in diesem Geschlecht, und so zog ich es vor, eine Frau zu haben, die nicht err\u00f6tete, wenn sie mich meinen Pinsel nehmen sah.\u00ab<\/em><\/p>\n<p><\/p>\n<p style=\"text-align: justify;\">Schon vor \u00fcber 10 Jahren, am 5. Juni 1624, wurde ich von unserem K\u00f6nig Philipp IV. geadelt. Sp\u00e4ter, am 16. Juli 1631, machte er mich zum \u201aRitter\u2018. ; K\u00f6nig Charles von England verlieh mir zus\u00e4tchlich am 21. Februar 1630 den Titel \u201aSir\u2018. Deshalb \u2013 siehst du? \u2013 trage ich auf diesem Portr\u00e4t ein Schwert.<\/p>\n<p><\/p>\n<p style=\"text-align: justify;\">Und hier ein zweiter Brief, vom Steen aus am 17. August 1638, adressiert an meinen gesch\u00e4tzten Mitarbeiter Lucas Fayd&#8217;herbe:<\/p>\n<p><\/p>\n<p style=\"text-align: justify; padding-left: 40px;\"><em>Adressiert: &#8222;An Mons.<sup>r<\/sup> Lucas Fedarbe, im Hause von Herrn Pietro Pauolo Rubens, auf dem Wapper. Cito, cito, cito, nach Antwerpen. Post.&#8220;<br \/>\n<\/em><em>Werter und geliebter Lucas,<br \/>\nIch hoffe, dass es Sie noch in Antwerpen erreicht, denn ich brauche dringend eine Tafel mit drei lebensgro\u00dfen Gesichtern darauf, von meiner Hand. .. Sie werden mir einen gro\u00dfen Gefallen tun, wenn Sie dasselbe sofort hierher schicken oder, wenn Sie bereit sind, selbst zu kommen, es mitbringen. &#8230;<br \/>\n<\/em><em>Sehr geehrter Herr Lucas,<br \/>\n<\/em><em>Euer zuvorkommender Freund, Pietro Pauolo Rubens<br \/>\n<\/em><em>Achten Sie beim Verlassen darauf, dass alles gut verschlossen ist und keine Originale oder Skizzen in den oberen Stock der Malerwohnung zur\u00fcckbleiben. Erinnern Sie auch William, den G\u00e4rtner, daran, dass er uns zu gegebener Zeit die Rosilebirnen und die Feigen, falls vorhanden, oder irgendetwas geeignetes aus dem Garten schickt &#8230; <\/em><\/p>\n<p><\/p>\n<p style=\"text-align: justify;\"><strong><span style=\"color: #008000;\">\u00d6stliche Route: Wandern Sie durch das Hopland, vorbei am Neubau des Besucherzentrums am Rubenshaus, biegen Sie links in die <a href=\"https:\/\/rubens-antwerpen.be\/de\/home\/oest\/otto-veniusstraat\/\">Otto-Venius-Stra\u00dfe<\/a> ein. An der Hausnummer 21 befindet sich eine Gedenktafel. <\/span><\/strong><\/p>\n<p><\/p>\n<p style=\"text-align: justify;\"><span style=\"font-family: tahoma, arial, helvetica, sans-serif;\"><em><a href=\"#_ftnref1\" name=\"_ftn1\">[1]<\/a> Umgerechnet ca. 1.250.000 \u20ac.<\/em><\/span><\/p>\n\t\t\t\t\t\t\t\t<\/div>\n\t\t\t\t<\/div>\n\t\t\t\t\t<\/div>\n\t\t\t\t<\/div>\n\t\t\t\t<\/div>\n\t\t","protected":false},"excerpt":{"rendered":"<p>Zeitleiste 1638: Selbstbildnis des \u00e4lteren Rubens Seine 252 erhaltenen Briefe geben uns wertvolle Einblicke in Rubens\u2018 Leben, sowohl als Maler [&hellip;]<\/p>\n","protected":false},"author":1,"featured_media":0,"parent":3330,"menu_order":214,"comment_status":"closed","ping_status":"closed","template":"","meta":{"site-sidebar-layout":"no-sidebar","site-content-layout":"","ast-site-content-layout":"full-width-container","site-content-style":"default","site-sidebar-style":"default","ast-global-header-display":"","ast-banner-title-visibility":"","ast-main-header-display":"","ast-hfb-above-header-display":"","ast-hfb-below-header-display":"","ast-hfb-mobile-header-display":"","site-post-title":"disabled","ast-breadcrumbs-content":"","ast-featured-img":"disabled","footer-sml-layout":"","ast-disable-related-posts":"","theme-transparent-header-meta":"","adv-header-id-meta":"","stick-header-meta":"","header-above-stick-meta":"","header-main-stick-meta":"","header-below-stick-meta":"","astra-migrate-meta-layouts":"default","ast-page-background-enabled":"default","ast-page-background-meta":{"desktop":{"background-color":"var(--ast-global-color-4)","background-image":"","background-repeat":"repeat","background-position":"center center","background-size":"auto","background-attachment":"scroll","background-type":"","background-media":"","overlay-type":"","overlay-color":"","overlay-opacity":"","overlay-gradient":""},"tablet":{"background-color":"","background-image":"","background-repeat":"repeat","background-position":"center center","background-size":"auto","background-attachment":"scroll","background-type":"","background-media":"","overlay-type":"","overlay-color":"","overlay-opacity":"","overlay-gradient":""},"mobile":{"background-color":"","background-image":"","background-repeat":"repeat","background-position":"center center","background-size":"auto","background-attachment":"scroll","background-type":"","background-media":"","overlay-type":"","overlay-color":"","overlay-opacity":"","overlay-gradient":""}},"ast-content-background-meta":{"desktop":{"background-color":"var(--ast-global-color-5)","background-image":"","background-repeat":"repeat","background-position":"center center","background-size":"auto","background-attachment":"scroll","background-type":"","background-media":"","overlay-type":"","overlay-color":"","overlay-opacity":"","overlay-gradient":""},"tablet":{"background-color":"var(--ast-global-color-5)","background-image":"","background-repeat":"repeat","background-position":"center center","background-size":"auto","background-attachment":"scroll","background-type":"","background-media":"","overlay-type":"","overlay-color":"","overlay-opacity":"","overlay-gradient":""},"mobile":{"background-color":"var(--ast-global-color-5)","background-image":"","background-repeat":"repeat","background-position":"center center","background-size":"auto","background-attachment":"scroll","background-type":"","background-media":"","overlay-type":"","overlay-color":"","overlay-opacity":"","overlay-gradient":""}},"footnotes":""},"class_list":["post-3338","page","type-page","status-publish","hentry"],"aioseo_notices":[],"_links":{"self":[{"href":"https:\/\/rubens-antwerpen.be\/de\/wp-json\/wp\/v2\/pages\/3338","targetHints":{"allow":["GET"]}}],"collection":[{"href":"https:\/\/rubens-antwerpen.be\/de\/wp-json\/wp\/v2\/pages"}],"about":[{"href":"https:\/\/rubens-antwerpen.be\/de\/wp-json\/wp\/v2\/types\/page"}],"author":[{"embeddable":true,"href":"https:\/\/rubens-antwerpen.be\/de\/wp-json\/wp\/v2\/users\/1"}],"replies":[{"embeddable":true,"href":"https:\/\/rubens-antwerpen.be\/de\/wp-json\/wp\/v2\/comments?post=3338"}],"version-history":[{"count":6,"href":"https:\/\/rubens-antwerpen.be\/de\/wp-json\/wp\/v2\/pages\/3338\/revisions"}],"predecessor-version":[{"id":5796,"href":"https:\/\/rubens-antwerpen.be\/de\/wp-json\/wp\/v2\/pages\/3338\/revisions\/5796"}],"up":[{"embeddable":true,"href":"https:\/\/rubens-antwerpen.be\/de\/wp-json\/wp\/v2\/pages\/3330"}],"wp:attachment":[{"href":"https:\/\/rubens-antwerpen.be\/de\/wp-json\/wp\/v2\/media?parent=3338"}],"curies":[{"name":"wp","href":"https:\/\/api.w.org\/{rel}","templated":true}]}}