{"id":3340,"date":"2024-06-19T16:00:00","date_gmt":"2024-06-19T14:00:00","guid":{"rendered":"https:\/\/rubens-antwerpen.be\/home\/oest\/otto-veniusstraat\/"},"modified":"2025-07-31T17:02:34","modified_gmt":"2025-07-31T15:02:34","slug":"otto-veniusstraat","status":"publish","type":"page","link":"https:\/\/rubens-antwerpen.be\/de\/home\/oest\/otto-veniusstraat\/","title":{"rendered":"Otto Veniusstraat"},"content":{"rendered":"\t\t<div data-elementor-type=\"wp-page\" data-elementor-id=\"3340\" class=\"elementor elementor-3340 elementor-913\">\n\t\t\t\t<div class=\"elementor-element elementor-element-ad42995 e-flex e-con-boxed e-con e-parent\" data-id=\"ad42995\" data-element_type=\"container\" data-e-type=\"container\">\n\t\t\t\t\t<div class=\"e-con-inner\">\n\t\t\t\t<div class=\"elementor-element elementor-element-dbf73d7 elementor-widget elementor-widget-heading\" data-id=\"dbf73d7\" data-element_type=\"widget\" data-e-type=\"widget\" data-widget_type=\"heading.default\">\n\t\t\t\t<div class=\"elementor-widget-container\">\n\t\t\t\t\t<h2 class=\"elementor-heading-title elementor-size-default\">Otto Veniusstraat<\/h2>\t\t\t\t<\/div>\n\t\t\t\t<\/div>\n\t\t\t\t\t<\/div>\n\t\t\t\t<\/div>\n\t\t<div class=\"elementor-element elementor-element-1198e50 e-flex e-con-boxed e-con e-parent\" data-id=\"1198e50\" data-element_type=\"container\" data-e-type=\"container\">\n\t\t\t\t\t<div class=\"e-con-inner\">\n\t\t\t\t<div class=\"elementor-element elementor-element-e021f41 elementor-widget elementor-widget-text-editor\" data-id=\"e021f41\" data-element_type=\"widget\" data-e-type=\"widget\" data-widget_type=\"text-editor.default\">\n\t\t\t\t<div class=\"elementor-widget-container\">\n\t\t\t\t\t\t\t\t\t<figure id=\"attachment_2120\" aria-describedby=\"caption-attachment-2120\" style=\"width: 240px\" class=\"wp-caption alignleft\"><a href=\"http:\/\/rubens-antwerpen.be\/wp-content\/uploads\/220P-Otto-Veniusstraat.jpg\"><img fetchpriority=\"high\" decoding=\"async\" class=\"wp-image-579 size-medium\" src=\"http:\/\/rubens-antwerpen.be\/wp-content\/uploads\/220P-Otto-Veniusstraat-240x300.jpg\" alt=\"\" width=\"240\" height=\"300\" srcset=\"https:\/\/rubens-antwerpen.be\/wp-content\/uploads\/220P-Otto-Veniusstraat-240x300.jpg 240w, https:\/\/rubens-antwerpen.be\/wp-content\/uploads\/220P-Otto-Veniusstraat-768x960.jpg 768w, https:\/\/rubens-antwerpen.be\/wp-content\/uploads\/220P-Otto-Veniusstraat.jpg 819w\" sizes=\"(max-width: 240px) 100vw, 240px\" \/><\/a><figcaption id=\"caption-attachment-2120\" class=\"wp-caption-text\">Haus von Otto Venius<\/figcaption><\/figure>\n<p style=\"text-align: justify;\"><em>Diese Stra\u00dfe wurde zu Recht nach einem Lehrer von Rubens benannt, der hier sein Atelier betrieb. Aber was ist mit den anderen Lehrern, Mitarbeitern oder Lehrlingen? Haben sie auch eine solche Ehrung erhalten?<\/em><\/p>\n<p><\/p>\n<hr \/>\n<p><\/p>\n<p style=\"text-align: justify;\">Dank ihrer gro\u00dfen Beliebtheit tragen heute ganze Stra\u00dfen ihre Nahmen: Rubens, Van Dyck und Jordaens, wahre Stars ihrer Zeit. Wem sonst wird soviel Ehre zuteil?<\/p>\n<p><\/p>\n<p style=\"text-align: justify;\">Schon 1841 wurde auch Rubens\u2018 wichtigster Lehrer mit einem Stra\u00dfennamen gew\u00fcrdigt, und zwar genau hier, weil sich in dem Haus, genannt \u201aDer Prinz\u2018 (heute Nr. 21 und das Nachbarhaus), einst sein Atelier befand. Die Rede ist von Octavius van Veen, unter Freunde schlicht Otto, von den Romanisten (die K\u00fcnstler, die in Rom gewesen waren) Vaenius genannt.<\/p>\n<p><\/p>\n<p style=\"text-align: justify;\">Van Veen wurde bereist zu Lebzeiten hochgesch\u00e4tzt. Im bereits erw\u00e4hnten \u201a<em>Schilderboek<\/em>\/<em>Buch der Maler<\/em>\u2018 (1604) widmete ihm Carel van Mander eine ausf\u00fchrliche Biografie. Darin beschreibt er Van Veen als einen vielseitig gebildeten Mann: Sohn eines B\u00fcrgermeisters, ein katholischer Intellektueller aus Leiden, gebildet in der Literatur, mit Studienaufenthalten in Italien, und Hofmaler, zuerst in Parma unter Alexander Farnese; sp\u00e4ter am Br\u00fcsseler Hof bei unseren Erzherz\u00f6gen Albrecht und Isabella.<\/p>\n<p><\/p>\n<p style=\"text-align: justify;\">H\u00e4tte Rubens einen besseren Lehrer haben k\u00f6nnen? Er ist Van Veen mehr als einmal f\u00fcr seine Kompositionen zu Dank verpflichtet. Wenn Sie die s\u00fcdliche Route durch die Stadt bereist gegangen sind, erinnern Sie sich an <em>Das Martyrium des Andreas\u2018<\/em> von van Veen. In der Liebfrauenkathedrale werden Sie sehen, wie Rubens mit der monumentalen \u201a<em>Kreuzaufrichtung\u2018<\/em> das Werk seines Lehrers aufgreift und dabei \u00fcbertrifft.<\/p>\n<p><\/p>\n<p style=\"text-align: justify;\"><span style=\"color: #008000;\"><strong>\u00d6stliche Route: am n\u00f6rdlichen Ende der Otto-Venius-Stra\u00dfe, <a href=\"https:\/\/rubens-antwerpen.be\/de\/home\/oest\/de-meir\/\">auf dem Meir-Boulevard<\/a>, befindet sich die Statue von Anthony Van Dyck.<\/strong><\/span><\/p>\n\t\t\t\t\t\t\t\t<\/div>\n\t\t\t\t<\/div>\n\t\t\t\t\t<\/div>\n\t\t\t\t<\/div>\n\t\t\t\t<\/div>\n\t\t","protected":false},"excerpt":{"rendered":"<p>Otto Veniusstraat Diese Stra\u00dfe wurde zu Recht nach einem Lehrer von Rubens benannt, der hier sein Atelier betrieb. Aber was [&hellip;]<\/p>\n","protected":false},"author":1,"featured_media":0,"parent":3327,"menu_order":220,"comment_status":"closed","ping_status":"closed","template":"","meta":{"site-sidebar-layout":"no-sidebar","site-content-layout":"","ast-site-content-layout":"full-width-container","site-content-style":"default","site-sidebar-style":"default","ast-global-header-display":"","ast-banner-title-visibility":"","ast-main-header-display":"","ast-hfb-above-header-display":"","ast-hfb-below-header-display":"","ast-hfb-mobile-header-display":"","site-post-title":"disabled","ast-breadcrumbs-content":"","ast-featured-img":"disabled","footer-sml-layout":"","ast-disable-related-posts":"","theme-transparent-header-meta":"","adv-header-id-meta":"","stick-header-meta":"","header-above-stick-meta":"","header-main-stick-meta":"","header-below-stick-meta":"","astra-migrate-meta-layouts":"default","ast-page-background-enabled":"default","ast-page-background-meta":{"desktop":{"background-color":"var(--ast-global-color-4)","background-image":"","background-repeat":"repeat","background-position":"center center","background-size":"auto","background-attachment":"scroll","background-type":"","background-media":"","overlay-type":"","overlay-color":"","overlay-opacity":"","overlay-gradient":""},"tablet":{"background-color":"","background-image":"","background-repeat":"repeat","background-position":"center center","background-size":"auto","background-attachment":"scroll","background-type":"","background-media":"","overlay-type":"","overlay-color":"","overlay-opacity":"","overlay-gradient":""},"mobile":{"background-color":"","background-image":"","background-repeat":"repeat","background-position":"center center","background-size":"auto","background-attachment":"scroll","background-type":"","background-media":"","overlay-type":"","overlay-color":"","overlay-opacity":"","overlay-gradient":""}},"ast-content-background-meta":{"desktop":{"background-color":"var(--ast-global-color-5)","background-image":"","background-repeat":"repeat","background-position":"center center","background-size":"auto","background-attachment":"scroll","background-type":"","background-media":"","overlay-type":"","overlay-color":"","overlay-opacity":"","overlay-gradient":""},"tablet":{"background-color":"var(--ast-global-color-5)","background-image":"","background-repeat":"repeat","background-position":"center center","background-size":"auto","background-attachment":"scroll","background-type":"","background-media":"","overlay-type":"","overlay-color":"","overlay-opacity":"","overlay-gradient":""},"mobile":{"background-color":"var(--ast-global-color-5)","background-image":"","background-repeat":"repeat","background-position":"center center","background-size":"auto","background-attachment":"scroll","background-type":"","background-media":"","overlay-type":"","overlay-color":"","overlay-opacity":"","overlay-gradient":""}},"footnotes":""},"class_list":["post-3340","page","type-page","status-publish","hentry"],"aioseo_notices":[],"_links":{"self":[{"href":"https:\/\/rubens-antwerpen.be\/de\/wp-json\/wp\/v2\/pages\/3340","targetHints":{"allow":["GET"]}}],"collection":[{"href":"https:\/\/rubens-antwerpen.be\/de\/wp-json\/wp\/v2\/pages"}],"about":[{"href":"https:\/\/rubens-antwerpen.be\/de\/wp-json\/wp\/v2\/types\/page"}],"author":[{"embeddable":true,"href":"https:\/\/rubens-antwerpen.be\/de\/wp-json\/wp\/v2\/users\/1"}],"replies":[{"embeddable":true,"href":"https:\/\/rubens-antwerpen.be\/de\/wp-json\/wp\/v2\/comments?post=3340"}],"version-history":[{"count":6,"href":"https:\/\/rubens-antwerpen.be\/de\/wp-json\/wp\/v2\/pages\/3340\/revisions"}],"predecessor-version":[{"id":5798,"href":"https:\/\/rubens-antwerpen.be\/de\/wp-json\/wp\/v2\/pages\/3340\/revisions\/5798"}],"up":[{"embeddable":true,"href":"https:\/\/rubens-antwerpen.be\/de\/wp-json\/wp\/v2\/pages\/3327"}],"wp:attachment":[{"href":"https:\/\/rubens-antwerpen.be\/de\/wp-json\/wp\/v2\/media?parent=3340"}],"curies":[{"name":"wp","href":"https:\/\/api.w.org\/{rel}","templated":true}]}}