{"id":3342,"date":"2024-06-19T16:00:59","date_gmt":"2024-06-19T14:00:59","guid":{"rendered":"https:\/\/rubens-antwerpen.be\/home\/oest\/de-meir\/"},"modified":"2025-08-09T11:42:07","modified_gmt":"2025-08-09T09:42:07","slug":"de-meir","status":"publish","type":"page","link":"https:\/\/rubens-antwerpen.be\/de\/home\/oest\/de-meir\/","title":{"rendered":"De Meir"},"content":{"rendered":"\t\t<div data-elementor-type=\"wp-page\" data-elementor-id=\"3342\" class=\"elementor elementor-3342 elementor-918\">\n\t\t\t\t<div class=\"elementor-element elementor-element-ad42995 e-flex e-con-boxed e-con e-parent\" data-id=\"ad42995\" data-element_type=\"container\" data-e-type=\"container\">\n\t\t\t\t\t<div class=\"e-con-inner\">\n\t\t\t\t<div class=\"elementor-element elementor-element-dbf73d7 elementor-widget elementor-widget-heading\" data-id=\"dbf73d7\" data-element_type=\"widget\" data-e-type=\"widget\" data-widget_type=\"heading.default\">\n\t\t\t\t<div class=\"elementor-widget-container\">\n\t\t\t\t\t<h2 class=\"elementor-heading-title elementor-size-default\">De Meir: Statue von Anthony van Dyck<\/h2>\t\t\t\t<\/div>\n\t\t\t\t<\/div>\n\t\t\t\t\t<\/div>\n\t\t\t\t<\/div>\n\t\t<div class=\"elementor-element elementor-element-eb755ca e-flex e-con-boxed e-con e-parent\" data-id=\"eb755ca\" data-element_type=\"container\" data-e-type=\"container\">\n\t\t\t\t\t<div class=\"e-con-inner\">\n\t\t\t\t<div class=\"elementor-element elementor-element-cade918 elementor-widget elementor-widget-text-editor\" data-id=\"cade918\" data-element_type=\"widget\" data-e-type=\"widget\" data-widget_type=\"text-editor.default\">\n\t\t\t\t<div class=\"elementor-widget-container\">\n\t\t\t\t\t\t\t\t\t<p><a href=\"http:\/\/rubens-antwerpen.be\/wp-content\/uploads\/230P-Meir.jpg\"><img fetchpriority=\"high\" decoding=\"async\" class=\"alignleft wp-image-582 size-medium\" src=\"http:\/\/rubens-antwerpen.be\/wp-content\/uploads\/230P-Meir-225x300.jpg\" alt=\"\" width=\"225\" height=\"300\" srcset=\"https:\/\/rubens-antwerpen.be\/wp-content\/uploads\/230P-Meir-225x300.jpg 225w, https:\/\/rubens-antwerpen.be\/wp-content\/uploads\/230P-Meir.jpg 767w\" sizes=\"(max-width: 225px) 100vw, 225px\" \/><\/a><\/p>\n<p><em>Ganz im Sinne des bewegten Lebens der dargestellten Person ist auch diese Statue nicht stehen geblieben \u2013 sie ist gereist: nicht so sehr zwischen Italien und England, sondern quer durch Antwerpen.<\/em><\/p>\n<hr \/>\n<p><\/p>\n<p style=\"text-align: justify;\">Anthony Van Dyck steht, \u00fcberlebensgro\u00df, in dieser Fu\u00dfg\u00e4ngerzone \u2013 gekleidet nach der Mode seiner Zeit, gest\u00fctzt sich auf einen ovalen Bilderrahmen und einen B\u00fcndel Zeichenpapier. Bekommt er hier die Anerkennung, die er verdient?<\/p>\n<p><\/p>\n<p style=\"text-align: justify;\">Im weiteren Verlauf unseres Spaziergangs kommen wir auch zur Kunstakademie, heute in der Mutsaardstraat gelegen. Einst stand diese Statue dort, und das mit gutem Grund. Van Dyck hatte seine erste Werkstatt in unmittelbarer N\u00e4he.<\/p>\n<p><\/p>\n<p style=\"text-align: justify;\">Danach leisteten sich Jordaens und van Dyck Gesellschaft auf dem heutigen Franklin Rooseveltplaats. Das Versetzen von Denkm\u00e4lern ist oft eine Folge des zunehmenden Stadtverkehrs \u2013 ob Stra\u00dfenbahnen oder Autos. Nun steht Anthony van Dyck auf der Meir, in Nachbarschaft zum Rubenshaus.<\/p>\n<p><\/p>\n<p style=\"text-align: justify;\">Die Barockmaler des 17. Jahrhunderts wirkten weit \u00fcber die Landesgrenzen hinaus: Studienreisen nach Italien, Auftr\u00e4ge von Landesherren oder F\u00fcrstenh\u00f6fen in Frankreich und England, aber auch von Stadtr\u00e4ten und den Statthaltern der Republik der Vereinigten Niederlande geh\u00f6rten zu ihrem Alltag.<\/p>\n<p><\/p>\n<p style=\"text-align: justify;\">Nur wenige Schritte entfernt k\u00f6nnen Sie David Teniers der J\u00fcngere gr\u00fc\u00dfen, den Gr\u00fcnder der genannten Kunstakademie. Sein Bildnis war auch das erste, das dort im Garten aufgestellt wurde. Mit dieser Institution begann eine neue Form der k\u00fcnstlerischen Ausbildung \u2013 ein klarer Bruch mit dem traditionellen Modell der Werkstatt, in Beziehung zwischen Lehrer und Sch\u00fcler, das bis dahin von der Lukasgilde gepr\u00e4gt war.<\/p>\n<p><\/p>\n<p style=\"text-align: justify;\">Alle diese Denkm\u00e4ler stammen aus der zweiten H\u00e4lfte des 19. Jahrhunderts, der Zeit der Romantik also, die sich gern auf eine glanzvolle Vergangenheit besann. Und noch heute noch bestimmt diese r\u00fcckblickende Sicht unser popul\u00e4res Bild dieser Epoche.<\/p>\n<p><\/p>\n<p style=\"text-align: justify;\"><span style=\"color: #008000;\"><strong>\u00d6stliche Route: gehen Sie die Meir hinauf, bis Sie rechts in die Eikstraat abbiegen.<br \/>\nSie gehen den Weg, den Rubens von zu Hause zu seiner Pfarrkirche <a href=\"https:\/\/rubens-antwerpen.be\/de\/home\/oest\/st-jakobskirche\/\">Sankt Jakobus<\/a> nahm.<br \/>\nWenn dieser Eingang noch geschlossen ist, biegen Sie links in die Lange Nieuwstraat und rechts in die Sint-Jacobsstraat ab, vor dem Haupteingang (unter Vorbehalt von Restaurierungsarbeiten). <\/strong><\/span><\/p>\n\t\t\t\t\t\t\t\t<\/div>\n\t\t\t\t<\/div>\n\t\t\t\t\t<\/div>\n\t\t\t\t<\/div>\n\t\t\t\t<\/div>\n\t\t","protected":false},"excerpt":{"rendered":"<p>De Meir: Statue von Anthony van Dyck Ganz im Sinne des bewegten Lebens der dargestellten Person ist auch diese Statue [&hellip;]<\/p>\n","protected":false},"author":1,"featured_media":0,"parent":3327,"menu_order":230,"comment_status":"closed","ping_status":"closed","template":"","meta":{"site-sidebar-layout":"no-sidebar","site-content-layout":"","ast-site-content-layout":"full-width-container","site-content-style":"default","site-sidebar-style":"default","ast-global-header-display":"","ast-banner-title-visibility":"","ast-main-header-display":"","ast-hfb-above-header-display":"","ast-hfb-below-header-display":"","ast-hfb-mobile-header-display":"","site-post-title":"disabled","ast-breadcrumbs-content":"","ast-featured-img":"disabled","footer-sml-layout":"","ast-disable-related-posts":"","theme-transparent-header-meta":"","adv-header-id-meta":"","stick-header-meta":"","header-above-stick-meta":"","header-main-stick-meta":"","header-below-stick-meta":"","astra-migrate-meta-layouts":"default","ast-page-background-enabled":"default","ast-page-background-meta":{"desktop":{"background-color":"var(--ast-global-color-4)","background-image":"","background-repeat":"repeat","background-position":"center center","background-size":"auto","background-attachment":"scroll","background-type":"","background-media":"","overlay-type":"","overlay-color":"","overlay-opacity":"","overlay-gradient":""},"tablet":{"background-color":"","background-image":"","background-repeat":"repeat","background-position":"center center","background-size":"auto","background-attachment":"scroll","background-type":"","background-media":"","overlay-type":"","overlay-color":"","overlay-opacity":"","overlay-gradient":""},"mobile":{"background-color":"","background-image":"","background-repeat":"repeat","background-position":"center center","background-size":"auto","background-attachment":"scroll","background-type":"","background-media":"","overlay-type":"","overlay-color":"","overlay-opacity":"","overlay-gradient":""}},"ast-content-background-meta":{"desktop":{"background-color":"var(--ast-global-color-5)","background-image":"","background-repeat":"repeat","background-position":"center center","background-size":"auto","background-attachment":"scroll","background-type":"","background-media":"","overlay-type":"","overlay-color":"","overlay-opacity":"","overlay-gradient":""},"tablet":{"background-color":"var(--ast-global-color-5)","background-image":"","background-repeat":"repeat","background-position":"center center","background-size":"auto","background-attachment":"scroll","background-type":"","background-media":"","overlay-type":"","overlay-color":"","overlay-opacity":"","overlay-gradient":""},"mobile":{"background-color":"var(--ast-global-color-5)","background-image":"","background-repeat":"repeat","background-position":"center center","background-size":"auto","background-attachment":"scroll","background-type":"","background-media":"","overlay-type":"","overlay-color":"","overlay-opacity":"","overlay-gradient":""}},"footnotes":""},"class_list":["post-3342","page","type-page","status-publish","hentry"],"aioseo_notices":[],"_links":{"self":[{"href":"https:\/\/rubens-antwerpen.be\/de\/wp-json\/wp\/v2\/pages\/3342","targetHints":{"allow":["GET"]}}],"collection":[{"href":"https:\/\/rubens-antwerpen.be\/de\/wp-json\/wp\/v2\/pages"}],"about":[{"href":"https:\/\/rubens-antwerpen.be\/de\/wp-json\/wp\/v2\/types\/page"}],"author":[{"embeddable":true,"href":"https:\/\/rubens-antwerpen.be\/de\/wp-json\/wp\/v2\/users\/1"}],"replies":[{"embeddable":true,"href":"https:\/\/rubens-antwerpen.be\/de\/wp-json\/wp\/v2\/comments?post=3342"}],"version-history":[{"count":10,"href":"https:\/\/rubens-antwerpen.be\/de\/wp-json\/wp\/v2\/pages\/3342\/revisions"}],"predecessor-version":[{"id":6119,"href":"https:\/\/rubens-antwerpen.be\/de\/wp-json\/wp\/v2\/pages\/3342\/revisions\/6119"}],"up":[{"embeddable":true,"href":"https:\/\/rubens-antwerpen.be\/de\/wp-json\/wp\/v2\/pages\/3327"}],"wp:attachment":[{"href":"https:\/\/rubens-antwerpen.be\/de\/wp-json\/wp\/v2\/media?parent=3342"}],"curies":[{"name":"wp","href":"https:\/\/api.w.org\/{rel}","templated":true}]}}