{"id":3344,"date":"2024-06-19T16:02:39","date_gmt":"2024-06-19T14:02:39","guid":{"rendered":"https:\/\/rubens-antwerpen.be\/home\/oest\/beginenhof-kirche\/"},"modified":"2025-08-09T11:43:47","modified_gmt":"2025-08-09T09:43:47","slug":"beginenhof-kirche","status":"publish","type":"page","link":"https:\/\/rubens-antwerpen.be\/de\/home\/oest\/beginenhof-kirche\/","title":{"rendered":"Beginenhof Kirche"},"content":{"rendered":"\t\t<div data-elementor-type=\"wp-page\" data-elementor-id=\"3344\" class=\"elementor elementor-3344 elementor-928\">\n\t\t\t\t<div class=\"elementor-element elementor-element-ad42995 e-flex e-con-boxed e-con e-parent\" data-id=\"ad42995\" data-element_type=\"container\" data-e-type=\"container\">\n\t\t\t\t\t<div class=\"e-con-inner\">\n\t\t\t\t<div class=\"elementor-element elementor-element-dbf73d7 elementor-widget elementor-widget-heading\" data-id=\"dbf73d7\" data-element_type=\"widget\" data-e-type=\"widget\" data-widget_type=\"heading.default\">\n\t\t\t\t<div class=\"elementor-widget-container\">\n\t\t\t\t\t<h2 class=\"elementor-heading-title elementor-size-default\">Rodestraat: Beginenhofkirche<\/h2>\t\t\t\t<\/div>\n\t\t\t\t<\/div>\n\t\t\t\t\t<\/div>\n\t\t\t\t<\/div>\n\t\t<div class=\"elementor-element elementor-element-4aa77b2 e-flex e-con-boxed e-con e-parent\" data-id=\"4aa77b2\" data-element_type=\"container\" data-e-type=\"container\">\n\t\t\t\t\t<div class=\"e-con-inner\">\n\t\t\t\t<div class=\"elementor-element elementor-element-0efb098 elementor-widget elementor-widget-text-editor\" data-id=\"0efb098\" data-element_type=\"widget\" data-e-type=\"widget\" data-widget_type=\"text-editor.default\">\n\t\t\t\t<div class=\"elementor-widget-container\">\n\t\t\t\t\t\t\t\t\t<p style=\"text-align: justify;\"><span style=\"color: #008000;\"><strong>\u00d6stliche Route: im Garten des Beginenhofs befindet sich die Beginenhofkirche, die der Heiligen Katharina geweiht ist.<\/strong><\/span><\/p>\n\t\t\t\t\t\t\t\t<\/div>\n\t\t\t\t<\/div>\n\t\t\t\t<div class=\"elementor-element elementor-element-1e7e04e elementor-widget elementor-widget-text-editor\" data-id=\"1e7e04e\" data-element_type=\"widget\" data-e-type=\"widget\" data-widget_type=\"text-editor.default\">\n\t\t\t\t<div class=\"elementor-widget-container\">\n\t\t\t\t\t\t\t\t\t<p><img fetchpriority=\"high\" decoding=\"async\" class=\"alignleft wp-image-588 size-medium\" src=\"http:\/\/rubens-antwerpen.be\/wp-content\/uploads\/250P-Begijnhofkerk-214x300.jpeg\" alt=\"\" width=\"300\" height=\"169\" \/><\/p>\n<p style=\"text-align: justify;\"><em>In seinem Testament vom 8. M\u00e4rz 1628 \u00e4u\u00dferte Anthony van Dyck den Wunsch, in dieser Beginenhofkirche begraben zu werden. Aber seine sp\u00e4tere Karriere am englischen Hof sollte anders entscheiden. <\/em><\/p>\n<p><\/p>\n<hr \/>\n<p><\/p>\n<p style=\"text-align: justify;\">Dies ist ein exquisiter Ort, um die Stille mitten in Antwerpen zu erleben. In unmittelbarer N\u00e4he zu den Einkaufsstra\u00dfen, regem Verkehr und dem lebendigen Studentenviertel l\u00e4dt der Beginenhof zum Entspannen ein.<\/p>\n<p><\/p>\n<p style=\"text-align: justify;\">Die Beginen waren unverheiratete fromme katholische Frauen, jedoch keine Nonnen: sie legten keine ewigen Gel\u00fcbde ab. Beginen waren im Gesundheitswesen, in der Bildung und der Textilproduktion t\u00e4tig. Sie lebten in Gemeinschaft, doch viele konnten sich ein eigenes Haus leisten. Deshalb wirkt der gesamte Komplex wie ein Dorf inmitten der Stadt; Beginenh\u00f6fe sind eine Besonderheit der Niederlande.<\/p>\n<p><\/p>\n<p style=\"text-align: justify;\">Dank unserer fl\u00e4mischen Meister verdienen diese Geb\u00e4ude es, aus dem Schatten geholt zu werden, und zwar aus zwei Gr\u00fcnden: einem k\u00fcnstlerischen und einem famili\u00e4ren. Viele dieser Frauen waren n\u00e4mlich Familie unserer fl\u00e4mischen Meister.<\/p>\n<p><\/p>\n<p style=\"text-align: justify;\">In der Beginenhofkirche begegnen Sie zun\u00e4chst dem Lehrer Adam Van Noort gegen\u00fcber seinem Sch\u00fcler Jacob Jordaens. Wenn auch nicht auf den ersten Blick, denn Ihre Werke sind kaum sichtbar, und eines davon befindet sich in schlechtem Zustand!<\/p>\n<p><\/p>\n<p style=\"text-align: justify;\"><em>\u201aDie Verspottung Christi\u2018<\/em> wird Adam Van Noort zugeschrieben, ist jedoch undatiert. Das Werk war urspr\u00fcnglich f\u00fcr die fr\u00fchere Beginenhofkirche bestimmt, die viel gr\u00f6\u00dfer war. Die Holzpaneele haben sich gel\u00f6st und die Farbschichten wurden notd\u00fcrftig mit japanischem Reispapier gesichert.<\/p>\n<p><\/p>\n<p style=\"text-align: justify;\">Die \u201a<em>Piet\u00e0<\/em>\u2018 oder \u201a<em>Klage Christi\u2018<\/em> stammt von Jordaens und entstand im Jahr 1650. Es handelt sich um eine kleinere Variante seines Themas \u201a<em>Waschung und Salbung Christi\u2018<\/em>. Der Leichnam Jesu liegt in den Armen Mariens und ist von drei Frauen und drei frommen M\u00e4nnern umgeben.<\/p>\n<p><\/p>\n<p style=\"text-align: justify;\">Jordaens Schwestern Magdalena [+1667] und Elisabeth [+1646] waren selbst Beginen und lebten bis zu einem Pestausbruch im Jahr 1645 im Antwerpener Beginenhof. Wie h\u00e4tten sie sich wohl gef\u00fchlt, wenn sie gewusst h\u00e4tten, dass ihr Bruder, ihre Schw\u00e4gerin und ihre Nichten bereits zum Calvinismus konvertiert waren?<\/p>\n<p><\/p>\n<p style=\"text-align: justify;\">Eine weitere \u201a<em>Klage Christi<\/em>\u2018 von Van Dyck schm\u00fcckte einst den Hochaltar der fr\u00fcheren Beginenhofkirche, zusammen mit vielen anderen Gem\u00e4lden Antwerpener Meister. Heute befindet es sich ebenfalls in der Sammlung des KMSKA.<\/p>\n<p><\/p>\n<p style=\"text-align: justify;\">Anthony hatte mindestens zwei, vermutlich sogar drei (unverheiratete) Schwestern, die als Beginen lebten: Cornelia (+ 1627), Suzanna (+1664, Datum ihres Testaments) und Elisabeth (+ 1658), die jung starb. Diese frommen Damen waren keineswegs von der Au\u00dfenwelt abgeschottet \u2013 im Gegenteil: Van Dyck verlie\u00df sich in gesch\u00e4ftlichen Angelegenheiten auf sie, wenn er sich im Ausland aufhielt.<\/p>\n<p><\/p>\n<p style=\"text-align: justify;\">Die Liebesgeschichten Van Dycks bleiben im Dunklen oder sind bestenfalls in literarischer Form \u00fcberliefert. Ludo Van de Wijgaert beschreibt in seiner stark romantisierten Biografie des Malers unter dem niederl\u00e4ndischen Titel &#8222;<em>Die Cierlycke\/der Zierliche<\/em>&#8220; das Liebesleben van Dycks. Dort hei\u00dft es, der Maler habe nicht nur die H\u00e4nde und Augen seiner weiblichen Modelle gek\u00fcsst.<\/p>\n<p><\/p>\n<p style=\"text-align: justify;\">Historisch belegt ist, dass Anthony in London eine katholische Hofdame der englischen K\u00f6nigin heiratete: Mary Ruthven, eine Nachfahrin eines schottischen Adelsgeschlechts. Ihre gemeinsame Tochter, Justiniana, wurde am 1. Dezember 1641 geboren, nur acht Tage vor dem Tod ihres Vaters.<\/p>\n<p><\/p>\n<p style=\"text-align: justify;\">Als Erwachsene besuchte diese Justiniana zusammen mit ihrem Ehemann, Sir John Baptist Stepney, das Haus \u201aDer Kalvarienberg\u2018 im Antwerpener Beginenhof. Bei diesem Besuch konvertierten beide zum Katholizismus, lie\u00dfen sich am 19. August 1660 in der nahe gelegenen Sankt Jakobskirche erneut taufen und heiraten zum zweiten Mal, nun jedoch nach katholischem Ritus. Justiniana schenkte ihrer Tante, der Begine, ein eigenes Gem\u00e4lde.<\/p>\n<p><\/p>\n<p style=\"text-align: justify;\">Fest steht auch, dass der kultivierter Dandy Anthony in Antwerpen eine uneheliche Tochter hatte, Maria Theresia, geboren um 1621. Sie wurde von ihrer Tante, der Begine Suzanna, aufgezogen. Van Dyck verga\u00df sie nie und vermachte ihr in seinem Testament 15.090 Gulden (mindestens 200.000 Euro in heutiger W\u00e4hrung).<\/p>\n<p><\/p>\n<p style=\"padding-left: 40px; text-align: justify;\"><em>&#8222;Meine junge Tochter namens Maria Theresia [und] meine rechtm\u00e4\u00dfige Tochter, die hier in London geboren wurde &#8230;&#8220; (Zitat auf Englisch)<\/em><\/p>\n<p><\/p>\n<p style=\"text-align: justify;\">Diese Maria Theresia heiratete zwischen 1641 und 1654 den Vogt von Boechout, Gabri\u00ebl Essers; seine Verwandten hatten ihren Grabstein urspr\u00fcnglich in der Abtei St. Michael, aber heute finden Sie ihn in der Kathedrale.<\/p>\n<p><\/p>\n<p style=\"text-align: justify;\">Wir k\u00f6nnen daraus schlie\u00dfen, dass mehrere weibliche Verwandte der gro\u00dfen Antwerpener Maler im Beginenhof lebten. Und das muss bei vielen der gro\u00dfen Familien in Antwerpen der Fall gewesen sein, darunter Angeh\u00f6rige wie Maria, eine Schwester von Frans Snijders, Susanna, eine Tochter von Cornelis de Vos, eine Verwandte von Jan Boeckhorst. Tochter Catharina Jordaens lebte als \u201ageistliche Tochter\u2018 in einem Laienkloster.<\/p>\n<p><\/p>\n<p style=\"text-align: justify;\"><span style=\"color: #008000;\"><strong>Am Ende dieser Route geht es weiter auf der <a href=\"https:\/\/rubens-antwerpen.be\/de\/home\/noerd\/\">n\u00f6rdlichen Route<\/a>.<br \/>\nKehren Sie zum Ossenmarkt zur\u00fcck und gehen Sie durch die Pieter van Hobokenstraat zur Prinsstraat.<br \/>\nVorbei am Universit\u00e4tscampus, biegen Sie links in die Koningstraat und rechts in die Keizerstraat bis zur Hausnummer 10 ein. <\/strong><\/span><\/p>\n\t\t\t\t\t\t\t\t<\/div>\n\t\t\t\t<\/div>\n\t\t\t\t\t<\/div>\n\t\t\t\t<\/div>\n\t\t\t\t<\/div>\n\t\t","protected":false},"excerpt":{"rendered":"<p>Rodestraat: Beginenhofkirche \u00d6stliche Route: im Garten des Beginenhofs befindet sich die Beginenhofkirche, die der Heiligen Katharina geweiht ist. In seinem [&hellip;]<\/p>\n","protected":false},"author":1,"featured_media":0,"parent":3327,"menu_order":250,"comment_status":"closed","ping_status":"closed","template":"","meta":{"site-sidebar-layout":"no-sidebar","site-content-layout":"","ast-site-content-layout":"full-width-container","site-content-style":"default","site-sidebar-style":"default","ast-global-header-display":"","ast-banner-title-visibility":"","ast-main-header-display":"","ast-hfb-above-header-display":"","ast-hfb-below-header-display":"","ast-hfb-mobile-header-display":"","site-post-title":"disabled","ast-breadcrumbs-content":"","ast-featured-img":"disabled","footer-sml-layout":"","ast-disable-related-posts":"","theme-transparent-header-meta":"","adv-header-id-meta":"","stick-header-meta":"","header-above-stick-meta":"","header-main-stick-meta":"","header-below-stick-meta":"","astra-migrate-meta-layouts":"default","ast-page-background-enabled":"default","ast-page-background-meta":{"desktop":{"background-color":"var(--ast-global-color-4)","background-image":"","background-repeat":"repeat","background-position":"center center","background-size":"auto","background-attachment":"scroll","background-type":"","background-media":"","overlay-type":"","overlay-color":"","overlay-opacity":"","overlay-gradient":""},"tablet":{"background-color":"","background-image":"","background-repeat":"repeat","background-position":"center center","background-size":"auto","background-attachment":"scroll","background-type":"","background-media":"","overlay-type":"","overlay-color":"","overlay-opacity":"","overlay-gradient":""},"mobile":{"background-color":"","background-image":"","background-repeat":"repeat","background-position":"center center","background-size":"auto","background-attachment":"scroll","background-type":"","background-media":"","overlay-type":"","overlay-color":"","overlay-opacity":"","overlay-gradient":""}},"ast-content-background-meta":{"desktop":{"background-color":"var(--ast-global-color-5)","background-image":"","background-repeat":"repeat","background-position":"center center","background-size":"auto","background-attachment":"scroll","background-type":"","background-media":"","overlay-type":"","overlay-color":"","overlay-opacity":"","overlay-gradient":""},"tablet":{"background-color":"var(--ast-global-color-5)","background-image":"","background-repeat":"repeat","background-position":"center center","background-size":"auto","background-attachment":"scroll","background-type":"","background-media":"","overlay-type":"","overlay-color":"","overlay-opacity":"","overlay-gradient":""},"mobile":{"background-color":"var(--ast-global-color-5)","background-image":"","background-repeat":"repeat","background-position":"center center","background-size":"auto","background-attachment":"scroll","background-type":"","background-media":"","overlay-type":"","overlay-color":"","overlay-opacity":"","overlay-gradient":""}},"footnotes":""},"class_list":["post-3344","page","type-page","status-publish","hentry"],"aioseo_notices":[],"_links":{"self":[{"href":"https:\/\/rubens-antwerpen.be\/de\/wp-json\/wp\/v2\/pages\/3344","targetHints":{"allow":["GET"]}}],"collection":[{"href":"https:\/\/rubens-antwerpen.be\/de\/wp-json\/wp\/v2\/pages"}],"about":[{"href":"https:\/\/rubens-antwerpen.be\/de\/wp-json\/wp\/v2\/types\/page"}],"author":[{"embeddable":true,"href":"https:\/\/rubens-antwerpen.be\/de\/wp-json\/wp\/v2\/users\/1"}],"replies":[{"embeddable":true,"href":"https:\/\/rubens-antwerpen.be\/de\/wp-json\/wp\/v2\/comments?post=3344"}],"version-history":[{"count":10,"href":"https:\/\/rubens-antwerpen.be\/de\/wp-json\/wp\/v2\/pages\/3344\/revisions"}],"predecessor-version":[{"id":6121,"href":"https:\/\/rubens-antwerpen.be\/de\/wp-json\/wp\/v2\/pages\/3344\/revisions\/6121"}],"up":[{"embeddable":true,"href":"https:\/\/rubens-antwerpen.be\/de\/wp-json\/wp\/v2\/pages\/3327"}],"wp:attachment":[{"href":"https:\/\/rubens-antwerpen.be\/de\/wp-json\/wp\/v2\/media?parent=3344"}],"curies":[{"name":"wp","href":"https:\/\/api.w.org\/{rel}","templated":true}]}}