{"id":3348,"date":"2024-06-19T16:01:56","date_gmt":"2024-06-19T14:01:56","guid":{"rendered":"https:\/\/rubens-antwerpen.be\/home\/oest\/st-jakobskirche\/"},"modified":"2025-07-31T17:10:28","modified_gmt":"2025-07-31T15:10:28","slug":"st-jakobskirche","status":"publish","type":"page","link":"https:\/\/rubens-antwerpen.be\/de\/home\/oest\/st-jakobskirche\/","title":{"rendered":"St. Jakobskirche"},"content":{"rendered":"\t\t<div data-elementor-type=\"wp-page\" data-elementor-id=\"3348\" class=\"elementor elementor-3348 elementor-923\">\n\t\t\t\t<div class=\"elementor-element elementor-element-ad42995 e-flex e-con-boxed e-con e-parent\" data-id=\"ad42995\" data-element_type=\"container\" data-e-type=\"container\">\n\t\t\t\t\t<div class=\"e-con-inner\">\n\t\t\t\t<div class=\"elementor-element elementor-element-dbf73d7 elementor-widget elementor-widget-heading\" data-id=\"dbf73d7\" data-element_type=\"widget\" data-e-type=\"widget\" data-widget_type=\"heading.default\">\n\t\t\t\t<div class=\"elementor-widget-container\">\n\t\t\t\t\t<h2 class=\"elementor-heading-title elementor-size-default\">Sint-Jacobstraat: Sankt-Jakobs-Kirche<\/h2>\t\t\t\t<\/div>\n\t\t\t\t<\/div>\n\t\t\t\t\t<\/div>\n\t\t\t\t<\/div>\n\t\t<div class=\"elementor-element elementor-element-cd43e8c e-flex e-con-boxed e-con e-parent\" data-id=\"cd43e8c\" data-element_type=\"container\" data-e-type=\"container\">\n\t\t\t\t\t<div class=\"e-con-inner\">\n\t\t\t\t<div class=\"elementor-element elementor-element-f252bad elementor-widget elementor-widget-text-editor\" data-id=\"f252bad\" data-element_type=\"widget\" data-e-type=\"widget\" data-widget_type=\"text-editor.default\">\n\t\t\t\t<div class=\"elementor-widget-container\">\n\t\t\t\t\t\t\t\t\t<ul>\n<li style=\"text-align: justify;\">\n<figure id=\"attachment_2138\" aria-describedby=\"caption-attachment-2138\" style=\"width: 200px\" class=\"wp-caption alignleft\"><a href=\"http:\/\/rubens-antwerpen.be\/wp-content\/uploads\/240P-Sint-Jacobskerk.jpg\"><img fetchpriority=\"high\" decoding=\"async\" class=\"wp-image-585 size-medium\" src=\"http:\/\/rubens-antwerpen.be\/wp-content\/uploads\/240P-Sint-Jacobskerk-200x300.jpg\" alt=\"\" width=\"200\" height=\"300\" srcset=\"https:\/\/rubens-antwerpen.be\/wp-content\/uploads\/240P-Sint-Jacobskerk-200x300.jpg 200w, https:\/\/rubens-antwerpen.be\/wp-content\/uploads\/240P-Sint-Jacobskerk.jpg 682w\" sizes=\"(max-width: 200px) 100vw, 200px\" \/><\/a><figcaption id=\"caption-attachment-2138\" class=\"wp-caption-text\">St. Jakobskirche<br \/>Grabkapelle von P.P. Rubens<\/figcaption><\/figure>\n<p style=\"text-align: justify;\"><span style=\"color: #008000;\"><strong>Folge: Kapelle mit Grabmal von Peter Paul Rubens (vorl\u00e4ufig online)<\/strong><\/span><\/p>\n<\/li>\n<li style=\"text-align: justify;\"><strong><a href=\"https:\/\/topa.be\/en\/sint-jacob\/beschrijving\/grafkapellen\/\" target=\"_blank\" rel=\"noopener\">https:\/\/topa.be\/en\/sint-jacob\/beschrijving\/grafkapellen\/<\/a><span style=\"color: #008000;\">&gt; Grabkapelle der Familie Rubens<\/span><\/strong><\/li>\n<\/ul>\n<hr \/>\n<p><\/p>\n<p style=\"text-align: justify;\"><em>Im Jahr 2021 organisierte das K\u00f6nigliche Institut f\u00fcr Kulturerbe eine neue Initiative eine \u00f6ffentliche Umfrage. Fast 12.000 Menschen konnten dabei ihr Lieblingsrestaurierungsprojekt w\u00e4hlen. Die Grabkapelle von Rubens gewann den Wettbewerb.<\/em><\/p>\n<p><\/p>\n<p style=\"text-align: justify;\">Wenn Sie den Weg hineinfinden, erleben Sie eine gro\u00dfe \u00dcberraschung! Die Hektik der Stadt weicht sofort einem Gef\u00fchl der Ruhe. Trotz ihrer beeindruckenden Dimensionen wirken H\u00f6he und Breite harmonisch aufeinander abgestimmt. Wer daf\u00fcr ein Gesp\u00fcr hat, wird sich eher in die H\u00f6he getragen als erdr\u00fcckt f\u00fchlen.<\/p>\n<p><\/p>\n<p style=\"text-align: justify;\">Sobald die Jakobskirche und die Rubenskapelle wieder vollst\u00e4ndig zug\u00e4nglich sind, werden wir diesen bedeutenden Ort in unser Wanderprogramm aufnehmen. Bis dahin k\u00f6nnen Sie Rubens\u2018 \u201a<em>Madonna umgeben von den Heiligen\u2018<\/em> online betrachten.<\/p>\n<p><\/p>\n<p style=\"text-align: justify;\">Da Rubens Haus am Wapper lag, war diese seine Pfarrkirche geworden: das j\u00fcngste Kind, das er mit Isabella Brant hatte, sowie die f\u00fcnf Kinder aus seiner zweiten Ehe wurden hier getauft. Das Taufbecken aus dem Jahr 1624 ist somit ein authentisches Objekt aus Rubens\u2018 Zeit!<\/p>\n<p><\/p>\n<p style=\"text-align: justify;\">Die Familie blieb auch \u00fcber den Tod hinaus miteinander verbunden: Helena Fourment, die 1673 im Alter von 59 Jahren &#8222;<em>an einer langen und ungl\u00fccklichen Krankheit<\/em>&#8220; (im franz\u00f6sischen Original &#8222;<em>par une longue et f\u00e2cheuse maladie<\/em>&#8222;) starb, wurde in der Grabkapelle von Peter Paul beigesetzt &#8211; nicht bei ihrem zweiten Ehemann. Ihre Tochter Clara Johanna folgte 1689 in dieses Grab und so deren Mann im Jahr 1699.<\/p>\n<p><\/p>\n<p style=\"text-align: justify;\">Im s\u00fcdlichen Seitenschiff, an der Wand der schweren S\u00e4ule unter dem Turm, finden Sie auch das Ehepaar Hendrick van Balen, Lehrer von Anthony van Dyck, und seine Frau Margaretha Briers. Sie ruhen unter van Balens eigenem Gem\u00e4lde \u201a<em>Die Auferstehung Christi\u2018<\/em>.<\/p>\n<p><\/p>\n<hr \/>\n<p><\/p>\n<p style=\"text-align: justify;\">Jordaens&#8216; Gem\u00e4lde \u201a<em>Die Berufung des Petrus<\/em>\u2018 ist vor\u00fcbergehend im Snijders-Rockox-Haus auf unserer Nordroute zu sehen.<\/p>\n<p><\/p>\n<hr \/>\n<p><\/p>\n<p style=\"text-align: justify;\"><span style=\"color: #008000;\"><strong>Die \u00f6stliche Route geht weiter: verlassen Sie die Jakobskirche, biegen Sie rechts ab und gehen Sie rechts \u00fcber den Sint-Jacobsmarkt, bis Sie links in die Korte Sint-Annastraat einbiegen. Quer durch das Studentenviertel spazieren Sie \u00fcber den Ossenmarkt zur Rodestraat, zum Eingang des <a href=\"https:\/\/rubens-antwerpen.be\/de\/home\/oest\/beginenhof-kirche\/\">Antwerpener Beginenhofs<\/a>. <\/strong><\/span><\/p>\n\t\t\t\t\t\t\t\t<\/div>\n\t\t\t\t<\/div>\n\t\t\t\t\t<\/div>\n\t\t\t\t<\/div>\n\t\t\t\t<\/div>\n\t\t","protected":false},"excerpt":{"rendered":"<p>Sint-Jacobstraat: Sankt-Jakobs-Kirche Folge: Kapelle mit Grabmal von Peter Paul Rubens (vorl\u00e4ufig online) https:\/\/topa.be\/en\/sint-jacob\/beschrijving\/grafkapellen\/&gt; Grabkapelle der Familie Rubens Im Jahr 2021 [&hellip;]<\/p>\n","protected":false},"author":1,"featured_media":0,"parent":3327,"menu_order":240,"comment_status":"closed","ping_status":"closed","template":"","meta":{"site-sidebar-layout":"no-sidebar","site-content-layout":"","ast-site-content-layout":"full-width-container","site-content-style":"default","site-sidebar-style":"default","ast-global-header-display":"","ast-banner-title-visibility":"","ast-main-header-display":"","ast-hfb-above-header-display":"","ast-hfb-below-header-display":"","ast-hfb-mobile-header-display":"","site-post-title":"disabled","ast-breadcrumbs-content":"","ast-featured-img":"disabled","footer-sml-layout":"","ast-disable-related-posts":"","theme-transparent-header-meta":"","adv-header-id-meta":"","stick-header-meta":"","header-above-stick-meta":"","header-main-stick-meta":"","header-below-stick-meta":"","astra-migrate-meta-layouts":"default","ast-page-background-enabled":"default","ast-page-background-meta":{"desktop":{"background-color":"var(--ast-global-color-4)","background-image":"","background-repeat":"repeat","background-position":"center center","background-size":"auto","background-attachment":"scroll","background-type":"","background-media":"","overlay-type":"","overlay-color":"","overlay-opacity":"","overlay-gradient":""},"tablet":{"background-color":"","background-image":"","background-repeat":"repeat","background-position":"center center","background-size":"auto","background-attachment":"scroll","background-type":"","background-media":"","overlay-type":"","overlay-color":"","overlay-opacity":"","overlay-gradient":""},"mobile":{"background-color":"","background-image":"","background-repeat":"repeat","background-position":"center center","background-size":"auto","background-attachment":"scroll","background-type":"","background-media":"","overlay-type":"","overlay-color":"","overlay-opacity":"","overlay-gradient":""}},"ast-content-background-meta":{"desktop":{"background-color":"var(--ast-global-color-5)","background-image":"","background-repeat":"repeat","background-position":"center center","background-size":"auto","background-attachment":"scroll","background-type":"","background-media":"","overlay-type":"","overlay-color":"","overlay-opacity":"","overlay-gradient":""},"tablet":{"background-color":"var(--ast-global-color-5)","background-image":"","background-repeat":"repeat","background-position":"center center","background-size":"auto","background-attachment":"scroll","background-type":"","background-media":"","overlay-type":"","overlay-color":"","overlay-opacity":"","overlay-gradient":""},"mobile":{"background-color":"var(--ast-global-color-5)","background-image":"","background-repeat":"repeat","background-position":"center center","background-size":"auto","background-attachment":"scroll","background-type":"","background-media":"","overlay-type":"","overlay-color":"","overlay-opacity":"","overlay-gradient":""}},"footnotes":""},"class_list":["post-3348","page","type-page","status-publish","hentry"],"aioseo_notices":[],"_links":{"self":[{"href":"https:\/\/rubens-antwerpen.be\/de\/wp-json\/wp\/v2\/pages\/3348","targetHints":{"allow":["GET"]}}],"collection":[{"href":"https:\/\/rubens-antwerpen.be\/de\/wp-json\/wp\/v2\/pages"}],"about":[{"href":"https:\/\/rubens-antwerpen.be\/de\/wp-json\/wp\/v2\/types\/page"}],"author":[{"embeddable":true,"href":"https:\/\/rubens-antwerpen.be\/de\/wp-json\/wp\/v2\/users\/1"}],"replies":[{"embeddable":true,"href":"https:\/\/rubens-antwerpen.be\/de\/wp-json\/wp\/v2\/comments?post=3348"}],"version-history":[{"count":6,"href":"https:\/\/rubens-antwerpen.be\/de\/wp-json\/wp\/v2\/pages\/3348\/revisions"}],"predecessor-version":[{"id":5802,"href":"https:\/\/rubens-antwerpen.be\/de\/wp-json\/wp\/v2\/pages\/3348\/revisions\/5802"}],"up":[{"embeddable":true,"href":"https:\/\/rubens-antwerpen.be\/de\/wp-json\/wp\/v2\/pages\/3327"}],"wp:attachment":[{"href":"https:\/\/rubens-antwerpen.be\/de\/wp-json\/wp\/v2\/media?parent=3348"}],"curies":[{"name":"wp","href":"https:\/\/api.w.org\/{rel}","templated":true}]}}