{"id":3350,"date":"2024-04-09T15:41:21","date_gmt":"2024-04-09T13:41:21","guid":{"rendered":"https:\/\/rubens-antwerpen.be\/home\/noerd\/snijdersrockox-haus\/"},"modified":"2025-07-31T17:20:44","modified_gmt":"2025-07-31T15:20:44","slug":"snijdersrockox-haus","status":"publish","type":"page","link":"https:\/\/rubens-antwerpen.be\/de\/home\/noerd\/snijdersrockox-haus\/","title":{"rendered":"Snijders&#038;Rockox Haus"},"content":{"rendered":"\t\t<div data-elementor-type=\"wp-page\" data-elementor-id=\"3350\" class=\"elementor elementor-3350 elementor-159\">\n\t\t\t\t<div class=\"elementor-element elementor-element-ad42995 e-flex e-con-boxed e-con e-parent\" data-id=\"ad42995\" data-element_type=\"container\" data-e-type=\"container\">\n\t\t\t\t\t<div class=\"e-con-inner\">\n\t\t\t\t<div class=\"elementor-element elementor-element-dbf73d7 elementor-widget elementor-widget-heading\" data-id=\"dbf73d7\" data-element_type=\"widget\" data-e-type=\"widget\" data-widget_type=\"heading.default\">\n\t\t\t\t<div class=\"elementor-widget-container\">\n\t\t\t\t\t<h2 class=\"elementor-heading-title elementor-size-default\">Keizerstraat: Snijders&amp;Rockox Haus <\/h2>\t\t\t\t<\/div>\n\t\t\t\t<\/div>\n\t\t\t\t\t<\/div>\n\t\t\t\t<\/div>\n\t\t<div class=\"elementor-element elementor-element-12285ff e-flex e-con-boxed e-con e-parent\" data-id=\"12285ff\" data-element_type=\"container\" data-e-type=\"container\">\n\t\t\t\t\t<div class=\"e-con-inner\">\n\t\t\t\t<div class=\"elementor-element elementor-element-9014365 elementor-widget elementor-widget-text-editor\" data-id=\"9014365\" data-element_type=\"widget\" data-e-type=\"widget\" data-widget_type=\"text-editor.default\">\n\t\t\t\t<div class=\"elementor-widget-container\">\n\t\t\t\t\t\t\t\t\t<figure id=\"attachment_2165\" aria-describedby=\"caption-attachment-2165\" style=\"width: 237px\" class=\"wp-caption alignleft\"><a href=\"https:\/\/rubens-antwerpen.be\/wp-content\/uploads\/\/310P-Snijders-Rockocxhuis-237x300.jpg\"><img fetchpriority=\"high\" decoding=\"async\" class=\"wp-image-594 size-medium\" src=\"https:\/\/rubens-antwerpen.be\/wp-content\/uploads\/\/310P-Snijders-Rockocxhuis-237x300.jpg\" alt=\"\" width=\"237\" height=\"300\" srcset=\"https:\/\/rubens-antwerpen.be\/wp-content\/uploads\/310P-Snijders-Rockocxhuis-237x300.jpg 237w, https:\/\/rubens-antwerpen.be\/wp-content\/uploads\/310P-Snijders-Rockocxhuis-768x971.jpg 768w, https:\/\/rubens-antwerpen.be\/wp-content\/uploads\/310P-Snijders-Rockocxhuis.jpg 810w\" sizes=\"(max-width: 237px) 100vw, 237px\" \/><\/a><figcaption id=\"caption-attachment-2165\" class=\"wp-caption-text\">Nicolaas Rockox<br \/>(Otto van Veen)<\/figcaption><\/figure>\n<p style=\"text-align: justify;\"><em>Wer es sich leisten konnte, die Adligen zu imitieren, umgab sich gerne mit zeitgen\u00f6ssischer Kunst. Nicolaas Rockox war ein solcher Mann. Seine Wohnung ist als Kunstkammer rekonstruiert.<\/em><\/p>\n<p><\/p>\n<hr \/>\n<p><\/p>\n<p style=\"text-align: justify;\">Um die urspr\u00fcnglichen Orte f\u00fcr religi\u00f6se Gem\u00e4lde zu sehen, d\u00fcrfen wir die Kirchen nicht au\u00dfer Acht lassen.<\/p>\n<p><\/p>\n<p style=\"text-align: justify;\">Unser Konzept von \u201aMuseum\u2018 als \u00f6ffentlicher Raum existierte im 17. Jahrhundert noch nicht. Wer es sich leisten konnte, umgab sich mit der Kunst seiner Zeit. Ein solcher finanzstarker Kunstliebhaber war B\u00fcrgermeister Nicolaas Rockox; sein Portr\u00e4t von Otto Van Veen empf\u00e4ngt Sie in diesem historischen und rekonstruierten Haus.<\/p>\n<p><\/p>\n<p style=\"text-align: justify;\">Auch wenn viele der urspr\u00fcnglich inventarisierten Kunstwerke heute nicht mehr hier sind, versucht das Snijders-Rockox Haus, die Atmosph\u00e4re jener Zeit durch authentische Objekte wieder aufleben zu lassen.<\/p>\n<p><\/p>\n<p style=\"text-align: justify;\">Rubens malte die offiziellen Portr\u00e4ts der Erzherz\u00f6ge Albert und Isabella. Auch ein graviertes Selbstportr\u00e4t des K\u00fcnstlers ist hier zu sehen. Anthony van Dyck portr\u00e4tierte seinen Kollegen Frans Snijders und den Bischof Joannes Malderus (als Leihgabe aus dem KMSKA). Joos de Momper II. spezialisierte sich auf Landschaftsszenen, die nicht nur als Hintergrund dienten, sondern das Hauptmotiv der Gem\u00e4lde bilden. Wir nutzen nun die Gelegenheit, um einige kleinere Portr\u00e4tstudien zu betrachten.<\/p>\n\t\t\t\t\t\t\t\t<\/div>\n\t\t\t\t<\/div>\n\t\t\t\t\t<\/div>\n\t\t\t\t<\/div>\n\t\t<div class=\"elementor-element elementor-element-ef53fce e-flex e-con-boxed e-con e-parent\" data-id=\"ef53fce\" data-element_type=\"container\" data-e-type=\"container\">\n\t\t\t\t\t<div class=\"e-con-inner\">\n\t\t<div class=\"elementor-element elementor-element-90bf9b3 e-con-full e-flex e-con e-child\" data-id=\"90bf9b3\" data-element_type=\"container\" data-e-type=\"container\">\n\t\t\t\t<div class=\"elementor-element elementor-element-4242ce1 elementor-widget elementor-widget-image\" data-id=\"4242ce1\" data-element_type=\"widget\" data-e-type=\"widget\" data-widget_type=\"image.default\">\n\t\t\t\t<div class=\"elementor-widget-container\">\n\t\t\t\t\t\t\t\t\t\t\t\t\t\t\t\t<a href=\"https:\/\/www.rubens-antwerpen.be\/wp-content\/uploads\/311P-SRH-AVD-Portretstudie.jpg%20\">\n\t\t\t\t\t\t\t<img decoding=\"async\" width=\"300\" height=\"300\" src=\"https:\/\/rubens-antwerpen.be\/wp-content\/uploads\/311Z-SRH-AVD-Portretstudie.jpg\" class=\"attachment-medium size-medium wp-image-2180\" alt=\"\" srcset=\"https:\/\/rubens-antwerpen.be\/wp-content\/uploads\/311Z-SRH-AVD-Portretstudie.jpg 300w, https:\/\/rubens-antwerpen.be\/wp-content\/uploads\/311Z-SRH-AVD-Portretstudie-150x150.jpg 150w\" sizes=\"(max-width: 300px) 100vw, 300px\" \/>\t\t\t\t\t\t\t\t<\/a>\n\t\t\t\t\t\t\t\t\t\t\t\t\t\t\t<\/div>\n\t\t\t\t<\/div>\n\t\t\t\t<div class=\"elementor-element elementor-element-da763aa elementor-widget elementor-widget-text-editor\" data-id=\"da763aa\" data-element_type=\"widget\" data-e-type=\"widget\" data-widget_type=\"text-editor.default\">\n\t\t\t\t<div class=\"elementor-widget-container\">\n\t\t\t\t\t\t\t\t\t<p style=\"text-align: center;\"><a href=\"https:\/\/rubens-antwerpen.be\/de\/home\/noerd\/snijdersrockox-haus\/antoon-van-dyck-portraetvorstudie\/\">Antoon van Dyck:\r\nPortr\u00e4tvorstudie<\/a><\/p><br><audio class=\"wp-audio-shortcode\" id=\"audio-3350-1\" preload=\"none\" style=\"width: 100%;\" controls=\"controls\"><source type=\"audio\/mpeg\" src=\"http:\/\/rubens-antwerpen.be\/wp-content\/uploads\/311D-AVD-Portretstudie.mp3?_=1\" \/><a href=\"http:\/\/rubens-antwerpen.be\/wp-content\/uploads\/311D-AVD-Portretstudie.mp3\">http:\/\/rubens-antwerpen.be\/wp-content\/uploads\/311D-AVD-Portretstudie.mp3<\/a><\/audio>\t\t\t\t\t\t\t\t<\/div>\n\t\t\t\t<\/div>\n\t\t\t\t<\/div>\n\t\t<div class=\"elementor-element elementor-element-9f6b45c e-con-full e-flex e-con e-child\" data-id=\"9f6b45c\" data-element_type=\"container\" data-e-type=\"container\">\n\t\t\t\t<div class=\"elementor-element elementor-element-380c768 elementor-widget elementor-widget-image\" data-id=\"380c768\" data-element_type=\"widget\" data-e-type=\"widget\" data-widget_type=\"image.default\">\n\t\t\t\t<div class=\"elementor-widget-container\">\n\t\t\t\t\t\t\t\t\t\t\t\t\t\t\t\t<a href=\"https:\/\/www.rubens-antwerpen.be\/wp-content\/uploads\/312P-SRH-JJO-Oude-vrouw.jpg%20\">\n\t\t\t\t\t\t\t<img decoding=\"async\" width=\"300\" height=\"300\" src=\"https:\/\/rubens-antwerpen.be\/wp-content\/uploads\/312Z-SRH-JJO-Oude-vrouw.jpg\" class=\"attachment-medium size-medium wp-image-2189\" alt=\"\" srcset=\"https:\/\/rubens-antwerpen.be\/wp-content\/uploads\/312Z-SRH-JJO-Oude-vrouw.jpg 300w, https:\/\/rubens-antwerpen.be\/wp-content\/uploads\/312Z-SRH-JJO-Oude-vrouw-150x150.jpg 150w\" sizes=\"(max-width: 300px) 100vw, 300px\" \/>\t\t\t\t\t\t\t\t<\/a>\n\t\t\t\t\t\t\t\t\t\t\t\t\t\t\t<\/div>\n\t\t\t\t<\/div>\n\t\t\t\t<div class=\"elementor-element elementor-element-e00def2 elementor-widget elementor-widget-text-editor\" data-id=\"e00def2\" data-element_type=\"widget\" data-e-type=\"widget\" data-widget_type=\"text-editor.default\">\n\t\t\t\t<div class=\"elementor-widget-container\">\n\t\t\t\t\t\t\t\t\t<p style=\"text-align: center;\"><a href=\"https:\/\/rubens-antwerpen.be\/de\/home\/noerd\/snijdersrockox-haus\/j-jordaens-vorstudie-einer-alten-frau\/\">Jacques Jordaens:\r\nVorstudie einer alten Frau<\/a><\/p><br><audio class=\"wp-audio-shortcode\" id=\"audio-3350-2\" preload=\"none\" style=\"width: 100%;\" controls=\"controls\"><source type=\"audio\/mpeg\" src=\"http:\/\/rubens-antwerpen.be\/wp-content\/uploads\/312D-JJO-OudeVrouw.mp3?_=2\" \/><a href=\"http:\/\/rubens-antwerpen.be\/wp-content\/uploads\/312D-JJO-OudeVrouw.mp3\">http:\/\/rubens-antwerpen.be\/wp-content\/uploads\/312D-JJO-OudeVrouw.mp3<\/a><\/audio>\t\t\t\t\t\t\t\t<\/div>\n\t\t\t\t<\/div>\n\t\t\t\t<\/div>\n\t\t<div class=\"elementor-element elementor-element-0940ae0 e-con-full e-flex e-con e-child\" data-id=\"0940ae0\" data-element_type=\"container\" data-e-type=\"container\">\n\t\t\t\t<div class=\"elementor-element elementor-element-058fc1a elementor-widget elementor-widget-image\" data-id=\"058fc1a\" data-element_type=\"widget\" data-e-type=\"widget\" data-widget_type=\"image.default\">\n\t\t\t\t<div class=\"elementor-widget-container\">\n\t\t\t\t\t\t\t\t\t\t\t\t\t\t\t\t<a href=\"https:\/\/www.rubens-antwerpen.be\/wp-content\/uploads\/313P-SRH-JJO-Roeping-Petrus.jpg%20\">\n\t\t\t\t\t\t\t<img loading=\"lazy\" decoding=\"async\" width=\"300\" height=\"300\" src=\"https:\/\/rubens-antwerpen.be\/wp-content\/uploads\/313Z-SRH-JJO-Roeping-Petrus.jpg\" class=\"attachment-medium size-medium wp-image-2198\" alt=\"\" srcset=\"https:\/\/rubens-antwerpen.be\/wp-content\/uploads\/313Z-SRH-JJO-Roeping-Petrus.jpg 300w, https:\/\/rubens-antwerpen.be\/wp-content\/uploads\/313Z-SRH-JJO-Roeping-Petrus-150x150.jpg 150w\" sizes=\"(max-width: 300px) 100vw, 300px\" \/>\t\t\t\t\t\t\t\t<\/a>\n\t\t\t\t\t\t\t\t\t\t\t\t\t\t\t<\/div>\n\t\t\t\t<\/div>\n\t\t\t\t<div class=\"elementor-element elementor-element-c8249b8 elementor-widget elementor-widget-text-editor\" data-id=\"c8249b8\" data-element_type=\"widget\" data-e-type=\"widget\" data-widget_type=\"text-editor.default\">\n\t\t\t\t<div class=\"elementor-widget-container\">\n\t\t\t\t\t\t\t\t\t<p style=\"text-align: center;\"><a href=\"https:\/\/rubens-antwerpen.be\/de\/home\/noerd\/snijdersrockox-haus\/jacob-jordaens-die-berufung-petri\/\">Jacques Jordaens:\r\nDie Berufung Petri<\/a><\/p><br><audio class=\"wp-audio-shortcode\" id=\"audio-3350-3\" preload=\"none\" style=\"width: 100%;\" controls=\"controls\"><source type=\"audio\/mpeg\" src=\"http:\/\/rubens-antwerpen.be\/wp-content\/uploads\/313D-JJO-RoepingVanPetrus.mp3?_=3\" \/><a href=\"http:\/\/rubens-antwerpen.be\/wp-content\/uploads\/313D-JJO-RoepingVanPetrus.mp3\">http:\/\/rubens-antwerpen.be\/wp-content\/uploads\/313D-JJO-RoepingVanPetrus.mp3<\/a><\/audio>\t\t\t\t\t\t\t\t<\/div>\n\t\t\t\t<\/div>\n\t\t\t\t<\/div>\n\t\t<div class=\"elementor-element elementor-element-17fde90 e-con-full e-flex e-con e-child\" data-id=\"17fde90\" data-element_type=\"container\" data-e-type=\"container\">\n\t\t\t\t<\/div>\n\t\t\t\t\t<\/div>\n\t\t\t\t<\/div>\n\t\t\t\t<\/div>\n\t\t","protected":false},"excerpt":{"rendered":"<p>Keizerstraat: Snijders&amp;Rockox Haus Wer es sich leisten konnte, die Adligen zu imitieren, umgab sich gerne mit zeitgen\u00f6ssischer Kunst. Nicolaas Rockox [&hellip;]<\/p>\n","protected":false},"author":1,"featured_media":0,"parent":3346,"menu_order":310,"comment_status":"closed","ping_status":"closed","template":"","meta":{"site-sidebar-layout":"no-sidebar","site-content-layout":"","ast-site-content-layout":"full-width-container","site-content-style":"default","site-sidebar-style":"default","ast-global-header-display":"","ast-banner-title-visibility":"","ast-main-header-display":"","ast-hfb-above-header-display":"","ast-hfb-below-header-display":"","ast-hfb-mobile-header-display":"","site-post-title":"disabled","ast-breadcrumbs-content":"","ast-featured-img":"disabled","footer-sml-layout":"","ast-disable-related-posts":"","theme-transparent-header-meta":"","adv-header-id-meta":"","stick-header-meta":"","header-above-stick-meta":"","header-main-stick-meta":"","header-below-stick-meta":"","astra-migrate-meta-layouts":"default","ast-page-background-enabled":"default","ast-page-background-meta":{"desktop":{"background-color":"var(--ast-global-color-4)","background-image":"","background-repeat":"repeat","background-position":"center center","background-size":"auto","background-attachment":"scroll","background-type":"","background-media":"","overlay-type":"","overlay-color":"","overlay-opacity":"","overlay-gradient":""},"tablet":{"background-color":"","background-image":"","background-repeat":"repeat","background-position":"center center","background-size":"auto","background-attachment":"scroll","background-type":"","background-media":"","overlay-type":"","overlay-color":"","overlay-opacity":"","overlay-gradient":""},"mobile":{"background-color":"","background-image":"","background-repeat":"repeat","background-position":"center center","background-size":"auto","background-attachment":"scroll","background-type":"","background-media":"","overlay-type":"","overlay-color":"","overlay-opacity":"","overlay-gradient":""}},"ast-content-background-meta":{"desktop":{"background-color":"var(--ast-global-color-5)","background-image":"","background-repeat":"repeat","background-position":"center center","background-size":"auto","background-attachment":"scroll","background-type":"","background-media":"","overlay-type":"","overlay-color":"","overlay-opacity":"","overlay-gradient":""},"tablet":{"background-color":"var(--ast-global-color-5)","background-image":"","background-repeat":"repeat","background-position":"center center","background-size":"auto","background-attachment":"scroll","background-type":"","background-media":"","overlay-type":"","overlay-color":"","overlay-opacity":"","overlay-gradient":""},"mobile":{"background-color":"var(--ast-global-color-5)","background-image":"","background-repeat":"repeat","background-position":"center center","background-size":"auto","background-attachment":"scroll","background-type":"","background-media":"","overlay-type":"","overlay-color":"","overlay-opacity":"","overlay-gradient":""}},"footnotes":""},"class_list":["post-3350","page","type-page","status-publish","hentry"],"aioseo_notices":[],"_links":{"self":[{"href":"https:\/\/rubens-antwerpen.be\/de\/wp-json\/wp\/v2\/pages\/3350","targetHints":{"allow":["GET"]}}],"collection":[{"href":"https:\/\/rubens-antwerpen.be\/de\/wp-json\/wp\/v2\/pages"}],"about":[{"href":"https:\/\/rubens-antwerpen.be\/de\/wp-json\/wp\/v2\/types\/page"}],"author":[{"embeddable":true,"href":"https:\/\/rubens-antwerpen.be\/de\/wp-json\/wp\/v2\/users\/1"}],"replies":[{"embeddable":true,"href":"https:\/\/rubens-antwerpen.be\/de\/wp-json\/wp\/v2\/comments?post=3350"}],"version-history":[{"count":9,"href":"https:\/\/rubens-antwerpen.be\/de\/wp-json\/wp\/v2\/pages\/3350\/revisions"}],"predecessor-version":[{"id":5806,"href":"https:\/\/rubens-antwerpen.be\/de\/wp-json\/wp\/v2\/pages\/3350\/revisions\/5806"}],"up":[{"embeddable":true,"href":"https:\/\/rubens-antwerpen.be\/de\/wp-json\/wp\/v2\/pages\/3346"}],"wp:attachment":[{"href":"https:\/\/rubens-antwerpen.be\/de\/wp-json\/wp\/v2\/media?parent=3350"}],"curies":[{"name":"wp","href":"https:\/\/api.w.org\/{rel}","templated":true}]}}