{"id":3352,"date":"2024-06-19T16:03:47","date_gmt":"2024-06-19T14:03:47","guid":{"rendered":"https:\/\/rubens-antwerpen.be\/home\/noerd\/snijdersrockox-haus\/antoon-van-dyck-portraetvorstudie\/"},"modified":"2025-07-31T17:22:42","modified_gmt":"2025-07-31T15:22:42","slug":"antoon-van-dyck-portraetvorstudie","status":"publish","type":"page","link":"https:\/\/rubens-antwerpen.be\/de\/home\/noerd\/snijdersrockox-haus\/antoon-van-dyck-portraetvorstudie\/","title":{"rendered":"Antoon van Dyck: Portr\u00e4tvorstudie"},"content":{"rendered":"\t\t<div data-elementor-type=\"wp-page\" data-elementor-id=\"3352\" class=\"elementor elementor-3352 elementor-933\">\n\t\t\t\t<div class=\"elementor-element elementor-element-ad42995 e-flex e-con-boxed e-con e-parent\" data-id=\"ad42995\" data-element_type=\"container\" data-e-type=\"container\">\n\t\t\t\t\t<div class=\"e-con-inner\">\n\t\t\t\t<div class=\"elementor-element elementor-element-dbf73d7 elementor-widget elementor-widget-heading\" data-id=\"dbf73d7\" data-element_type=\"widget\" data-e-type=\"widget\" data-widget_type=\"heading.default\">\n\t\t\t\t<div class=\"elementor-widget-container\">\n\t\t\t\t\t<h2 class=\"elementor-heading-title elementor-size-default\">Anthony van Dyck: Portr\u00e4tvorstudie<\/h2>\t\t\t\t<\/div>\n\t\t\t\t<\/div>\n\t\t\t\t\t<\/div>\n\t\t\t\t<\/div>\n\t\t<div class=\"elementor-element elementor-element-1716b5c e-flex e-con-boxed e-con e-parent\" data-id=\"1716b5c\" data-element_type=\"container\" data-e-type=\"container\">\n\t\t\t\t\t<div class=\"e-con-inner\">\n\t\t\t\t<div class=\"elementor-element elementor-element-1328b23 elementor-widget elementor-widget-text-editor\" data-id=\"1328b23\" data-element_type=\"widget\" data-e-type=\"widget\" data-widget_type=\"text-editor.default\">\n\t\t\t\t<div class=\"elementor-widget-container\">\n\t\t\t\t\t\t\t\t\t<p style=\"text-align: justify;\"><span style=\"color: #008000;\"><strong>Im Snijders&amp;Rockox Haus: Raum 7-8 K\u00fcche<\/strong><\/span><\/p>\n<p><a href=\"http:\/\/rubens-antwerpen.be\/wp-content\/uploads\/311P-SRH-AVD-Portretstudie.jpg\"><img fetchpriority=\"high\" decoding=\"async\" class=\"alignleft wp-image-597 size-medium\" src=\"http:\/\/rubens-antwerpen.be\/wp-content\/uploads\/311P-SRH-AVD-Portretstudie-300x210.jpg\" alt=\"\" width=\"300\" height=\"210\" srcset=\"https:\/\/rubens-antwerpen.be\/wp-content\/uploads\/311P-SRH-AVD-Portretstudie-300x210.jpg 300w, https:\/\/rubens-antwerpen.be\/wp-content\/uploads\/311P-SRH-AVD-Portretstudie-768x539.jpg 768w, https:\/\/rubens-antwerpen.be\/wp-content\/uploads\/311P-SRH-AVD-Portretstudie.jpg 1024w\" sizes=\"(max-width: 300px) 100vw, 300px\" \/><\/a><\/p>\n<p style=\"text-align: justify;\"><em>Der Stil und die Technik des gl\u00e4nzenden, braunen Hintergrunds f\u00fchrten dazu, dass diese Farbe Van-Dyck-Braun genannt wurde.<\/em><\/p>\n<p><\/p>\n<hr \/>\n<p><\/p>\n<p style=\"text-align: justify;\">Los geht&#8217;s!<\/p>\n<p><\/p>\n<p style=\"text-align: justify;\">Als Lehrling bei einem Malermeister lernte man zun\u00e4chst, wie man Farben mischt, Hintergr\u00fcnde gestaltet und gro\u00dfe Fl\u00e4chen auff\u00fcllt. Doch dann kommt der gro\u00dfe Tag: das erste Portr\u00e4t. Vielleicht hast du dich heimlich schon selbst als Konterfei dargestellt auf Papier oder auf Leinwand? Und wie oft haben Sie heute den Selfie-Klick aktiviert?<\/p>\n<p><\/p>\n<p style=\"text-align: justify;\">In der Malerwerkstatt galt die Portr\u00e4tmalerei zun\u00e4chst als \u00dcbungsfeld f\u00fcr Anf\u00e4nger. Kleine Tafeln reichten aus, und man brauchte keine 256 Farben. Wenn die Farben schnell genug trockneten, konnte der Kunde das Bild beinahe sofort mit nach Hause nehmen.<\/p>\n<p><\/p>\n<p style=\"text-align: justify;\">Sowohl die Erinnerung an einen geliebten Menschen als auch die Darstellung eines Heiligen als moralisches Vorbild waren h\u00e4ufige Gr\u00fcnde, ein Bild in Auftrag zu geben. Realismus gepaart mit einer kr\u00e4ftigen Dosis Idealisierung.<\/p>\n<p><\/p>\n<p style=\"text-align: justify;\">Die wahren Meister waren in der Lage, psychologische Tiefe darzustellen: besonders in gro\u00dfen Szenen, mit vielen Gesichtern, auf denen sich Freude, Trauer und alle Gef\u00fchlen dazwischen widerspiegelten. F\u00fcr die wichtigsten Figuren des Gem\u00e4ldes wurde mehr als eine Vorstudie gemacht, zuerst eine Zeichnung, dann ein Bild in Farbe um die verschiedenen Hauttonen auszuprobieren.<\/p>\n<p><\/p>\n<p style=\"text-align: justify;\">Van Dyck fertigte diese \u00d6lskizze w\u00e4hrend seiner ersten Antwerpener Periode an, wahrscheinlich um 1618. Es handelt sich um die Studie eines M\u00e4nnerkopfes, die sp\u00e4ter als Vorlage diente f\u00fcr verschiedene Darstellungen des Heiligen Hieronymus.<\/p>\n<p><\/p>\n<p style=\"text-align: justify;\">Mit Van Dyck macht die Portr\u00e4tmalerei einen gewaltigen Sprung nach vorn. W\u00e4hrend seiner italienischen Jahre (1621-1627) portr\u00e4tierte er Mitglieder des Adels \u2013 mit luxuri\u00f6sen Stoffen, Perlen und Gold und dem Glanz der Augen, auch <em>Spiegel der Seele<\/em> genannt. Doch es sind vor allem seine Pinselstriche, die durch K\u00f6rperhaltung, H\u00e4nde und \u2013 im Barock besonders wichtig \u2013 das Gesicht den Charakter einer Person sichtbar machen: das \u00c4u\u00dfere als Spiegel des Inneren.<\/p>\n<p><\/p>\n<p style=\"text-align: justify;\">In England schuf Van Dyck mitunter zwei Portr\u00e4ts pro Tag. Sein Einfluss auf die englische Portr\u00e4tkunst ist unbestritten.<\/p>\n<p><\/p>\n<p style=\"text-align: justify;\">Der theatralische Stil des Barocks zeigt sich in inszenierten Portr\u00e4ts \u2013 mit Vorh\u00e4ngen im Hintergrund, mit perspektivischen Landschaften und ausladenden Anwesen im Bild. All dies dr\u00fcckt Vornehmheit, vielleicht auch ein wenig Selbstgef\u00e4lligkeit, aus.<\/p>\n<p><\/p>\n<p style=\"text-align: justify;\">Faszinierender f\u00fcr uns heute sind jedoch die scheinbar einfachen Bilder: die Essenz einer Figur auf braunen Hintergrund. Diese spezielle Farbe war damals bekannt als Kasseler Braun oder K\u00f6lner Erde. Doch aufgrund von Van Dycks Stil und Technik wurde sie im 18. Jahrhundert als <em>Van Dyke brown<\/em> ber\u00fchmt. Ihren edlen Glanz erzielte man durch die Zugabe von Bitumen oder Teer zum Firnis. Im K\u00fcnstlerbedarfgesch\u00e4ft gegen\u00fcber der Akademie finden Sie diesen Farbton heute ganz sicher, auch als Acrylfarbe.<\/p>\n<p><span style=\"color: #008000;\"><strong>Bleiben Sie im Raum 7-8 K\u00fcche f\u00fcr <a href=\"https:\/\/rubens-antwerpen.be\/de\/home\/noerd\/snijdersrockox-haus\/j-jordaens-vorstudie-einer-alten-frau\/\">einen anderen <u>Jordaens<\/u><\/a><\/strong><\/span><\/p>\n<p style=\"text-align: justify;\"><em><a href=\"#_ftnref1\" name=\"_ftn1\">[1]<\/a> Cassel Earth \/ Terre de Cassel , de Cologne<\/em><\/p>\n\t\t\t\t\t\t\t\t<\/div>\n\t\t\t\t<\/div>\n\t\t\t\t\t<\/div>\n\t\t\t\t<\/div>\n\t\t\t\t<\/div>\n\t\t","protected":false},"excerpt":{"rendered":"<p>Anthony van Dyck: Portr\u00e4tvorstudie Im Snijders&amp;Rockox Haus: Raum 7-8 K\u00fcche Der Stil und die Technik des gl\u00e4nzenden, braunen Hintergrunds f\u00fchrten [&hellip;]<\/p>\n","protected":false},"author":1,"featured_media":0,"parent":3350,"menu_order":311,"comment_status":"closed","ping_status":"closed","template":"","meta":{"site-sidebar-layout":"no-sidebar","site-content-layout":"","ast-site-content-layout":"full-width-container","site-content-style":"default","site-sidebar-style":"default","ast-global-header-display":"","ast-banner-title-visibility":"","ast-main-header-display":"","ast-hfb-above-header-display":"","ast-hfb-below-header-display":"","ast-hfb-mobile-header-display":"","site-post-title":"disabled","ast-breadcrumbs-content":"","ast-featured-img":"disabled","footer-sml-layout":"","ast-disable-related-posts":"","theme-transparent-header-meta":"","adv-header-id-meta":"","stick-header-meta":"","header-above-stick-meta":"","header-main-stick-meta":"","header-below-stick-meta":"","astra-migrate-meta-layouts":"default","ast-page-background-enabled":"default","ast-page-background-meta":{"desktop":{"background-color":"var(--ast-global-color-4)","background-image":"","background-repeat":"repeat","background-position":"center center","background-size":"auto","background-attachment":"scroll","background-type":"","background-media":"","overlay-type":"","overlay-color":"","overlay-opacity":"","overlay-gradient":""},"tablet":{"background-color":"","background-image":"","background-repeat":"repeat","background-position":"center center","background-size":"auto","background-attachment":"scroll","background-type":"","background-media":"","overlay-type":"","overlay-color":"","overlay-opacity":"","overlay-gradient":""},"mobile":{"background-color":"","background-image":"","background-repeat":"repeat","background-position":"center center","background-size":"auto","background-attachment":"scroll","background-type":"","background-media":"","overlay-type":"","overlay-color":"","overlay-opacity":"","overlay-gradient":""}},"ast-content-background-meta":{"desktop":{"background-color":"var(--ast-global-color-5)","background-image":"","background-repeat":"repeat","background-position":"center center","background-size":"auto","background-attachment":"scroll","background-type":"","background-media":"","overlay-type":"","overlay-color":"","overlay-opacity":"","overlay-gradient":""},"tablet":{"background-color":"var(--ast-global-color-5)","background-image":"","background-repeat":"repeat","background-position":"center center","background-size":"auto","background-attachment":"scroll","background-type":"","background-media":"","overlay-type":"","overlay-color":"","overlay-opacity":"","overlay-gradient":""},"mobile":{"background-color":"var(--ast-global-color-5)","background-image":"","background-repeat":"repeat","background-position":"center center","background-size":"auto","background-attachment":"scroll","background-type":"","background-media":"","overlay-type":"","overlay-color":"","overlay-opacity":"","overlay-gradient":""}},"footnotes":""},"class_list":["post-3352","page","type-page","status-publish","hentry"],"aioseo_notices":[],"_links":{"self":[{"href":"https:\/\/rubens-antwerpen.be\/de\/wp-json\/wp\/v2\/pages\/3352","targetHints":{"allow":["GET"]}}],"collection":[{"href":"https:\/\/rubens-antwerpen.be\/de\/wp-json\/wp\/v2\/pages"}],"about":[{"href":"https:\/\/rubens-antwerpen.be\/de\/wp-json\/wp\/v2\/types\/page"}],"author":[{"embeddable":true,"href":"https:\/\/rubens-antwerpen.be\/de\/wp-json\/wp\/v2\/users\/1"}],"replies":[{"embeddable":true,"href":"https:\/\/rubens-antwerpen.be\/de\/wp-json\/wp\/v2\/comments?post=3352"}],"version-history":[{"count":6,"href":"https:\/\/rubens-antwerpen.be\/de\/wp-json\/wp\/v2\/pages\/3352\/revisions"}],"predecessor-version":[{"id":5808,"href":"https:\/\/rubens-antwerpen.be\/de\/wp-json\/wp\/v2\/pages\/3352\/revisions\/5808"}],"up":[{"embeddable":true,"href":"https:\/\/rubens-antwerpen.be\/de\/wp-json\/wp\/v2\/pages\/3350"}],"wp:attachment":[{"href":"https:\/\/rubens-antwerpen.be\/de\/wp-json\/wp\/v2\/media?parent=3352"}],"curies":[{"name":"wp","href":"https:\/\/api.w.org\/{rel}","templated":true}]}}