{"id":3354,"date":"2024-06-19T16:05:18","date_gmt":"2024-06-19T14:05:18","guid":{"rendered":"https:\/\/rubens-antwerpen.be\/home\/noerd\/snijdersrockox-haus\/j-jordaens-vorstudie-einer-alten-frau\/"},"modified":"2025-08-19T17:13:18","modified_gmt":"2025-08-19T15:13:18","slug":"j-jordaens-vorstudie-einer-alten-frau","status":"publish","type":"page","link":"https:\/\/rubens-antwerpen.be\/de\/home\/noerd\/snijdersrockox-haus\/j-jordaens-vorstudie-einer-alten-frau\/","title":{"rendered":"J. Jordaens: Vorstudie einer alten Frau"},"content":{"rendered":"\t\t<div data-elementor-type=\"wp-page\" data-elementor-id=\"3354\" class=\"elementor elementor-3354 elementor-938\">\n\t\t\t\t<div class=\"elementor-element elementor-element-ad42995 e-flex e-con-boxed e-con e-parent\" data-id=\"ad42995\" data-element_type=\"container\" data-e-type=\"container\">\n\t\t\t\t\t<div class=\"e-con-inner\">\n\t\t\t\t<div class=\"elementor-element elementor-element-dbf73d7 elementor-widget elementor-widget-heading\" data-id=\"dbf73d7\" data-element_type=\"widget\" data-e-type=\"widget\" data-widget_type=\"heading.default\">\n\t\t\t\t<div class=\"elementor-widget-container\">\n\t\t\t\t\t<h2 class=\"elementor-heading-title elementor-size-default\">Jacques Jordaens: Vorstudie einer alten Frau<\/h2>\t\t\t\t<\/div>\n\t\t\t\t<\/div>\n\t\t\t\t\t<\/div>\n\t\t\t\t<\/div>\n\t\t<div class=\"elementor-element elementor-element-3efaa3d e-flex e-con-boxed e-con e-parent\" data-id=\"3efaa3d\" data-element_type=\"container\" data-e-type=\"container\">\n\t\t\t\t\t<div class=\"e-con-inner\">\n\t\t\t\t<div class=\"elementor-element elementor-element-319f460 elementor-widget elementor-widget-text-editor\" data-id=\"319f460\" data-element_type=\"widget\" data-e-type=\"widget\" data-widget_type=\"text-editor.default\">\n\t\t\t\t<div class=\"elementor-widget-container\">\n\t\t\t\t\t\t\t\t\t<p style=\"text-align: justify;\"><span style=\"color: #008000;\"><strong>Im Snijders&amp;Rockox Haus: Raum 7-8 K\u00fcche<\/strong><\/span><\/p>\n<p><a href=\"http:\/\/rubens-antwerpen.be\/wp-content\/uploads\/312P-SRH-JJO-Oude-vrouw.jpg\"><img fetchpriority=\"high\" decoding=\"async\" class=\"alignleft wp-image-600 size-medium\" src=\"http:\/\/rubens-antwerpen.be\/wp-content\/uploads\/312P-SRH-JJO-Oude-vrouw-238x300.jpg\" alt=\"\" width=\"238\" height=\"300\" srcset=\"https:\/\/rubens-antwerpen.be\/wp-content\/uploads\/312P-SRH-JJO-Oude-vrouw-238x300.jpg 238w, https:\/\/rubens-antwerpen.be\/wp-content\/uploads\/312P-SRH-JJO-Oude-vrouw-768x970.jpg 768w, https:\/\/rubens-antwerpen.be\/wp-content\/uploads\/312P-SRH-JJO-Oude-vrouw.jpg 811w\" sizes=\"(max-width: 238px) 100vw, 238px\" \/><\/a><\/p>\n<p style=\"text-align: justify;\"><em>Die Legende besagt, dass es sich um Rubens&#8216; Waschfrau handelt: Mit einer Software zur Gesichtserkennung k\u00f6nnten wir vielleicht verschiedene Portr\u00e4ts dieser Frau bis ins letzte Detail vergleichen.<\/em><\/p>\n<p><\/p>\n<hr \/>\n<p><\/p>\n<p style=\"text-align: justify;\">Einer Quelle aus dem Jahr 1693 zufolge handelt es sich bei diesem Portr\u00e4t um Rubens\u2018 Waschfrau, gemalt von Jacques Jordaens. Mit moderner Gesichtserkennungssoftware k\u00f6nnten wir versuchen, verschiedene Darstellungen dieser Frau bis ins kleinste Detail vergleichen.<\/p>\n<p><\/p>\n<p style=\"text-align: justify;\">Die Informationstafel verr\u00e4t, dass dieses Bild zun\u00e4chst mit \u00d6lfarbe auf Papier gemalt und anschlie\u00dfend auf eine Holztafel geklebt wurde \u2013 es war also wohl nicht als fertiges Werk gedacht.<\/p>\n<p><\/p>\n<p style=\"text-align: justify;\">Mit etwas Gl\u00fcck kann man in Ausstellungen oder Museen solche Portr\u00e4tvorstudien neben dem vollendeten Gem\u00e4lde sehen.<\/p>\n<p><\/p>\n<p style=\"text-align: justify;\">Alle professionellen Maler fertigten Zeichnungen und Studien als Vorbereitung an. Selbst eine einzelne Skizze kann viel \u00fcber den k\u00fcnstlerischen Prozess verraten, der dem Meisterwerk im Verborgenen vorausgeht. Kleine Werke wie dieses k\u00f6nnen Ihnen einen pers\u00f6nlichen Zugang zum K\u00fcnstler erm\u00f6glichen.<\/p>\n<p><\/p>\n<p style=\"text-align: justify;\">In diesem Fall f\u00e4llt das volle, aber sanfte Licht \u2013 wie von einer Kerze &#8211; zu drei Vierteln auf das Gesicht. Der Teint erh\u00e4lt durch das Spiel von Licht und Schatten einen warmen Schimmer, betont durch den Kontrast zur schlichten Kopfkappe und dem wei\u00dfen Tuch, das rasch und locker gemalt wurde. Dieses Tuch reflektiert das Licht am Hals und am Rand der leicht err\u00f6tenden Wange. Jede Falte im Gesicht wird durch eine eigene W\u00f6lbung definiert, wobei die scharfen Kanten des Stoffes und das sorgf\u00e4ltig gek\u00e4mmte Haar wie ein Lichtkranz wirken. Ein kleiner dunkler Bogen modelliert die Augenh\u00f6hle und das Nasenloch tiefer in das gealterte, zerfurchte Gesicht hinein.<\/p>\n<p><\/p>\n<p style=\"text-align: justify;\">Kunsthistoriker betonen h\u00e4ufig den volkst\u00fcmlichen Charakter vieler Werke von Jordaens. Dieser popul\u00e4re Stil durchzieht sowohl seine mythologischen Szenen als auch die Darstellungen des Alltags \u2013 und spricht dadurch besonders unseren heutigen Geschmack an.<\/p>\n<p><\/p>\n<p style=\"text-align: justify;\"><span style=\"color: #008000;\"><strong>Im Snijders-Rockox Haus, zwischen K\u00fcche und W\u00e4scherei (Leihgabe aus Sankt-Jacobskirche) <a href=\"https:\/\/rubens-antwerpen.be\/de\/home\/noerd\/snijdersrockox-haus\/jacob-jordaens-die-berufung-petri\/\">f\u00fcr einen anderen Jordaens<\/a><u>.<\/u><\/strong><\/span><\/p>\n<p><\/p>\n<hr \/>\n<p><\/p>\n<p style=\"text-align: justify;\">\n\t\t\t\t\t\t\t\t<\/div>\n\t\t\t\t<\/div>\n\t\t\t\t\t<\/div>\n\t\t\t\t<\/div>\n\t\t\t\t<\/div>\n\t\t","protected":false},"excerpt":{"rendered":"<p>Jacques Jordaens: Vorstudie einer alten Frau Im Snijders&amp;Rockox Haus: Raum 7-8 K\u00fcche Die Legende besagt, dass es sich um Rubens&#8216; [&hellip;]<\/p>\n","protected":false},"author":1,"featured_media":0,"parent":3350,"menu_order":312,"comment_status":"closed","ping_status":"closed","template":"","meta":{"site-sidebar-layout":"no-sidebar","site-content-layout":"","ast-site-content-layout":"full-width-container","site-content-style":"default","site-sidebar-style":"default","ast-global-header-display":"","ast-banner-title-visibility":"","ast-main-header-display":"","ast-hfb-above-header-display":"","ast-hfb-below-header-display":"","ast-hfb-mobile-header-display":"","site-post-title":"","ast-breadcrumbs-content":"","ast-featured-img":"disabled","footer-sml-layout":"","ast-disable-related-posts":"","theme-transparent-header-meta":"","adv-header-id-meta":"","stick-header-meta":"","header-above-stick-meta":"","header-main-stick-meta":"","header-below-stick-meta":"","astra-migrate-meta-layouts":"default","ast-page-background-enabled":"default","ast-page-background-meta":{"desktop":{"background-color":"var(--ast-global-color-4)","background-image":"","background-repeat":"repeat","background-position":"center center","background-size":"auto","background-attachment":"scroll","background-type":"","background-media":"","overlay-type":"","overlay-color":"","overlay-opacity":"","overlay-gradient":""},"tablet":{"background-color":"","background-image":"","background-repeat":"repeat","background-position":"center center","background-size":"auto","background-attachment":"scroll","background-type":"","background-media":"","overlay-type":"","overlay-color":"","overlay-opacity":"","overlay-gradient":""},"mobile":{"background-color":"","background-image":"","background-repeat":"repeat","background-position":"center center","background-size":"auto","background-attachment":"scroll","background-type":"","background-media":"","overlay-type":"","overlay-color":"","overlay-opacity":"","overlay-gradient":""}},"ast-content-background-meta":{"desktop":{"background-color":"var(--ast-global-color-5)","background-image":"","background-repeat":"repeat","background-position":"center center","background-size":"auto","background-attachment":"scroll","background-type":"","background-media":"","overlay-type":"","overlay-color":"","overlay-opacity":"","overlay-gradient":""},"tablet":{"background-color":"var(--ast-global-color-5)","background-image":"","background-repeat":"repeat","background-position":"center center","background-size":"auto","background-attachment":"scroll","background-type":"","background-media":"","overlay-type":"","overlay-color":"","overlay-opacity":"","overlay-gradient":""},"mobile":{"background-color":"var(--ast-global-color-5)","background-image":"","background-repeat":"repeat","background-position":"center center","background-size":"auto","background-attachment":"scroll","background-type":"","background-media":"","overlay-type":"","overlay-color":"","overlay-opacity":"","overlay-gradient":""}},"footnotes":""},"class_list":["post-3354","page","type-page","status-publish","hentry"],"aioseo_notices":[],"_links":{"self":[{"href":"https:\/\/rubens-antwerpen.be\/de\/wp-json\/wp\/v2\/pages\/3354","targetHints":{"allow":["GET"]}}],"collection":[{"href":"https:\/\/rubens-antwerpen.be\/de\/wp-json\/wp\/v2\/pages"}],"about":[{"href":"https:\/\/rubens-antwerpen.be\/de\/wp-json\/wp\/v2\/types\/page"}],"author":[{"embeddable":true,"href":"https:\/\/rubens-antwerpen.be\/de\/wp-json\/wp\/v2\/users\/1"}],"replies":[{"embeddable":true,"href":"https:\/\/rubens-antwerpen.be\/de\/wp-json\/wp\/v2\/comments?post=3354"}],"version-history":[{"count":10,"href":"https:\/\/rubens-antwerpen.be\/de\/wp-json\/wp\/v2\/pages\/3354\/revisions"}],"predecessor-version":[{"id":6285,"href":"https:\/\/rubens-antwerpen.be\/de\/wp-json\/wp\/v2\/pages\/3354\/revisions\/6285"}],"up":[{"embeddable":true,"href":"https:\/\/rubens-antwerpen.be\/de\/wp-json\/wp\/v2\/pages\/3350"}],"wp:attachment":[{"href":"https:\/\/rubens-antwerpen.be\/de\/wp-json\/wp\/v2\/media?parent=3354"}],"curies":[{"name":"wp","href":"https:\/\/api.w.org\/{rel}","templated":true}]}}