{"id":3356,"date":"2024-06-19T16:06:35","date_gmt":"2024-06-19T14:06:35","guid":{"rendered":"https:\/\/rubens-antwerpen.be\/home\/noerd\/snijdersrockox-haus\/jacob-jordaens-die-berufung-petri\/"},"modified":"2025-07-31T17:28:28","modified_gmt":"2025-07-31T15:28:28","slug":"jacob-jordaens-die-berufung-petri","status":"publish","type":"page","link":"https:\/\/rubens-antwerpen.be\/de\/home\/noerd\/snijdersrockox-haus\/jacob-jordaens-die-berufung-petri\/","title":{"rendered":"Jacob Jordaens: Die Berufung Petri"},"content":{"rendered":"\t\t<div data-elementor-type=\"wp-page\" data-elementor-id=\"3356\" class=\"elementor elementor-3356 elementor-943\">\n\t\t\t\t<div class=\"elementor-element elementor-element-ad42995 e-flex e-con-boxed e-con e-parent\" data-id=\"ad42995\" data-element_type=\"container\" data-e-type=\"container\">\n\t\t\t\t\t<div class=\"e-con-inner\">\n\t\t\t\t<div class=\"elementor-element elementor-element-dbf73d7 elementor-widget elementor-widget-heading\" data-id=\"dbf73d7\" data-element_type=\"widget\" data-e-type=\"widget\" data-widget_type=\"heading.default\">\n\t\t\t\t<div class=\"elementor-widget-container\">\n\t\t\t\t\t<h2 class=\"elementor-heading-title elementor-size-default\">Jacques Jordaens: Die Berufung Petri<\/h2>\t\t\t\t<\/div>\n\t\t\t\t<\/div>\n\t\t\t\t\t<\/div>\n\t\t\t\t<\/div>\n\t\t<div class=\"elementor-element elementor-element-c852523 e-flex e-con-boxed e-con e-parent\" data-id=\"c852523\" data-element_type=\"container\" data-e-type=\"container\">\n\t\t\t\t\t<div class=\"e-con-inner\">\n\t\t\t\t<div class=\"elementor-element elementor-element-8c493c2 elementor-widget elementor-widget-text-editor\" data-id=\"8c493c2\" data-element_type=\"widget\" data-e-type=\"widget\" data-widget_type=\"text-editor.default\">\n\t\t\t\t<div class=\"elementor-widget-container\">\n\t\t\t\t\t\t\t\t\t<p style=\"text-align: justify;\"><span style=\"color: #008000;\"><strong>Im Snijders&amp;Rockox Haus, zwischen K\u00fcche und W\u00e4scherei (Leihgabe aus Sankt-Jacobskirche)<\/strong><\/span><\/p>\n<p><a href=\"http:\/\/rubens-antwerpen.be\/wp-content\/uploads\/313P-SRH-JJO-Roeping-Petrus.jpg\"><img fetchpriority=\"high\" decoding=\"async\" class=\"alignleft wp-image-603 size-medium\" src=\"http:\/\/rubens-antwerpen.be\/wp-content\/uploads\/313P-SRH-JJO-Roeping-Petrus-300x270.jpg\" alt=\"\" width=\"300\" height=\"270\" srcset=\"https:\/\/rubens-antwerpen.be\/wp-content\/uploads\/313P-SRH-JJO-Roeping-Petrus-300x270.jpg 300w, https:\/\/rubens-antwerpen.be\/wp-content\/uploads\/313P-SRH-JJO-Roeping-Petrus-768x692.jpg 768w, https:\/\/rubens-antwerpen.be\/wp-content\/uploads\/313P-SRH-JJO-Roeping-Petrus.jpg 1024w\" sizes=\"(max-width: 300px) 100vw, 300px\" \/><\/a><\/p>\n<p style=\"text-align: justify;\"><em>Er [Andreas] fand zuerst seinen Bruder Simon [&#8230;]. Er brachte ihn zu Jesus. Jesus sah ihn an und sagte: &#8222;Du bist also Simon, der Sohn des Johannes? Du sollst Kephas genannt werden&#8220; (was Petrus bedeutet) [oder Fels]. <\/em><\/p>\n<p><\/p>\n<hr \/>\n<p><\/p>\n<p style=\"text-align: justify;\"><strong>Guck mal!<\/strong><\/p>\n<p><\/p>\n<p style=\"text-align: justify;\">Mit diesem Gem\u00e4lde von Jordaens laden wir Sie zu einer \u00dcbung im genauen Hinsehen ein.<\/p>\n<p><\/p>\n<p style=\"text-align: justify;\">Werfen wir zun\u00e4chst einen allgemeinen Blick auf die Szene, die die Berufung des Apostels Petrus darstellt.<\/p>\n<p><\/p>\n<p style=\"text-align: justify;\">Die zwei Hauptfiguren stehen im Mittelpunkt der Komposition und sind deutlich hervorgehoben: Jesus \u2013 \u201edas Licht der Welt\u201c \u2013 steht im vollen Scheinwerferlicht, ebenso wie die nackte Brust des Petrus, die betont ins Auge f\u00e4llt.<\/p>\n<p><\/p>\n<p style=\"text-align: justify;\">Der Schl\u00fcssel zum Verst\u00e4ndnis der Barockmalerei besteht darin, sie als klassisches Theaterst\u00fcck zu betrachten.<\/p>\n<p><\/p>\n<p style=\"text-align: justify; padding-left: 40px;\"><strong>Ein Ort<\/strong>: Alles spielt am See Genezareth \u2013 doch Jordaens zeigt uns fl\u00e4mische Fischer mit ihren derben, charaktervollen Gesichtern.<\/p>\n<p><\/p>\n<p style=\"text-align: justify; padding-left: 40px;\"><strong>Eine Zeit<\/strong>: Es ist fr\u00fcher Morgen; das n\u00e4chtliche Fischen ist gerade beendet.<\/p>\n<p><\/p>\n<p style=\"text-align: justify; padding-left: 40px;\"><strong>Eine Handlung<\/strong>: Achten Sie auf die K\u00f6rpersprache der \u201eSchauspieler\u201c: Jesu offene, einladende H\u00e4nde \u2013 Petrus, der sich noch nicht ganz von seinem reichen Fang l\u00f6sen kann. Das Treffen wurde von Andreas, dem Bruder des Petrus, eingef\u00e4delt. Mit einer Hand an der Seite und der anderen vor dem Bauch wartet er gespannt auf den Ausgang dieser Begegnung. Er tr\u00e4gt bereits keine Fischerkleidung mehr.<\/p>\n<p><\/p>\n<p style=\"text-align: justify;\">Die Figuren im Hintergrund sind skizzenhaft gehalten. Sie stehen eng beieinander und verdecken fast vollst\u00e4ndig die Landschaft \u2013 nur ganz links sehen wir das Ufer und ein Fischerboot.<\/p>\n<p><\/p>\n<p style=\"text-align: justify;\">Hier entsteht die r\u00e4umliche Tiefe nicht durch Licht und Schatten, sondern allein durch die Komposition.<\/p>\n<p><\/p>\n<p style=\"text-align: justify;\">Besonders interessant sind zwei sogenannte <strong>Repoussoir-Figuren<\/strong> um Perspektive zu pr\u00e4gen: der kniende Mann links und die sitzende Figur rechts, die eine Socke \u00fcber einem kleinen Feuer trocknet. Letzterer ist der Schauspieler, mit dem sich der Betrachter identifizieren soll. Dass beide &#8222;<em>dem Leben nach<\/em>&#8220; dargestellt sind, erleichtert uns das Hineinversetzen.<\/p>\n<p><\/p>\n<p style=\"text-align: justify;\">Richten Sie nun den Blick zuerst auf ihn \u2013 und dann gemeinsam mit ihm auf das zentrale Duo: Petrus und Jesus. Ziehen Sie eine imagin\u00e4re Linie zwischen ihren Blicken.<\/p>\n<p><\/p>\n<p style=\"text-align: justify;\">F\u00fcr ein vertieftes Verst\u00e4ndnis brauchen wir nun den biblischen Text, der die erste Begegnung dieser beiden beschreibt. Er findet sich im Johannesevangelium, Kapitel 1, Verse 41\u201342:<\/p>\n<p><\/p>\n<p style=\"text-align: justify; padding-left: 40px;\"><em>Dieser [Andreas] traf zuerst seinen Bruder Simon [&#8230;]. Er f\u00fchrte ihn zu Jesus. Jesus blickte ihn an und sagte: &#8222;Du bist Simon, der Sohn des Johannes, du sollst Kephas hei\u00dfen\u201c. Kephas bedeutet: Fels.<\/em><\/p>\n<p><\/p>\n<p style=\"text-align: justify;\">&#8222;<strong>Jesus blickte ihn an und sagte<\/strong>&#8220; \u2013 ist das nicht die wahre St\u00e4rke dieses Bildes? Dieser stille, visuelle Dialog \u2013 sich in die Augen sehen und sich im Herzen ber\u00fchren?<\/p>\n<p><\/p>\n<p style=\"text-align: justify;\">Stellen Sie sich dieses Werk im privaten Raum eines wohlhabenden B\u00fcrgers vor, \u00fcber dem Kamin. So m\u00fcsste man hinaufschauen \u2013 und genau dann wird die Perspektive sichtbar, die der Maler komponiert hat.<\/p>\n<p><\/p>\n<p style=\"text-align: justify;\">Dieses Gem\u00e4lde war angeblich f\u00fcr einen Teppichh\u00e4ndler namens Michiel Wauters bestimmt. Es zeigt, dass Jordaens auch gro\u00dfformatige Gem\u00e4lde f\u00fcr wohlhabende B\u00fcrger lieferte.<\/p>\n<p><\/p>\n<p style=\"text-align: justify;\">Er malte dieses Bild in den Jahren 1616\u20131617, im Alter von nur 23 Jahren. Er war damals gerade ein Jahr Meister in der Lukasgilde. In seinen fr\u00fchen Kompositionen erkennt man den Versuch, sich von der traditionellen Darstellung zu l\u00f6sen, in der alle K\u00f6pfe auf gleicher H\u00f6he stehen. Hier reiht er seine Figuren noch weitgehend auf \u2013 der Schritt zur echten Tiefenstaffelung als Perspektive steht ihm noch bevor.<\/p>\n<p><\/p>\n<p style=\"text-align: justify;\"><span style=\"color: #008000;\"><strong>N\u00f6rdliche Route: Gegen\u00fcber dem Snijders-Rockox-Haus gehen Sie durch die Ambtmanstraat zur Mutsaardstraat, auf dem kleinen Platz vor der <a href=\"https:\/\/rubens-antwerpen.be\/de\/home\/noerd\/akademie-der-bildenden-kuenste\/\">Akademie<\/a>.<\/strong><\/span><\/p>\n\t\t\t\t\t\t\t\t<\/div>\n\t\t\t\t<\/div>\n\t\t\t\t\t<\/div>\n\t\t\t\t<\/div>\n\t\t\t\t<\/div>\n\t\t","protected":false},"excerpt":{"rendered":"<p>Jacques Jordaens: Die Berufung Petri Im Snijders&amp;Rockox Haus, zwischen K\u00fcche und W\u00e4scherei (Leihgabe aus Sankt-Jacobskirche) Er [Andreas] fand zuerst seinen [&hellip;]<\/p>\n","protected":false},"author":1,"featured_media":0,"parent":3350,"menu_order":313,"comment_status":"closed","ping_status":"closed","template":"","meta":{"site-sidebar-layout":"no-sidebar","site-content-layout":"","ast-site-content-layout":"full-width-container","site-content-style":"default","site-sidebar-style":"default","ast-global-header-display":"","ast-banner-title-visibility":"","ast-main-header-display":"","ast-hfb-above-header-display":"","ast-hfb-below-header-display":"","ast-hfb-mobile-header-display":"","site-post-title":"disabled","ast-breadcrumbs-content":"","ast-featured-img":"disabled","footer-sml-layout":"","ast-disable-related-posts":"","theme-transparent-header-meta":"","adv-header-id-meta":"","stick-header-meta":"","header-above-stick-meta":"","header-main-stick-meta":"","header-below-stick-meta":"","astra-migrate-meta-layouts":"default","ast-page-background-enabled":"default","ast-page-background-meta":{"desktop":{"background-color":"var(--ast-global-color-4)","background-image":"","background-repeat":"repeat","background-position":"center center","background-size":"auto","background-attachment":"scroll","background-type":"","background-media":"","overlay-type":"","overlay-color":"","overlay-opacity":"","overlay-gradient":""},"tablet":{"background-color":"","background-image":"","background-repeat":"repeat","background-position":"center center","background-size":"auto","background-attachment":"scroll","background-type":"","background-media":"","overlay-type":"","overlay-color":"","overlay-opacity":"","overlay-gradient":""},"mobile":{"background-color":"","background-image":"","background-repeat":"repeat","background-position":"center center","background-size":"auto","background-attachment":"scroll","background-type":"","background-media":"","overlay-type":"","overlay-color":"","overlay-opacity":"","overlay-gradient":""}},"ast-content-background-meta":{"desktop":{"background-color":"var(--ast-global-color-5)","background-image":"","background-repeat":"repeat","background-position":"center center","background-size":"auto","background-attachment":"scroll","background-type":"","background-media":"","overlay-type":"","overlay-color":"","overlay-opacity":"","overlay-gradient":""},"tablet":{"background-color":"var(--ast-global-color-5)","background-image":"","background-repeat":"repeat","background-position":"center center","background-size":"auto","background-attachment":"scroll","background-type":"","background-media":"","overlay-type":"","overlay-color":"","overlay-opacity":"","overlay-gradient":""},"mobile":{"background-color":"var(--ast-global-color-5)","background-image":"","background-repeat":"repeat","background-position":"center center","background-size":"auto","background-attachment":"scroll","background-type":"","background-media":"","overlay-type":"","overlay-color":"","overlay-opacity":"","overlay-gradient":""}},"footnotes":""},"class_list":["post-3356","page","type-page","status-publish","hentry"],"aioseo_notices":[],"_links":{"self":[{"href":"https:\/\/rubens-antwerpen.be\/de\/wp-json\/wp\/v2\/pages\/3356","targetHints":{"allow":["GET"]}}],"collection":[{"href":"https:\/\/rubens-antwerpen.be\/de\/wp-json\/wp\/v2\/pages"}],"about":[{"href":"https:\/\/rubens-antwerpen.be\/de\/wp-json\/wp\/v2\/types\/page"}],"author":[{"embeddable":true,"href":"https:\/\/rubens-antwerpen.be\/de\/wp-json\/wp\/v2\/users\/1"}],"replies":[{"embeddable":true,"href":"https:\/\/rubens-antwerpen.be\/de\/wp-json\/wp\/v2\/comments?post=3356"}],"version-history":[{"count":6,"href":"https:\/\/rubens-antwerpen.be\/de\/wp-json\/wp\/v2\/pages\/3356\/revisions"}],"predecessor-version":[{"id":5812,"href":"https:\/\/rubens-antwerpen.be\/de\/wp-json\/wp\/v2\/pages\/3356\/revisions\/5812"}],"up":[{"embeddable":true,"href":"https:\/\/rubens-antwerpen.be\/de\/wp-json\/wp\/v2\/pages\/3350"}],"wp:attachment":[{"href":"https:\/\/rubens-antwerpen.be\/de\/wp-json\/wp\/v2\/media?parent=3356"}],"curies":[{"name":"wp","href":"https:\/\/api.w.org\/{rel}","templated":true}]}}