{"id":3358,"date":"2024-06-19T16:07:29","date_gmt":"2024-06-19T14:07:29","guid":{"rendered":"https:\/\/rubens-antwerpen.be\/home\/noerd\/akademie-der-bildenden-kuenste\/"},"modified":"2025-08-09T11:46:10","modified_gmt":"2025-08-09T09:46:10","slug":"akademie-der-bildenden-kuenste","status":"publish","type":"page","link":"https:\/\/rubens-antwerpen.be\/de\/home\/noerd\/akademie-der-bildenden-kuenste\/","title":{"rendered":"Akademie der Bildenden K\u00fcnste"},"content":{"rendered":"\t\t<div data-elementor-type=\"wp-page\" data-elementor-id=\"3358\" class=\"elementor elementor-3358 elementor-948\">\n\t\t\t\t<div class=\"elementor-element elementor-element-ad42995 e-flex e-con-boxed e-con e-parent\" data-id=\"ad42995\" data-element_type=\"container\" data-e-type=\"container\">\n\t\t\t\t\t<div class=\"e-con-inner\">\n\t\t\t\t<div class=\"elementor-element elementor-element-dbf73d7 elementor-widget elementor-widget-heading\" data-id=\"dbf73d7\" data-element_type=\"widget\" data-e-type=\"widget\" data-widget_type=\"heading.default\">\n\t\t\t\t<div class=\"elementor-widget-container\">\n\t\t\t\t\t<h2 class=\"elementor-heading-title elementor-size-default\">Mutsaardstraat\/Predikerinnenstraat: Akademie der Sch\u00f6nen K\u00fcnste <\/h2>\t\t\t\t<\/div>\n\t\t\t\t<\/div>\n\t\t\t\t\t<\/div>\n\t\t\t\t<\/div>\n\t\t<div class=\"elementor-element elementor-element-395dc5f e-flex e-con-boxed e-con e-parent\" data-id=\"395dc5f\" data-element_type=\"container\" data-e-type=\"container\">\n\t\t\t\t\t<div class=\"e-con-inner\">\n\t\t\t\t<div class=\"elementor-element elementor-element-941af33 elementor-widget elementor-widget-text-editor\" data-id=\"941af33\" data-element_type=\"widget\" data-e-type=\"widget\" data-widget_type=\"text-editor.default\">\n\t\t\t\t<div class=\"elementor-widget-container\">\n\t\t\t\t\t\t\t\t\t<figure id=\"attachment_2201\" aria-describedby=\"caption-attachment-2201\" style=\"width: 300px\" class=\"wp-caption alignleft\"><a href=\"http:\/\/rubens-antwerpen.be\/wp-content\/uploads\/320P-Academie-Schone-Kunsten.jpg\"><img fetchpriority=\"high\" decoding=\"async\" class=\"wp-image-606 size-medium\" src=\"http:\/\/rubens-antwerpen.be\/wp-content\/uploads\/320P-Academie-Schone-Kunsten-300x225.jpg\" alt=\"\" width=\"300\" height=\"225\" srcset=\"https:\/\/rubens-antwerpen.be\/wp-content\/uploads\/320P-Academie-Schone-Kunsten-300x225.jpg 300w, https:\/\/rubens-antwerpen.be\/wp-content\/uploads\/320P-Academie-Schone-Kunsten-768x576.jpg 768w, https:\/\/rubens-antwerpen.be\/wp-content\/uploads\/320P-Academie-Schone-Kunsten.jpg 1024w\" sizes=\"(max-width: 300px) 100vw, 300px\" \/><\/a><figcaption id=\"caption-attachment-2201\" class=\"wp-caption-text\">Predikerinnenstraat<\/figcaption><\/figure>\n<p style=\"text-align: justify;\"><em>Die Dominikanerinnen pflegten Vater Fran\u00e7ois Van Dyck bis zu seinem Tod im Jahr 1622. Sein Sohn Anthony erf\u00fcllte den Wunsch seines Vaters, den Schwestern ein Gem\u00e4lde zu schenken wegen ihrer Hingabe an &#8222;gewissen Freundschaften und Treue&#8220; [&#8222;seeker vrinschappen ende getrouwigheden&#8220;]<\/em><\/p>\n<p><\/p>\n<hr \/>\n<p><\/p>\n<p style=\"text-align: justify;\">In der \u00dcbersetzung erinnern die Sta\u00dfennamen<em>, Minderbroedersrui \u2013 Minderbroedersstraat<\/em>, an den Orden der Minoriten; gleich um die Ecke liegt die <em>Predikerinnenstraat<\/em> oder Gasse der Dominikanerinnen. Was ist von diesen Orden \u00fcbriggeblieben? Viel mehr, als Sie vielleicht denken.<\/p>\n<p><\/p>\n<p style=\"text-align: justify;\">Hier befinden wir uns am Eingangstor der Akademie der Sch\u00f6nen K\u00fcnste, heute Teil der Universit\u00e4t Antwerpen. Durch das Tor f\u00e4llt unseren Blick auf ein gro\u00dfes, unscheinbares Geb\u00e4ude; bis 1797 war es die Klosterkirche der Minderbr\u00fcder. Mindestens f\u00fcnf Gem\u00e4lde von Rubens schm\u00fcckten einst diese Kirche ebenso wie mehrere von Van Dyck und anderen Antwerpener Meistern.<\/p>\n<p><\/p>\n<p style=\"text-align: justify;\">Rubens erhielt einen Auftrag von seinem G\u00f6nner und Freund Nicolaas Rockox, dessen Haus wir gerade besichtigt haben. Das Triptychon \u201a<em>Christus zeigt seine Wunden\u2018<\/em>, das urspr\u00fcnglich f\u00fcr die Klosterkirche bestimmt war, befindet sich heute im KMSKA. Drei weitere Werke der Minoriten gelangten ebenfalls in dieser Sammlung: \u201a<em>Der Lanzensto\u00df<\/em>\u2018 von Rubens und\/oder Van Dyck, das gro\u00dfformatige Gem\u00e4lde \u201a<em>Klage Christi<\/em>\u2018 von Van Dyck und das dazugeh\u00f6rige \u201a<em>Bildnis des Abtes Scaglia<\/em>\u2018.<\/p>\n<p><\/p>\n<p style=\"text-align: justify;\">In dieser Stra\u00dfe hatte auch Anthony Van Dyck sein Wohnhaus und erstes Atelier. Wie damals \u00fcblich, trug es einen Namen, \u201a<strong>der K\u00f6lner Dom<\/strong>\u2018.<\/p>\n<p><\/p>\n<p style=\"text-align: justify;\">Um sich ein Bild vom Stadtbild in der Barockzeit zu machen, lohnt ein Blick auf die Hausnummern 30 und 32 in der Mutsaardstraat.<\/p>\n<p><\/p>\n<p style=\"text-align: justify;\">Die rechte Fassade, Nr. 30, tr\u00e4gt den Namen \u201a<em>der Drache<\/em>\u2018 und wurde um 1628 errichtet. Es ist gut m\u00f6glich, dass Anthony den Bau miterlebte. Die Fassade wirkt schlicht und grau \u2013 frei von \u00fcberm\u00e4\u00dfiger Dekoration- und markiert den \u00dcbergang von der eleganten Renaissance zum kraftvollen Barock.<\/p>\n<p><\/p>\n<p style=\"text-align: justify;\">Das Nachbarhhaus, Nr. 32, jemals im Besitz der Familie &#8218;Van den Kerckhoven&#8216;, repr\u00e4sentiert eine sp\u00e4tere Phase, m\u00f6glicherweise in dem dritten Viertel des 17. Jahrhunderts. \u00a0Die dekorative Gestaltung der Fassade zeigt, wie Rubens und Jordaens mit ihren eigenen H\u00e4usern und Bildern stilbildend wirkten \u2013 echte Barock-<em>Influencer<\/em> ihrer Zeit.<\/p>\n<p><\/p>\n<p style=\"text-align: justify;\">Wir folgen weiter der engen und verwinkelten <em>Predikerinnengasse<\/em>. Die hier ans\u00e4ssigen Dominikanerinnen waren aus einer anderen Stadt (Temse) geflohen. In Antwerpen mieteten sie zun\u00e4chst den \u201a<strong>K\u00f6lner Dom<\/strong>\u2018 \u2013 vermutlich Van Dycks Haus, denn ein weiteres mit diesem Namen ist nicht \u00fcberliefert. Sp\u00e4ter erwarben die Nonnen ein ger\u00e4umiges Geb\u00e4ude in einem angrenzenden Wohnblock.<\/p>\n<p><\/p>\n<p style=\"text-align: justify;\">Dieser Ort hatte f\u00fcr Van Dyck und seine Familie eine besondere Bedeutung.<\/p>\n<p><\/p>\n<p style=\"text-align: justify;\"><img decoding=\"async\" class=\"size-medium wp-image-5643 alignleft\" src=\"https:\/\/rubens-antwerpen.be\/wp-content\/uploads\/321-AVD-KMSKA-Domincanen-231x300.png\" alt=\"\" width=\"231\" height=\"300\" srcset=\"https:\/\/rubens-antwerpen.be\/wp-content\/uploads\/321-AVD-KMSKA-Domincanen-231x300.png 231w, https:\/\/rubens-antwerpen.be\/wp-content\/uploads\/321-AVD-KMSKA-Domincanen.png 606w\" sizes=\"(max-width: 231px) 100vw, 231px\" \/><\/p>\n<p><\/p>\n<p style=\"text-align: justify;\">Sein Vater Fran\u00e7ois war bankrott und schwer krank; er verstarb 1622. Er wurde gepflegt von den Nonnen; aus Dankbarkeit und zur Erf\u00fcllung eines Versprechens des Vaters, schenkte Anthony den Nonnen ein Gem\u00e4lde f\u00fcr ihre Klosterkapelle.<\/p>\n<p><\/p>\n<p style=\"text-align: justify;\">Das Werk \u201a<em>Christus am Kreuz\u2018 <\/em>zeigt neben Jesus auch den Ordengr\u00fcnder Dominikus sowie Katharina von Siena, die gro\u00dfe weibliche Heilige des Ordens; man kann sie an ihren schwarz-wei\u00dfen Gew\u00e4ndern erkennen.<\/p>\n<p><\/p>\n<p style=\"text-align: justify;\">Es geh\u00f6rt heute zur <a href=\"https:\/\/kmska.be\/en\/masterpiece\/christ-on-the-cross-with-saint-catherine-of-siena-saint-dominic-and-an-angel\" target=\"_blank\" rel=\"noopener\">Online-Sammlung des KMSKA<\/a>. Um dem Opfer Jesu einen aktuellen Bezug zu geben, erkennen wir im Hintergrund die Silhouette der Antwerpener Liebfrauenkathedrale \u2013 eine subtile Verbindung von Transzendenz und Gegenwart.<\/p>\n<p><\/p>\n<p style=\"text-align: justify;\"><span style=\"color: #008000;\"><strong>N\u00f6rdliche Route: von der Mutsaardstraat aus gehen Sie um die Ecke der Predikerinnenstraat, biegen dann links \u00fcber das Klapdorp ab und \u00fcberqueren die Sint-Paulusstraat.<br \/>\nIn die Lange Koepoortstraat biegen Sie rechts in die Zwartzustersstraat ein, um das Eingangstor des <a href=\"https:\/\/rubens-antwerpen.be\/de\/home\/noerd\/st-paulus-kirche\/\">Sankt Pauluskirche<\/a> am Veemarkt zu erreichen.<\/strong><\/span><\/p>\n\t\t\t\t\t\t\t\t<\/div>\n\t\t\t\t<\/div>\n\t\t\t\t\t<\/div>\n\t\t\t\t<\/div>\n\t\t\t\t<\/div>\n\t\t","protected":false},"excerpt":{"rendered":"<p>Mutsaardstraat\/Predikerinnenstraat: Akademie der Sch\u00f6nen K\u00fcnste Die Dominikanerinnen pflegten Vater Fran\u00e7ois Van Dyck bis zu seinem Tod im Jahr 1622. Sein [&hellip;]<\/p>\n","protected":false},"author":1,"featured_media":0,"parent":3346,"menu_order":320,"comment_status":"closed","ping_status":"closed","template":"","meta":{"site-sidebar-layout":"no-sidebar","site-content-layout":"","ast-site-content-layout":"full-width-container","site-content-style":"default","site-sidebar-style":"default","ast-global-header-display":"","ast-banner-title-visibility":"","ast-main-header-display":"","ast-hfb-above-header-display":"","ast-hfb-below-header-display":"","ast-hfb-mobile-header-display":"","site-post-title":"disabled","ast-breadcrumbs-content":"","ast-featured-img":"disabled","footer-sml-layout":"","ast-disable-related-posts":"","theme-transparent-header-meta":"","adv-header-id-meta":"","stick-header-meta":"","header-above-stick-meta":"","header-main-stick-meta":"","header-below-stick-meta":"","astra-migrate-meta-layouts":"default","ast-page-background-enabled":"default","ast-page-background-meta":{"desktop":{"background-color":"var(--ast-global-color-4)","background-image":"","background-repeat":"repeat","background-position":"center center","background-size":"auto","background-attachment":"scroll","background-type":"","background-media":"","overlay-type":"","overlay-color":"","overlay-opacity":"","overlay-gradient":""},"tablet":{"background-color":"","background-image":"","background-repeat":"repeat","background-position":"center center","background-size":"auto","background-attachment":"scroll","background-type":"","background-media":"","overlay-type":"","overlay-color":"","overlay-opacity":"","overlay-gradient":""},"mobile":{"background-color":"","background-image":"","background-repeat":"repeat","background-position":"center center","background-size":"auto","background-attachment":"scroll","background-type":"","background-media":"","overlay-type":"","overlay-color":"","overlay-opacity":"","overlay-gradient":""}},"ast-content-background-meta":{"desktop":{"background-color":"var(--ast-global-color-5)","background-image":"","background-repeat":"repeat","background-position":"center center","background-size":"auto","background-attachment":"scroll","background-type":"","background-media":"","overlay-type":"","overlay-color":"","overlay-opacity":"","overlay-gradient":""},"tablet":{"background-color":"var(--ast-global-color-5)","background-image":"","background-repeat":"repeat","background-position":"center center","background-size":"auto","background-attachment":"scroll","background-type":"","background-media":"","overlay-type":"","overlay-color":"","overlay-opacity":"","overlay-gradient":""},"mobile":{"background-color":"var(--ast-global-color-5)","background-image":"","background-repeat":"repeat","background-position":"center center","background-size":"auto","background-attachment":"scroll","background-type":"","background-media":"","overlay-type":"","overlay-color":"","overlay-opacity":"","overlay-gradient":""}},"footnotes":""},"class_list":["post-3358","page","type-page","status-publish","hentry"],"aioseo_notices":[],"_links":{"self":[{"href":"https:\/\/rubens-antwerpen.be\/de\/wp-json\/wp\/v2\/pages\/3358","targetHints":{"allow":["GET"]}}],"collection":[{"href":"https:\/\/rubens-antwerpen.be\/de\/wp-json\/wp\/v2\/pages"}],"about":[{"href":"https:\/\/rubens-antwerpen.be\/de\/wp-json\/wp\/v2\/types\/page"}],"author":[{"embeddable":true,"href":"https:\/\/rubens-antwerpen.be\/de\/wp-json\/wp\/v2\/users\/1"}],"replies":[{"embeddable":true,"href":"https:\/\/rubens-antwerpen.be\/de\/wp-json\/wp\/v2\/comments?post=3358"}],"version-history":[{"count":16,"href":"https:\/\/rubens-antwerpen.be\/de\/wp-json\/wp\/v2\/pages\/3358\/revisions"}],"predecessor-version":[{"id":6123,"href":"https:\/\/rubens-antwerpen.be\/de\/wp-json\/wp\/v2\/pages\/3358\/revisions\/6123"}],"up":[{"embeddable":true,"href":"https:\/\/rubens-antwerpen.be\/de\/wp-json\/wp\/v2\/pages\/3346"}],"wp:attachment":[{"href":"https:\/\/rubens-antwerpen.be\/de\/wp-json\/wp\/v2\/media?parent=3358"}],"curies":[{"name":"wp","href":"https:\/\/api.w.org\/{rel}","templated":true}]}}