{"id":3360,"date":"2024-04-12T12:07:21","date_gmt":"2024-04-12T10:07:21","guid":{"rendered":"https:\/\/rubens-antwerpen.be\/home\/noerd\/st-paulus-kirche\/"},"modified":"2025-08-04T16:50:12","modified_gmt":"2025-08-04T14:50:12","slug":"st-paulus-kirche","status":"publish","type":"page","link":"https:\/\/rubens-antwerpen.be\/de\/home\/noerd\/st-paulus-kirche\/","title":{"rendered":"St.-Paulus-Kirche"},"content":{"rendered":"\t\t<div data-elementor-type=\"wp-page\" data-elementor-id=\"3360\" class=\"elementor elementor-3360 elementor-182\">\n\t\t\t\t<div class=\"elementor-element elementor-element-ad42995 e-flex e-con-boxed e-con e-parent\" data-id=\"ad42995\" data-element_type=\"container\" data-e-type=\"container\">\n\t\t\t\t\t<div class=\"e-con-inner\">\n\t\t\t\t<div class=\"elementor-element elementor-element-dbf73d7 elementor-widget elementor-widget-heading\" data-id=\"dbf73d7\" data-element_type=\"widget\" data-e-type=\"widget\" data-widget_type=\"heading.default\">\n\t\t\t\t<div class=\"elementor-widget-container\">\n\t\t\t\t\t<h2 class=\"elementor-heading-title elementor-size-default\">Veemarkt (Viehmarkt): Sankt Paulskirche <\/h2>\t\t\t\t<\/div>\n\t\t\t\t<\/div>\n\t\t\t\t\t<\/div>\n\t\t\t\t<\/div>\n\t\t<div class=\"elementor-element elementor-element-9a44fe6 e-flex e-con-boxed e-con e-parent\" data-id=\"9a44fe6\" data-element_type=\"container\" data-e-type=\"container\">\n\t\t\t\t\t<div class=\"e-con-inner\">\n\t\t\t\t<div class=\"elementor-element elementor-element-8ed734b elementor-widget elementor-widget-text-editor\" data-id=\"8ed734b\" data-element_type=\"widget\" data-e-type=\"widget\" data-widget_type=\"text-editor.default\">\n\t\t\t\t<div class=\"elementor-widget-container\">\n\t\t\t\t\t\t\t\t\t<figure id=\"attachment_2210\" aria-describedby=\"caption-attachment-2210\" style=\"width: 300px\" class=\"wp-caption alignleft\"><a href=\"https:\/\/rubens-antwerpen.be\/wp-content\/uploads\/\/330P-Sint-Pauluskerk-300x231.jpg\"><img fetchpriority=\"high\" decoding=\"async\" class=\"wp-image-609 size-medium\" src=\"https:\/\/rubens-antwerpen.be\/wp-content\/uploads\/\/330P-Sint-Pauluskerk-300x231.jpg\" alt=\"\" width=\"300\" height=\"231\" srcset=\"https:\/\/rubens-antwerpen.be\/wp-content\/uploads\/330P-Sint-Pauluskerk-300x231.jpg 300w, https:\/\/rubens-antwerpen.be\/wp-content\/uploads\/330P-Sint-Pauluskerk-768x592.jpg 768w, https:\/\/rubens-antwerpen.be\/wp-content\/uploads\/330P-Sint-Pauluskerk.jpg 1024w\" sizes=\"(max-width: 300px) 100vw, 300px\" \/><\/a><figcaption id=\"caption-attachment-2210\" class=\"wp-caption-text\">St.-Paulus-Kirche<\/figcaption><\/figure>\n<p style=\"text-align: justify;\"><em>In jedem Museum findet man die gro\u00dfen Meister, aber in dieser Kirche h\u00e4ngen die Werke unserer drei Barockmeister Rubens, van Dyck und Jordaens buchst\u00e4blich nebeneinander \u2013 genau dort, wo sie historisch hingeh\u00f6ren.<\/em><\/p>\n<p><\/p>\n<hr \/>\n<p><\/p>\n<p style=\"text-align: justify;\">Am Rande des Hafengebiets von Antwerpen und entlang der Scheldekais entstehen immer mehr Hochh\u00e4user. Sie ver\u00e4ndern den vertrauten Blick auf das Stadtbild, besonders wenn man es vom Fluss aus betrachtet. Doch die monumentalen Kirchen ragen weiterhin hoch \u00fcber die D\u00e4cher der Altstadt hinaus und verlieren sich nicht im Schatten der neuen Blockt\u00fcrme. F\u00fcr den langsamen Reisenden, den Fu\u00dfg\u00e4nger, vielleicht den Pilger oder den Radfahrer, bleiben sie vertraute, weithin sichtbare Wahrzeichen, die auch nachts ihren Glanz bewahren.<\/p>\n<p><\/p>\n<p style=\"text-align: justify;\">Das Innere dieser Kirche ist eine Schatzkammer voller Kunstwerke, insbesondere Gem\u00e4lden.<\/p>\n<p><\/p>\n<p style=\"text-align: justify;\">Die \u00fcberlebensgro\u00dfen Skulpturen und bemalten Figuren entfalten ihre Wirkung am besten aus der Distanz, damit sie in normaler Menschengr\u00f6\u00dfe erscheinen. Es gibt so viele von ihnen, dass man sich hier nie allein f\u00fchlt.<\/p>\n<p><\/p>\n<p style=\"text-align: justify;\">F\u00fcnfzehn Gem\u00e4lde erz\u00e4hlen eine fortlaufende Geschichte: die \u201a<em>Geheimnisse des Rosenkranzes<\/em>\u2018. Dieser Zyklus ist eng mit dem Orden der Dominikaner verbunden, genauer gesagt \u201eOrden der Prediger\u201c. Ihre Predigten beziehen sich auf das Johannesevangelium: \u201e<em>Im Anfang war das Wort\u201c<\/em>. Doch bald folgte das Bild das Wort \u2013 insbesondere in der Zeit der katholischen Gegenreformation, als der barocke Stil seinen maximalen Ausdruck fand.<\/p>\n<p><\/p>\n<p style=\"text-align: justify;\">Dieser Ort l\u00e4dt uns ein, \u00fcber den italienischen Meister der Licht- und Schatteneffekte, Caravaggio, nachzudenken. Hier erfahren wir, wie unsere heimischen Maler diese Technik nutzten, um ihre eigene Vision wirkungsvoll zu vermitteln.<\/p>\n<p><\/p>\n<p style=\"text-align: justify;\">Wir zitieren noch einmal aus dem zeitgen\u00f6ssischen Buch der Maler von Carel van Mander, in dem der Autor, selbst K\u00fcnstler, alle Maler der Niederlande seit Van Eyck beschreibt. Van Mander erkl\u00e4rt hier, wie der italienische Einfluss unsere K\u00fcnstler gepr\u00e4gt hat:<\/p>\n<p><\/p>\n<p style=\"text-align: justify; padding-left: 40px;\"><span style=\"color: #000000;\"><em>Die Praktiker unserer Kunst, die lange Zeit im Ausland, besonders in Italien, waren, bringen gew\u00f6hnlich nach ihrer Heimkehr eine Arbeitsweise mit, die an Sch\u00f6nheit und Vortrefflichkeit die gew\u00f6hnliche altholl\u00e4ndische Art \u00fcbertrifft, oder in der man eine ungew\u00f6hnliche Begabung und k\u00fcnstlerische Geschicklichkeit beobachtet. <\/em><\/span><\/p>\n<p><span style=\"color: #000000;\">Besser als anderswo zeigt dieser Ort die kunsthistorische Entwicklung und wie die Sch\u00fcler, die Rubens, Van Dyck und Jordaens einst waren, aus dem Schatten ihrer Meister treten.<\/span><\/p>\n\t\t\t\t\t\t\t\t<\/div>\n\t\t\t\t<\/div>\n\t\t\t\t\t<\/div>\n\t\t\t\t<\/div>\n\t\t<div class=\"elementor-element elementor-element-a38cde9 e-flex e-con-boxed e-con e-parent\" data-id=\"a38cde9\" data-element_type=\"container\" data-e-type=\"container\">\n\t\t\t\t\t<div class=\"e-con-inner\">\n\t\t<div class=\"elementor-element elementor-element-474e24b e-con-full e-flex e-con e-child\" data-id=\"474e24b\" data-element_type=\"container\" data-e-type=\"container\">\n\t\t\t\t<div class=\"elementor-element elementor-element-aa6b2b2 elementor-widget elementor-widget-image\" data-id=\"aa6b2b2\" data-element_type=\"widget\" data-e-type=\"widget\" data-widget_type=\"image.default\">\n\t\t\t\t<div class=\"elementor-widget-container\">\n\t\t\t\t\t\t\t\t\t\t\t\t\t\t\t\t<a href=\"https:\/\/www.rubens-antwerpen.be\/wp-content\/uploads\/331P-STP-HVB-Boodschap-Maria.jpg%20\">\n\t\t\t\t\t\t\t<img decoding=\"async\" width=\"300\" height=\"300\" src=\"https:\/\/rubens-antwerpen.be\/wp-content\/uploads\/331Z-STP-HVB-Boodschap-Maria.jpg\" class=\"attachment-medium size-medium wp-image-2225\" alt=\"\" srcset=\"https:\/\/rubens-antwerpen.be\/wp-content\/uploads\/331Z-STP-HVB-Boodschap-Maria.jpg 300w, https:\/\/rubens-antwerpen.be\/wp-content\/uploads\/331Z-STP-HVB-Boodschap-Maria-150x150.jpg 150w\" sizes=\"(max-width: 300px) 100vw, 300px\" \/>\t\t\t\t\t\t\t\t<\/a>\n\t\t\t\t\t\t\t\t\t\t\t\t\t\t\t<\/div>\n\t\t\t\t<\/div>\n\t\t\t\t<div class=\"elementor-element elementor-element-f222048 elementor-widget elementor-widget-text-editor\" data-id=\"f222048\" data-element_type=\"widget\" data-e-type=\"widget\" data-widget_type=\"text-editor.default\">\n\t\t\t\t<div class=\"elementor-widget-container\">\n\t\t\t\t\t\t\t\t\t<p style=\"text-align: center;\"><a href=\"https:\/\/rubens-antwerpen.be\/de\/home\/noerd\/st-paulus-kirche\/van-balen-die-verkuendigung-geheimnisse\/\">Hendrick van Balen:\r\nDie Verk\u00fcndigung (Rosenkranzgeheimnisse)<\/a><\/p><br><audio class=\"wp-audio-shortcode\" id=\"audio-3360-1\" preload=\"none\" style=\"width: 100%;\" controls=\"controls\"><source type=\"audio\/mpeg\" src=\"http:\/\/rubens-antwerpen.be\/wp-content\/uploads\/331D-HVB-BoodschapAanMaria.mp3?_=1\" \/><a href=\"http:\/\/rubens-antwerpen.be\/wp-content\/uploads\/331D-HVB-BoodschapAanMaria.mp3\">http:\/\/rubens-antwerpen.be\/wp-content\/uploads\/331D-HVB-BoodschapAanMaria.mp3<\/a><\/audio>\t\t\t\t\t\t\t\t<\/div>\n\t\t\t\t<\/div>\n\t\t\t\t<\/div>\n\t\t<div class=\"elementor-element elementor-element-98059cf e-con-full e-flex e-con e-child\" data-id=\"98059cf\" data-element_type=\"container\" data-e-type=\"container\">\n\t\t\t\t<div class=\"elementor-element elementor-element-7d541aa elementor-widget elementor-widget-image\" data-id=\"7d541aa\" data-element_type=\"widget\" data-e-type=\"widget\" data-widget_type=\"image.default\">\n\t\t\t\t<div class=\"elementor-widget-container\">\n\t\t\t\t\t\t\t\t\t\t\t\t\t\t\t\t<a href=\"https:\/\/www.rubens-antwerpen.be\/wp-content\/uploads\/332P-STP-CDV-Geboorte-Christus.jpg%20\">\n\t\t\t\t\t\t\t<img decoding=\"async\" width=\"300\" height=\"300\" src=\"https:\/\/rubens-antwerpen.be\/wp-content\/uploads\/332Z-STP-CDV-Geboorte-Christus.jpg\" class=\"attachment-medium size-medium wp-image-2234\" alt=\"\" srcset=\"https:\/\/rubens-antwerpen.be\/wp-content\/uploads\/332Z-STP-CDV-Geboorte-Christus.jpg 300w, https:\/\/rubens-antwerpen.be\/wp-content\/uploads\/332Z-STP-CDV-Geboorte-Christus-150x150.jpg 150w\" sizes=\"(max-width: 300px) 100vw, 300px\" \/>\t\t\t\t\t\t\t\t<\/a>\n\t\t\t\t\t\t\t\t\t\t\t\t\t\t\t<\/div>\n\t\t\t\t<\/div>\n\t\t\t\t<div class=\"elementor-element elementor-element-ddfc7fd elementor-widget elementor-widget-text-editor\" data-id=\"ddfc7fd\" data-element_type=\"widget\" data-e-type=\"widget\" data-widget_type=\"text-editor.default\">\n\t\t\t\t<div class=\"elementor-widget-container\">\n\t\t\t\t\t\t\t\t\t<p style=\"text-align: center;\"><a href=\"https:\/\/rubens-antwerpen.be\/de\/home\/noerd\/st-paulus-kirche\/cornelis-de-vos-die-geburt-christi-geheimnisse\/\">Cornelis de Vos:\r\ndie Geburt Christi (Rosenkranzgeheimnisse)<\/a><\/p><br><audio class=\"wp-audio-shortcode\" id=\"audio-3360-2\" preload=\"none\" style=\"width: 100%;\" controls=\"controls\"><source type=\"audio\/mpeg\" src=\"http:\/\/rubens-antwerpen.be\/wp-content\/uploads\/332D-CDV-Geboorte.mp3?_=2\" \/><a href=\"http:\/\/rubens-antwerpen.be\/wp-content\/uploads\/332D-CDV-Geboorte.mp3\">http:\/\/rubens-antwerpen.be\/wp-content\/uploads\/332D-CDV-Geboorte.mp3<\/a><\/audio>\t\t\t\t\t\t\t\t<\/div>\n\t\t\t\t<\/div>\n\t\t\t\t<\/div>\n\t\t<div class=\"elementor-element elementor-element-112f8b9 e-con-full e-flex e-con e-child\" data-id=\"112f8b9\" data-element_type=\"container\" data-e-type=\"container\">\n\t\t\t\t<div class=\"elementor-element elementor-element-3bf6b50 elementor-widget elementor-widget-image\" data-id=\"3bf6b50\" data-element_type=\"widget\" data-e-type=\"widget\" data-widget_type=\"image.default\">\n\t\t\t\t<div class=\"elementor-widget-container\">\n\t\t\t\t\t\t\t\t\t\t\t\t\t\t\t\t<a href=\"https:\/\/www.rubens-antwerpen.be\/wp-content\/uploads\/333P-STP-PPR-Geseling.jpg%20\">\n\t\t\t\t\t\t\t<img loading=\"lazy\" decoding=\"async\" width=\"300\" height=\"300\" src=\"https:\/\/rubens-antwerpen.be\/wp-content\/uploads\/333Q-STP-PPR-Geseling.jpg\" class=\"attachment-medium size-medium wp-image-2240\" alt=\"\" srcset=\"https:\/\/rubens-antwerpen.be\/wp-content\/uploads\/333Q-STP-PPR-Geseling.jpg 300w, https:\/\/rubens-antwerpen.be\/wp-content\/uploads\/333Q-STP-PPR-Geseling-150x150.jpg 150w\" sizes=\"(max-width: 300px) 100vw, 300px\" \/>\t\t\t\t\t\t\t\t<\/a>\n\t\t\t\t\t\t\t\t\t\t\t\t\t\t\t<\/div>\n\t\t\t\t<\/div>\n\t\t\t\t<div class=\"elementor-element elementor-element-5040330 elementor-widget elementor-widget-text-editor\" data-id=\"5040330\" data-element_type=\"widget\" data-e-type=\"widget\" data-widget_type=\"text-editor.default\">\n\t\t\t\t<div class=\"elementor-widget-container\">\n\t\t\t\t\t\t\t\t\t<p style=\"text-align: center;\"><a href=\"https:\/\/rubens-antwerpen.be\/de\/home\/noerd\/st-paulus-kirche\/rubens-die-geisselung\/\">Peter Paul Rubens:\r\ndie Gei\u00dfelung (Rosenkranzgeheimnisse)<\/a><\/p><br><audio class=\"wp-audio-shortcode\" id=\"audio-3360-3\" preload=\"none\" style=\"width: 100%;\" controls=\"controls\"><source type=\"audio\/mpeg\" src=\"http:\/\/rubens-antwerpen.be\/wp-content\/uploads\/333D-PPR-GeselingChristus.mp3?_=3\" \/><a href=\"http:\/\/rubens-antwerpen.be\/wp-content\/uploads\/333D-PPR-GeselingChristus.mp3\">http:\/\/rubens-antwerpen.be\/wp-content\/uploads\/333D-PPR-GeselingChristus.mp3<\/a><\/audio>\t\t\t\t\t\t\t\t<\/div>\n\t\t\t\t<\/div>\n\t\t\t\t<\/div>\n\t\t<div class=\"elementor-element elementor-element-36d4977 e-con-full e-flex e-con e-child\" data-id=\"36d4977\" data-element_type=\"container\" data-e-type=\"container\">\n\t\t\t\t<div class=\"elementor-element elementor-element-0c53e66 elementor-widget elementor-widget-image\" data-id=\"0c53e66\" data-element_type=\"widget\" data-e-type=\"widget\" data-widget_type=\"image.default\">\n\t\t\t\t<div class=\"elementor-widget-container\">\n\t\t\t\t\t\t\t\t\t\t\t\t\t\t\t\t<a href=\"https:\/\/www.rubens-antwerpen.be\/wp-content\/uploads\/334P-STP-AVD-Kruisdraging.jpg%20\">\n\t\t\t\t\t\t\t<img loading=\"lazy\" decoding=\"async\" width=\"300\" height=\"300\" src=\"https:\/\/rubens-antwerpen.be\/wp-content\/uploads\/334Z-STP-AVD-Kruisdraging.jpg\" class=\"attachment-medium size-medium wp-image-2252\" alt=\"\" srcset=\"https:\/\/rubens-antwerpen.be\/wp-content\/uploads\/334Z-STP-AVD-Kruisdraging.jpg 300w, https:\/\/rubens-antwerpen.be\/wp-content\/uploads\/334Z-STP-AVD-Kruisdraging-150x150.jpg 150w\" sizes=\"(max-width: 300px) 100vw, 300px\" \/>\t\t\t\t\t\t\t\t<\/a>\n\t\t\t\t\t\t\t\t\t\t\t\t\t\t\t<\/div>\n\t\t\t\t<\/div>\n\t\t\t\t<div class=\"elementor-element elementor-element-a5b46a1 elementor-widget elementor-widget-text-editor\" data-id=\"a5b46a1\" data-element_type=\"widget\" data-e-type=\"widget\" data-widget_type=\"text-editor.default\">\n\t\t\t\t<div class=\"elementor-widget-container\">\n\t\t\t\t\t\t\t\t\t<p style=\"text-align: center;\"><a href=\"https:\/\/rubens-antwerpen.be\/de\/home\/noerd\/st-paulus-kirche\/van-dyck-die-kreuztragung\/\">Anthony van Dyck:\r\ndie Kreuztragung (Rosenkranzgeheimnisse)<\/a><\/p><br><audio class=\"wp-audio-shortcode\" id=\"audio-3360-4\" preload=\"none\" style=\"width: 100%;\" controls=\"controls\"><source type=\"audio\/mpeg\" src=\"http:\/\/rubens-antwerpen.be\/wp-content\/uploads\/334D-AVD-Kruisdraging.mp3?_=4\" \/><a href=\"http:\/\/rubens-antwerpen.be\/wp-content\/uploads\/334D-AVD-Kruisdraging.mp3\">http:\/\/rubens-antwerpen.be\/wp-content\/uploads\/334D-AVD-Kruisdraging.mp3<\/a><\/audio>\t\t\t\t\t\t\t\t<\/div>\n\t\t\t\t<\/div>\n\t\t\t\t<\/div>\n\t\t<div class=\"elementor-element elementor-element-0ec3763 e-con-full e-flex e-con e-child\" data-id=\"0ec3763\" data-element_type=\"container\" data-e-type=\"container\">\n\t\t\t\t<div class=\"elementor-element elementor-element-295c7fd elementor-widget elementor-widget-image\" data-id=\"295c7fd\" data-element_type=\"widget\" data-e-type=\"widget\" data-widget_type=\"image.default\">\n\t\t\t\t<div class=\"elementor-widget-container\">\n\t\t\t\t\t\t\t\t\t\t\t\t\t\t\t\t<a href=\"https:\/\/www.rubens-antwerpen.be\/wp-content\/uploads\/335P-STP-JJO-Kruisdood.jpg%20\">\n\t\t\t\t\t\t\t<img loading=\"lazy\" decoding=\"async\" width=\"300\" height=\"300\" src=\"https:\/\/rubens-antwerpen.be\/wp-content\/uploads\/335Z-STP-JJO-Kruisdood.jpg\" class=\"attachment-medium size-medium wp-image-2261\" alt=\"\" srcset=\"https:\/\/rubens-antwerpen.be\/wp-content\/uploads\/335Z-STP-JJO-Kruisdood.jpg 300w, https:\/\/rubens-antwerpen.be\/wp-content\/uploads\/335Z-STP-JJO-Kruisdood-150x150.jpg 150w\" sizes=\"(max-width: 300px) 100vw, 300px\" \/>\t\t\t\t\t\t\t\t<\/a>\n\t\t\t\t\t\t\t\t\t\t\t\t\t\t\t<\/div>\n\t\t\t\t<\/div>\n\t\t\t\t<div class=\"elementor-element elementor-element-d751d9d elementor-widget elementor-widget-text-editor\" data-id=\"d751d9d\" data-element_type=\"widget\" data-e-type=\"widget\" data-widget_type=\"text-editor.default\">\n\t\t\t\t<div class=\"elementor-widget-container\">\n\t\t\t\t\t\t\t\t\t<p style=\"text-align: center;\"><a href=\"https:\/\/rubens-antwerpen.be\/de\/home\/noerd\/st-paulus-kirche\/jordaens-der-kreuztod\/\">Jacques Jordaens:\r\nder Kreuztod (Rosenkranzgeheimnisse)<\/a><\/p><br><audio class=\"wp-audio-shortcode\" id=\"audio-3360-5\" preload=\"none\" style=\"width: 100%;\" controls=\"controls\"><source type=\"audio\/mpeg\" src=\"http:\/\/rubens-antwerpen.be\/wp-content\/uploads\/335D-JJO-Kruisdood.mp3?_=5\" \/><a href=\"http:\/\/rubens-antwerpen.be\/wp-content\/uploads\/335D-JJO-Kruisdood.mp3\">http:\/\/rubens-antwerpen.be\/wp-content\/uploads\/335D-JJO-Kruisdood.mp3<\/a><\/audio>\t\t\t\t\t\t\t\t<\/div>\n\t\t\t\t<\/div>\n\t\t\t\t<\/div>\n\t\t<div class=\"elementor-element elementor-element-84ff2b8 e-con-full e-flex e-con e-child\" data-id=\"84ff2b8\" data-element_type=\"container\" data-e-type=\"container\">\n\t\t\t\t<div class=\"elementor-element elementor-element-abb2748 elementor-widget elementor-widget-image\" data-id=\"abb2748\" data-element_type=\"widget\" data-e-type=\"widget\" data-widget_type=\"image.default\">\n\t\t\t\t<div class=\"elementor-widget-container\">\n\t\t\t\t\t\t\t\t\t\t\t\t\t\t\t\t<a href=\"https:\/\/www.rubens-antwerpen.be\/wp-content\/uploads\/336P-STP-Caravaggio-Madonna-Rozenkrans.jpg%20\">\n\t\t\t\t\t\t\t<img loading=\"lazy\" decoding=\"async\" width=\"300\" height=\"300\" src=\"https:\/\/rubens-antwerpen.be\/wp-content\/uploads\/336Q-STP-Caravaggio-Madonna-Rozenkrans.jpg\" class=\"attachment-medium size-medium wp-image-2267\" alt=\"\" srcset=\"https:\/\/rubens-antwerpen.be\/wp-content\/uploads\/336Q-STP-Caravaggio-Madonna-Rozenkrans.jpg 300w, https:\/\/rubens-antwerpen.be\/wp-content\/uploads\/336Q-STP-Caravaggio-Madonna-Rozenkrans-150x150.jpg 150w\" sizes=\"(max-width: 300px) 100vw, 300px\" \/>\t\t\t\t\t\t\t\t<\/a>\n\t\t\t\t\t\t\t\t\t\t\t\t\t\t\t<\/div>\n\t\t\t\t<\/div>\n\t\t\t\t<div class=\"elementor-element elementor-element-9dbc806 elementor-widget elementor-widget-text-editor\" data-id=\"9dbc806\" data-element_type=\"widget\" data-e-type=\"widget\" data-widget_type=\"text-editor.default\">\n\t\t\t\t<div class=\"elementor-widget-container\">\n\t\t\t\t\t\t\t\t\t<p style=\"text-align: center;\"><a href=\"https:\/\/rubens-antwerpen.be\/de\/home\/noerd\/st-paulus-kirche\/caravaggio-die-rosenkranz-madonna\/\">Caravaggio (Kopie nach):\r\ndie Rosenkranz-Madonna<\/a><\/p><br><audio class=\"wp-audio-shortcode\" id=\"audio-3360-6\" preload=\"none\" style=\"width: 100%;\" controls=\"controls\"><source type=\"audio\/mpeg\" src=\"http:\/\/rubens-antwerpen.be\/wp-content\/uploads\/336D-Caravaggio-MadonnaRozenkrans.mp3?_=6\" \/><a href=\"http:\/\/rubens-antwerpen.be\/wp-content\/uploads\/336D-Caravaggio-MadonnaRozenkrans.mp3\">http:\/\/rubens-antwerpen.be\/wp-content\/uploads\/336D-Caravaggio-MadonnaRozenkrans.mp3<\/a><\/audio>\t\t\t\t\t\t\t\t<\/div>\n\t\t\t\t<\/div>\n\t\t\t\t<\/div>\n\t\t\t\t\t<\/div>\n\t\t\t\t<\/div>\n\t\t\t\t<\/div>\n\t\t","protected":false},"excerpt":{"rendered":"<p>Veemarkt (Viehmarkt): Sankt Paulskirche In jedem Museum findet man die gro\u00dfen Meister, aber in dieser Kirche h\u00e4ngen die Werke unserer [&hellip;]<\/p>\n","protected":false},"author":1,"featured_media":0,"parent":3346,"menu_order":330,"comment_status":"closed","ping_status":"closed","template":"","meta":{"site-sidebar-layout":"no-sidebar","site-content-layout":"","ast-site-content-layout":"full-width-container","site-content-style":"default","site-sidebar-style":"default","ast-global-header-display":"","ast-banner-title-visibility":"","ast-main-header-display":"","ast-hfb-above-header-display":"","ast-hfb-below-header-display":"","ast-hfb-mobile-header-display":"","site-post-title":"disabled","ast-breadcrumbs-content":"","ast-featured-img":"disabled","footer-sml-layout":"","ast-disable-related-posts":"","theme-transparent-header-meta":"","adv-header-id-meta":"","stick-header-meta":"","header-above-stick-meta":"","header-main-stick-meta":"","header-below-stick-meta":"","astra-migrate-meta-layouts":"default","ast-page-background-enabled":"default","ast-page-background-meta":{"desktop":{"background-color":"var(--ast-global-color-4)","background-image":"","background-repeat":"repeat","background-position":"center center","background-size":"auto","background-attachment":"scroll","background-type":"","background-media":"","overlay-type":"","overlay-color":"","overlay-opacity":"","overlay-gradient":""},"tablet":{"background-color":"","background-image":"","background-repeat":"repeat","background-position":"center center","background-size":"auto","background-attachment":"scroll","background-type":"","background-media":"","overlay-type":"","overlay-color":"","overlay-opacity":"","overlay-gradient":""},"mobile":{"background-color":"","background-image":"","background-repeat":"repeat","background-position":"center center","background-size":"auto","background-attachment":"scroll","background-type":"","background-media":"","overlay-type":"","overlay-color":"","overlay-opacity":"","overlay-gradient":""}},"ast-content-background-meta":{"desktop":{"background-color":"var(--ast-global-color-5)","background-image":"","background-repeat":"repeat","background-position":"center center","background-size":"auto","background-attachment":"scroll","background-type":"","background-media":"","overlay-type":"","overlay-color":"","overlay-opacity":"","overlay-gradient":""},"tablet":{"background-color":"var(--ast-global-color-5)","background-image":"","background-repeat":"repeat","background-position":"center center","background-size":"auto","background-attachment":"scroll","background-type":"","background-media":"","overlay-type":"","overlay-color":"","overlay-opacity":"","overlay-gradient":""},"mobile":{"background-color":"var(--ast-global-color-5)","background-image":"","background-repeat":"repeat","background-position":"center center","background-size":"auto","background-attachment":"scroll","background-type":"","background-media":"","overlay-type":"","overlay-color":"","overlay-opacity":"","overlay-gradient":""}},"footnotes":""},"class_list":["post-3360","page","type-page","status-publish","hentry"],"aioseo_notices":[],"_links":{"self":[{"href":"https:\/\/rubens-antwerpen.be\/de\/wp-json\/wp\/v2\/pages\/3360","targetHints":{"allow":["GET"]}}],"collection":[{"href":"https:\/\/rubens-antwerpen.be\/de\/wp-json\/wp\/v2\/pages"}],"about":[{"href":"https:\/\/rubens-antwerpen.be\/de\/wp-json\/wp\/v2\/types\/page"}],"author":[{"embeddable":true,"href":"https:\/\/rubens-antwerpen.be\/de\/wp-json\/wp\/v2\/users\/1"}],"replies":[{"embeddable":true,"href":"https:\/\/rubens-antwerpen.be\/de\/wp-json\/wp\/v2\/comments?post=3360"}],"version-history":[{"count":9,"href":"https:\/\/rubens-antwerpen.be\/de\/wp-json\/wp\/v2\/pages\/3360\/revisions"}],"predecessor-version":[{"id":5860,"href":"https:\/\/rubens-antwerpen.be\/de\/wp-json\/wp\/v2\/pages\/3360\/revisions\/5860"}],"up":[{"embeddable":true,"href":"https:\/\/rubens-antwerpen.be\/de\/wp-json\/wp\/v2\/pages\/3346"}],"wp:attachment":[{"href":"https:\/\/rubens-antwerpen.be\/de\/wp-json\/wp\/v2\/media?parent=3360"}],"curies":[{"name":"wp","href":"https:\/\/api.w.org\/{rel}","templated":true}]}}