{"id":3364,"date":"2024-06-19T16:10:48","date_gmt":"2024-06-19T14:10:48","guid":{"rendered":"https:\/\/rubens-antwerpen.be\/home\/noerd\/st-paulus-kirche\/cornelis-de-vos-die-geburt-christi-geheimnisse\/"},"modified":"2025-07-31T17:43:35","modified_gmt":"2025-07-31T15:43:35","slug":"cornelis-de-vos-die-geburt-christi-geheimnisse","status":"publish","type":"page","link":"https:\/\/rubens-antwerpen.be\/de\/home\/noerd\/st-paulus-kirche\/cornelis-de-vos-die-geburt-christi-geheimnisse\/","title":{"rendered":"Cornelis De Vos: die Geburt Christi (Geheimnisse)"},"content":{"rendered":"\t\t<div data-elementor-type=\"wp-page\" data-elementor-id=\"3364\" class=\"elementor elementor-3364 elementor-958\">\n\t\t\t\t<div class=\"elementor-element elementor-element-ad42995 e-flex e-con-boxed e-con e-parent\" data-id=\"ad42995\" data-element_type=\"container\" data-e-type=\"container\">\n\t\t\t\t\t<div class=\"e-con-inner\">\n\t\t\t\t<div class=\"elementor-element elementor-element-dbf73d7 elementor-widget elementor-widget-heading\" data-id=\"dbf73d7\" data-element_type=\"widget\" data-e-type=\"widget\" data-widget_type=\"heading.default\">\n\t\t\t\t<div class=\"elementor-widget-container\">\n\t\t\t\t\t<h2 class=\"elementor-heading-title elementor-size-default\">Cornelis de Vos: die Geburt Christi (Geheimnisse des Rosenkranzes)<\/h2>\t\t\t\t<\/div>\n\t\t\t\t<\/div>\n\t\t\t\t\t<\/div>\n\t\t\t\t<\/div>\n\t\t<div class=\"elementor-element elementor-element-62a83cb e-flex e-con-boxed e-con e-parent\" data-id=\"62a83cb\" data-element_type=\"container\" data-e-type=\"container\">\n\t\t\t\t\t<div class=\"e-con-inner\">\n\t\t\t\t<div class=\"elementor-element elementor-element-679225a elementor-widget elementor-widget-text-editor\" data-id=\"679225a\" data-element_type=\"widget\" data-e-type=\"widget\" data-widget_type=\"text-editor.default\">\n\t\t\t\t<div class=\"elementor-widget-container\">\n\t\t\t\t\t\t\t\t\t<p><a href=\"http:\/\/rubens-antwerpen.be\/wp-content\/uploads\/332P-STP-CDV-Geboorte-Christus.jpg\"><img fetchpriority=\"high\" decoding=\"async\" class=\"alignleft wp-image-615 size-medium\" src=\"http:\/\/rubens-antwerpen.be\/wp-content\/uploads\/332P-STP-CDV-Geboorte-Christus-223x300.jpg\" alt=\"\" width=\"223\" height=\"300\" srcset=\"https:\/\/rubens-antwerpen.be\/wp-content\/uploads\/332P-STP-CDV-Geboorte-Christus-223x300.jpg 223w, https:\/\/rubens-antwerpen.be\/wp-content\/uploads\/332P-STP-CDV-Geboorte-Christus.jpg 762w\" sizes=\"(max-width: 223px) 100vw, 223px\" \/><\/a><\/p>\n<p style=\"text-align: justify;\"><em>Cornelis de Vos hat auch sehr weise das ganze Licht in dieser Weihnachtsnacht von der Gestalt des neugeborenen Messias erstrahlen lassen, das g\u00f6ttliche Licht, das in der Finsternis der V\u00f6lker leuchtet.<\/em><br \/>\n<em>(Frei \u00fcbersetzt aus der Schrift von Jacob van der Sanden aus dem Jahr 1781)<\/em><\/p>\n<p><\/p>\n<hr \/>\n<p><\/p>\n<p style=\"text-align: justify;\">In der \u201a<em>Geburt Christi<\/em>\u2018, der dritten Szene des Zyklus, zeigt Cornelis De Vos seinen K\u00f6nnen im Spiel mit Licht und Schatten.<\/p>\n<p><\/p>\n<p style=\"text-align: justify;\">Diesen Meister haben wir bereits im Museum Mayer van den Bergh kennengelernt, vor allem durch seine Kinderportr\u00e4ts; auch diese und andere Geburtsszenen lassen sich als Familienereignisse lesen.<\/p>\n<p><\/p>\n<p style=\"text-align: justify;\">Eine stolze Mutter Maria hebt die Windeln, um das Kind den Hirten zu zeigen. Josef steht im Schatten seiner Frau und richtet seine Aufmerksamkeit auf die Engel, als w\u00e4re er der Einzige, der sie sieht. Gegen\u00fcber von Maria steht eine junge Frau mit einem Milchk\u00e4nnchen auf dem Kopf. Ihre Sch\u00fcrze und \u00c4rmel gl\u00e4nzen wei\u00df; ihr blondes Haar f\u00e4llt locker herab. Beide Arme sind in entgegengesetzte Richtungen gestreckt. Ein sanfter Glanz bringt das Messing zum Leuchten.<\/p>\n<p><\/p>\n<p style=\"text-align: justify;\">Die eigentliche Lichtquelle ist das neugeborene Kind. Es strahlt auf die farbenfrohen Tuniken und leuchtet auf den Gew\u00e4ndern der anbetenden Hirten. W\u00e4rme liegt auf den Gesichtern von Jung und Alt, die sich in &#8222;<em>Aufrichtiger Freude<\/em>&#8220; (Zitat von 1781) befinden.<\/p>\n<p><\/p>\n<p style=\"text-align: justify;\">Das sch\u00f6nste Gesicht scheint das des Jungen mit dem Hirtenstock \u00fcber der Schulter zu sein \u2013de Vos\u2018 F\u00e4higkeit, Kinder zu malen, beweist er hier einmal mehr.<\/p>\n<p><\/p>\n<p style=\"text-align: justify;\">Farben dienen nicht nur als Augenschmaus oder Kontrastmittel; das kostbare Ultramarinblau von Marias Gewand umh\u00fcllt ihren wei\u00dfen Schleier und ihren hellen Teint und symbolisiert ihre Reinheit. Das Lamm als Geschenk k\u00fcndigt bereits die Prophezeiung des Ostergeheimnisses an.<\/p>\n<p><\/p>\n<p style=\"text-align: justify;\">Vergleichen Sie diese Szene mit der \u201a<em>Anbetung der Hirten\u2018 <\/em>von Rubens, in dieselbe Kirche.<\/p>\n<p><\/p>\n<p style=\"text-align: justify;\"><span style=\"color: #008000;\"><strong>Folgen Sie Weiter der Reihe der Geheimnisse des Rosenkranzes: <a href=\"https:\/\/rubens-antwerpen.be\/de\/home\/noerd\/st-paulus-kirche\/rubens-die-geisselung\/\"><u>Die Gei\u00dfelung<\/u><\/a><\/strong><\/span><\/p>\n\t\t\t\t\t\t\t\t<\/div>\n\t\t\t\t<\/div>\n\t\t\t\t\t<\/div>\n\t\t\t\t<\/div>\n\t\t\t\t<\/div>\n\t\t","protected":false},"excerpt":{"rendered":"<p>Cornelis de Vos: die Geburt Christi (Geheimnisse des Rosenkranzes) Cornelis de Vos hat auch sehr weise das ganze Licht in [&hellip;]<\/p>\n","protected":false},"author":1,"featured_media":0,"parent":3360,"menu_order":332,"comment_status":"closed","ping_status":"closed","template":"","meta":{"site-sidebar-layout":"no-sidebar","site-content-layout":"","ast-site-content-layout":"full-width-container","site-content-style":"default","site-sidebar-style":"default","ast-global-header-display":"","ast-banner-title-visibility":"","ast-main-header-display":"","ast-hfb-above-header-display":"","ast-hfb-below-header-display":"","ast-hfb-mobile-header-display":"","site-post-title":"disabled","ast-breadcrumbs-content":"","ast-featured-img":"disabled","footer-sml-layout":"","ast-disable-related-posts":"","theme-transparent-header-meta":"","adv-header-id-meta":"","stick-header-meta":"","header-above-stick-meta":"","header-main-stick-meta":"","header-below-stick-meta":"","astra-migrate-meta-layouts":"default","ast-page-background-enabled":"default","ast-page-background-meta":{"desktop":{"background-color":"var(--ast-global-color-4)","background-image":"","background-repeat":"repeat","background-position":"center center","background-size":"auto","background-attachment":"scroll","background-type":"","background-media":"","overlay-type":"","overlay-color":"","overlay-opacity":"","overlay-gradient":""},"tablet":{"background-color":"","background-image":"","background-repeat":"repeat","background-position":"center center","background-size":"auto","background-attachment":"scroll","background-type":"","background-media":"","overlay-type":"","overlay-color":"","overlay-opacity":"","overlay-gradient":""},"mobile":{"background-color":"","background-image":"","background-repeat":"repeat","background-position":"center center","background-size":"auto","background-attachment":"scroll","background-type":"","background-media":"","overlay-type":"","overlay-color":"","overlay-opacity":"","overlay-gradient":""}},"ast-content-background-meta":{"desktop":{"background-color":"var(--ast-global-color-5)","background-image":"","background-repeat":"repeat","background-position":"center center","background-size":"auto","background-attachment":"scroll","background-type":"","background-media":"","overlay-type":"","overlay-color":"","overlay-opacity":"","overlay-gradient":""},"tablet":{"background-color":"var(--ast-global-color-5)","background-image":"","background-repeat":"repeat","background-position":"center center","background-size":"auto","background-attachment":"scroll","background-type":"","background-media":"","overlay-type":"","overlay-color":"","overlay-opacity":"","overlay-gradient":""},"mobile":{"background-color":"var(--ast-global-color-5)","background-image":"","background-repeat":"repeat","background-position":"center center","background-size":"auto","background-attachment":"scroll","background-type":"","background-media":"","overlay-type":"","overlay-color":"","overlay-opacity":"","overlay-gradient":""}},"footnotes":""},"class_list":["post-3364","page","type-page","status-publish","hentry"],"aioseo_notices":[],"_links":{"self":[{"href":"https:\/\/rubens-antwerpen.be\/de\/wp-json\/wp\/v2\/pages\/3364","targetHints":{"allow":["GET"]}}],"collection":[{"href":"https:\/\/rubens-antwerpen.be\/de\/wp-json\/wp\/v2\/pages"}],"about":[{"href":"https:\/\/rubens-antwerpen.be\/de\/wp-json\/wp\/v2\/types\/page"}],"author":[{"embeddable":true,"href":"https:\/\/rubens-antwerpen.be\/de\/wp-json\/wp\/v2\/users\/1"}],"replies":[{"embeddable":true,"href":"https:\/\/rubens-antwerpen.be\/de\/wp-json\/wp\/v2\/comments?post=3364"}],"version-history":[{"count":6,"href":"https:\/\/rubens-antwerpen.be\/de\/wp-json\/wp\/v2\/pages\/3364\/revisions"}],"predecessor-version":[{"id":5819,"href":"https:\/\/rubens-antwerpen.be\/de\/wp-json\/wp\/v2\/pages\/3364\/revisions\/5819"}],"up":[{"embeddable":true,"href":"https:\/\/rubens-antwerpen.be\/de\/wp-json\/wp\/v2\/pages\/3360"}],"wp:attachment":[{"href":"https:\/\/rubens-antwerpen.be\/de\/wp-json\/wp\/v2\/media?parent=3364"}],"curies":[{"name":"wp","href":"https:\/\/api.w.org\/{rel}","templated":true}]}}