{"id":3370,"date":"2024-04-12T12:09:22","date_gmt":"2024-04-12T10:09:22","guid":{"rendered":"https:\/\/rubens-antwerpen.be\/home\/noerd\/st-paulus-kirche\/jordaens-der-kreuztod\/"},"modified":"2025-07-31T17:52:49","modified_gmt":"2025-07-31T15:52:49","slug":"jordaens-der-kreuztod","status":"publish","type":"page","link":"https:\/\/rubens-antwerpen.be\/de\/home\/noerd\/st-paulus-kirche\/jordaens-der-kreuztod\/","title":{"rendered":"Jordaens: der Kreuztod (Geheimnisse)"},"content":{"rendered":"\t\t<div data-elementor-type=\"wp-page\" data-elementor-id=\"3370\" class=\"elementor elementor-3370 elementor-189\">\n\t\t\t\t<div class=\"elementor-element elementor-element-ad42995 e-flex e-con-boxed e-con e-parent\" data-id=\"ad42995\" data-element_type=\"container\" data-e-type=\"container\">\n\t\t\t\t\t<div class=\"e-con-inner\">\n\t\t\t\t<div class=\"elementor-element elementor-element-dbf73d7 elementor-widget elementor-widget-heading\" data-id=\"dbf73d7\" data-element_type=\"widget\" data-e-type=\"widget\" data-widget_type=\"heading.default\">\n\t\t\t\t<div class=\"elementor-widget-container\">\n\t\t\t\t\t<h2 class=\"elementor-heading-title elementor-size-default\">Jacques Jordaens: der Kreuztod (Geheimnisse des Rosenkranzes)<\/h2>\t\t\t\t<\/div>\n\t\t\t\t<\/div>\n\t\t\t\t\t<\/div>\n\t\t\t\t<\/div>\n\t\t<div class=\"elementor-element elementor-element-e1752f2 e-flex e-con-boxed e-con e-parent\" data-id=\"e1752f2\" data-element_type=\"container\" data-e-type=\"container\">\n\t\t\t\t\t<div class=\"e-con-inner\">\n\t\t\t\t<div class=\"elementor-element elementor-element-45a909c elementor-widget elementor-widget-text-editor\" data-id=\"45a909c\" data-element_type=\"widget\" data-e-type=\"widget\" data-widget_type=\"text-editor.default\">\n\t\t\t\t<div class=\"elementor-widget-container\">\n\t\t\t\t\t\t\t\t\t<p><a href=\"http:\/\/rubens-antwerpen.be\/wp-content\/uploads\/335P-STP-JJO-Kruisdood.jpg\"><img fetchpriority=\"high\" decoding=\"async\" class=\"alignleft wp-image-624 size-medium\" src=\"http:\/\/rubens-antwerpen.be\/wp-content\/uploads\/335P-STP-JJO-Kruisdood-219x300.jpg\" alt=\"\" width=\"219\" height=\"300\" srcset=\"https:\/\/rubens-antwerpen.be\/wp-content\/uploads\/335P-STP-JJO-Kruisdood-219x300.jpg 219w, https:\/\/rubens-antwerpen.be\/wp-content\/uploads\/335P-STP-JJO-Kruisdood.jpg 746w\" sizes=\"(max-width: 219px) 100vw, 219px\" \/><\/a><\/p>\n<p style=\"text-align: justify;\"><em>Konventionen, Traditionen: Sie \u00fcberdauern Jahrhunderte und bieten visuelle Anerkennung und Orientierung. Und doch finden K\u00fcnstler immer wieder neue Ausdrucksm\u00f6glichkeiten, die wiederum neue Linien vorgeben. Hier werden wir Zeugen einer Entwicklung in der Kunstgeschichte und sehen wir, wie die junge Sch\u00fcler wie Rubens, Van Dyck und Jordaens einst waren, aus dem Schatten ihrer Lehrer treten. <\/em><\/p>\n<p><\/p>\n<hr \/>\n<p><\/p>\n<p style=\"text-align: justify;\"><em>\u201aChristus am Kreuz\u2018<\/em>, eines der zentralen Themen des christlichen Glaubens, wurde in der religi\u00f6sen Kunst unz\u00e4hlige Male dargestellt.<\/p>\n<p><\/p>\n<p style=\"text-align: justify;\">Getreu der Evangelien, stehen Maria und Johannes unter dem Kreuz. Jesus vertraut in seinen letzten Momenten seine Mutter dem <em>geliebten J\u00fcnger<\/em> an. Anders als in der mittelalterlichen Ikonographie, in der Maria stets zur Rechten und Johannes zur Linken Christi steht (vom Kreuz ausgesehen), zeigen barocke Maler beide Figuren zur Rechten Jesu. Diese bewusste Abweichung unterstreicht eine neue Deutung: Maria wird nicht nur Johannes anvertraut \u2013 sie nimmt ihn als ihr eigenes Kind an. Doch die Bitte Jesu richtet sich weiter: alle Gl\u00e4ubigen sollen Maria als Ihre Mutter erkennen.<\/p>\n<p><\/p>\n<p style=\"text-align: justify;\">Ein genauer Blick auf das Bild offenbart: der Maler \u2013 damals Mitte zwanzig \u2013 verfolgt bereits das Ziel, die emotionalen Regungen jeder einzelnen Figur einzufangen. Doch seine Umsetzung wirkt noch ein wenig unbeholfen, tastend.<\/p>\n<p><\/p>\n<p style=\"text-align: justify;\">Maria blickt auf ihren toten Sohn und hebt mit der rechten Hand leicht den Schleier \u2013 der Saum wirft einen Schatten auf ihre Stirn. Ihre linke Hand liegt auf der Brust \u2013 vielleicht \u00fcber dem pochenden Mutterherz. Johannes schaut ebenfalls auf Jesus und hat die H\u00e4nde zum Gebet gefaltet \u2013 oder vielleicht, um sich selbst Halt zu geben.<\/p>\n<p><\/p>\n<p style=\"text-align: justify;\">Zwei trauernde Frauen haben ihre K\u00f6pfe abgewandt; ihre H\u00e4nde sind sprechende Zeichen der Trauer. Maria Magdalena, die treueste Anh\u00e4ngerin Christi, traditionell mit der reuigen S\u00fcnderin gleichgesetzt, l\u00e4sst ihr Haar offen \u00fcber die nackte Schulter fallen \u2013 ein klarer Bruch mit den Kleidervorschriften verheirateter Frauen. Im Hintergrund steht Maria Kleopas, die Halbschwester der Gottesmutter, ganz in ihrem Schatten.<\/p>\n<p><\/p>\n<p style=\"text-align: justify;\">Ein schwacher Schimmer der sich zu Ende neigenden Sonnenfinsternis, verleiht der Szene atmosph\u00e4rische Tiefe. Das physische Licht f\u00e4llt von oben ein \u2013 sichtbar etwa an Marias Kopftuch. Doch das wahre, innere Licht scheint von der Gestalt Jesu auszugehen und erleuchtet alle Anwesenden.<\/p>\n<p><\/p>\n<p style=\"text-align: justify;\">\u00dcber dem Gekreuzigten flattert der Text des Todesurteils im Wind \u2013 ganz so, wie Rubens ihn in seiner <em>Kreuzaufrichtung<\/em> dargestellt hat. Solche kunsthistorischen Zitate tragen dazu bei, neue ikonografische Konventionen zu etablieren.<\/p>\n<p><\/p>\n<p style=\"text-align: justify;\"><span style=\"color: #008000;\"><strong>Folgen Sie weiter nach Ende der Reihe der Geheimnisse des Rosenkranzes, in der <a href=\"https:\/\/rubens-antwerpen.be\/de\/home\/noerd\/st-paulus-kirche\/caravaggio-die-rosenkranz-madonna\/\">Mariakapelle<\/a>.<\/strong><\/span><\/p>\n\t\t\t\t\t\t\t\t<\/div>\n\t\t\t\t<\/div>\n\t\t\t\t\t<\/div>\n\t\t\t\t<\/div>\n\t\t\t\t<\/div>\n\t\t","protected":false},"excerpt":{"rendered":"<p>Jacques Jordaens: der Kreuztod (Geheimnisse des Rosenkranzes) Konventionen, Traditionen: Sie \u00fcberdauern Jahrhunderte und bieten visuelle Anerkennung und Orientierung. Und doch [&hellip;]<\/p>\n","protected":false},"author":1,"featured_media":0,"parent":3360,"menu_order":335,"comment_status":"closed","ping_status":"closed","template":"","meta":{"site-sidebar-layout":"no-sidebar","site-content-layout":"","ast-site-content-layout":"full-width-container","site-content-style":"default","site-sidebar-style":"default","ast-global-header-display":"","ast-banner-title-visibility":"","ast-main-header-display":"","ast-hfb-above-header-display":"","ast-hfb-below-header-display":"","ast-hfb-mobile-header-display":"","site-post-title":"disabled","ast-breadcrumbs-content":"","ast-featured-img":"disabled","footer-sml-layout":"","ast-disable-related-posts":"","theme-transparent-header-meta":"","adv-header-id-meta":"","stick-header-meta":"","header-above-stick-meta":"","header-main-stick-meta":"","header-below-stick-meta":"","astra-migrate-meta-layouts":"default","ast-page-background-enabled":"default","ast-page-background-meta":{"desktop":{"background-color":"var(--ast-global-color-4)","background-image":"","background-repeat":"repeat","background-position":"center center","background-size":"auto","background-attachment":"scroll","background-type":"","background-media":"","overlay-type":"","overlay-color":"","overlay-opacity":"","overlay-gradient":""},"tablet":{"background-color":"","background-image":"","background-repeat":"repeat","background-position":"center center","background-size":"auto","background-attachment":"scroll","background-type":"","background-media":"","overlay-type":"","overlay-color":"","overlay-opacity":"","overlay-gradient":""},"mobile":{"background-color":"","background-image":"","background-repeat":"repeat","background-position":"center center","background-size":"auto","background-attachment":"scroll","background-type":"","background-media":"","overlay-type":"","overlay-color":"","overlay-opacity":"","overlay-gradient":""}},"ast-content-background-meta":{"desktop":{"background-color":"var(--ast-global-color-5)","background-image":"","background-repeat":"repeat","background-position":"center center","background-size":"auto","background-attachment":"scroll","background-type":"","background-media":"","overlay-type":"","overlay-color":"","overlay-opacity":"","overlay-gradient":""},"tablet":{"background-color":"var(--ast-global-color-5)","background-image":"","background-repeat":"repeat","background-position":"center center","background-size":"auto","background-attachment":"scroll","background-type":"","background-media":"","overlay-type":"","overlay-color":"","overlay-opacity":"","overlay-gradient":""},"mobile":{"background-color":"var(--ast-global-color-5)","background-image":"","background-repeat":"repeat","background-position":"center center","background-size":"auto","background-attachment":"scroll","background-type":"","background-media":"","overlay-type":"","overlay-color":"","overlay-opacity":"","overlay-gradient":""}},"footnotes":""},"class_list":["post-3370","page","type-page","status-publish","hentry"],"aioseo_notices":[],"_links":{"self":[{"href":"https:\/\/rubens-antwerpen.be\/de\/wp-json\/wp\/v2\/pages\/3370","targetHints":{"allow":["GET"]}}],"collection":[{"href":"https:\/\/rubens-antwerpen.be\/de\/wp-json\/wp\/v2\/pages"}],"about":[{"href":"https:\/\/rubens-antwerpen.be\/de\/wp-json\/wp\/v2\/types\/page"}],"author":[{"embeddable":true,"href":"https:\/\/rubens-antwerpen.be\/de\/wp-json\/wp\/v2\/users\/1"}],"replies":[{"embeddable":true,"href":"https:\/\/rubens-antwerpen.be\/de\/wp-json\/wp\/v2\/comments?post=3370"}],"version-history":[{"count":7,"href":"https:\/\/rubens-antwerpen.be\/de\/wp-json\/wp\/v2\/pages\/3370\/revisions"}],"predecessor-version":[{"id":5825,"href":"https:\/\/rubens-antwerpen.be\/de\/wp-json\/wp\/v2\/pages\/3370\/revisions\/5825"}],"up":[{"embeddable":true,"href":"https:\/\/rubens-antwerpen.be\/de\/wp-json\/wp\/v2\/pages\/3360"}],"wp:attachment":[{"href":"https:\/\/rubens-antwerpen.be\/de\/wp-json\/wp\/v2\/media?parent=3370"}],"curies":[{"name":"wp","href":"https:\/\/api.w.org\/{rel}","templated":true}]}}