{"id":3372,"date":"2024-06-19T16:11:46","date_gmt":"2024-06-19T14:11:46","guid":{"rendered":"https:\/\/rubens-antwerpen.be\/home\/noerd\/st-paulus-kirche\/caravaggio-die-rosenkranz-madonna\/"},"modified":"2025-08-09T11:47:55","modified_gmt":"2025-08-09T09:47:55","slug":"caravaggio-die-rosenkranz-madonna","status":"publish","type":"page","link":"https:\/\/rubens-antwerpen.be\/de\/home\/noerd\/st-paulus-kirche\/caravaggio-die-rosenkranz-madonna\/","title":{"rendered":"Caravaggio: die Rosenkranz-Madonna"},"content":{"rendered":"\t\t<div data-elementor-type=\"wp-page\" data-elementor-id=\"3372\" class=\"elementor elementor-3372 elementor-963\">\n\t\t\t\t<div class=\"elementor-element elementor-element-ad42995 e-flex e-con-boxed e-con e-parent\" data-id=\"ad42995\" data-element_type=\"container\" data-e-type=\"container\">\n\t\t\t\t\t<div class=\"e-con-inner\">\n\t\t\t\t<div class=\"elementor-element elementor-element-dbf73d7 elementor-widget elementor-widget-heading\" data-id=\"dbf73d7\" data-element_type=\"widget\" data-e-type=\"widget\" data-widget_type=\"heading.default\">\n\t\t\t\t<div class=\"elementor-widget-container\">\n\t\t\t\t\t<h2 class=\"elementor-heading-title elementor-size-default\">Caravaggio (Kopie nach): die Rosenkranz-Madonna<\/h2>\t\t\t\t<\/div>\n\t\t\t\t<\/div>\n\t\t\t\t\t<\/div>\n\t\t\t\t<\/div>\n\t\t<div class=\"elementor-element elementor-element-f553910 e-flex e-con-boxed e-con e-parent\" data-id=\"f553910\" data-element_type=\"container\" data-e-type=\"container\">\n\t\t\t\t\t<div class=\"e-con-inner\">\n\t\t\t\t<div class=\"elementor-element elementor-element-a0202c5 elementor-widget elementor-widget-text-editor\" data-id=\"a0202c5\" data-element_type=\"widget\" data-e-type=\"widget\" data-widget_type=\"text-editor.default\">\n\t\t\t\t<div class=\"elementor-widget-container\">\n\t\t\t\t\t\t\t\t\t<p><a href=\"http:\/\/rubens-antwerpen.be\/wp-content\/uploads\/336P-STP-Caravaggio-Madonna-Rozenkrans.jpg\"><img fetchpriority=\"high\" decoding=\"async\" class=\"alignleft wp-image-627 size-medium\" src=\"http:\/\/rubens-antwerpen.be\/wp-content\/uploads\/336P-STP-Caravaggio-Madonna-Rozenkrans-206x300.jpg\" alt=\"\" width=\"206\" height=\"300\" srcset=\"https:\/\/rubens-antwerpen.be\/wp-content\/uploads\/336P-STP-Caravaggio-Madonna-Rozenkrans-206x300.jpg 206w, https:\/\/rubens-antwerpen.be\/wp-content\/uploads\/336P-STP-Caravaggio-Madonna-Rozenkrans.jpg 704w\" sizes=\"(max-width: 206px) 100vw, 206px\" \/><\/a><\/p>\n<p style=\"text-align: justify;\"><em>Um 1623 erwarb eine Gruppe von K\u00fcnstlern, darunter Rubens, Hendrick van Balen und Jan Samtbrueghel, dieses Gem\u00e4lde auf dem Antwerpener Kunstmarkt, &#8222;aus Zuneigung zur Kapelle und um ein seltenes St\u00fcck in Antwerpen zu haben&#8220;.<\/em><\/p>\n<p><\/p>\n<hr \/>\n<p><\/p>\n<p style=\"text-align: justify;\">Sich bewegen und stillstehen. G\u00f6nnen Sie sich einen Moment der Ruhe vor diesem Altarbild, w\u00e4hrend wir Ihnen zun\u00e4chst einige Hintergrundinformationen geben.<\/p>\n<p><\/p>\n<p style=\"text-align: justify;\">Michelangelo Merisi (\u00b01569-+1609), besser bekannt nach seinem Heimatdorf als Caravaggio, war Rubens bekannt; er hatte einst Caravaggios \u201a<em>Tod Mariens\u2018<\/em> seinem eigenen Arbeitgeber, dem Herzog von Mantua, empfohlen.<\/p>\n<p><\/p>\n<p style=\"text-align: justify;\">Der Italiener gilt als einer der bedeutendsten Erneuerer der Malerei seiner Zeit. Seine Werke sind gepr\u00e4gt von experimenteller Technik und einem dramatischen Spiel aus Licht und Schatten \u2013 dem sogenannten <em>Chiaroscuro<\/em>. Ikonografisch zeigen sie einen radikalen Realismus, bis hin zum Naturalismus. Ein Beispiel daf\u00fcr sind etwa die schmutzigen F\u00fc\u00dfe der einfachen Leute im Vordergrund dieses Gem\u00e4ldes.<\/p>\n<p><\/p>\n<p style=\"text-align: justify;\">Diese Menschen sitzen in stiller Verehrung vor der Muttergottes. Und doch herrscht Bewegung: ihre Arme und H\u00e4nde strecken sich nach dem Rosenkranz aus. Die beiden dominikanischen Prediger, Dominikus und Petrus der Martyrer, tragen ihre schwarz-wei\u00dfen Ordensgew\u00e4nder \u2013 ein Kontrast, der das Licht-Dunkel-Spiel des Bildes aufgreift. Ihre ausgestreckten, zeigenden H\u00e4nde bilden die Seiten eines imagin\u00e4ren Dreiecks, dessen Spitze von Maria mit dem Kind gebildet wird. Dieses obere Dreieck ruht auf einer zweiten geometrischen Form, geschaffen durch die flie\u00dfenden Linien der knienden Gl\u00e4ubigen darunter.<\/p>\n<p><\/p>\n<p style=\"text-align: justify;\">Der gepflegte Mann mit dem auff\u00e4lligen M\u00fchlenkragen ist vermutlich ein Mitglied der Familie Colonna \u2013 m\u00f6glicherweise der Stifter des Werks. Er ist derjenige, die den Blickkontakt mit dem Betrachter suchen \u2013 ebenso wie der M\u00f6nch auf der rechten Seite.<\/p>\n<p><\/p>\n<p style=\"text-align: justify;\">Vermutlich hatte de Colonna Caravaggio den Auftrag f\u00fcr eine Dominikanerkirche in Neapel erteilt. Aber das Gem\u00e4lde stie\u00df auf Ablehnung: Die Kirchenv\u00e4ter hielten es f\u00fcr zu realistisch, zu weit entfernt von der konventionellen und idealisierten Darstellung der Heiligen. So gelangte das Werk schlie\u00dflich auf den Kunstmarkt in Antwerpen.<\/p>\n<p><\/p>\n<p style=\"text-align: justify;\">Dort wurde es sp\u00e4ter von einem besonderen Besucher gew\u00fcrdigt: dem Habsburger Kaiser Joseph II. Am Abend des 19. Juni 1781 sah er das Gem\u00e4lde und w\u00e4hlte es pers\u00f6nlich f\u00fcr die kaiserliche Sammlung in Wien aus. Als aufgekl\u00e4rter Monarch dachte er auch \u00f6konomisch. In einem Brief an seinen Kanzler schrieb er 1785:<\/p>\n<p><\/p>\n<p style=\"text-align: justify; padding-left: 40px;\"><em>&#8222;Ich zweifle nicht daran, dass wir sie erwerben k\u00f6nnen, wenn wir sie gegen ein oder zwei andere Gem\u00e4lde aus dem Katalog eintauschen. Geben Sie den M\u00f6nchen einen von Rubens oder von De Crayer oder anderen Meistern, die ihnen als religi\u00f6se Personen gefallen. Bitte benachrichtigen Sie den bevollm\u00e4chtigten Minister in Br\u00fcssel und sagen Sie ihm, dass er auf Verpackung und Transport achten soll.&#8220;<\/em><\/p>\n<p><\/p>\n<p style=\"text-align: justify;\">Die Dominikaner bestanden darauf, dass eine originalgetreue Kopie angefertigt wurde \u2013 und genau diese h\u00e4ngt bis heute hier.<\/p>\n<p><\/p>\n<p style=\"text-align: justify;\"><span style=\"color: #008000;\"><strong>N\u00f6rdliche Route: beim verlassen der Kirche, gehen Sie geradeaus in die Korte Doornikstraat, links in die Zirkstraat und rechts in die Hofstraat.<br \/>\nAn der Hausnummer 22 sehen Sie eine Gedenktafel f\u00fcr Adam Van Noort.<br \/>\nBiegen Sie links ab entlang der Oude Beurs, biegen Sie rechts in die Schoenmakersstraat ab, links in die Kaasrui ab, geradeaus auf die Wijngaardstraat, und Sie erreichen so die so die <a href=\"https:\/\/rubens-antwerpen.be\/de\/home\/noerd\/st-carolus-borromeus-kirche\/\">Kirche Sankt Karl Borrom\u00e4us<\/a>. <\/strong><\/span><\/p>\n\t\t\t\t\t\t\t\t<\/div>\n\t\t\t\t<\/div>\n\t\t\t\t\t<\/div>\n\t\t\t\t<\/div>\n\t\t\t\t<\/div>\n\t\t","protected":false},"excerpt":{"rendered":"<p>Caravaggio (Kopie nach): die Rosenkranz-Madonna Um 1623 erwarb eine Gruppe von K\u00fcnstlern, darunter Rubens, Hendrick van Balen und Jan Samtbrueghel, [&hellip;]<\/p>\n","protected":false},"author":1,"featured_media":0,"parent":3360,"menu_order":336,"comment_status":"closed","ping_status":"closed","template":"","meta":{"site-sidebar-layout":"no-sidebar","site-content-layout":"","ast-site-content-layout":"full-width-container","site-content-style":"default","site-sidebar-style":"default","ast-global-header-display":"","ast-banner-title-visibility":"","ast-main-header-display":"","ast-hfb-above-header-display":"","ast-hfb-below-header-display":"","ast-hfb-mobile-header-display":"","site-post-title":"disabled","ast-breadcrumbs-content":"","ast-featured-img":"disabled","footer-sml-layout":"","ast-disable-related-posts":"","theme-transparent-header-meta":"","adv-header-id-meta":"","stick-header-meta":"","header-above-stick-meta":"","header-main-stick-meta":"","header-below-stick-meta":"","astra-migrate-meta-layouts":"default","ast-page-background-enabled":"default","ast-page-background-meta":{"desktop":{"background-color":"var(--ast-global-color-4)","background-image":"","background-repeat":"repeat","background-position":"center center","background-size":"auto","background-attachment":"scroll","background-type":"","background-media":"","overlay-type":"","overlay-color":"","overlay-opacity":"","overlay-gradient":""},"tablet":{"background-color":"","background-image":"","background-repeat":"repeat","background-position":"center center","background-size":"auto","background-attachment":"scroll","background-type":"","background-media":"","overlay-type":"","overlay-color":"","overlay-opacity":"","overlay-gradient":""},"mobile":{"background-color":"","background-image":"","background-repeat":"repeat","background-position":"center center","background-size":"auto","background-attachment":"scroll","background-type":"","background-media":"","overlay-type":"","overlay-color":"","overlay-opacity":"","overlay-gradient":""}},"ast-content-background-meta":{"desktop":{"background-color":"var(--ast-global-color-5)","background-image":"","background-repeat":"repeat","background-position":"center center","background-size":"auto","background-attachment":"scroll","background-type":"","background-media":"","overlay-type":"","overlay-color":"","overlay-opacity":"","overlay-gradient":""},"tablet":{"background-color":"var(--ast-global-color-5)","background-image":"","background-repeat":"repeat","background-position":"center center","background-size":"auto","background-attachment":"scroll","background-type":"","background-media":"","overlay-type":"","overlay-color":"","overlay-opacity":"","overlay-gradient":""},"mobile":{"background-color":"var(--ast-global-color-5)","background-image":"","background-repeat":"repeat","background-position":"center center","background-size":"auto","background-attachment":"scroll","background-type":"","background-media":"","overlay-type":"","overlay-color":"","overlay-opacity":"","overlay-gradient":""}},"footnotes":""},"class_list":["post-3372","page","type-page","status-publish","hentry"],"aioseo_notices":[],"_links":{"self":[{"href":"https:\/\/rubens-antwerpen.be\/de\/wp-json\/wp\/v2\/pages\/3372","targetHints":{"allow":["GET"]}}],"collection":[{"href":"https:\/\/rubens-antwerpen.be\/de\/wp-json\/wp\/v2\/pages"}],"about":[{"href":"https:\/\/rubens-antwerpen.be\/de\/wp-json\/wp\/v2\/types\/page"}],"author":[{"embeddable":true,"href":"https:\/\/rubens-antwerpen.be\/de\/wp-json\/wp\/v2\/users\/1"}],"replies":[{"embeddable":true,"href":"https:\/\/rubens-antwerpen.be\/de\/wp-json\/wp\/v2\/comments?post=3372"}],"version-history":[{"count":10,"href":"https:\/\/rubens-antwerpen.be\/de\/wp-json\/wp\/v2\/pages\/3372\/revisions"}],"predecessor-version":[{"id":6125,"href":"https:\/\/rubens-antwerpen.be\/de\/wp-json\/wp\/v2\/pages\/3372\/revisions\/6125"}],"up":[{"embeddable":true,"href":"https:\/\/rubens-antwerpen.be\/de\/wp-json\/wp\/v2\/pages\/3360"}],"wp:attachment":[{"href":"https:\/\/rubens-antwerpen.be\/de\/wp-json\/wp\/v2\/media?parent=3372"}],"curies":[{"name":"wp","href":"https:\/\/api.w.org\/{rel}","templated":true}]}}