{"id":3376,"date":"2024-06-19T16:13:03","date_gmt":"2024-06-19T14:13:03","guid":{"rendered":"https:\/\/rubens-antwerpen.be\/home\/noerd\/st-carolus-borromeus-kirche\/antoon-van-dyck-selbstbildnis\/"},"modified":"2025-07-31T18:03:06","modified_gmt":"2025-07-31T16:03:06","slug":"antoon-van-dyck-selbstbildnis","status":"publish","type":"page","link":"https:\/\/rubens-antwerpen.be\/de\/home\/noerd\/st-carolus-borromeus-kirche\/antoon-van-dyck-selbstbildnis\/","title":{"rendered":"Antoon van Dyck: Selbstbildnis"},"content":{"rendered":"\t\t<div data-elementor-type=\"wp-page\" data-elementor-id=\"3376\" class=\"elementor elementor-3376 elementor-968\">\n\t\t\t\t<div class=\"elementor-element elementor-element-ad42995 e-flex e-con-boxed e-con e-parent\" data-id=\"ad42995\" data-element_type=\"container\" data-e-type=\"container\">\n\t\t\t\t\t<div class=\"e-con-inner\">\n\t\t\t\t<div class=\"elementor-element elementor-element-dbf73d7 elementor-widget elementor-widget-heading\" data-id=\"dbf73d7\" data-element_type=\"widget\" data-e-type=\"widget\" data-widget_type=\"heading.default\">\n\t\t\t\t<div class=\"elementor-widget-container\">\n\t\t\t\t\t<h2 class=\"elementor-heading-title elementor-size-default\">Zeitleiste 1627: Selbstbildnis von Anthony van Dyck<\/h2>\t\t\t\t<\/div>\n\t\t\t\t<\/div>\n\t\t\t\t\t<\/div>\n\t\t\t\t<\/div>\n\t\t<div class=\"elementor-element elementor-element-10cf0b8 e-flex e-con-boxed e-con e-parent\" data-id=\"10cf0b8\" data-element_type=\"container\" data-e-type=\"container\">\n\t\t\t\t\t<div class=\"e-con-inner\">\n\t\t\t\t<div class=\"elementor-element elementor-element-fbbc222 elementor-widget elementor-widget-text-editor\" data-id=\"fbbc222\" data-element_type=\"widget\" data-e-type=\"widget\" data-widget_type=\"text-editor.default\">\n\t\t\t\t<div class=\"elementor-widget-container\">\n\t\t\t\t\t\t\t\t\t<p><a href=\"http:\/\/rubens-antwerpen.be\/wp-content\/uploads\/341P-SCB-AVD-Zelfportret.jpg\"><img fetchpriority=\"high\" decoding=\"async\" class=\"alignleft wp-image-633 size-medium\" src=\"http:\/\/rubens-antwerpen.be\/wp-content\/uploads\/341P-SCB-AVD-Zelfportret-219x300.jpg\" alt=\"\" width=\"219\" height=\"300\" srcset=\"https:\/\/rubens-antwerpen.be\/wp-content\/uploads\/341P-SCB-AVD-Zelfportret-219x300.jpg 219w, https:\/\/rubens-antwerpen.be\/wp-content\/uploads\/341P-SCB-AVD-Zelfportret.jpg 748w\" sizes=\"(max-width: 219px) 100vw, 219px\" \/><\/a><\/p>\n<p style=\"text-align: justify;\"><em>Nach seiner R\u00fcckkehr aus Italien blickt Anthony van Dyck einen Moment zur\u00fcck. Wir haben keine Korrespondenz von ihm, aber wenn ein Schriftsteller diese L\u00fccken gef\u00fcllt hat, warum k\u00f6nnen wir das nicht auch tun? <\/em><\/p>\n<p><\/p>\n<hr \/>\n<p><\/p>\n<p style=\"text-align: justify;\"><em>Anthony van Dyck sagt im September 1627:<\/em><\/p>\n<p><\/p>\n<p style=\"text-align: justify;\">Ich bin so gl\u00fccklich, nach 6 Jahren in Italien endlich wieder in Antwerpen zu sein!<\/p>\n<p><\/p>\n<p style=\"text-align: justify;\">Ich spaziere durch die Stra\u00dfen meiner Heimatstadt und zugleich durch meine Erinnerungen. So viel ist geschehen in meinem Leben und ich bin noch nicht einmal drei\u00dfig!<\/p>\n<p><\/p>\n<p style=\"text-align: justify;\">Am Rande des Marktplatzes\/Grote Markt entdecke ich \u201a<em>Den B\u00e4rentanz\u2018,<\/em> jenes Haus in dem ich \u2013 wie eine Gedenktafel best\u00e4tigt &#8211; am 22. M\u00e4rz 1599 geboren wurde. Einen Tag sp\u00e4ter wurde ich in der Liebfrauenkirche getauft. Daran erinnere ich mich selbstverst\u00e4ndlich nicht.<\/p>\n<p><\/p>\n<p style=\"text-align: justify;\">Gegen Weihnachten desselben Jahres zogen mein Vater Franchois und meine Mutter Maria Cuypers in ein gro\u00dferes Haus \u201a<em>Sankt Paulus im Schloss von Lille<\/em>\u2018 in der Korte Nieuwstraat (heute leider verschwunden, es war die Hausnummer 42). Ich erinnere mich das gut: Die Gesch\u00e4fte liefen gut, und bald erwarben Vater und Mutter auch das Nachbarhaus \u201e<em>Die Stadt Gent\u201c.<\/em><\/p>\n<p><\/p>\n<p style=\"text-align: justify;\">Meine Mutter betrieb ein eigenes Kurzwarengesch\u00e4ft \u2013 Leinen, Strickwaren, B\u00e4nder, Spitze, Nadeln \u2026 lauter feine, elegante Dinge. Habe ich meine Vorliebe f\u00fcr Galanterie wohl von ihr geerbt? Ich widerspreche dir nicht.<\/p>\n<p><\/p>\n<p style=\"text-align: justify;\">Mit elf wurde ich Lehrling bei Meister Hendrick van Balen in der Lange Nieuwstraat \u2013 Hausnummer 78, auch das Haus existiert heute nicht mehr. Er lie\u00df mich 1613 mein erstes Selbstportr\u00e4t malen.<\/p>\n<p><\/p>\n<p style=\"text-align: justify;\">Das Bild, das ich dir hier zeige, entstand ein paar Jahre sp\u00e4ter \u2013 1615 oder 1616, denke ich. Zu dieser Zeit arbeitete ich bereits mit Jan Brueghel zusammen, und Herman Servaes war mein erster Sch\u00fcler. Doch nur am 11. Februar 1618 wurde ich schlie\u00dflich als Meister in die Lukasgilde aufgenommen \u2013 meinem Alter weit voraus, gewiss. Nur f\u00fcnf Tage sp\u00e4ter erkl\u00e4rte mich mein Vater vor Gericht offiziell f\u00fcr vollj\u00e4hrig. War das Weitsicht? Ich glaube ja \u2013 es erlaubte mir, seine Interessen mehrfach vor den Sch\u00f6ffen zu vertreten.<\/p>\n<p><\/p>\n<p style=\"text-align: justify;\">Doch zur\u00fcck zu meinem Portr\u00e4t: In jenen Jahren durfte ich mit dem gr\u00f6\u00dften unserer Maler zusammenarbeiten \u2013 du wei\u00dft, von wem ich spreche: Meister Pietro Pauolo Rubens. Er inspirierte mich, lie\u00df mich seine Skizzen ausarbeiten und nannte mich einmal sogar seinen \u201e<em>meglior mio discepulo<\/em>\u201c, kurz bevor wir das Projekt der Jesuiten gewannen. Wie er war auch ich in Italien \u2013 und jetzt, da Rubens viele Auftr\u00e4ge direkt von unseren Erzherz\u00f6gen erh\u00e4lt, gehen die \u00fcbrigen an seine f\u00e4higen Assistenten &#8230; zu denen ich mit Stolz z\u00e4hle.<\/p>\n<p><\/p>\n<p style=\"text-align: justify;\">Bin ich ehrgeizig? Ja, das bin ich.<\/p>\n<p><\/p>\n<p style=\"text-align: justify;\">Bin ich gl\u00fccklich in der Liebe? Dar\u00fcber l\u00e4sst sich streiten. Ich habe die Damen der Aristokratie in Italien und in den Niederlanden gesehen und gemalt \u2013 mit Zuneigung, mit Hingabe. Aber am Ende \u2026 sind wir doch nur b\u00fcrgerliche M\u00e4nner, S\u00f6hne von Kaufleuten, Lieferanten von Sch\u00f6nheit, nicht deren Besitzer.<\/p>\n<p><\/p>\n<p style=\"text-align: justify;\">Wenn ich in die Zukunft blicken k\u00f6nnte?<\/p>\n<p><\/p>\n<p style=\"text-align: justify;\">Ich habe ein wenig sparen k\u00f6nnen. Sollte die Stadt wieder ein Darlehen ausschreiben, m\u00f6chte ich investieren.<\/p>\n<p><\/p>\n<p style=\"text-align: justify;\">Und London? W\u00e4re es nicht eine gute Idee, dorthin zur\u00fcckzukehren? Dort entwickelt sich die Mode weiter \u2013 sie wird farbiger, lebendiger. Was f\u00fcr ein Traum f\u00fcr einen Maler mit Phantasie!<\/p>\n<p><\/p>\n<p style=\"text-align: justify;\"><span style=\"color: #008000;\"><strong>Von hier aus k\u00f6nnen Sie den kurzen Weg &#8222;<a href=\"https:\/\/rubens-antwerpen.be\/de\/home\/zentrum\/\">Zentrum<\/a>&#8220; fortsetzen, der Sie zur Liebfrauenkathedrale f\u00fchrt.<\/strong><\/span><\/p>\n\t\t\t\t\t\t\t\t<\/div>\n\t\t\t\t<\/div>\n\t\t\t\t\t<\/div>\n\t\t\t\t<\/div>\n\t\t\t\t<\/div>\n\t\t","protected":false},"excerpt":{"rendered":"<p>Zeitleiste 1627: Selbstbildnis von Anthony van Dyck Nach seiner R\u00fcckkehr aus Italien blickt Anthony van Dyck einen Moment zur\u00fcck. Wir [&hellip;]<\/p>\n","protected":false},"author":1,"featured_media":0,"parent":3374,"menu_order":341,"comment_status":"closed","ping_status":"closed","template":"","meta":{"site-sidebar-layout":"no-sidebar","site-content-layout":"","ast-site-content-layout":"full-width-container","site-content-style":"default","site-sidebar-style":"default","ast-global-header-display":"","ast-banner-title-visibility":"","ast-main-header-display":"","ast-hfb-above-header-display":"","ast-hfb-below-header-display":"","ast-hfb-mobile-header-display":"","site-post-title":"disabled","ast-breadcrumbs-content":"","ast-featured-img":"disabled","footer-sml-layout":"","ast-disable-related-posts":"","theme-transparent-header-meta":"","adv-header-id-meta":"","stick-header-meta":"","header-above-stick-meta":"","header-main-stick-meta":"","header-below-stick-meta":"","astra-migrate-meta-layouts":"default","ast-page-background-enabled":"default","ast-page-background-meta":{"desktop":{"background-color":"var(--ast-global-color-4)","background-image":"","background-repeat":"repeat","background-position":"center center","background-size":"auto","background-attachment":"scroll","background-type":"","background-media":"","overlay-type":"","overlay-color":"","overlay-opacity":"","overlay-gradient":""},"tablet":{"background-color":"","background-image":"","background-repeat":"repeat","background-position":"center center","background-size":"auto","background-attachment":"scroll","background-type":"","background-media":"","overlay-type":"","overlay-color":"","overlay-opacity":"","overlay-gradient":""},"mobile":{"background-color":"","background-image":"","background-repeat":"repeat","background-position":"center center","background-size":"auto","background-attachment":"scroll","background-type":"","background-media":"","overlay-type":"","overlay-color":"","overlay-opacity":"","overlay-gradient":""}},"ast-content-background-meta":{"desktop":{"background-color":"var(--ast-global-color-5)","background-image":"","background-repeat":"repeat","background-position":"center center","background-size":"auto","background-attachment":"scroll","background-type":"","background-media":"","overlay-type":"","overlay-color":"","overlay-opacity":"","overlay-gradient":""},"tablet":{"background-color":"var(--ast-global-color-5)","background-image":"","background-repeat":"repeat","background-position":"center center","background-size":"auto","background-attachment":"scroll","background-type":"","background-media":"","overlay-type":"","overlay-color":"","overlay-opacity":"","overlay-gradient":""},"mobile":{"background-color":"var(--ast-global-color-5)","background-image":"","background-repeat":"repeat","background-position":"center center","background-size":"auto","background-attachment":"scroll","background-type":"","background-media":"","overlay-type":"","overlay-color":"","overlay-opacity":"","overlay-gradient":""}},"footnotes":""},"class_list":["post-3376","page","type-page","status-publish","hentry"],"aioseo_notices":[],"_links":{"self":[{"href":"https:\/\/rubens-antwerpen.be\/de\/wp-json\/wp\/v2\/pages\/3376","targetHints":{"allow":["GET"]}}],"collection":[{"href":"https:\/\/rubens-antwerpen.be\/de\/wp-json\/wp\/v2\/pages"}],"about":[{"href":"https:\/\/rubens-antwerpen.be\/de\/wp-json\/wp\/v2\/types\/page"}],"author":[{"embeddable":true,"href":"https:\/\/rubens-antwerpen.be\/de\/wp-json\/wp\/v2\/users\/1"}],"replies":[{"embeddable":true,"href":"https:\/\/rubens-antwerpen.be\/de\/wp-json\/wp\/v2\/comments?post=3376"}],"version-history":[{"count":8,"href":"https:\/\/rubens-antwerpen.be\/de\/wp-json\/wp\/v2\/pages\/3376\/revisions"}],"predecessor-version":[{"id":5831,"href":"https:\/\/rubens-antwerpen.be\/de\/wp-json\/wp\/v2\/pages\/3376\/revisions\/5831"}],"up":[{"embeddable":true,"href":"https:\/\/rubens-antwerpen.be\/de\/wp-json\/wp\/v2\/pages\/3374"}],"wp:attachment":[{"href":"https:\/\/rubens-antwerpen.be\/de\/wp-json\/wp\/v2\/media?parent=3376"}],"curies":[{"name":"wp","href":"https:\/\/api.w.org\/{rel}","templated":true}]}}