{"id":3380,"date":"2024-06-11T13:22:01","date_gmt":"2024-06-11T11:22:01","guid":{"rendered":"https:\/\/rubens-antwerpen.be\/home\/zentrum\/liebfrauenkathedrale\/"},"modified":"2025-08-01T15:49:52","modified_gmt":"2025-08-01T13:49:52","slug":"liebfrauenkathedrale","status":"publish","type":"page","link":"https:\/\/rubens-antwerpen.be\/de\/home\/zentrum\/liebfrauenkathedrale\/","title":{"rendered":"Liebfrauenkathedrale"},"content":{"rendered":"\t\t<div data-elementor-type=\"wp-page\" data-elementor-id=\"3380\" class=\"elementor elementor-3380 elementor-775\">\n\t\t\t\t<div class=\"elementor-element elementor-element-7b12210 e-flex e-con-boxed e-con e-parent\" data-id=\"7b12210\" data-element_type=\"container\" data-e-type=\"container\">\n\t\t\t\t\t<div class=\"e-con-inner\">\n\t\t\t\t<div class=\"elementor-element elementor-element-8f14707 elementor-widget elementor-widget-heading\" data-id=\"8f14707\" data-element_type=\"widget\" data-e-type=\"widget\" data-widget_type=\"heading.default\">\n\t\t\t\t<div class=\"elementor-widget-container\">\n\t\t\t\t\t<h2 class=\"elementor-heading-title elementor-size-default\">Liebfrauenkathedrale: die H\u00f6hepunkte von P.P. Rubens<\/h2>\t\t\t\t<\/div>\n\t\t\t\t<\/div>\n\t\t\t\t\t<\/div>\n\t\t\t\t<\/div>\n\t\t<div class=\"elementor-element elementor-element-8ebb444 e-flex e-con-boxed e-con e-parent\" data-id=\"8ebb444\" data-element_type=\"container\" data-e-type=\"container\">\n\t\t\t\t\t<div class=\"e-con-inner\">\n\t\t\t\t<div class=\"elementor-element elementor-element-4b38989 elementor-widget elementor-widget-text-editor\" data-id=\"4b38989\" data-element_type=\"widget\" data-e-type=\"widget\" data-widget_type=\"text-editor.default\">\n\t\t\t\t<div class=\"elementor-widget-container\">\n\t\t\t\t\t\t\t\t\t<figure id=\"attachment_2300\" aria-describedby=\"caption-attachment-2300\" style=\"width: 198px\" class=\"wp-caption alignleft\"><a href=\"https:\/\/rubens-antwerpen.be\/wp-content\/uploads\/\/410P-OLV-kathedraal-198x300.jpg\"><img fetchpriority=\"high\" decoding=\"async\" class=\"wp-image-639 size-medium\" src=\"https:\/\/rubens-antwerpen.be\/wp-content\/uploads\/\/410P-OLV-kathedraal-198x300.jpg\" alt=\"\" width=\"198\" height=\"300\" srcset=\"https:\/\/rubens-antwerpen.be\/wp-content\/uploads\/410P-OLV-kathedraal-198x300.jpg 198w, https:\/\/rubens-antwerpen.be\/wp-content\/uploads\/410P-OLV-kathedraal.jpg 675w\" sizes=\"(max-width: 198px) 100vw, 198px\" \/><\/a><figcaption id=\"caption-attachment-2300\" class=\"wp-caption-text\">Liebfrauenkathedrale<br \/>vom Handschuhmarkt aus<\/figcaption><\/figure>\n<p style=\"text-align: justify;\"><em>Du sollst dir kein Gottesbild machen und keine Darstellung vor irgendetwas am Himmel droben, auf der Erde unten oder im Wasser unter der Erde (Exodus 20,4; Deuteronomium 5,8)<\/em><\/p>\n<p><\/p>\n<hr \/>\n<p><\/p>\n<p style=\"text-align: justify;\">Ein zw\u00f6lfj\u00e4hriger Waffenstillstand, mitten in einem langwierigen Krieg: ja, das gibt es und gerade heute w\u00fcrden viele das begr\u00fc\u00dfen. Um 1607 waren sowohl die Truppen des spanischen K\u00f6nigs, unseres Herrschers, als auch jene der Republik, unserer n\u00f6rdlichen Nachbarn, physisch und finanziell ersch\u00f6pft. Nach langen und schwierigen Verhandlungen kam es schlie\u00dflich zu einer Einigung. Zwischen 1609 und 1621 herrschte eine Phase relativer Ruhe, in der direkten milit\u00e4rische Konfrontationen ausblieben. Doch nach genau zw\u00f6lf Jahren wurde der Waffenstillstand wieder aufgehoben.<\/p>\n<p><\/p>\n<p style=\"text-align: justify;\">In dieser friedlicheren Zeit kehrte Rubens aus Italien zur\u00fcck. Viele Kirchen in Antwerpen standen damals &#8211; infolge der Bilderst\u00fcrme von 1566 und 1581 \u2013 noch leer. Noch hatten nicht alle Z\u00fcnfte ein neues Kunstwerk f\u00fcr ihren Altar bestellt. Es gab also wieder Nachfrage nach Bildern und Angebot.<\/p>\n<p><\/p>\n<p style=\"text-align: justify;\">Nach dem Konzil von Trient (1545-1563) wurde die barocke Bildsprache entwickelt, und zwar bewusst als Ausdrucks des Triumphs der katholischen Gegenreformation. Es kam zu einem v\u00f6llig neuen Ansatz in der visuellen Gestaltung: dramatische Techniken sollten Herz und Seele der Gl\u00e4ubigen erobern.<\/p>\n<p><\/p>\n<p style=\"text-align: justify;\">Gleichzeitig sollte die Kunst den Realismus widerspiegeln, und zwar mit einer korrekten Darstellung der menschlichen Anatomie und einer wortgetreuen Illustration der Evangelientexte. Der Humanismus der Renaissance wurde dabei nicht verdr\u00e4ngt, sondern mit einer neuen Dynamik \u2013 Schwung \u2013 angereichert.<\/p>\n<p><\/p>\n<p style=\"text-align: justify;\">Unser Stadtrundgang endet in der Liebfrauenkathedrale, wo nicht weniger als vier Originalwerke von Rubens zu bewundern sind. Sie bieten einen beeindruckenden \u00dcberblick \u00fcber sein meisterhaftes Schaffen.<\/p>\n<p><\/p>\n<p style=\"text-align: justify;\">Doch bevor wir uns seine Meisterwerke zuwenden, werfen wir noch einen kurzen Blick auf das bedeutendste Werk von Otto van Veens \u2013 dem Lehrer Rubens.<\/p>\n\t\t\t\t\t\t\t\t<\/div>\n\t\t\t\t<\/div>\n\t\t\t\t\t<\/div>\n\t\t\t\t<\/div>\n\t\t<div class=\"elementor-element elementor-element-763982e e-flex e-con-boxed e-con e-parent\" data-id=\"763982e\" data-element_type=\"container\" data-e-type=\"container\">\n\t\t\t\t\t<div class=\"e-con-inner\">\n\t\t<div class=\"elementor-element elementor-element-9f95d10 e-con-full e-flex e-con e-child\" data-id=\"9f95d10\" data-element_type=\"container\" data-e-type=\"container\">\n\t\t\t\t<div class=\"elementor-element elementor-element-8203de9 elementor-widget elementor-widget-image\" data-id=\"8203de9\" data-element_type=\"widget\" data-e-type=\"widget\" data-widget_type=\"image.default\">\n\t\t\t\t<div class=\"elementor-widget-container\">\n\t\t\t\t\t\t\t\t\t\t\t\t\t\t\t\t<a href=\"https:\/\/www.rubens-antwerpen.be\/wp-content\/uploads\/411P-OLV-OVV-Laatste-Avondmaal.jpg%20\">\n\t\t\t\t\t\t\t<img decoding=\"async\" width=\"300\" height=\"300\" src=\"https:\/\/rubens-antwerpen.be\/wp-content\/uploads\/411Q-OLV-OVV-Laatste-Avondmaal.jpg\" class=\"attachment-medium size-medium wp-image-2312\" alt=\"\" srcset=\"https:\/\/rubens-antwerpen.be\/wp-content\/uploads\/411Q-OLV-OVV-Laatste-Avondmaal.jpg 300w, https:\/\/rubens-antwerpen.be\/wp-content\/uploads\/411Q-OLV-OVV-Laatste-Avondmaal-150x150.jpg 150w\" sizes=\"(max-width: 300px) 100vw, 300px\" \/>\t\t\t\t\t\t\t\t<\/a>\n\t\t\t\t\t\t\t\t\t\t\t\t\t\t\t<\/div>\n\t\t\t\t<\/div>\n\t\t\t\t<div class=\"elementor-element elementor-element-ab4a2a2 elementor-widget elementor-widget-text-editor\" data-id=\"ab4a2a2\" data-element_type=\"widget\" data-e-type=\"widget\" data-widget_type=\"text-editor.default\">\n\t\t\t\t<div class=\"elementor-widget-container\">\n\t\t\t\t\t\t\t\t\t<p style=\"text-align: center;\"><a href=\"https:\/\/rubens-antwerpen.be\/de\/home\/zentrum\/liebfrauenkathedrale\/otto-van-veen-das-letzte-abendmahl\/\">Otto van Veen:\r\nDas letzte Abendmahl\r\n<\/a><\/p><br><audio class=\"wp-audio-shortcode\" id=\"audio-3380-1\" preload=\"none\" style=\"width: 100%;\" controls=\"controls\"><source type=\"audio\/mpeg\" src=\"http:\/\/rubens-antwerpen.be\/wp-content\/uploads\/411D-OVV-LaatsteAvondmaal.mp3?_=1\" \/><a href=\"http:\/\/rubens-antwerpen.be\/wp-content\/uploads\/411D-OVV-LaatsteAvondmaal.mp3\">http:\/\/rubens-antwerpen.be\/wp-content\/uploads\/411D-OVV-LaatsteAvondmaal.mp3<\/a><\/audio>\t\t\t\t\t\t\t\t<\/div>\n\t\t\t\t<\/div>\n\t\t\t\t<\/div>\n\t\t<div class=\"elementor-element elementor-element-b6578eb e-con-full e-flex e-con e-child\" data-id=\"b6578eb\" data-element_type=\"container\" data-e-type=\"container\">\n\t\t\t\t<div class=\"elementor-element elementor-element-0870969 elementor-widget elementor-widget-image\" data-id=\"0870969\" data-element_type=\"widget\" data-e-type=\"widget\" data-widget_type=\"image.default\">\n\t\t\t\t<div class=\"elementor-widget-container\">\n\t\t\t\t\t\t\t\t\t\t\t\t\t\t\t\t<a href=\"https:\/\/www.rubens-antwerpen.be\/wp-content\/uploads\/412P-OLV-PPR-Kruisoprichting.jpg%20\">\n\t\t\t\t\t\t\t<img decoding=\"async\" width=\"300\" height=\"300\" src=\"https:\/\/rubens-antwerpen.be\/wp-content\/uploads\/412Q-OLV-PPR-Kruisoprichting.jpg\" class=\"attachment-medium size-medium wp-image-2321\" alt=\"\" srcset=\"https:\/\/rubens-antwerpen.be\/wp-content\/uploads\/412Q-OLV-PPR-Kruisoprichting.jpg 300w, https:\/\/rubens-antwerpen.be\/wp-content\/uploads\/412Q-OLV-PPR-Kruisoprichting-150x150.jpg 150w\" sizes=\"(max-width: 300px) 100vw, 300px\" \/>\t\t\t\t\t\t\t\t<\/a>\n\t\t\t\t\t\t\t\t\t\t\t\t\t\t\t<\/div>\n\t\t\t\t<\/div>\n\t\t\t\t<div class=\"elementor-element elementor-element-fd5f2d0 elementor-widget elementor-widget-text-editor\" data-id=\"fd5f2d0\" data-element_type=\"widget\" data-e-type=\"widget\" data-widget_type=\"text-editor.default\">\n\t\t\t\t<div class=\"elementor-widget-container\">\n\t\t\t\t\t\t\t\t\t<p style=\"text-align: center;\"><a href=\"https:\/\/rubens-antwerpen.be\/de\/home\/zentrum\/liebfrauenkathedrale\/rubens-die-kreuzaufrichtung\/\">Peter Paul Rubens:\r\nDie Errichtung des Kreuzes\r\n<\/a><\/p><br><audio class=\"wp-audio-shortcode\" id=\"audio-3380-2\" preload=\"none\" style=\"width: 100%;\" controls=\"controls\"><source type=\"audio\/mpeg\" src=\"http:\/\/rubens-antwerpen.be\/wp-content\/uploads\/412D-PPR-Kruisoprichting.mp3?_=2\" \/><a href=\"http:\/\/rubens-antwerpen.be\/wp-content\/uploads\/412D-PPR-Kruisoprichting.mp3\">http:\/\/rubens-antwerpen.be\/wp-content\/uploads\/412D-PPR-Kruisoprichting.mp3<\/a><\/audio>\t\t\t\t\t\t\t\t<\/div>\n\t\t\t\t<\/div>\n\t\t\t\t<\/div>\n\t\t<div class=\"elementor-element elementor-element-17edce7 e-con-full e-flex e-con e-child\" data-id=\"17edce7\" data-element_type=\"container\" data-e-type=\"container\">\n\t\t\t\t<div class=\"elementor-element elementor-element-b344d1a elementor-widget elementor-widget-image\" data-id=\"b344d1a\" data-element_type=\"widget\" data-e-type=\"widget\" data-widget_type=\"image.default\">\n\t\t\t\t<div class=\"elementor-widget-container\">\n\t\t\t\t\t\t\t\t\t\t\t\t\t\t\t\t<a href=\"https:\/\/www.rubens-antwerpen.be\/wp-content\/uploads\/413P-OLV-PPR-Kruisafneming.jpg%20\">\n\t\t\t\t\t\t\t<img loading=\"lazy\" decoding=\"async\" width=\"295\" height=\"300\" src=\"https:\/\/rubens-antwerpen.be\/wp-content\/uploads\/413Q-OLV-PPR-Kruisafneming.jpg\" class=\"attachment-medium size-medium wp-image-2330\" alt=\"\" \/>\t\t\t\t\t\t\t\t<\/a>\n\t\t\t\t\t\t\t\t\t\t\t\t\t\t\t<\/div>\n\t\t\t\t<\/div>\n\t\t\t\t<div class=\"elementor-element elementor-element-364b632 elementor-widget elementor-widget-text-editor\" data-id=\"364b632\" data-element_type=\"widget\" data-e-type=\"widget\" data-widget_type=\"text-editor.default\">\n\t\t\t\t<div class=\"elementor-widget-container\">\n\t\t\t\t\t\t\t\t\t<p style=\"text-align: center;\"><a href=\"https:\/\/rubens-antwerpen.be\/de\/home\/zentrum\/liebfrauenkathedrale\/rubens-die-kreuzabnahme\/\">Peter Paul Rubens:\r\nDer Abstieg vom Kreuz\r\n<\/a><\/p><br><audio class=\"wp-audio-shortcode\" id=\"audio-3380-3\" preload=\"none\" style=\"width: 100%;\" controls=\"controls\"><source type=\"audio\/mpeg\" src=\"http:\/\/rubens-antwerpen.be\/wp-content\/uploads\/413D-PPR_Kruisafneming.mp3?_=3\" \/><a href=\"http:\/\/rubens-antwerpen.be\/wp-content\/uploads\/413D-PPR_Kruisafneming.mp3\">http:\/\/rubens-antwerpen.be\/wp-content\/uploads\/413D-PPR_Kruisafneming.mp3<\/a><\/audio>\t\t\t\t\t\t\t\t<\/div>\n\t\t\t\t<\/div>\n\t\t\t\t<\/div>\n\t\t<div class=\"elementor-element elementor-element-751e03a e-con-full e-flex e-con e-child\" data-id=\"751e03a\" data-element_type=\"container\" data-e-type=\"container\">\n\t\t\t\t<div class=\"elementor-element elementor-element-94f6cfd elementor-widget elementor-widget-image\" data-id=\"94f6cfd\" data-element_type=\"widget\" data-e-type=\"widget\" data-widget_type=\"image.default\">\n\t\t\t\t<div class=\"elementor-widget-container\">\n\t\t\t\t\t\t\t\t\t\t\t\t\t\t\t\t<a href=\"http:\/\/rubens-antwerpen.be\/wp-content\/uploads\/414P-OLV-KathedraalBuiten.jpg%20\">\n\t\t\t\t\t\t\t<img loading=\"lazy\" decoding=\"async\" width=\"300\" height=\"300\" src=\"https:\/\/rubens-antwerpen.be\/wp-content\/uploads\/414Z-OLV-KathedraalBuiten.jpg\" class=\"attachment-medium size-medium wp-image-2936\" alt=\"\" srcset=\"https:\/\/rubens-antwerpen.be\/wp-content\/uploads\/414Z-OLV-KathedraalBuiten.jpg 300w, https:\/\/rubens-antwerpen.be\/wp-content\/uploads\/414Z-OLV-KathedraalBuiten-150x150.jpg 150w\" sizes=\"(max-width: 300px) 100vw, 300px\" \/>\t\t\t\t\t\t\t\t<\/a>\n\t\t\t\t\t\t\t\t\t\t\t\t\t\t\t<\/div>\n\t\t\t\t<\/div>\n\t\t\t\t<div class=\"elementor-element elementor-element-1dbafdf elementor-widget elementor-widget-text-editor\" data-id=\"1dbafdf\" data-element_type=\"widget\" data-e-type=\"widget\" data-widget_type=\"text-editor.default\">\n\t\t\t\t<div class=\"elementor-widget-container\">\n\t\t\t\t\t\t\t\t\t<p style=\"text-align: center;\"><a href=\"https:\/\/rubens-antwerpen.be\/de\/home\/zentrum\/liebfrauenkathedrale\/antoon-van-dyck-was-waere-geschehen-wenn\/\">Was w\u00e4re geschehen, wenn?<\/a><a href=\"https:\/\/rubens-antwerpen.be\/de\/home\/zentrum\/liebfrauenkathedrale\/antoon-van-dyck-was-waere-geschehen-wenn\/\">\r\n<em>Anthony Van Dyck\/Cornelis Schut<\/em><\/a><\/p><br><audio class=\"wp-audio-shortcode\" id=\"audio-3380-4\" preload=\"none\" style=\"width: 100%;\" controls=\"controls\"><source type=\"audio\/mpeg\" src=\"http:\/\/rubens-antwerpen.be\/wp-content\/uploads\/414D-AVD-WatAls.mp3?_=4\" \/><a href=\"http:\/\/rubens-antwerpen.be\/wp-content\/uploads\/414D-AVD-WatAls.mp3\">http:\/\/rubens-antwerpen.be\/wp-content\/uploads\/414D-AVD-WatAls.mp3<\/a><\/audio>\t\t\t\t\t\t\t\t<\/div>\n\t\t\t\t<\/div>\n\t\t\t\t<\/div>\n\t\t\t\t\t<\/div>\n\t\t\t\t<\/div>\n\t\t\t\t<\/div>\n\t\t","protected":false},"excerpt":{"rendered":"<p>Liebfrauenkathedrale: die H\u00f6hepunkte von P.P. Rubens Du sollst dir kein Gottesbild machen und keine Darstellung vor irgendetwas am Himmel droben, [&hellip;]<\/p>\n","protected":false},"author":1,"featured_media":0,"parent":3378,"menu_order":410,"comment_status":"closed","ping_status":"closed","template":"","meta":{"site-sidebar-layout":"no-sidebar","site-content-layout":"","ast-site-content-layout":"full-width-container","site-content-style":"default","site-sidebar-style":"default","ast-global-header-display":"","ast-banner-title-visibility":"","ast-main-header-display":"","ast-hfb-above-header-display":"","ast-hfb-below-header-display":"","ast-hfb-mobile-header-display":"","site-post-title":"disabled","ast-breadcrumbs-content":"","ast-featured-img":"disabled","footer-sml-layout":"","ast-disable-related-posts":"","theme-transparent-header-meta":"","adv-header-id-meta":"","stick-header-meta":"","header-above-stick-meta":"","header-main-stick-meta":"","header-below-stick-meta":"","astra-migrate-meta-layouts":"default","ast-page-background-enabled":"default","ast-page-background-meta":{"desktop":{"background-color":"var(--ast-global-color-4)","background-image":"","background-repeat":"repeat","background-position":"center center","background-size":"auto","background-attachment":"scroll","background-type":"","background-media":"","overlay-type":"","overlay-color":"","overlay-opacity":"","overlay-gradient":""},"tablet":{"background-color":"","background-image":"","background-repeat":"repeat","background-position":"center center","background-size":"auto","background-attachment":"scroll","background-type":"","background-media":"","overlay-type":"","overlay-color":"","overlay-opacity":"","overlay-gradient":""},"mobile":{"background-color":"","background-image":"","background-repeat":"repeat","background-position":"center center","background-size":"auto","background-attachment":"scroll","background-type":"","background-media":"","overlay-type":"","overlay-color":"","overlay-opacity":"","overlay-gradient":""}},"ast-content-background-meta":{"desktop":{"background-color":"var(--ast-global-color-5)","background-image":"","background-repeat":"repeat","background-position":"center center","background-size":"auto","background-attachment":"scroll","background-type":"","background-media":"","overlay-type":"","overlay-color":"","overlay-opacity":"","overlay-gradient":""},"tablet":{"background-color":"var(--ast-global-color-5)","background-image":"","background-repeat":"repeat","background-position":"center center","background-size":"auto","background-attachment":"scroll","background-type":"","background-media":"","overlay-type":"","overlay-color":"","overlay-opacity":"","overlay-gradient":""},"mobile":{"background-color":"var(--ast-global-color-5)","background-image":"","background-repeat":"repeat","background-position":"center center","background-size":"auto","background-attachment":"scroll","background-type":"","background-media":"","overlay-type":"","overlay-color":"","overlay-opacity":"","overlay-gradient":""}},"footnotes":""},"class_list":["post-3380","page","type-page","status-publish","hentry"],"aioseo_notices":[],"_links":{"self":[{"href":"https:\/\/rubens-antwerpen.be\/de\/wp-json\/wp\/v2\/pages\/3380","targetHints":{"allow":["GET"]}}],"collection":[{"href":"https:\/\/rubens-antwerpen.be\/de\/wp-json\/wp\/v2\/pages"}],"about":[{"href":"https:\/\/rubens-antwerpen.be\/de\/wp-json\/wp\/v2\/types\/page"}],"author":[{"embeddable":true,"href":"https:\/\/rubens-antwerpen.be\/de\/wp-json\/wp\/v2\/users\/1"}],"replies":[{"embeddable":true,"href":"https:\/\/rubens-antwerpen.be\/de\/wp-json\/wp\/v2\/comments?post=3380"}],"version-history":[{"count":15,"href":"https:\/\/rubens-antwerpen.be\/de\/wp-json\/wp\/v2\/pages\/3380\/revisions"}],"predecessor-version":[{"id":5845,"href":"https:\/\/rubens-antwerpen.be\/de\/wp-json\/wp\/v2\/pages\/3380\/revisions\/5845"}],"up":[{"embeddable":true,"href":"https:\/\/rubens-antwerpen.be\/de\/wp-json\/wp\/v2\/pages\/3378"}],"wp:attachment":[{"href":"https:\/\/rubens-antwerpen.be\/de\/wp-json\/wp\/v2\/media?parent=3380"}],"curies":[{"name":"wp","href":"https:\/\/api.w.org\/{rel}","templated":true}]}}