{"id":3382,"date":"2024-06-19T16:14:57","date_gmt":"2024-06-19T14:14:57","guid":{"rendered":"https:\/\/rubens-antwerpen.be\/home\/zentrum\/liebfrauenkathedrale\/otto-van-veen-das-letzte-abendmahl\/"},"modified":"2025-08-01T15:51:38","modified_gmt":"2025-08-01T13:51:38","slug":"otto-van-veen-das-letzte-abendmahl","status":"publish","type":"page","link":"https:\/\/rubens-antwerpen.be\/de\/home\/zentrum\/liebfrauenkathedrale\/otto-van-veen-das-letzte-abendmahl\/","title":{"rendered":"Otto van Veen: das letzte Abendmahl"},"content":{"rendered":"\t\t<div data-elementor-type=\"wp-page\" data-elementor-id=\"3382\" class=\"elementor elementor-3382 elementor-973\">\n\t\t\t\t<div class=\"elementor-element elementor-element-ad42995 e-flex e-con-boxed e-con e-parent\" data-id=\"ad42995\" data-element_type=\"container\" data-e-type=\"container\">\n\t\t\t\t\t<div class=\"e-con-inner\">\n\t\t\t\t<div class=\"elementor-element elementor-element-dbf73d7 elementor-widget elementor-widget-heading\" data-id=\"dbf73d7\" data-element_type=\"widget\" data-e-type=\"widget\" data-widget_type=\"heading.default\">\n\t\t\t\t<div class=\"elementor-widget-container\">\n\t\t\t\t\t<h2 class=\"elementor-heading-title elementor-size-default\">Otto van Veen: das letzte Abendmahl<\/h2>\t\t\t\t<\/div>\n\t\t\t\t<\/div>\n\t\t\t\t\t<\/div>\n\t\t\t\t<\/div>\n\t\t<div class=\"elementor-element elementor-element-c56d01b e-flex e-con-boxed e-con e-parent\" data-id=\"c56d01b\" data-element_type=\"container\" data-e-type=\"container\">\n\t\t\t\t\t<div class=\"e-con-inner\">\n\t\t\t\t<div class=\"elementor-element elementor-element-87ec5d2 elementor-widget elementor-widget-text-editor\" data-id=\"87ec5d2\" data-element_type=\"widget\" data-e-type=\"widget\" data-widget_type=\"text-editor.default\">\n\t\t\t\t<div class=\"elementor-widget-container\">\n\t\t\t\t\t\t\t\t\t<p><a href=\"http:\/\/rubens-antwerpen.be\/wp-content\/uploads\/411P-OLV-OVV-Laatste-Avondmaal.jpg\"><img fetchpriority=\"high\" decoding=\"async\" class=\"alignleft wp-image-642 size-medium\" src=\"http:\/\/rubens-antwerpen.be\/wp-content\/uploads\/411P-OLV-OVV-Laatste-Avondmaal-222x300.jpg\" alt=\"\" width=\"222\" height=\"300\" srcset=\"https:\/\/rubens-antwerpen.be\/wp-content\/uploads\/411P-OLV-OVV-Laatste-Avondmaal-222x300.jpg 222w, https:\/\/rubens-antwerpen.be\/wp-content\/uploads\/411P-OLV-OVV-Laatste-Avondmaal.jpg 759w\" sizes=\"(max-width: 222px) 100vw, 222px\" \/><\/a><\/p>\n<p style=\"text-align: justify;\"><em>Was f\u00fcr ein Gl\u00fcck, einen solchen Lehrer zu haben!<\/em><\/p>\n<p><\/p>\n<hr \/>\n<p><\/p>\n<p style=\"text-align: justify;\">Dieses Treffen findet zu Beginn des Abends statt. Der Innenraum wird von wenigen Kerzen beleuchtet, deren schwaches Licht auf die Gesetzestafeln im Hintergrund f\u00e4llt \u2013 ein Verweis auf den Alten Bund. Vor unseren Augen beginnt nun der Neue Bund mit diesem Passahmahl, das in jeder Eucharistiefeier liturgisch wiederholt wird.<\/p>\n<p><\/p>\n<p style=\"text-align: justify;\">Auf der rechten Seite f\u00e4llt zus\u00e4tzlich Licht ein, das die gelben und blauen Tuniken sowie die wei\u00dfe Tischdecke besonders hervorhebt. Im Kontrast dazu treten die Apostel gr\u00f6\u00dftenteils aus dem Schatten hervor. Jesus hat soeben angek\u00fcndigt, dass ihn einer seiner J\u00fcnger verraten wird, worauf unter ihnen eine angespannte Diskussion beginnt: \u201e<strong>Wer denn<\/strong>? Doch nicht etwa ich?\u201c (Mk, 13:19).<\/p>\n<p><\/p>\n<p style=\"text-align: justify;\">Ein einzelner Tischgast entzieht sich dieser Diskussion. Er wendet sich ab, tut jedoch so, als wolle er noch teilnehmen \u2013 l\u00e4sst sich einen weiteres Getr\u00e4nk einschenken. Gleichzeitig streckt er ein Bein aus, als wolle er sich rasch entfernen. Sein Obergewand ist rot, wie das Jesu \u2013 doch seine gebr\u00e4uchliche, r\u00f6tliche Haarfarbe verr\u00e4t seine Identit\u00e4t. Es handelt sich um Judas.<\/p>\n<p><\/p>\n<p style=\"text-align: justify;\">Das sp\u00e4te Abendlicht erhellt noch den Rand seines Bechers, die Amphore vorne links sowie den kleinen Hund unter dem Stuhl.<\/p>\n<p><\/p>\n<p style=\"text-align: justify;\">Nach Ansicht vieler Kunstkritiker stellt dieses Werk ein H\u00f6hepunkt im \u0152uvre von Otto Van Veen dar. Selbst ein unge\u00fcbtes Auge erkennt die kompositorische Harmonie: die kreisf\u00f6rmig angeordneten Figuren, die beiden runden Leuchter, das ausgewogene Verh\u00e4ltnis von oberen und unteren Bildelementen.<\/p>\n<p><\/p>\n<p style=\"text-align: justify;\">Was jedoch im Laufe der Jahre mit einem Kunstwerk geschieht, ist nicht immer erfreulich. Um ein Gem\u00e4lde r\u00e4umlich anzupassen, wurden nicht selten Bildteilen entfernt, abges\u00e4gt, oder \u2013 wie in diesem Fall! \u2013 erg\u00e4nzt, oben und unten. Urspr\u00fcnglich war das Werk quadratisch konzipiert, sodass das gesegnete Brot bildlich wie inhaltlich den Mittelpunkt bilden sollte.<\/p>\n<p><\/p>\n<p style=\"text-align: justify;\"><span style=\"color: #008000;\"><strong>In der Liebfrauenkathedrale h\u00e4ngt im n\u00f6rdlichen Querschiff: P.P. Rubens: <a href=\"https:\/\/rubens-antwerpen.be\/de\/home\/zentrum\/liebfrauenkathedrale\/rubens-die-kreuzaufrichtung\/\">die Kreuzaufrichtung<\/a><\/strong><\/span><\/p>\n\t\t\t\t\t\t\t\t<\/div>\n\t\t\t\t<\/div>\n\t\t\t\t\t<\/div>\n\t\t\t\t<\/div>\n\t\t\t\t<\/div>\n\t\t","protected":false},"excerpt":{"rendered":"<p>Otto van Veen: das letzte Abendmahl Was f\u00fcr ein Gl\u00fcck, einen solchen Lehrer zu haben! Dieses Treffen findet zu Beginn [&hellip;]<\/p>\n","protected":false},"author":1,"featured_media":0,"parent":3380,"menu_order":411,"comment_status":"closed","ping_status":"closed","template":"","meta":{"site-sidebar-layout":"no-sidebar","site-content-layout":"","ast-site-content-layout":"full-width-container","site-content-style":"default","site-sidebar-style":"default","ast-global-header-display":"","ast-banner-title-visibility":"","ast-main-header-display":"","ast-hfb-above-header-display":"","ast-hfb-below-header-display":"","ast-hfb-mobile-header-display":"","site-post-title":"disabled","ast-breadcrumbs-content":"","ast-featured-img":"disabled","footer-sml-layout":"","ast-disable-related-posts":"","theme-transparent-header-meta":"","adv-header-id-meta":"","stick-header-meta":"","header-above-stick-meta":"","header-main-stick-meta":"","header-below-stick-meta":"","astra-migrate-meta-layouts":"default","ast-page-background-enabled":"default","ast-page-background-meta":{"desktop":{"background-color":"var(--ast-global-color-4)","background-image":"","background-repeat":"repeat","background-position":"center center","background-size":"auto","background-attachment":"scroll","background-type":"","background-media":"","overlay-type":"","overlay-color":"","overlay-opacity":"","overlay-gradient":""},"tablet":{"background-color":"","background-image":"","background-repeat":"repeat","background-position":"center center","background-size":"auto","background-attachment":"scroll","background-type":"","background-media":"","overlay-type":"","overlay-color":"","overlay-opacity":"","overlay-gradient":""},"mobile":{"background-color":"","background-image":"","background-repeat":"repeat","background-position":"center center","background-size":"auto","background-attachment":"scroll","background-type":"","background-media":"","overlay-type":"","overlay-color":"","overlay-opacity":"","overlay-gradient":""}},"ast-content-background-meta":{"desktop":{"background-color":"var(--ast-global-color-5)","background-image":"","background-repeat":"repeat","background-position":"center center","background-size":"auto","background-attachment":"scroll","background-type":"","background-media":"","overlay-type":"","overlay-color":"","overlay-opacity":"","overlay-gradient":""},"tablet":{"background-color":"var(--ast-global-color-5)","background-image":"","background-repeat":"repeat","background-position":"center center","background-size":"auto","background-attachment":"scroll","background-type":"","background-media":"","overlay-type":"","overlay-color":"","overlay-opacity":"","overlay-gradient":""},"mobile":{"background-color":"var(--ast-global-color-5)","background-image":"","background-repeat":"repeat","background-position":"center center","background-size":"auto","background-attachment":"scroll","background-type":"","background-media":"","overlay-type":"","overlay-color":"","overlay-opacity":"","overlay-gradient":""}},"footnotes":""},"class_list":["post-3382","page","type-page","status-publish","hentry"],"aioseo_notices":[],"_links":{"self":[{"href":"https:\/\/rubens-antwerpen.be\/de\/wp-json\/wp\/v2\/pages\/3382","targetHints":{"allow":["GET"]}}],"collection":[{"href":"https:\/\/rubens-antwerpen.be\/de\/wp-json\/wp\/v2\/pages"}],"about":[{"href":"https:\/\/rubens-antwerpen.be\/de\/wp-json\/wp\/v2\/types\/page"}],"author":[{"embeddable":true,"href":"https:\/\/rubens-antwerpen.be\/de\/wp-json\/wp\/v2\/users\/1"}],"replies":[{"embeddable":true,"href":"https:\/\/rubens-antwerpen.be\/de\/wp-json\/wp\/v2\/comments?post=3382"}],"version-history":[{"count":10,"href":"https:\/\/rubens-antwerpen.be\/de\/wp-json\/wp\/v2\/pages\/3382\/revisions"}],"predecessor-version":[{"id":5847,"href":"https:\/\/rubens-antwerpen.be\/de\/wp-json\/wp\/v2\/pages\/3382\/revisions\/5847"}],"up":[{"embeddable":true,"href":"https:\/\/rubens-antwerpen.be\/de\/wp-json\/wp\/v2\/pages\/3380"}],"wp:attachment":[{"href":"https:\/\/rubens-antwerpen.be\/de\/wp-json\/wp\/v2\/media?parent=3382"}],"curies":[{"name":"wp","href":"https:\/\/api.w.org\/{rel}","templated":true}]}}