{"id":3386,"date":"2024-06-19T16:16:30","date_gmt":"2024-06-19T14:16:30","guid":{"rendered":"https:\/\/rubens-antwerpen.be\/home\/zentrum\/liebfrauenkathedrale\/rubens-die-kreuzabnahme\/"},"modified":"2025-08-01T15:57:57","modified_gmt":"2025-08-01T13:57:57","slug":"rubens-die-kreuzabnahme","status":"publish","type":"page","link":"https:\/\/rubens-antwerpen.be\/de\/home\/zentrum\/liebfrauenkathedrale\/rubens-die-kreuzabnahme\/","title":{"rendered":"Rubens: die Kreuzabnahme"},"content":{"rendered":"\t\t<div data-elementor-type=\"wp-page\" data-elementor-id=\"3386\" class=\"elementor elementor-3386 elementor-983\">\n\t\t\t\t<div class=\"elementor-element elementor-element-ad42995 e-flex e-con-boxed e-con e-parent\" data-id=\"ad42995\" data-element_type=\"container\" data-e-type=\"container\">\n\t\t\t\t\t<div class=\"e-con-inner\">\n\t\t\t\t<div class=\"elementor-element elementor-element-dbf73d7 elementor-widget elementor-widget-heading\" data-id=\"dbf73d7\" data-element_type=\"widget\" data-e-type=\"widget\" data-widget_type=\"heading.default\">\n\t\t\t\t<div class=\"elementor-widget-container\">\n\t\t\t\t\t<h2 class=\"elementor-heading-title elementor-size-default\">Peter Paul Rubens: die Kreuzabnahme<\/h2>\t\t\t\t<\/div>\n\t\t\t\t<\/div>\n\t\t\t\t\t<\/div>\n\t\t\t\t<\/div>\n\t\t<div class=\"elementor-element elementor-element-329a3f5 e-flex e-con-boxed e-con e-parent\" data-id=\"329a3f5\" data-element_type=\"container\" data-e-type=\"container\">\n\t\t\t\t\t<div class=\"e-con-inner\">\n\t\t\t\t<div class=\"elementor-element elementor-element-22ae741 elementor-widget elementor-widget-text-editor\" data-id=\"22ae741\" data-element_type=\"widget\" data-e-type=\"widget\" data-widget_type=\"text-editor.default\">\n\t\t\t\t<div class=\"elementor-widget-container\">\n\t\t\t\t\t\t\t\t\t<p><a href=\"http:\/\/rubens-antwerpen.be\/wp-content\/uploads\/413P-OLV-PPR-Kruisafneming.jpg\"><img fetchpriority=\"high\" decoding=\"async\" class=\"alignleft wp-image-648 size-medium\" src=\"http:\/\/rubens-antwerpen.be\/wp-content\/uploads\/413P-OLV-PPR-Kruisafneming-226x300.jpg\" alt=\"\" width=\"226\" height=\"300\" srcset=\"https:\/\/rubens-antwerpen.be\/wp-content\/uploads\/413P-OLV-PPR-Kruisafneming-226x300.jpg 226w, https:\/\/rubens-antwerpen.be\/wp-content\/uploads\/413P-OLV-PPR-Kruisafneming-768x1019.jpg 768w, https:\/\/rubens-antwerpen.be\/wp-content\/uploads\/413P-OLV-PPR-Kruisafneming.jpg 772w\" sizes=\"(max-width: 226px) 100vw, 226px\" \/><\/a><\/p>\n<p style=\"text-align: justify;\">Hymne des Simeon<br \/>\n<em>Nun l\u00e4sst du, Herr,<\/em><br \/>\n<em>deinen Knecht, wie du gesagt hast,<\/em><br \/>\n<em>in Frieden scheiden.<\/em><br \/>\n<em>Denn meine Augen haben das Heil gesehen,<\/em><br \/>\n<em>das du vor allen V\u00f6lkern bereitet hast,<\/em><br \/>\n<em>ein Licht das die Heiden erleuchtet,<\/em><br \/>\n<em>und Herrlichkeit f\u00fcr dein Volk Israel.<\/em><br \/>\n<em>(Lk 2,29-32)<\/em><\/p>\n<p><\/p>\n<hr \/>\n<p><\/p>\n<p style=\"text-align: justify;\">Haben Sie zuerst die <em>Kreuzaufrichtung<\/em> im n\u00f6rdlichen Querschiff betrachtet? Dann sp\u00fcren Sie vielleicht sofort den Unterschied. Dieses Gem\u00e4lde, das drei bis vier Jahre sp\u00e4ter entstand, ist ruhiger, intimer \u2013 mit weniger Figuren, weniger Bewegung, und einer tieftraurigen, fast stillen Atmosph\u00e4re.<\/p>\n<p><\/p>\n<p style=\"text-align: justify;\">Versetzen wir uns in die Zeit des dargestellten Geschehens zur\u00fcck: Es ist Karfreitag, zur Abendd\u00e4mmerung.<\/p>\n<p><\/p>\n<p style=\"text-align: justify;\">\u00a0\u00a0\u00a0\u00a0\u00a0\u00a0\u00a0\u00a0\u00a0\u00a0\u00a0\u00a0\u00a0\u00a0 \u201e<em>Es ist vollbracht<\/em>\u201c (Joh 19,30).<\/p>\n<p><\/p>\n<p style=\"text-align: justify;\">Das Leiden ist vor\u00fcber \u2013 aber die Trauer bleibt. Nur die Gl\u00e4ubigen, das hei\u00dft: die Frauen, sind noch anwesend.<\/p>\n<p><\/p>\n<p style=\"text-align: justify;\">In Jerusalem geht im April die Sonne gegen 19 Uhr unter. Rubens nutzt in dieser Szene die letzten Streifen Tageslicht. Genau an dieser Stelle f\u00e4llt das nat\u00fcrliche Licht von oben rechts ein \u2013 es ist entscheidend f\u00fcr die Wirkung des Bildes. W\u00e4re das Werk an einer anderen Wand mit anderem Lichteinfall aufgeh\u00e4ngt, w\u00fcrde es unnat\u00fcrlich erscheinen.<\/p>\n<p><\/p>\n<p style=\"text-align: justify;\">Doch hier beginnt bereits die D\u00e4mmerung \u2013 grelles Sonnenlicht hat keinen Platz mehr. Der Hintergrund bleibt dunkel, die Figuren treten daraus hervor wie aus einem Schattenraum. Hinter dem Leichnam Jesu halten zwei Helfer das Tuch mit den Z\u00e4hnen fest umklammert. Vorn erkennen wir Nikodemus und Joseph von Arimath\u00e4a. Im Vordergrund trauern die Frauen \u2013 und der J\u00fcnger Johannes, unverkennbar an seinem roten Gewand.<\/p>\n<p><\/p>\n<p style=\"text-align: justify;\">In einer liebevollen, fast choreografierten Geste nehmen sie die letzte irdische Pflicht gegen\u00fcber ihrem Herrn auf sich. Die Schatten auf dem Gem\u00e4lde werden nun nicht mehr durch harte Kontraste erzeugt, sondern durch sanfte Akzente auf Seide und Samt: in Maria Magdalenas Haaren, auf ihrer Kleidung, und auf der rosafarbenen Wange Maria Kleopas&#8216;, \u00fcber die eine einzelne Tr\u00e4ne l\u00e4uft. Mutter Marias blasser Teint \u2013 fast leichenhaft \u2013 l\u00e4sst ahnen, wie sehr sie dem Tod selbst seelisch nahe ist.<\/p>\n<p><\/p>\n<p style=\"text-align: justify;\">Rubens setzt hier neue malerische Mittel ein. Die diagonale Komposition verleiht der Szene wieder Dynamik, doch die Figuren sind in einer langgezogenen Ellipse angeordnet \u2013 jede ist individuell charakterisiert, mit eigenen Farbfl\u00e4chen. Besonders auff\u00e4llig: harte Schatten werden bei den Frauenkleidern durch schimmernde \u00dcberg\u00e4nge ersetzt.<\/p>\n<p><\/p>\n<p style=\"text-align: justify;\">Wegen der ausgewogenen Komposition eignete sich diese Mitteltafel f\u00fcr die Reproduktion als Schwarz-Wei\u00df-Stich; und so wurde die Kreuzabnahme weltweit popul\u00e4r, zumindest in dem Teil der Welt unter spanischer Herrschaft.<\/p>\n<p><\/p>\n<p style=\"text-align: justify;\">Unter diesen Farbschichten bleibt die tiefere Bedeutung des Werks stets sichtbar. Wenn die Fl\u00fcgel des Altars geschlossen w\u00e4ren \u2013 oder wenn Sie einen Schritt nach links machen \u2013 sehen Sie Christophorus, den Christustr\u00e4ger, den Schutzheiligen der Reisenden \u2013 ihr sogar.<\/p>\n<p><\/p>\n<p style=\"text-align: justify;\">Werfen Sie nun einen genaueren Blick auf die ge\u00f6ffneten Seitenfl\u00fcgel. In jeder Szene wird Christus getragen. Der Priester, der auf dem Altar das geweihte Brot erhebt, tut in den Augen der Gl\u00e4ubigen dasselbe wie die schwangere Maria oder der greise Simeon.<\/p>\n<p><\/p>\n<p style=\"text-align: justify;\">In der Szene der \u201a<em>Heimsuchung\u2018<\/em> begegnet uns Maria als Tr\u00e4gerin ihres Sohnes. An ihrer Seite: eine Magd, die uns direkt ansieht \u2013 auch in diesem Werk. Elisabeth ber\u00fchrt Maria mit Respekt und Z\u00e4rtlichkeit. Joseph und Zacharias \u2013 nur Nebenfiguren in dieser Geschichte \u2013 verschwinden fast im Hintergrund. Oben ein leicht bew\u00f6lkter Himmel, unten das Jordantal.<\/p>\n<p><\/p>\n<p style=\"text-align: justify;\">In der Szene der \u201a<em>Darstellung Jesu im Tempel\u2018<\/em> herrscht das sanfte Licht einer r\u00f6mischen Kuppelkirche. Rampenlicht f\u00e4llt auf Simeon, in Rot und Gold gekleidet, der das Neugeborene in den Armen h\u00e4lt \u2013 ganz im Sinne seiner Hymne:<\/p>\n<p><\/p>\n<p style=\"text-align: justify; padding-left: 40px;\">Hymne des Simeon<br \/>\n<em>Nun l\u00e4sst du, Herr,<\/em><br \/>\n<em>deinen Knecht, wie du gesagt hast,<\/em><br \/>\n<em>in Frieden scheiden.<\/em><br \/>\n<em>Denn meine Augen haben das Heil gesehen,<\/em><br \/>\n<em>das du vor allen V\u00f6lkern bereitet hast,<\/em><br \/>\n<em>ein Licht das die Heiden erleuchtet,<\/em><br \/>\n<em>und Herrlichkeit f\u00fcr dein Volk Israel.<\/em><br \/>\n<em>(Lk 2,29-32)<\/em><\/p>\n<p><\/p>\n<p style=\"text-align: justify;\"><span style=\"color: #008000;\"><strong>Wenn Sie die Kathedrale verlassen, befinden Sie sich in der N\u00e4he des Ausgangspunkts der S\u00fcdroute: Groenplaats f\u00fcr die Frage <a href=\"https:\/\/rubens-antwerpen.be\/de\/home\/zentrum\/liebfrauenkathedrale\/antoon-van-dyck-was-waere-geschehen-wenn\/\">&#8222;Was w\u00e4re geschehen wenn?&#8220;<\/a>.<\/strong><\/span><\/p>\n\t\t\t\t\t\t\t\t<\/div>\n\t\t\t\t<\/div>\n\t\t\t\t\t<\/div>\n\t\t\t\t<\/div>\n\t\t\t\t<\/div>\n\t\t","protected":false},"excerpt":{"rendered":"<p>Peter Paul Rubens: die Kreuzabnahme Hymne des Simeon Nun l\u00e4sst du, Herr, deinen Knecht, wie du gesagt hast, in Frieden [&hellip;]<\/p>\n","protected":false},"author":1,"featured_media":0,"parent":3380,"menu_order":413,"comment_status":"closed","ping_status":"closed","template":"","meta":{"site-sidebar-layout":"no-sidebar","site-content-layout":"","ast-site-content-layout":"full-width-container","site-content-style":"default","site-sidebar-style":"default","ast-global-header-display":"","ast-banner-title-visibility":"","ast-main-header-display":"","ast-hfb-above-header-display":"","ast-hfb-below-header-display":"","ast-hfb-mobile-header-display":"","site-post-title":"disabled","ast-breadcrumbs-content":"","ast-featured-img":"disabled","footer-sml-layout":"","ast-disable-related-posts":"","theme-transparent-header-meta":"","adv-header-id-meta":"","stick-header-meta":"","header-above-stick-meta":"","header-main-stick-meta":"","header-below-stick-meta":"","astra-migrate-meta-layouts":"default","ast-page-background-enabled":"default","ast-page-background-meta":{"desktop":{"background-color":"var(--ast-global-color-4)","background-image":"","background-repeat":"repeat","background-position":"center center","background-size":"auto","background-attachment":"scroll","background-type":"","background-media":"","overlay-type":"","overlay-color":"","overlay-opacity":"","overlay-gradient":""},"tablet":{"background-color":"","background-image":"","background-repeat":"repeat","background-position":"center center","background-size":"auto","background-attachment":"scroll","background-type":"","background-media":"","overlay-type":"","overlay-color":"","overlay-opacity":"","overlay-gradient":""},"mobile":{"background-color":"","background-image":"","background-repeat":"repeat","background-position":"center center","background-size":"auto","background-attachment":"scroll","background-type":"","background-media":"","overlay-type":"","overlay-color":"","overlay-opacity":"","overlay-gradient":""}},"ast-content-background-meta":{"desktop":{"background-color":"var(--ast-global-color-5)","background-image":"","background-repeat":"repeat","background-position":"center center","background-size":"auto","background-attachment":"scroll","background-type":"","background-media":"","overlay-type":"","overlay-color":"","overlay-opacity":"","overlay-gradient":""},"tablet":{"background-color":"var(--ast-global-color-5)","background-image":"","background-repeat":"repeat","background-position":"center center","background-size":"auto","background-attachment":"scroll","background-type":"","background-media":"","overlay-type":"","overlay-color":"","overlay-opacity":"","overlay-gradient":""},"mobile":{"background-color":"var(--ast-global-color-5)","background-image":"","background-repeat":"repeat","background-position":"center center","background-size":"auto","background-attachment":"scroll","background-type":"","background-media":"","overlay-type":"","overlay-color":"","overlay-opacity":"","overlay-gradient":""}},"footnotes":""},"class_list":["post-3386","page","type-page","status-publish","hentry"],"aioseo_notices":[],"_links":{"self":[{"href":"https:\/\/rubens-antwerpen.be\/de\/wp-json\/wp\/v2\/pages\/3386","targetHints":{"allow":["GET"]}}],"collection":[{"href":"https:\/\/rubens-antwerpen.be\/de\/wp-json\/wp\/v2\/pages"}],"about":[{"href":"https:\/\/rubens-antwerpen.be\/de\/wp-json\/wp\/v2\/types\/page"}],"author":[{"embeddable":true,"href":"https:\/\/rubens-antwerpen.be\/de\/wp-json\/wp\/v2\/users\/1"}],"replies":[{"embeddable":true,"href":"https:\/\/rubens-antwerpen.be\/de\/wp-json\/wp\/v2\/comments?post=3386"}],"version-history":[{"count":6,"href":"https:\/\/rubens-antwerpen.be\/de\/wp-json\/wp\/v2\/pages\/3386\/revisions"}],"predecessor-version":[{"id":5853,"href":"https:\/\/rubens-antwerpen.be\/de\/wp-json\/wp\/v2\/pages\/3386\/revisions\/5853"}],"up":[{"embeddable":true,"href":"https:\/\/rubens-antwerpen.be\/de\/wp-json\/wp\/v2\/pages\/3380"}],"wp:attachment":[{"href":"https:\/\/rubens-antwerpen.be\/de\/wp-json\/wp\/v2\/media?parent=3386"}],"curies":[{"name":"wp","href":"https:\/\/api.w.org\/{rel}","templated":true}]}}