{"id":3388,"date":"2024-06-19T16:17:28","date_gmt":"2024-06-19T14:17:28","guid":{"rendered":"https:\/\/rubens-antwerpen.be\/home\/zentrum\/liebfrauenkathedrale\/antoon-van-dyck-was-waere-geschehen-wenn\/"},"modified":"2025-08-09T11:51:52","modified_gmt":"2025-08-09T09:51:52","slug":"antoon-van-dyck-was-waere-geschehen-wenn","status":"publish","type":"page","link":"https:\/\/rubens-antwerpen.be\/de\/home\/zentrum\/liebfrauenkathedrale\/antoon-van-dyck-was-waere-geschehen-wenn\/","title":{"rendered":"Antoon van Dyck: Was w\u00e4re geschehen, wenn?"},"content":{"rendered":"\t\t<div data-elementor-type=\"wp-page\" data-elementor-id=\"3388\" class=\"elementor elementor-3388 elementor-989\">\n\t\t\t\t<div class=\"elementor-element elementor-element-ad42995 e-flex e-con-boxed e-con e-parent\" data-id=\"ad42995\" data-element_type=\"container\" data-e-type=\"container\">\n\t\t\t\t\t<div class=\"e-con-inner\">\n\t\t\t\t<div class=\"elementor-element elementor-element-dbf73d7 elementor-widget elementor-widget-heading\" data-id=\"dbf73d7\" data-element_type=\"widget\" data-e-type=\"widget\" data-widget_type=\"heading.default\">\n\t\t\t\t<div class=\"elementor-widget-container\">\n\t\t\t\t\t<h2 class=\"elementor-heading-title elementor-size-default\">Was w\u00e4re geschehen, wenn? (Anthony Van Dyck\/Cornelis Schut) <\/h2>\t\t\t\t<\/div>\n\t\t\t\t<\/div>\n\t\t\t\t\t<\/div>\n\t\t\t\t<\/div>\n\t\t<div class=\"elementor-element elementor-element-694a7e4 e-flex e-con-boxed e-con e-parent\" data-id=\"694a7e4\" data-element_type=\"container\" data-e-type=\"container\">\n\t\t\t\t\t<div class=\"e-con-inner\">\n\t\t\t\t<div class=\"elementor-element elementor-element-c56ce8a elementor-widget elementor-widget-text-editor\" data-id=\"c56ce8a\" data-element_type=\"widget\" data-e-type=\"widget\" data-widget_type=\"text-editor.default\">\n\t\t\t\t<div class=\"elementor-widget-container\">\n\t\t\t\t\t\t\t\t\t<p><a href=\"https:\/\/rubens-antwerpen.be\/wp-content\/uploads\/\/414P-OLV-KathedraalBuiten-300x170.jpg\"><img fetchpriority=\"high\" decoding=\"async\" class=\"alignleft wp-image-1456 size-medium\" src=\"https:\/\/rubens-antwerpen.be\/wp-content\/uploads\/\/414P-OLV-KathedraalBuiten-300x170.jpg\" alt=\"\" width=\"300\" height=\"170\" srcset=\"https:\/\/rubens-antwerpen.be\/wp-content\/uploads\/414P-OLV-KathedraalBuiten-300x170.jpg 300w, https:\/\/rubens-antwerpen.be\/wp-content\/uploads\/414P-OLV-KathedraalBuiten-768x434.jpg 768w, https:\/\/rubens-antwerpen.be\/wp-content\/uploads\/414P-OLV-KathedraalBuiten.jpg 1024w\" sizes=\"(max-width: 300px) 100vw, 300px\" \/><\/a><\/p>\n<p>\u21d0 Die Liebfrauenkathedrale am Groenplaats<\/p>\n<p><em>Wir kehren in die Gegenwart zur\u00fcck \u2013 und fragen uns nur einmal:<\/em><br \/><strong><em>\u00bbWas w\u00e4re geschehen, wenn?\u00ab<\/em><\/strong><\/p>\n\t\t\t\t\t\t\t\t<\/div>\n\t\t\t\t<\/div>\n\t\t\t\t\t<\/div>\n\t\t\t\t<\/div>\n\t\t<div class=\"elementor-element elementor-element-657c67c e-flex e-con-boxed e-con e-parent\" data-id=\"657c67c\" data-element_type=\"container\" data-e-type=\"container\">\n\t\t\t\t\t<div class=\"e-con-inner\">\n\t\t\t\t<div class=\"elementor-element elementor-element-46e0299 elementor-widget elementor-widget-text-editor\" data-id=\"46e0299\" data-element_type=\"widget\" data-e-type=\"widget\" data-widget_type=\"text-editor.default\">\n\t\t\t\t<div class=\"elementor-widget-container\">\n\t\t\t\t\t\t\t\t\t<p style=\"text-align: justify;\"><a href=\"https:\/\/rubens-antwerpen.be\/wp-content\/uploads\/\/414-AVD-Bisschop-Malderus-238x300.jpg\"><img decoding=\"async\" class=\"alignleft wp-image-1662 size-medium\" src=\"https:\/\/rubens-antwerpen.be\/wp-content\/uploads\/\/414-AVD-Bisschop-Malderus-238x300.jpg\" alt=\"\" width=\"238\" height=\"300\" srcset=\"https:\/\/rubens-antwerpen.be\/wp-content\/uploads\/414-AVD-Bisschop-Malderus-238x300.jpg 238w, https:\/\/rubens-antwerpen.be\/wp-content\/uploads\/414-AVD-Bisschop-Malderus-768x970.jpg 768w, https:\/\/rubens-antwerpen.be\/wp-content\/uploads\/414-AVD-Bisschop-Malderus.jpg 811w\" sizes=\"(max-width: 238px) 100vw, 238px\" \/><\/a>Anthony van Dyck hinterl\u00e4sst in dieser Kathedrale nur eine einzige Spur als Portr\u00e4tmaler. In der Sakristei sitzt zwischen den Antwerpener Bisch\u00f6fen Joannes Malderus oder Jan van Malderen (+ 1633); es handelt sich doch um eine Kopie. Eine bessere Version befindet sich in der Sammlung des KMSKA, die auf Dauerleihe im Snijders-Rockox-Haus ist.<br \/>\n<a href=\"https:\/\/kmska.be\/en\/masterpiece\/joannes-malderus-bishop-of-antwerp\" target=\"_blank\" rel=\"noopener\">https:\/\/kmska.be\/nl\/meesterwerk\/joannes-malderus-bisschop-van-antwerpen<\/a><\/p>\n<p><\/p>\n<p style=\"text-align: justify;\">Das w\u00e4re das Ende unserer Tour; doch an dieser Stelle m\u00f6chten wir noch eine Frage stellen<br \/>\n<strong>\u00a0 \u00a0 \u00a0 \u00a0 \u00a0 \u00a0 \u00a0 \u00a0 \u00a0 \u00a0 &#8222;Was w\u00e4re geschehen, wenn?&#8220;<\/strong><\/p>\n<p><\/p>\n<p style=\"text-align: justify;\">Zun\u00e4chst die Fakten: um die Jahreswende 1640-1641 hielt Van Dyck sich in Antwerpen auf, als Zwischenstopp zwischen Paris und London. Von der Gilde der Jungen Langbogensch\u00fctzen erhielt er den Auftrag f\u00fcr ihren Altar in dieser Kathedrale: ein \u201a<em>Martyrium des heiligen Georgs\u2018<\/em>. Das angebotene Betrag von 2000 Gulden entspricht den Spitzenhonorar eines K\u00fcnstlers auf dem H\u00f6hepunkt seiner Karriere. Es sind mindestens zwei vorbereitende \u00d6lskizzen \u00fcberliefert, doch nach diesem Auftrag kehrte Anthony nur noch einmal in Antwerpen zur\u00fcck \u2026.\u00a0 und starb Ende 1641 in London.<\/p>\n\t\t\t\t\t\t\t\t<\/div>\n\t\t\t\t<\/div>\n\t\t\t\t\t<\/div>\n\t\t\t\t<\/div>\n\t\t<div class=\"elementor-element elementor-element-4a4f260 e-flex e-con-boxed e-con e-parent\" data-id=\"4a4f260\" data-element_type=\"container\" data-e-type=\"container\">\n\t\t\t\t\t<div class=\"e-con-inner\">\n\t\t\t\t<div class=\"elementor-element elementor-element-599cd28 elementor-widget elementor-widget-text-editor\" data-id=\"599cd28\" data-element_type=\"widget\" data-e-type=\"widget\" data-widget_type=\"text-editor.default\">\n\t\t\t\t<div class=\"elementor-widget-container\">\n\t\t\t\t\t\t\t\t\t<p style=\"text-align: justify;\"><a href=\"https:\/\/rubens-antwerpen.be\/wp-content\/uploads\/\/414-CS-Onthoofding-Joris-233x300.jpg\"><img decoding=\"async\" class=\"alignleft wp-image-1666 size-medium\" src=\"https:\/\/rubens-antwerpen.be\/wp-content\/uploads\/\/414-CS-Onthoofding-Joris-233x300.jpg\" alt=\"\" width=\"233\" height=\"300\" srcset=\"https:\/\/rubens-antwerpen.be\/wp-content\/uploads\/414-CS-Onthoofding-Joris-233x300.jpg 233w, https:\/\/rubens-antwerpen.be\/wp-content\/uploads\/414-CS-Onthoofding-Joris-768x989.jpg 768w, https:\/\/rubens-antwerpen.be\/wp-content\/uploads\/414-CS-Onthoofding-Joris.jpg 795w\" sizes=\"(max-width: 233px) 100vw, 233px\" \/><\/a><\/p>\n<p><\/p>\n<p style=\"text-align: justify;\">Letzlich war es Cornelis Schut, der das Altarbild malte, das heute im KMSKA zu sehen ist.<\/p>\n<p>Ein monumentales Werk, das von oben bis unten von dunklen, dramatischen Farben gepr\u00e4gt ist.<br \/><a href=\"https:\/\/kmska.be\/en\/masterpiece\/the-beheading-of-saint-george\" target=\"_blank\" rel=\"noopener\">https:\/\/kmska.be\/nl\/meesterwerk\/onthoofding-van-de-heilige-joris<\/a><\/p>\n<p>Und jetzt: <strong>Was w\u00e4re geschehen, wenn?<\/strong><\/p>\n<p style=\"text-align: justify;\">Der Altar diesen Sch\u00fctzen soll im n\u00f6rdlichen Querschiff gestanden haben. K\u00f6nnen Sie sich vorstellen, dass dort statt der \u201a<em>Kreuzaufrichtung\u2018<\/em> ein Van Dyck h\u00e4ngen w\u00fcrde?<\/p>\n<p><\/p>\n<p style=\"text-align: justify;\">Welch wunderbares Gleichgewicht zwischen Lehrer, Meister und begabtem Sch\u00fcler, der sp\u00e4ter selbst ein Meister wurde w\u00e4re das gewesen!<\/p>\n\t\t\t\t\t\t\t\t<\/div>\n\t\t\t\t<\/div>\n\t\t\t\t\t<\/div>\n\t\t\t\t<\/div>\n\t\t<div class=\"elementor-element elementor-element-8f6bbe8 e-flex e-con-boxed e-con e-parent\" data-id=\"8f6bbe8\" data-element_type=\"container\" data-e-type=\"container\">\n\t\t\t\t\t<div class=\"e-con-inner\">\n\t\t\t\t<div class=\"elementor-element elementor-element-9cd9bb2 elementor-widget elementor-widget-text-editor\" data-id=\"9cd9bb2\" data-element_type=\"widget\" data-e-type=\"widget\" data-widget_type=\"text-editor.default\">\n\t\t\t\t<div class=\"elementor-widget-container\">\n\t\t\t\t\t\t\t\t\t<p style=\"text-align: justify;\"><strong>Beim Verlassen der Kathedrale, lassen Sie sich begleiten von der Komposition von Arvo P\u00e4rt (aus dem Jahr 2001) auf dem lateinischen Text von Simeons Hymne \u201aNunc dimittis\u2018.<\/strong><\/p>\n<p><div class=\"ast-oembed-container \" style=\"height: 100%;\"><iframe title=\"&#039;nunc dimitis&#039; by arvo p\u00e4rt live at flagey | arvo p\u00e4rt weekend\" width=\"500\" height=\"281\" src=\"https:\/\/www.youtube.com\/embed\/1qyqjzE3BZk?feature=oembed\" frameborder=\"0\" allow=\"accelerometer; autoplay; clipboard-write; encrypted-media; gyroscope; picture-in-picture; web-share\" referrerpolicy=\"strict-origin-when-cross-origin\" allowfullscreen><\/iframe><\/div><\/p>\n<p style=\"text-align: justify;\"><em>Quelle: &#8222;Nunc Dimittis&#8220; von Arvo P\u00e4rt Live in Flagey | Arvo P\u00e4rt Wochenende<br \/>\n<\/em><em>(7:00 Minuten) (Aufnahme vom 28. Januar 2018)<br \/>\n<\/em><em>Estonian Philharmonic Chamber Choir live in Flagey<\/em><\/p>\n<p><\/p>\n<p style=\"text-align: justify;\"><span style=\"color: #008000;\"><strong>Wir w\u00fcnschen Ihnen viel LICHT in Ihrem Leben, auch innere Erleuchtung. Reagieren Sie auf unseren Spaziergang mit Kommentaren, Wertsch\u00e4tzung oder Verbesserung:<\/strong><\/span> <strong><a href=\"mailto:info@topa.be\">info@topa.be<\/a>.<\/strong><\/p>\n\t\t\t\t\t\t\t\t<\/div>\n\t\t\t\t<\/div>\n\t\t\t\t\t<\/div>\n\t\t\t\t<\/div>\n\t\t\t\t<\/div>\n\t\t","protected":false},"excerpt":{"rendered":"<p>Was w\u00e4re geschehen, wenn? (Anthony Van Dyck\/Cornelis Schut) \u21d0 Die Liebfrauenkathedrale am Groenplaats Wir kehren in die Gegenwart zur\u00fcck \u2013 [&hellip;]<\/p>\n","protected":false},"author":1,"featured_media":0,"parent":3380,"menu_order":414,"comment_status":"closed","ping_status":"closed","template":"","meta":{"site-sidebar-layout":"no-sidebar","site-content-layout":"","ast-site-content-layout":"full-width-container","site-content-style":"default","site-sidebar-style":"default","ast-global-header-display":"","ast-banner-title-visibility":"","ast-main-header-display":"","ast-hfb-above-header-display":"","ast-hfb-below-header-display":"","ast-hfb-mobile-header-display":"","site-post-title":"disabled","ast-breadcrumbs-content":"","ast-featured-img":"disabled","footer-sml-layout":"","ast-disable-related-posts":"","theme-transparent-header-meta":"","adv-header-id-meta":"","stick-header-meta":"","header-above-stick-meta":"","header-main-stick-meta":"","header-below-stick-meta":"","astra-migrate-meta-layouts":"default","ast-page-background-enabled":"default","ast-page-background-meta":{"desktop":{"background-color":"var(--ast-global-color-4)","background-image":"","background-repeat":"repeat","background-position":"center center","background-size":"auto","background-attachment":"scroll","background-type":"","background-media":"","overlay-type":"","overlay-color":"","overlay-opacity":"","overlay-gradient":""},"tablet":{"background-color":"","background-image":"","background-repeat":"repeat","background-position":"center center","background-size":"auto","background-attachment":"scroll","background-type":"","background-media":"","overlay-type":"","overlay-color":"","overlay-opacity":"","overlay-gradient":""},"mobile":{"background-color":"","background-image":"","background-repeat":"repeat","background-position":"center center","background-size":"auto","background-attachment":"scroll","background-type":"","background-media":"","overlay-type":"","overlay-color":"","overlay-opacity":"","overlay-gradient":""}},"ast-content-background-meta":{"desktop":{"background-color":"var(--ast-global-color-5)","background-image":"","background-repeat":"repeat","background-position":"center center","background-size":"auto","background-attachment":"scroll","background-type":"","background-media":"","overlay-type":"","overlay-color":"","overlay-opacity":"","overlay-gradient":""},"tablet":{"background-color":"var(--ast-global-color-5)","background-image":"","background-repeat":"repeat","background-position":"center center","background-size":"auto","background-attachment":"scroll","background-type":"","background-media":"","overlay-type":"","overlay-color":"","overlay-opacity":"","overlay-gradient":""},"mobile":{"background-color":"var(--ast-global-color-5)","background-image":"","background-repeat":"repeat","background-position":"center center","background-size":"auto","background-attachment":"scroll","background-type":"","background-media":"","overlay-type":"","overlay-color":"","overlay-opacity":"","overlay-gradient":""}},"footnotes":""},"class_list":["post-3388","page","type-page","status-publish","hentry"],"aioseo_notices":[],"_links":{"self":[{"href":"https:\/\/rubens-antwerpen.be\/de\/wp-json\/wp\/v2\/pages\/3388","targetHints":{"allow":["GET"]}}],"collection":[{"href":"https:\/\/rubens-antwerpen.be\/de\/wp-json\/wp\/v2\/pages"}],"about":[{"href":"https:\/\/rubens-antwerpen.be\/de\/wp-json\/wp\/v2\/types\/page"}],"author":[{"embeddable":true,"href":"https:\/\/rubens-antwerpen.be\/de\/wp-json\/wp\/v2\/users\/1"}],"replies":[{"embeddable":true,"href":"https:\/\/rubens-antwerpen.be\/de\/wp-json\/wp\/v2\/comments?post=3388"}],"version-history":[{"count":11,"href":"https:\/\/rubens-antwerpen.be\/de\/wp-json\/wp\/v2\/pages\/3388\/revisions"}],"predecessor-version":[{"id":6128,"href":"https:\/\/rubens-antwerpen.be\/de\/wp-json\/wp\/v2\/pages\/3388\/revisions\/6128"}],"up":[{"embeddable":true,"href":"https:\/\/rubens-antwerpen.be\/de\/wp-json\/wp\/v2\/pages\/3380"}],"wp:attachment":[{"href":"https:\/\/rubens-antwerpen.be\/de\/wp-json\/wp\/v2\/media?parent=3388"}],"curies":[{"name":"wp","href":"https:\/\/api.w.org\/{rel}","templated":true}]}}