{"id":3080,"date":"2024-04-12T12:07:45","date_gmt":"2024-04-12T10:07:45","guid":{"rendered":"https:\/\/rubens-antwerpen.be\/home\/north\/st-charles-borromeos-church\/"},"modified":"2025-08-19T14:32:34","modified_gmt":"2025-08-19T12:32:34","slug":"st-charles-borromeos-church","status":"publish","type":"page","link":"https:\/\/rubens-antwerpen.be\/en\/home\/north\/st-charles-borromeos-church\/","title":{"rendered":"St. Charles Borromeo&#8217;s Church"},"content":{"rendered":"\t\t<div data-elementor-type=\"wp-page\" data-elementor-id=\"3080\" class=\"elementor elementor-3080 elementor-184\">\n\t\t\t\t<div class=\"elementor-element elementor-element-7b12210 e-flex e-con-boxed e-con e-parent\" data-id=\"7b12210\" data-element_type=\"container\" data-e-type=\"container\">\n\t\t\t\t\t<div class=\"e-con-inner\">\n\t\t\t\t<div class=\"elementor-element elementor-element-8f14707 elementor-widget elementor-widget-heading\" data-id=\"8f14707\" data-element_type=\"widget\" data-e-type=\"widget\" data-widget_type=\"heading.default\">\n\t\t\t\t<div class=\"elementor-widget-container\">\n\t\t\t\t\t<h2 class=\"elementor-heading-title elementor-size-default\">Hendrik Conscienceplein: St. Charles Borromeo's Church<\/h2>\t\t\t\t<\/div>\n\t\t\t\t<\/div>\n\t\t\t\t\t<\/div>\n\t\t\t\t<\/div>\n\t\t<div class=\"elementor-element elementor-element-d4a25af e-flex e-con-boxed e-con e-parent\" data-id=\"d4a25af\" data-element_type=\"container\" data-e-type=\"container\">\n\t\t\t\t\t<div class=\"e-con-inner\">\n\t\t\t\t<div class=\"elementor-element elementor-element-af206e7 elementor-widget elementor-widget-text-editor\" data-id=\"af206e7\" data-element_type=\"widget\" data-e-type=\"widget\" data-widget_type=\"text-editor.default\">\n\t\t\t\t<div class=\"elementor-widget-container\">\n\t\t\t\t\t\t\t\t\t<p><a href=\"https:\/\/rubens-antwerpen.be\/wp-content\/uploads\/\/340P-Sint-Carolus-Borromeuskerk-225x300.jpg\"><img fetchpriority=\"high\" decoding=\"async\" class=\"alignleft wp-image-630 size-medium\" src=\"https:\/\/rubens-antwerpen.be\/wp-content\/uploads\/\/340P-Sint-Carolus-Borromeuskerk-225x300.jpg\" alt=\"\" width=\"225\" height=\"300\" srcset=\"https:\/\/rubens-antwerpen.be\/wp-content\/uploads\/340P-Sint-Carolus-Borromeuskerk-225x300.jpg 225w, https:\/\/rubens-antwerpen.be\/wp-content\/uploads\/340P-Sint-Carolus-Borromeuskerk.jpg 768w\" sizes=\"(max-width: 225px) 100vw, 225px\" \/><\/a><\/p>\n<p style=\"text-align: justify;\"><em>The reverend prior of the Society of Jesus in Antwerp, Jacobus TIrinus, requests the honourable Peter Paul Rubens and his fellow, the honourable Anthony van Dijck, both artist-painters and Masters of St. Luke&#8217;s Guild in Antwerp, that they should paint him thirty-six ceiling paintings and three altarpieces to serve as decoration of (St. Charles Borromeo) church within the city.<\/em><\/p>\n<p><\/p>\n<hr \/>\n<p><\/p>\n<p style=\"text-align: justify;\">We cherish our heritage more and more. But we usually disregard the fact that in our historical buildings such as our monumental churches, different styles of the past have been mixed together.<\/p>\n<p><\/p>\n<p style=\"text-align: justify;\">That is definitely not the case here: this temple, together with the surrounding square, is a harmonious work of Baroque elegancy. This can be explained: the church had a short construction time (1615-1621), and it was inspired by the Rome model of the <em>Ges\u00f9<\/em> church.<\/p>\n<p><\/p>\n<p style=\"text-align: justify;\">Our Baroque artists were consciously taking a step forward in art history; they developed further the vision of the Renaissance, by paying renewed attention to man and his anatomy, to his ideas (humanism) and to nature (perspective).<\/p>\n<p><\/p>\n<p style=\"text-align: justify;\">Already in the first sentence of his introduction to \u2018<em>Palazzi di Genova\u2019<\/em>, Rubens talked about mediaeval architecture in a condescending way:<\/p>\n<p><\/p>\n<p style=\"text-align: justify; padding-left: 40px;\"><em>Al benigno lettore : Vediamo che in queste parti, si v\u00e0 poco \u00e0 poco inuecchiando &amp; abolendo la maniera d&#8217;Architectura, che si chiama Barbara, \u00f2 Gothica, &#8230;<\/em><\/p>\n<p><\/p>\n<p style=\"text-align: justify; padding-left: 40px;\"><em>\u201cDear reader: We have seen that in these regions, the architectural style called Barbaric or Gothic is gradually changing and disappearing. Persons with good taste are introducing, to the great honour and beautification of the country, the style of construction which shows true symmetry and which conforms to the laws laid down by the Greeks and Romans. We see examples of this in the splendid churches which the venerable Society of Jesus has just erected in Brussels and Antwerp.&#8221;<\/em><\/p>\n<p><\/p>\n<p style=\"text-align: justify; padding-left: 40px;\">The fa\u00e7ade, the interior and especially the Lady Chapel still give us a sense of how the Jesuits as patrons and Rubens, amongst others, as a virtuoso performer, created an impressive whole. It is an interplay of art forms in which the sculptures and ornaments take a step forward out of the shadow of the niches. The tangible abundance of materials was meant to make us feel the spiritual riches of faith: a life beyond every day\u2019s isolated existence, but included in a joyful community.<\/p>\n<p><\/p>\n<p style=\"text-align: justify;\">The Jesuits also used the Word in their preaching, but they knew how to illustrate it with image. In this way they appealed to both reason and emotion. The spectator had to be drawn into the depicted scene and become a participant in the religious representation.<\/p>\n<p><\/p>\n<p style=\"text-align: justify;\">In this church, Rubens is present with a smaller work (the <em>&#8216;Return of the Holy Family&#8217;<\/em>) and a copy of one of his versions of the <em>&#8216;Assumption of Mary&#8217;<\/em>. Below this painting, Mary\u2019s life is depicted, in a small format, by Hendrick van Balen.<\/p>\n<p><\/p>\n<p style=\"text-align: justify;\">Anthony Van Dyck was also mentioned by name in the agreement with the Jesuits; but there are only few traces of him left here, because of the fire on July 18, 1718. This destroyed 39 ceiling paintings, made by Rubens and van Dyck in cooperation. Today, it is with mirrors and reproductions of the oil sketches that we should get a suggestion of what this ceiling decoration once looked like.<\/p>\n<p><\/p>\n<p style=\"text-align: justify;\">Opposite this church, in what is now the Heritage Library, meetings were held between lay associations and the Jesuits; in this way the religious order kept the intelligentsia &#8216;on their toes&#8217;. Anthony van Dyck painted two works for his own section there, called the <em>Youngsters-of-Age<\/em>\/<em>Bejaerde Jongmans<\/em>, the unmarried male adults. For both paintings he didn\u2019t charge full market price. But you have to go to foreign museums to see them today because, when the Jesuit order was dissolved, their possessions were sold and scattered. In this way they still serve as our art ambassadors.<\/p>\n\t\t\t\t\t\t\t\t<\/div>\n\t\t\t\t<\/div>\n\t\t\t\t\t<\/div>\n\t\t\t\t<\/div>\n\t\t<div class=\"elementor-element elementor-element-260887f e-flex e-con-boxed e-con e-parent\" data-id=\"260887f\" data-element_type=\"container\" data-e-type=\"container\">\n\t\t\t\t\t<div class=\"e-con-inner\">\n\t\t<div class=\"elementor-element elementor-element-113930e e-con-full e-flex e-con e-child\" data-id=\"113930e\" data-element_type=\"container\" data-e-type=\"container\">\n\t\t\t\t<div class=\"elementor-element elementor-element-e8b4e97 elementor-widget elementor-widget-image\" data-id=\"e8b4e97\" data-element_type=\"widget\" data-e-type=\"widget\" data-widget_type=\"image.default\">\n\t\t\t\t<div class=\"elementor-widget-container\">\n\t\t\t\t\t\t\t\t\t\t\t\t\t\t\t\t<a href=\"https:\/\/www.rubens-antwerpen.be\/wp-content\/uploads\/341P-SCB-AVD-Zelfportret.jpg%20\">\n\t\t\t\t\t\t\t<img decoding=\"async\" width=\"300\" height=\"300\" src=\"https:\/\/rubens-antwerpen.be\/wp-content\/uploads\/341Z-SCB-AVD-Zelfportret.jpg\" class=\"attachment-medium size-medium wp-image-2286\" alt=\"\" srcset=\"https:\/\/rubens-antwerpen.be\/wp-content\/uploads\/341Z-SCB-AVD-Zelfportret.jpg 300w, https:\/\/rubens-antwerpen.be\/wp-content\/uploads\/341Z-SCB-AVD-Zelfportret-150x150.jpg 150w\" sizes=\"(max-width: 300px) 100vw, 300px\" \/>\t\t\t\t\t\t\t\t<\/a>\n\t\t\t\t\t\t\t\t\t\t\t\t\t\t\t<\/div>\n\t\t\t\t<\/div>\n\t\t\t\t<div class=\"elementor-element elementor-element-29af074 elementor-widget elementor-widget-text-editor\" data-id=\"29af074\" data-element_type=\"widget\" data-e-type=\"widget\" data-widget_type=\"text-editor.default\">\n\t\t\t\t<div class=\"elementor-widget-container\">\n\t\t\t\t\t\t\t\t\t<p style=\"text-align: center;\"><a href=\"https:\/\/rubens-antwerpen.be\/en\/home\/north\/st-charles-borromeos-church\/antoon-van-dyck-self-portrait\/\">Anthony van Dyck:<br \/>\nSelf-portrait 1627<\/a><\/p>\n<audio class=\"wp-audio-shortcode\" id=\"audio-3080-1\" preload=\"none\" style=\"width: 100%;\" controls=\"controls\"><source type=\"audio\/mpeg\" src=\"http:\/\/rubens-antwerpen.be\/wp-content\/uploads\/341E-AVD-Zelfportret.mp3?_=1\" \/><a href=\"http:\/\/rubens-antwerpen.be\/wp-content\/uploads\/341E-AVD-Zelfportret.mp3\">http:\/\/rubens-antwerpen.be\/wp-content\/uploads\/341E-AVD-Zelfportret.mp3<\/a><\/audio>\n\t\t\t\t\t\t\t\t<\/div>\n\t\t\t\t<\/div>\n\t\t\t\t<\/div>\n\t\t<div class=\"elementor-element elementor-element-167b984 e-con-full e-flex e-con e-child\" data-id=\"167b984\" data-element_type=\"container\" data-e-type=\"container\">\n\t\t\t\t<\/div>\n\t\t<div class=\"elementor-element elementor-element-44d0f68 e-con-full e-flex e-con e-child\" data-id=\"44d0f68\" data-element_type=\"container\" data-e-type=\"container\">\n\t\t\t\t<\/div>\n\t\t<div class=\"elementor-element elementor-element-7865d05 e-con-full e-flex e-con e-child\" data-id=\"7865d05\" data-element_type=\"container\" data-e-type=\"container\">\n\t\t\t\t<\/div>\n\t\t\t\t\t<\/div>\n\t\t\t\t<\/div>\n\t\t\t\t<\/div>\n\t\t","protected":false},"excerpt":{"rendered":"<p>Hendrik Conscienceplein: St. Charles Borromeo&#8217;s Church The reverend prior of the Society of Jesus in Antwerp, Jacobus TIrinus, requests the [&hellip;]<\/p>\n","protected":false},"author":1,"featured_media":0,"parent":3052,"menu_order":340,"comment_status":"closed","ping_status":"closed","template":"","meta":{"site-sidebar-layout":"no-sidebar","site-content-layout":"","ast-site-content-layout":"full-width-container","site-content-style":"default","site-sidebar-style":"default","ast-global-header-display":"","ast-banner-title-visibility":"","ast-main-header-display":"","ast-hfb-above-header-display":"","ast-hfb-below-header-display":"","ast-hfb-mobile-header-display":"","site-post-title":"","ast-breadcrumbs-content":"","ast-featured-img":"disabled","footer-sml-layout":"","ast-disable-related-posts":"","theme-transparent-header-meta":"","adv-header-id-meta":"","stick-header-meta":"","header-above-stick-meta":"","header-main-stick-meta":"","header-below-stick-meta":"","astra-migrate-meta-layouts":"default","ast-page-background-enabled":"default","ast-page-background-meta":{"desktop":{"background-color":"var(--ast-global-color-4)","background-image":"","background-repeat":"repeat","background-position":"center center","background-size":"auto","background-attachment":"scroll","background-type":"","background-media":"","overlay-type":"","overlay-color":"","overlay-opacity":"","overlay-gradient":""},"tablet":{"background-color":"","background-image":"","background-repeat":"repeat","background-position":"center center","background-size":"auto","background-attachment":"scroll","background-type":"","background-media":"","overlay-type":"","overlay-color":"","overlay-opacity":"","overlay-gradient":""},"mobile":{"background-color":"","background-image":"","background-repeat":"repeat","background-position":"center center","background-size":"auto","background-attachment":"scroll","background-type":"","background-media":"","overlay-type":"","overlay-color":"","overlay-opacity":"","overlay-gradient":""}},"ast-content-background-meta":{"desktop":{"background-color":"var(--ast-global-color-5)","background-image":"","background-repeat":"repeat","background-position":"center center","background-size":"auto","background-attachment":"scroll","background-type":"","background-media":"","overlay-type":"","overlay-color":"","overlay-opacity":"","overlay-gradient":""},"tablet":{"background-color":"var(--ast-global-color-5)","background-image":"","background-repeat":"repeat","background-position":"center center","background-size":"auto","background-attachment":"scroll","background-type":"","background-media":"","overlay-type":"","overlay-color":"","overlay-opacity":"","overlay-gradient":""},"mobile":{"background-color":"var(--ast-global-color-5)","background-image":"","background-repeat":"repeat","background-position":"center center","background-size":"auto","background-attachment":"scroll","background-type":"","background-media":"","overlay-type":"","overlay-color":"","overlay-opacity":"","overlay-gradient":""}},"footnotes":""},"class_list":["post-3080","page","type-page","status-publish","hentry"],"aioseo_notices":[],"_links":{"self":[{"href":"https:\/\/rubens-antwerpen.be\/en\/wp-json\/wp\/v2\/pages\/3080","targetHints":{"allow":["GET"]}}],"collection":[{"href":"https:\/\/rubens-antwerpen.be\/en\/wp-json\/wp\/v2\/pages"}],"about":[{"href":"https:\/\/rubens-antwerpen.be\/en\/wp-json\/wp\/v2\/types\/page"}],"author":[{"embeddable":true,"href":"https:\/\/rubens-antwerpen.be\/en\/wp-json\/wp\/v2\/users\/1"}],"replies":[{"embeddable":true,"href":"https:\/\/rubens-antwerpen.be\/en\/wp-json\/wp\/v2\/comments?post=3080"}],"version-history":[{"count":13,"href":"https:\/\/rubens-antwerpen.be\/en\/wp-json\/wp\/v2\/pages\/3080\/revisions"}],"predecessor-version":[{"id":6172,"href":"https:\/\/rubens-antwerpen.be\/en\/wp-json\/wp\/v2\/pages\/3080\/revisions\/6172"}],"up":[{"embeddable":true,"href":"https:\/\/rubens-antwerpen.be\/en\/wp-json\/wp\/v2\/pages\/3052"}],"wp:attachment":[{"href":"https:\/\/rubens-antwerpen.be\/en\/wp-json\/wp\/v2\/media?parent=3080"}],"curies":[{"name":"wp","href":"https:\/\/api.w.org\/{rel}","templated":true}]}}