{"id":3120,"date":"2024-06-19T15:34:37","date_gmt":"2024-06-19T13:34:37","guid":{"rendered":"https:\/\/rubens-antwerpen.be\/home\/sud\/reynderstraat\/"},"modified":"2025-08-19T15:29:57","modified_gmt":"2025-08-19T13:29:57","slug":"reynderstraat","status":"publish","type":"page","link":"https:\/\/rubens-antwerpen.be\/fr\/home\/sud\/reynderstraat\/","title":{"rendered":"Reyndersstraat"},"content":{"rendered":"\t\t<div data-elementor-type=\"wp-page\" data-elementor-id=\"3120\" class=\"elementor elementor-3120 elementor-831\">\n\t\t\t\t<div class=\"elementor-element elementor-element-ad42995 e-flex e-con-boxed e-con e-parent\" data-id=\"ad42995\" data-element_type=\"container\" data-e-type=\"container\">\n\t\t\t\t\t<div class=\"e-con-inner\">\n\t\t\t\t<div class=\"elementor-element elementor-element-dbf73d7 elementor-widget elementor-widget-heading\" data-id=\"dbf73d7\" data-element_type=\"widget\" data-e-type=\"widget\" data-widget_type=\"heading.default\">\n\t\t\t\t<div class=\"elementor-widget-container\">\n\t\t\t\t\t<h2 class=\"elementor-heading-title elementor-size-default\">Reyndersstraat (rue Reynders) 6 \/ Hoogstraat (rue Haute) : Maison de Jacques Jordaens<\/h2>\t\t\t\t<\/div>\n\t\t\t\t<\/div>\n\t\t\t\t\t<\/div>\n\t\t\t\t<\/div>\n\t\t<div class=\"elementor-element elementor-element-f4b563c e-flex e-con-boxed e-con e-parent\" data-id=\"f4b563c\" data-element_type=\"container\" data-e-type=\"container\">\n\t\t\t\t\t<div class=\"e-con-inner\">\n\t\t\t\t<div class=\"elementor-element elementor-element-3e9e9a0 elementor-widget elementor-widget-text-editor\" data-id=\"3e9e9a0\" data-element_type=\"widget\" data-e-type=\"widget\" data-widget_type=\"text-editor.default\">\n\t\t\t\t<div class=\"elementor-widget-container\">\n\t\t\t\t\t\t\t\t\t<p style=\"text-align: justify;\"><span style=\"color: #008000;\"><strong>Itin\u00e9raire Sud: Reyndersstraat\/rue Reynders 6. Accessible du jeudi au dimanche, de 13:00 \u00e0 21:00 heures; <\/strong><\/span><br \/>\n<span style=\"color: #008000;\"><strong>\u00e0 d&rsquo;autres moments, se mettre en rapport avec la galerie d&rsquo;art [<\/strong><\/span><a href=\"mailto:info@goodwoodartgallery.com\">info@goodwoodartgallery.com<\/a>]<\/p>\n<p><\/p>\n<p style=\"text-align: justify;\"><img fetchpriority=\"high\" decoding=\"async\" class=\"wp-image-513 size-medium alignleft\" src=\"http:\/\/rubens-antwerpen.be\/wp-content\/uploads\/120P-Reyndersstraat-300x225.jpg\" alt=\"\" width=\"300\" height=\"225\" srcset=\"https:\/\/rubens-antwerpen.be\/wp-content\/uploads\/120P-Reyndersstraat-300x225.jpg 300w, https:\/\/rubens-antwerpen.be\/wp-content\/uploads\/120P-Reyndersstraat-768x576.jpg 768w, https:\/\/rubens-antwerpen.be\/wp-content\/uploads\/120P-Reyndersstraat.jpg 1024w\" sizes=\"(max-width: 300px) 100vw, 300px\" \/><\/p>\n<p><\/p>\n<p style=\"text-align: justify;\"><em>Comme si cela se passait aujourd\u2019hui : pour les imp\u00f4ts de 1659, le complexe d&rsquo;habitation de Jordaens \u00e9tait \u00e9valu\u00e9 \u00e0 13 foyers, disons 13 maisons ouvri\u00e8res, pour une valeur locative annuelle de 450 florins, disons revenu cadastral, aujourd&rsquo;hui approximativement estim\u00e9e \u00e0 36 000 \u20ac.<\/em><\/p>\n<p><\/p>\n<hr \/>\n<p><\/p>\n<p style=\"text-align: justify;\">S&rsquo;ils pouvaient accomplir (et \u00eatre pay\u00e9s pour) de grands projets pour des clients importants, les plus grands ma\u00eetres accumulaient une fortune consid\u00e9rable; en voici la preuve.<\/p>\n<p><\/p>\n<p style=\"text-align: justify;\">Au coin de la rue, \u00e0 droite, au num\u00e9ro 13 de la Hoogstraat\/rue Haute, avec sa plaque comm\u00e9morative, se trouve la maison natale dite \u2018Le Paradis\u2019 de Jordaens, n\u00e9 le 19 mai 1593. Il y v\u00e9cut au moins jusqu&rsquo;en 1634. Apr\u00e8s son mariage avec Catherine \u00e0 l&rsquo;\u00e2ge de 25 ans, le 15 mai 1616, il y accueillit \u00e9galement son beau-p\u00e8re et ma\u00eetre, Adam Van Noort.<\/p>\n<p><\/p>\n<p style=\"text-align: justify;\">Peu apr\u00e8s ce mariage, Jordaens poss\u00e9dait d\u00e9j\u00e0 des d\u00e9pendances \u00e0 la rue Haute et \u00e0 la rue Reynders. Quelque vingt ann\u00e9es plus tard, en 1639, l&rsquo;artiste acheta l&rsquo;actuelle maison n\u00b0 43, regroupa les b\u00e2tisses et, inspir\u00e9 par Rubens, les transforma enti\u00e8rement en un v\u00e9ritable palais de ville de style baroque.<\/p>\n<p><\/p>\n<p style=\"text-align: justify;\">Vu par ce couloir d\u2019entr\u00e9e, l\u2019ensemble devant vos yeux est presque authentique: dans le coin gauche, en brique, une partie de l\u2019annexe la plus ancienne (de 1618). A c\u00f4t\u00e9, juste en face de vous se trouve la premi\u00e8re aile r\u00e9sidentielle de Jordaens (orient\u00e9e vers le nord, id\u00e9al pour un \u00e9clairage neutre).<\/p>\n<p><\/p>\n<p style=\"text-align: justify;\">Mais ce sont surtout les nouveaux b\u00e2timents baroques qui attirent notre attention: d\u00e9j\u00e0 \u00e0 premi\u00e8re vue, les deux fa\u00e7ades de part et d\u2019autre de la cour sont des images-miroir l&rsquo;une de l&rsquo;autre. Sur votre droite, se trouve la fa\u00e7ade arri\u00e8re du b\u00e2timent de la rue Haute. La simplicit\u00e9 des fen\u00eatres fait ressortir encore davantage la d\u00e9coration du portail, du balcon et du fronton.<\/p>\n<p><\/p>\n<p style=\"text-align: justify;\">A l\u2019int\u00e9rieur, les plafonds \u00e9taient orn\u00e9s de peintures mythologiques de la main du ma\u00eetre. Aujourd\u2019hui, cette s\u00e9rie de douze, repr\u00e9sentant le Zodiaque, se trouve \u00e0 la biblioth\u00e8que du S\u00e9nat \u00e0 Paris. Une collection priv\u00e9e bien connue \u00e0 Anvers, la Fondation Phoebus, poss\u00e8de la s\u00e9rie Amor et Psych\u00e9.<\/p>\n<p><\/p>\n<p style=\"text-align: justify;\">\u00c0 votre gauche: cette fa\u00e7ade baroque de 1640, r\u00e9alis\u00e9e en trompe-l&rsquo;\u0153il, refl\u00e8te plus ou moins la fa\u00e7ade ouest et se trouve plus ensoleill\u00e9e. Une pierre comm\u00e9morative derri\u00e8re, nous esquisse bri\u00e8vement l&rsquo;histoire ult\u00e9rieure de ce b\u00e2timent, mais acceptez pour le moment l\u2019authenticit\u00e9 de l\u2019ensemble visible.<\/p>\n<p><\/p>\n<p style=\"text-align: justify;\">L&rsquo;histoire compl\u00e8te de ses habitations \u00e9merge de l&rsquo;ombre du pass\u00e9 presque comme un compte rendu contemporain autour de droits, de servitudes, de murs mitoyens. En fait, un permis de construire signifiait que l&rsquo;on s&rsquo;entendait bien avec ses voisins.<\/p>\n<p><\/p>\n<p style=\"text-align: justify;\">La fortune immobili\u00e8re de la famille provenait \u00e9galement de l&rsquo;h\u00e9ritage de son beau-p\u00e8re: huit maisons furent partag\u00e9es entre les filles d&rsquo;Adam van Noort apr\u00e8s son d\u00e9c\u00e8s.<\/p>\n<p><\/p>\n<p style=\"text-align: justify;\">Et de par son m\u00e9tier, Jordaens pouvait certainement se permettre un train de vie \u00e9lev\u00e9. Apr\u00e8s la mort de Rubens (1640), il \u00e9tait devenu le peintre <em>le plus important\u2019<\/em> de la ville, selon une source anglaise.<\/p>\n<p><\/p>\n<p style=\"text-align: justify;\">Son succ\u00e8s se manifestait \u00e9galement \u00e0 l&rsquo;\u00e9tranger: d&rsquo;abord chez les riches marchands d&rsquo;Amsterdam, ensuite pour la d\u00e9coration de leur h\u00f4tel de ville sur la place du Dam, o\u00f9 ses \u0153uvres sont encore visibles. Pour un ensemble de trois tableaux il encaisse 3000 florins entre 1661 et 1666. Nous ignorons la somme re\u00e7ue pour le \u2018<em>Triomphe de Frederik Hendrik\u2019<\/em>, le d\u00e9funt stathouder d&rsquo;Orange-Nassau, une \u0153uvre disproportionn\u00e9e, jusqu&rsquo;aujourd&rsquo;hui \u00e0 la r\u00e9sidence royale Huis Ten Bosch. Jordaens lui-m\u00eame s&rsquo;\u00e9tait plaint que ses dimensions de 7,30 m sur 7,50 m l&#8217;emp\u00eachaient de la contempler dans son int\u00e9gralit\u00e9, son atelier \u00e9tant trop exigu!<\/p>\n<p><\/p>\n<p style=\"text-align: justify;\">Ainsi, au fil des ann\u00e9es, la famille Jordaens comptait parmi les 400 citoyens les plus riches de la ville !<\/p>\n<p><\/p>\n<p style=\"text-align: justify;\">\u00c0 quoi ressemblait-il ? Allons lui dire bonjour devant sa statue!<\/p>\n<p><\/p>\n<p style=\"text-align: justify;\"><span style=\"color: #008000;\"><strong>Itin\u00e9raire Sud : continuer dans la Reyndersstraat\/rue Reynders, tourner \u00e0 gauche dans la Hoogstraat\/rue Haute, passer devant la maison num\u00e9ro 43, poursuivre vers <a href=\"https:\/\/rubens-antwerpen.be\/fr\/home\/sud\/oever-rivage\/\">Oever\/Rivage<\/a> (petit square).<\/strong><\/span><\/p>\n\t\t\t\t\t\t\t\t<\/div>\n\t\t\t\t<\/div>\n\t\t\t\t\t<\/div>\n\t\t\t\t<\/div>\n\t\t\t\t<\/div>\n\t\t","protected":false},"excerpt":{"rendered":"<p>Reyndersstraat (rue Reynders) 6 \/ Hoogstraat (rue Haute) : Maison de Jacques Jordaens Itin\u00e9raire Sud: Reyndersstraat\/rue Reynders 6. Accessible du [&hellip;]<\/p>\n","protected":false},"author":1,"featured_media":0,"parent":3116,"menu_order":120,"comment_status":"closed","ping_status":"closed","template":"","meta":{"site-sidebar-layout":"no-sidebar","site-content-layout":"","ast-site-content-layout":"full-width-container","site-content-style":"default","site-sidebar-style":"default","ast-global-header-display":"","ast-banner-title-visibility":"","ast-main-header-display":"","ast-hfb-above-header-display":"","ast-hfb-below-header-display":"","ast-hfb-mobile-header-display":"","site-post-title":"","ast-breadcrumbs-content":"","ast-featured-img":"disabled","footer-sml-layout":"","ast-disable-related-posts":"","theme-transparent-header-meta":"","adv-header-id-meta":"","stick-header-meta":"","header-above-stick-meta":"","header-main-stick-meta":"","header-below-stick-meta":"","astra-migrate-meta-layouts":"default","ast-page-background-enabled":"default","ast-page-background-meta":{"desktop":{"background-color":"var(--ast-global-color-4)","background-image":"","background-repeat":"repeat","background-position":"center center","background-size":"auto","background-attachment":"scroll","background-type":"","background-media":"","overlay-type":"","overlay-color":"","overlay-opacity":"","overlay-gradient":""},"tablet":{"background-color":"","background-image":"","background-repeat":"repeat","background-position":"center center","background-size":"auto","background-attachment":"scroll","background-type":"","background-media":"","overlay-type":"","overlay-color":"","overlay-opacity":"","overlay-gradient":""},"mobile":{"background-color":"","background-image":"","background-repeat":"repeat","background-position":"center center","background-size":"auto","background-attachment":"scroll","background-type":"","background-media":"","overlay-type":"","overlay-color":"","overlay-opacity":"","overlay-gradient":""}},"ast-content-background-meta":{"desktop":{"background-color":"var(--ast-global-color-5)","background-image":"","background-repeat":"repeat","background-position":"center center","background-size":"auto","background-attachment":"scroll","background-type":"","background-media":"","overlay-type":"","overlay-color":"","overlay-opacity":"","overlay-gradient":""},"tablet":{"background-color":"var(--ast-global-color-5)","background-image":"","background-repeat":"repeat","background-position":"center center","background-size":"auto","background-attachment":"scroll","background-type":"","background-media":"","overlay-type":"","overlay-color":"","overlay-opacity":"","overlay-gradient":""},"mobile":{"background-color":"var(--ast-global-color-5)","background-image":"","background-repeat":"repeat","background-position":"center center","background-size":"auto","background-attachment":"scroll","background-type":"","background-media":"","overlay-type":"","overlay-color":"","overlay-opacity":"","overlay-gradient":""}},"footnotes":""},"class_list":["post-3120","page","type-page","status-publish","hentry"],"aioseo_notices":[],"_links":{"self":[{"href":"https:\/\/rubens-antwerpen.be\/fr\/wp-json\/wp\/v2\/pages\/3120","targetHints":{"allow":["GET"]}}],"collection":[{"href":"https:\/\/rubens-antwerpen.be\/fr\/wp-json\/wp\/v2\/pages"}],"about":[{"href":"https:\/\/rubens-antwerpen.be\/fr\/wp-json\/wp\/v2\/types\/page"}],"author":[{"embeddable":true,"href":"https:\/\/rubens-antwerpen.be\/fr\/wp-json\/wp\/v2\/users\/1"}],"replies":[{"embeddable":true,"href":"https:\/\/rubens-antwerpen.be\/fr\/wp-json\/wp\/v2\/comments?post=3120"}],"version-history":[{"count":15,"href":"https:\/\/rubens-antwerpen.be\/fr\/wp-json\/wp\/v2\/pages\/3120\/revisions"}],"predecessor-version":[{"id":6197,"href":"https:\/\/rubens-antwerpen.be\/fr\/wp-json\/wp\/v2\/pages\/3120\/revisions\/6197"}],"up":[{"embeddable":true,"href":"https:\/\/rubens-antwerpen.be\/fr\/wp-json\/wp\/v2\/pages\/3116"}],"wp:attachment":[{"href":"https:\/\/rubens-antwerpen.be\/fr\/wp-json\/wp\/v2\/media?parent=3120"}],"curies":[{"name":"wp","href":"https:\/\/api.w.org\/{rel}","templated":true}]}}