{"id":3124,"date":"2024-05-14T13:59:45","date_gmt":"2024-05-14T11:59:45","guid":{"rendered":"https:\/\/rubens-antwerpen.be\/home\/sud\/kloosterstraat-rue-du-couvent\/"},"modified":"2025-06-19T15:06:21","modified_gmt":"2025-06-19T13:06:21","slug":"kloosterstraat-rue-du-couvent","status":"publish","type":"page","link":"https:\/\/rubens-antwerpen.be\/fr\/home\/sud\/kloosterstraat-rue-du-couvent\/","title":{"rendered":"Kloosterstraat (rue du Couvent)"},"content":{"rendered":"\t\t<div data-elementor-type=\"wp-page\" data-elementor-id=\"3124\" class=\"elementor elementor-3124 elementor-407\">\n\t\t\t\t<div class=\"elementor-element elementor-element-ad42995 e-flex e-con-boxed e-con e-parent\" data-id=\"ad42995\" data-element_type=\"container\" data-e-type=\"container\">\n\t\t\t\t\t<div class=\"e-con-inner\">\n\t\t\t\t<div class=\"elementor-element elementor-element-dbf73d7 elementor-widget elementor-widget-heading\" data-id=\"dbf73d7\" data-element_type=\"widget\" data-e-type=\"widget\" data-widget_type=\"heading.default\">\n\t\t\t\t<div class=\"elementor-widget-container\">\n\t\t\t\t\t<h2 class=\"elementor-heading-title elementor-size-default\">Kloosterstraat (rue du Couvent) : L'abbaye Saint-Michel disparue<\/h2>\t\t\t\t<\/div>\n\t\t\t\t<\/div>\n\t\t\t\t\t<\/div>\n\t\t\t\t<\/div>\n\t\t<div class=\"elementor-element elementor-element-fdf7896 e-flex e-con-boxed e-con e-parent\" data-id=\"fdf7896\" data-element_type=\"container\" data-e-type=\"container\">\n\t\t\t\t\t<div class=\"e-con-inner\">\n\t\t\t\t<div class=\"elementor-element elementor-element-4b909fc elementor-widget elementor-widget-text-editor\" data-id=\"4b909fc\" data-element_type=\"widget\" data-e-type=\"widget\" data-widget_type=\"text-editor.default\">\n\t\t\t\t<div class=\"elementor-widget-container\">\n\t\t\t\t\t\t\t\t\t<p style=\"text-align: justify;\"><img fetchpriority=\"high\" decoding=\"async\" class=\"wp-image-519 size-medium alignleft\" src=\"https:\/\/rubens-antwerpen.be\/wp-content\/uploads\/\/140P-Kloosterstraat-300x229.jpg\" alt=\"\" width=\"300\" height=\"229\" srcset=\"https:\/\/rubens-antwerpen.be\/wp-content\/uploads\/140P-Kloosterstraat-300x229.jpg 300w, https:\/\/rubens-antwerpen.be\/wp-content\/uploads\/140P-Kloosterstraat-768x587.jpg 768w, https:\/\/rubens-antwerpen.be\/wp-content\/uploads\/140P-Kloosterstraat.jpg 1024w\" sizes=\"(max-width: 300px) 100vw, 300px\" \/><\/p>\n<p><\/p>\n<p style=\"text-align: justify;\"><em>Dans maintes rues anversoises, vous trouverez les traces, souvent r\u00e9duites, de monast\u00e8res et de communaut\u00e9s religieuses ; dans cette rue du Couvent, seul le nom rappelle l&rsquo;adresse la plus prestigieuse de la ville, qui \u00e9clipsait toutes les autres.<\/em><\/p>\n<p><\/p>\n<hr \/>\n<p><\/p>\n<p style=\"text-align: justify;\">Lorsque vous examinez les plans historiques de la ville d&rsquo;Anvers, tels que \u00ab\u00a0<em>Scribani\u00a0\u00bb<\/em> de 1610, vous serez \u00e9tonn\u00e9 par l&rsquo;omnipr\u00e9sence des monast\u00e8res et des communaut\u00e9s religieuses. Cette situation est li\u00e9e \u00e0 la Contre-R\u00e9forme catholique \u00e0 partir de 1585. Au 17<sup>e<\/sup> si\u00e8cle, nos archiducs bien-aim\u00e9s Albert et Isabelle en particulier, ont soutenu les ordres existants ou invit\u00e9 de nouveaux religieux et religieuses.<\/p>\n<p><\/p>\n<p style=\"text-align: justify;\">Qu&rsquo;est-ce que nos ma\u00eetres reconna\u00eetraient encore dans le paysage urbain d&rsquo;aujourd&rsquo;hui: presque rien, m\u00eame si le plan des rues de l&rsquo;ancien centre-ville est rest\u00e9 inchang\u00e9 depuis environ 1600. La plupart des monast\u00e8res ont disparu depuis le si\u00e8cle des Lumi\u00e8res, par d\u00e9cret de l&#8217;empereur autrichien Joseph II sinon par les r\u00e9volutionnaires fran\u00e7ais.<\/p>\n<p><\/p>\n<p style=\"text-align: justify;\">N\u00e9anmoins, au cours de notre promenade, nous attirerons votre attention sur quelques fa\u00e7ades ou maisons que vous auriez pu voir vers 1640.<\/p>\n<p><\/p>\n<p style=\"text-align: justify;\">Dans la rue que voici, aux num\u00e9ros 31 \u00e0 37, Rubens aurait certainement eu les larmes aux yeux.<\/p>\n<p><\/p>\n<p style=\"text-align: justify; padding-left: 40px;\"><em>Mais o\u00f9 se trouve l&rsquo;abbaye Saint-Michel, avec la tombe de ma m\u00e8re bien-aim\u00e9e, Maria Pijpelinckx ? Et celle de mon fr\u00e8re Philippe ?<br \/>\n<\/em><em>O\u00f9 donc ai-je eu mon premier atelier (\u00e0 la hauteur du num\u00e9ro 35) ?<br \/>\n<\/em><em>Et o\u00f9 habitait ma voisine et premi\u00e8re \u00e9pouse, Isabelle, fille du secr\u00e9taire de la ville, Jan Brant ?<\/em><\/p>\n<p><\/p>\n<p style=\"text-align: justify;\">Rubens serait bien surpris d\u2019apprendre qu&rsquo;il y a maintenant un mus\u00e9e sur les lieux de la citadelle du sud (avec la salle \u00e0 son nom). Il connaissait l\u2019id\u00e9e d\u2019une <em>Kunstkammer <\/em>ou salon d&rsquo;art priv\u00e9 car son m\u00e9c\u00e8ne Cornelis van de Geest en poss\u00e9dait une (id\u00e9alis\u00e9e, peinte par Willem Van Haecht et dans la collection de la Maison de Rubens); lui-m\u00eame \u00e9tait tr\u00e8s pr\u00e9sent dans les galeries d\u2019art des monarques.<\/p>\n<p><\/p>\n<p style=\"text-align: justify;\">Et dans cette rue m\u00eame, il pourrait probablement visiter quelques galeries d&rsquo;art contemporain et partir \u00e0 la recherche chez les libraires de l\u2019un ou l\u2019autre livre r\u00e9alis\u00e9 par son copain de classe, partenaire d&rsquo;affaires et bon ami Balthazar Moretus.<\/p>\n\t\t\t\t\t\t\t\t<\/div>\n\t\t\t\t<\/div>\n\t\t\t\t\t<\/div>\n\t\t\t\t<\/div>\n\t\t<div class=\"elementor-element elementor-element-6c86107 e-flex e-con-boxed e-con e-parent\" data-id=\"6c86107\" data-element_type=\"container\" data-e-type=\"container\">\n\t\t\t\t\t<div class=\"e-con-inner\">\n\t\t<div class=\"elementor-element elementor-element-97e9806 e-con-full e-flex e-con e-child\" data-id=\"97e9806\" data-element_type=\"container\" data-e-type=\"container\">\n\t\t\t\t<div class=\"elementor-element elementor-element-d8e63dc elementor-widget elementor-widget-image\" data-id=\"d8e63dc\" data-element_type=\"widget\" data-e-type=\"widget\" data-widget_type=\"image.default\">\n\t\t\t\t<div class=\"elementor-widget-container\">\n\t\t\t\t\t\t\t\t\t\t\t\t\t\t\t<img decoding=\"async\" width=\"300\" height=\"300\" src=\"https:\/\/rubens-antwerpen.be\/wp-content\/uploads\/141Q-MICH-PPR-Oude-vrouw.jpg\" class=\"attachment-large size-large wp-image-1954\" alt=\"\" srcset=\"https:\/\/rubens-antwerpen.be\/wp-content\/uploads\/141Q-MICH-PPR-Oude-vrouw.jpg 300w, https:\/\/rubens-antwerpen.be\/wp-content\/uploads\/141Q-MICH-PPR-Oude-vrouw-150x150.jpg 150w\" sizes=\"(max-width: 300px) 100vw, 300px\" \/>\t\t\t\t\t\t\t\t\t\t\t\t\t\t\t<\/div>\n\t\t\t\t<\/div>\n\t\t\t\t<div class=\"elementor-element elementor-element-5385ae0 elementor-widget elementor-widget-text-editor\" data-id=\"5385ae0\" data-element_type=\"widget\" data-e-type=\"widget\" data-widget_type=\"text-editor.default\">\n\t\t\t\t<div class=\"elementor-widget-container\">\n\t\t\t\t\t\t\t\t\t<p style=\"text-align: center;\"><a href=\"https:\/\/rubens-antwerpen.be\/fr\/home\/sud\/kloosterstraat-rue-du-couvent\/rubens-portrait-dune-vieille-femme\/\">Pierre Paul Rubens:<br \/>\nPortrait d&rsquo;une vieille femme <\/a><\/p>\n<audio class=\"wp-audio-shortcode\" id=\"audio-3124-1\" preload=\"none\" style=\"width: 100%;\" controls=\"controls\"><source type=\"audio\/mpeg\" src=\"http:\/\/rubens-antwerpen.be\/wp-content\/uploads\/141F-PPR-OudeVrouw.mp3?_=1\" \/><a href=\"http:\/\/rubens-antwerpen.be\/wp-content\/uploads\/141F-PPR-OudeVrouw.mp3\">http:\/\/rubens-antwerpen.be\/wp-content\/uploads\/141F-PPR-OudeVrouw.mp3<\/a><\/audio>\n\t\t\t\t\t\t\t\t<\/div>\n\t\t\t\t<\/div>\n\t\t\t\t<\/div>\n\t\t<div class=\"elementor-element elementor-element-f7d2301 e-con-full e-flex e-con e-child\" data-id=\"f7d2301\" data-element_type=\"container\" data-e-type=\"container\">\n\t\t\t\t<\/div>\n\t\t<div class=\"elementor-element elementor-element-1f1cc0f e-con-full e-flex e-con e-child\" data-id=\"1f1cc0f\" data-element_type=\"container\" data-e-type=\"container\">\n\t\t\t\t<\/div>\n\t\t<div class=\"elementor-element elementor-element-cd60e04 e-con-full e-flex e-con e-child\" data-id=\"cd60e04\" data-element_type=\"container\" data-e-type=\"container\">\n\t\t\t\t<\/div>\n\t\t\t\t\t<\/div>\n\t\t\t\t<\/div>\n\t\t\t\t<\/div>\n\t\t","protected":false},"excerpt":{"rendered":"<p>Kloosterstraat (rue du Couvent) : L&rsquo;abbaye Saint-Michel disparue Dans maintes rues anversoises, vous trouverez les traces, souvent r\u00e9duites, de monast\u00e8res [&hellip;]<\/p>\n","protected":false},"author":1,"featured_media":0,"parent":3116,"menu_order":140,"comment_status":"closed","ping_status":"closed","template":"","meta":{"site-sidebar-layout":"no-sidebar","site-content-layout":"","ast-site-content-layout":"full-width-container","site-content-style":"default","site-sidebar-style":"default","ast-global-header-display":"","ast-banner-title-visibility":"","ast-main-header-display":"","ast-hfb-above-header-display":"","ast-hfb-below-header-display":"","ast-hfb-mobile-header-display":"","site-post-title":"disabled","ast-breadcrumbs-content":"","ast-featured-img":"disabled","footer-sml-layout":"","ast-disable-related-posts":"","theme-transparent-header-meta":"","adv-header-id-meta":"","stick-header-meta":"","header-above-stick-meta":"","header-main-stick-meta":"","header-below-stick-meta":"","astra-migrate-meta-layouts":"default","ast-page-background-enabled":"default","ast-page-background-meta":{"desktop":{"background-color":"var(--ast-global-color-4)","background-image":"","background-repeat":"repeat","background-position":"center center","background-size":"auto","background-attachment":"scroll","background-type":"","background-media":"","overlay-type":"","overlay-color":"","overlay-opacity":"","overlay-gradient":""},"tablet":{"background-color":"","background-image":"","background-repeat":"repeat","background-position":"center center","background-size":"auto","background-attachment":"scroll","background-type":"","background-media":"","overlay-type":"","overlay-color":"","overlay-opacity":"","overlay-gradient":""},"mobile":{"background-color":"","background-image":"","background-repeat":"repeat","background-position":"center center","background-size":"auto","background-attachment":"scroll","background-type":"","background-media":"","overlay-type":"","overlay-color":"","overlay-opacity":"","overlay-gradient":""}},"ast-content-background-meta":{"desktop":{"background-color":"var(--ast-global-color-5)","background-image":"","background-repeat":"repeat","background-position":"center center","background-size":"auto","background-attachment":"scroll","background-type":"","background-media":"","overlay-type":"","overlay-color":"","overlay-opacity":"","overlay-gradient":""},"tablet":{"background-color":"var(--ast-global-color-5)","background-image":"","background-repeat":"repeat","background-position":"center center","background-size":"auto","background-attachment":"scroll","background-type":"","background-media":"","overlay-type":"","overlay-color":"","overlay-opacity":"","overlay-gradient":""},"mobile":{"background-color":"var(--ast-global-color-5)","background-image":"","background-repeat":"repeat","background-position":"center center","background-size":"auto","background-attachment":"scroll","background-type":"","background-media":"","overlay-type":"","overlay-color":"","overlay-opacity":"","overlay-gradient":""}},"footnotes":""},"class_list":["post-3124","page","type-page","status-publish","hentry"],"aioseo_notices":[],"_links":{"self":[{"href":"https:\/\/rubens-antwerpen.be\/fr\/wp-json\/wp\/v2\/pages\/3124","targetHints":{"allow":["GET"]}}],"collection":[{"href":"https:\/\/rubens-antwerpen.be\/fr\/wp-json\/wp\/v2\/pages"}],"about":[{"href":"https:\/\/rubens-antwerpen.be\/fr\/wp-json\/wp\/v2\/types\/page"}],"author":[{"embeddable":true,"href":"https:\/\/rubens-antwerpen.be\/fr\/wp-json\/wp\/v2\/users\/1"}],"replies":[{"embeddable":true,"href":"https:\/\/rubens-antwerpen.be\/fr\/wp-json\/wp\/v2\/comments?post=3124"}],"version-history":[{"count":7,"href":"https:\/\/rubens-antwerpen.be\/fr\/wp-json\/wp\/v2\/pages\/3124\/revisions"}],"predecessor-version":[{"id":5444,"href":"https:\/\/rubens-antwerpen.be\/fr\/wp-json\/wp\/v2\/pages\/3124\/revisions\/5444"}],"up":[{"embeddable":true,"href":"https:\/\/rubens-antwerpen.be\/fr\/wp-json\/wp\/v2\/pages\/3116"}],"wp:attachment":[{"href":"https:\/\/rubens-antwerpen.be\/fr\/wp-json\/wp\/v2\/media?parent=3124"}],"curies":[{"name":"wp","href":"https:\/\/api.w.org\/{rel}","templated":true}]}}