{"id":3126,"date":"2024-06-19T15:38:18","date_gmt":"2024-06-19T13:38:18","guid":{"rendered":"https:\/\/rubens-antwerpen.be\/home\/sud\/kloosterstraat-rue-du-couvent\/rubens-portrait-dune-vieille-femme\/"},"modified":"2025-06-19T15:11:45","modified_gmt":"2025-06-19T13:11:45","slug":"rubens-portrait-dune-vieille-femme","status":"publish","type":"page","link":"https:\/\/rubens-antwerpen.be\/fr\/home\/sud\/kloosterstraat-rue-du-couvent\/rubens-portrait-dune-vieille-femme\/","title":{"rendered":"Rubens : Portrait d&rsquo;une vieille femme"},"content":{"rendered":"\t\t<div data-elementor-type=\"wp-page\" data-elementor-id=\"3126\" class=\"elementor elementor-3126 elementor-844\">\n\t\t\t\t<div class=\"elementor-element elementor-element-ad42995 e-flex e-con-boxed e-con e-parent\" data-id=\"ad42995\" data-element_type=\"container\" data-e-type=\"container\">\n\t\t\t\t\t<div class=\"e-con-inner\">\n\t\t\t\t<div class=\"elementor-element elementor-element-dbf73d7 elementor-widget elementor-widget-heading\" data-id=\"dbf73d7\" data-element_type=\"widget\" data-e-type=\"widget\" data-widget_type=\"heading.default\">\n\t\t\t\t<div class=\"elementor-widget-container\">\n\t\t\t\t\t<h2 class=\"elementor-heading-title elementor-size-default\">Pierre Paul Rubens : Portrait d'une vieille femme <\/h2>\t\t\t\t<\/div>\n\t\t\t\t<\/div>\n\t\t\t\t\t<\/div>\n\t\t\t\t<\/div>\n\t\t<div class=\"elementor-element elementor-element-b81b7dd e-flex e-con-boxed e-con e-parent\" data-id=\"b81b7dd\" data-element_type=\"container\" data-e-type=\"container\">\n\t\t\t\t\t<div class=\"e-con-inner\">\n\t\t\t\t<div class=\"elementor-element elementor-element-c1b3487 elementor-widget elementor-widget-text-editor\" data-id=\"c1b3487\" data-element_type=\"widget\" data-e-type=\"widget\" data-widget_type=\"text-editor.default\">\n\t\t\t\t<div class=\"elementor-widget-container\">\n\t\t\t\t\t\t\t\t\t<p style=\"text-align: justify;\"><a href=\"https:\/\/rubens-antwerpen.be\/wp-content\/uploads\/\/141P-MICH-PPR-Oude-vrouw-204x300.jpg\"><img fetchpriority=\"high\" decoding=\"async\" class=\"wp-image-522 size-medium alignleft\" src=\"https:\/\/rubens-antwerpen.be\/wp-content\/uploads\/\/141P-MICH-PPR-Oude-vrouw-204x300.jpg\" alt=\"\" width=\"204\" height=\"300\" srcset=\"https:\/\/rubens-antwerpen.be\/wp-content\/uploads\/141P-MICH-PPR-Oude-vrouw-204x300.jpg 204w, https:\/\/rubens-antwerpen.be\/wp-content\/uploads\/141P-MICH-PPR-Oude-vrouw.jpg 697w\" sizes=\"(max-width: 204px) 100vw, 204px\" \/><\/a><\/p>\n<p><\/p>\n<p style=\"text-align: justify;\"><em>La tradition veut que la personne repr\u00e9sent\u00e9e soit Maria Pijpelincx, la m\u00e8re de Pierre Paul Rubens. Cette dame fut forc\u00e9e de sortir de l&rsquo;ombre de son mari infid\u00e8le, Jan Rubens, en implorant la cl\u00e9mence pour lui devant la famille de Guillaume d\u2019Orange-Nassau, qui avait \u00e9t\u00e9 tromp\u00e9 par la m\u00eame affaire. <\/em><\/p>\n<p><\/p>\n<hr \/>\n<p><\/p>\n<p style=\"text-align: justify;\"><em>Maria Pijpelinckx dit :<\/em><\/p>\n<p><\/p>\n<p style=\"text-align: justify;\">Le calendrier nous dit que nous sommes dans la nuit du 8 au 9 mai 1600, et mon fils cadet vient de partir pour l&rsquo;Italie\u00a0; il a en poche son certificat de sant\u00e9 attestant qu&rsquo;il ne souffre ni de la peste ni de maladies contagieuses. En fait, je suis fi\u00e8re de lui, m\u00eame si tout ne s&rsquo;est pas pass\u00e9 comme nous, les parents, l&rsquo;avions pr\u00e9vu.<\/p>\n<p><\/p>\n<p style=\"text-align: justify;\">Son fr\u00e8re a\u00een\u00e9 Jean Baptiste, qui aimait aussi peindre, l&rsquo;a pr\u00e9c\u00e9d\u00e9 tr\u00e8s jeune dans cette direction.<\/p>\n<p><\/p>\n<p style=\"text-align: justify;\">Les premi\u00e8res ann\u00e9es de notre vie avec Pierre Paul ont \u00e9t\u00e9 marqu\u00e9es par les circonstances difficiles dans lesquelles notre famille vivait en Westphalie. Nous \u00e9tions exil\u00e9s \u00e0 Siegen comme dans une prison \u00e0 ciel ouvert pour mon mari, Jan Rubens. D\u00e8s que nous avons pu d\u00e9m\u00e9nager \u00e0 Cologne et que nos gar\u00e7ons y sont all\u00e9s \u00e0 l&rsquo;\u00e9cole, la vie est devenue un peu plus facile gr\u00e2ce \u00e0 ma petite boutique de fruits et l\u00e9gumes; j\u2019\u00e9tais devenu \u00ab\u00a0<em>marchande tenant son propre commerce<\/em>\u00a0\u00bb \/ \u00ab\u00a0<em>coopvrouwe drijvende heurs seit handel<\/em>\u00a0\u00bb.<\/p>\n<p><\/p>\n<p style=\"text-align: justify;\">De temps en temps, nous pouvions revenir \u00e0 Anvers, mais ce n&rsquo;est que le 1er mars 1587 que notre famille revint enfin dans notre ville, hormis feu mon \u00e9poux Jan et les enfants a\u00een\u00e9s.<\/p>\n<p><\/p>\n<p style=\"text-align: justify;\">Mon fils Philippe est un brillant avocat, il suit les traces de son p\u00e8re.<\/p>\n<p><\/p>\n<p style=\"text-align: justify;\">Pierre Paul cherchait une autre voie, comme \u00e9l\u00e8ve attentif de l&rsquo;\u00e9cole latine de ma\u00eetre Verdonck. Pendant quelque temps il a servi comme page aupr\u00e8s de dame de Lalaing \u00e0 Audenarde et les belles mani\u00e8res lui servent encore tous les jours. Mais pour notre famille il valait mieux disposer d\u2019un vrai revenu par du vrai travail. Heureusement il y a suffisamment d&rsquo;ateliers de peinture dans notre ville \u00e0 la recherche d\u2019apprentis. Notre parent \u00e9loign\u00e9 Tobias Verhaecht l&rsquo;a pris en charge mais j&rsquo;ai rapidement pu l\u2019introduire chez les meilleurs, les doyens de la guilde de Saint-Luc, Adam Van Noort et Otto Van Veen. Par la suite, vous verrez comment ce dernier f\u00fbt un homme instruit et un excellent ma\u00eetre. C\u2019est lui qui a fait comprendre \u00e0 notre gar\u00e7on qu&rsquo;il n&rsquo;y a qu&rsquo;un seul pays o\u00f9 la peinture n&rsquo;est pas qu\u2019un artisanat de produits de luxe, mais la terre promise pour les artistes et leurs amateurs: l\u00e0-bas, en Italie !<\/p>\n<p><\/p>\n<p style=\"text-align: justify;\">Ce que mon Pierre Paul a peint ici, avant son d\u00e9part pour l&rsquo;Italie, est rest\u00e9 en partie dans notre cercle de famille; il y a quelques-unes de ses belles petites \u0153uvres chez moi.<\/p>\n<p><\/p>\n<p style=\"text-align: justify;\">&#8212;&#8212;&#8212;-<\/p>\n<p><\/p>\n<p style=\"text-align: justify;\">Maria Pijpelincx fit au moins quatre testaments; elle mourut le 19 octobre 1608; Pierre Paul ne revint d&rsquo;Italie que le 11 d\u00e9cembre. Pour le tombeau, \u00e0 l&rsquo;abbaye Saint-Michel, il a fait don du tableau \u2018<em>Gr\u00e9goire le Grand entour\u00e9 de saints\u2019,<\/em> apport\u00e9 d&rsquo;Italie et actuellement conserv\u00e9 au mus\u00e9e des Beaux-Arts de Grenoble. Comme les \u00e9pouses de Rubens, Maria Pijpelinckx a re\u00e7u un nom de rue; dans la lign\u00e9e de l&rsquo;actuel Wapper ou <em>Bascule.<\/em><\/p>\n<p><\/p>\n<p style=\"text-align: justify;\"><a href=\"#_ftnref1\" name=\"_ftn1\">[1]<\/a> <span style=\"font-family: helvetica, arial, sans-serif;\"><em>18 dec 1606: \u201cMaar allen danderen schilderijenn die fraai zijn behooren Peeteren toe, die ze gemaakt heeft\u201d (Mais toutes les autres peintures qui sont belles appartiennent \u00e0 Pierre, qui les a r\u00e9alis\u00e9es\u00a0\u00bb.) (cit\u00e9 dans Rubenshuis 1990)<\/em><\/span><\/p>\n\t\t\t\t\t\t\t\t<\/div>\n\t\t\t\t<\/div>\n\t\t\t\t<div class=\"elementor-element elementor-element-39bb195 elementor-widget elementor-widget-text-editor\" data-id=\"39bb195\" data-element_type=\"widget\" data-e-type=\"widget\" data-widget_type=\"text-editor.default\">\n\t\t\t\t<div class=\"elementor-widget-container\">\n\t\t\t\t\t\t\t\t\t<p><span style=\"color: #008000;\"><strong>Itin\u00e9raire Sud : c&rsquo;est l&rsquo;endroit le plus rapproch\u00e9 du <a href=\"https:\/\/rubens-antwerpen.be\/fr\/home\/sud\/kmska\/\">Mus\u00e9e des Beaux-Arts<\/a> (KMSKA) pour aller voir de pr\u00e8s les deux tableaux suivants.<\/strong><\/span><\/p>\n\t\t\t\t\t\t\t\t<\/div>\n\t\t\t\t<\/div>\n\t\t\t\t\t<\/div>\n\t\t\t\t<\/div>\n\t\t\t\t<\/div>\n\t\t","protected":false},"excerpt":{"rendered":"<p>Pierre Paul Rubens : Portrait d&rsquo;une vieille femme La tradition veut que la personne repr\u00e9sent\u00e9e soit Maria Pijpelincx, la m\u00e8re [&hellip;]<\/p>\n","protected":false},"author":1,"featured_media":0,"parent":3124,"menu_order":141,"comment_status":"closed","ping_status":"closed","template":"","meta":{"site-sidebar-layout":"no-sidebar","site-content-layout":"","ast-site-content-layout":"full-width-container","site-content-style":"default","site-sidebar-style":"default","ast-global-header-display":"","ast-banner-title-visibility":"","ast-main-header-display":"","ast-hfb-above-header-display":"","ast-hfb-below-header-display":"","ast-hfb-mobile-header-display":"","site-post-title":"disabled","ast-breadcrumbs-content":"","ast-featured-img":"disabled","footer-sml-layout":"","ast-disable-related-posts":"","theme-transparent-header-meta":"","adv-header-id-meta":"","stick-header-meta":"","header-above-stick-meta":"","header-main-stick-meta":"","header-below-stick-meta":"","astra-migrate-meta-layouts":"default","ast-page-background-enabled":"default","ast-page-background-meta":{"desktop":{"background-color":"var(--ast-global-color-4)","background-image":"","background-repeat":"repeat","background-position":"center center","background-size":"auto","background-attachment":"scroll","background-type":"","background-media":"","overlay-type":"","overlay-color":"","overlay-opacity":"","overlay-gradient":""},"tablet":{"background-color":"","background-image":"","background-repeat":"repeat","background-position":"center center","background-size":"auto","background-attachment":"scroll","background-type":"","background-media":"","overlay-type":"","overlay-color":"","overlay-opacity":"","overlay-gradient":""},"mobile":{"background-color":"","background-image":"","background-repeat":"repeat","background-position":"center center","background-size":"auto","background-attachment":"scroll","background-type":"","background-media":"","overlay-type":"","overlay-color":"","overlay-opacity":"","overlay-gradient":""}},"ast-content-background-meta":{"desktop":{"background-color":"var(--ast-global-color-5)","background-image":"","background-repeat":"repeat","background-position":"center center","background-size":"auto","background-attachment":"scroll","background-type":"","background-media":"","overlay-type":"","overlay-color":"","overlay-opacity":"","overlay-gradient":""},"tablet":{"background-color":"var(--ast-global-color-5)","background-image":"","background-repeat":"repeat","background-position":"center center","background-size":"auto","background-attachment":"scroll","background-type":"","background-media":"","overlay-type":"","overlay-color":"","overlay-opacity":"","overlay-gradient":""},"mobile":{"background-color":"var(--ast-global-color-5)","background-image":"","background-repeat":"repeat","background-position":"center center","background-size":"auto","background-attachment":"scroll","background-type":"","background-media":"","overlay-type":"","overlay-color":"","overlay-opacity":"","overlay-gradient":""}},"footnotes":""},"class_list":["post-3126","page","type-page","status-publish","hentry"],"aioseo_notices":[],"_links":{"self":[{"href":"https:\/\/rubens-antwerpen.be\/fr\/wp-json\/wp\/v2\/pages\/3126","targetHints":{"allow":["GET"]}}],"collection":[{"href":"https:\/\/rubens-antwerpen.be\/fr\/wp-json\/wp\/v2\/pages"}],"about":[{"href":"https:\/\/rubens-antwerpen.be\/fr\/wp-json\/wp\/v2\/types\/page"}],"author":[{"embeddable":true,"href":"https:\/\/rubens-antwerpen.be\/fr\/wp-json\/wp\/v2\/users\/1"}],"replies":[{"embeddable":true,"href":"https:\/\/rubens-antwerpen.be\/fr\/wp-json\/wp\/v2\/comments?post=3126"}],"version-history":[{"count":10,"href":"https:\/\/rubens-antwerpen.be\/fr\/wp-json\/wp\/v2\/pages\/3126\/revisions"}],"predecessor-version":[{"id":5448,"href":"https:\/\/rubens-antwerpen.be\/fr\/wp-json\/wp\/v2\/pages\/3126\/revisions\/5448"}],"up":[{"embeddable":true,"href":"https:\/\/rubens-antwerpen.be\/fr\/wp-json\/wp\/v2\/pages\/3124"}],"wp:attachment":[{"href":"https:\/\/rubens-antwerpen.be\/fr\/wp-json\/wp\/v2\/media?parent=3126"}],"curies":[{"name":"wp","href":"https:\/\/api.w.org\/{rel}","templated":true}]}}