{"id":3132,"date":"2024-06-19T15:42:34","date_gmt":"2024-06-19T13:42:34","guid":{"rendered":"https:\/\/rubens-antwerpen.be\/home\/sud\/kmska\/jordaens-concert-en-famille\/"},"modified":"2025-08-08T17:02:44","modified_gmt":"2025-08-08T15:02:44","slug":"jordaens-concert-en-famille","status":"publish","type":"page","link":"https:\/\/rubens-antwerpen.be\/fr\/home\/sud\/kmska\/jordaens-concert-en-famille\/","title":{"rendered":"Jordaens: concert en famille"},"content":{"rendered":"\t\t<div data-elementor-type=\"wp-page\" data-elementor-id=\"3132\" class=\"elementor elementor-3132 elementor-854\">\n\t\t\t\t<div class=\"elementor-element elementor-element-ad42995 e-flex e-con-boxed e-con e-parent\" data-id=\"ad42995\" data-element_type=\"container\" data-e-type=\"container\">\n\t\t\t\t\t<div class=\"e-con-inner\">\n\t\t\t\t<div class=\"elementor-element elementor-element-dbf73d7 elementor-widget elementor-widget-heading\" data-id=\"dbf73d7\" data-element_type=\"widget\" data-e-type=\"widget\" data-widget_type=\"heading.default\">\n\t\t\t\t<div class=\"elementor-widget-container\">\n\t\t\t\t\t<h2 class=\"elementor-heading-title elementor-size-default\">Elisabeth Jordaens en concert de famille <\/h2>\t\t\t\t<\/div>\n\t\t\t\t<\/div>\n\t\t\t\t\t<\/div>\n\t\t\t\t<\/div>\n\t\t<div class=\"elementor-element elementor-element-f3c8b4c e-flex e-con-boxed e-con e-parent\" data-id=\"f3c8b4c\" data-element_type=\"container\" data-e-type=\"container\">\n\t\t\t\t\t<div class=\"e-con-inner\">\n\t\t\t\t<div class=\"elementor-element elementor-element-b105d22 elementor-widget elementor-widget-text-editor\" data-id=\"b105d22\" data-element_type=\"widget\" data-e-type=\"widget\" data-widget_type=\"text-editor.default\">\n\t\t\t\t<div class=\"elementor-widget-container\">\n\t\t\t\t\t\t\t\t\t<p style=\"text-align: justify;\"><span style=\"color: #008000;\"><strong>Continuez votre visite dans la salle 2.11<\/strong><\/span><\/p>\n<p><\/p>\n<p style=\"text-align: justify;\"><a href=\"http:\/\/rubens-antwerpen.be\/wp-content\/uploads\/152P-KMSKA-JJO-Isabella-Jordaens.jpg\"><img fetchpriority=\"high\" decoding=\"async\" class=\"wp-image-531 size-medium alignleft\" src=\"http:\/\/rubens-antwerpen.be\/wp-content\/uploads\/152P-KMSKA-JJO-Isabella-Jordaens-300x187.jpg\" alt=\"\" width=\"300\" height=\"187\" srcset=\"https:\/\/rubens-antwerpen.be\/wp-content\/uploads\/152P-KMSKA-JJO-Isabella-Jordaens-300x187.jpg 300w, https:\/\/rubens-antwerpen.be\/wp-content\/uploads\/152P-KMSKA-JJO-Isabella-Jordaens-768x479.jpg 768w, https:\/\/rubens-antwerpen.be\/wp-content\/uploads\/152P-KMSKA-JJO-Isabella-Jordaens.jpg 1024w\" sizes=\"(max-width: 300px) 100vw, 300px\" \/><\/a><\/p>\n<p><\/p>\n<p style=\"text-align: justify;\"><em>Elisabeth Jordaens mourut le m\u00eame jour que son p\u00e8re, elle qui s&rsquo;occupa de lui jusqu&rsquo;\u00e0 la fin. Une partie de leur vie priv\u00e9e reste dans l&rsquo;ombre: tous deux se sont convertis \u00e0 la foi calviniste.<\/em><\/p>\n<p><\/p>\n<hr \/>\n<p><\/p>\n<p style=\"text-align: justify;\"><em>Elisabeth Jordaens dit :<\/em><\/p>\n<p><\/p>\n<p style=\"text-align: justify;\">Combien de temps s\u2019est \u00e9coul\u00e9 depuis? Pr\u00e8s d\u2019une quarantaine d&rsquo;ann\u00e9es, puisque nous sommes en octobre 1678 et que j\u2019ai 61 ans maintenant! A cette \u00e9poque \u2013 en1638 &#8211; j&rsquo;\u00e9tais bien jeune \u00e0 21 ans et j&rsquo;admirais les vieux, mais qu\u2019en est-il aujourd&rsquo;hui ?<\/p>\n<p><\/p>\n<p style=\"text-align: justify;\"><em>\u2018So d&rsquo;ouden songen, so piepen de jongen\u2019.<\/em> Vous pourrez lire ce titre en haut du tableau; je traduis par \u2018<em>Comme chantaient les vieux, piaillent les jeunes\u2019<\/em>. En 1632, nous tous, grand-p\u00e8re Adam van Noort, maman, papa et moi-m\u00eame, nous nous sommes rendus en Hollande o\u00f9 ledit P\u00e8re Jacob Cats venait de publier un livre \u00ab\u00a0<em>Miroir des temps anciens et nouveaux\u00a0\u00bb, <\/em>plein de proverbes et de locutions.<\/p>\n<p><\/p>\n<p style=\"text-align: justify;\">C&rsquo;est ce que papa voulait traduire en peinture et quoi de plus simple que de prendre notre famille comme mod\u00e8les pour illustrer cet adage?<\/p>\n<p><\/p>\n<p style=\"text-align: justify;\">Vous pouvez voir grand-p\u00e8re Adam \u00e0 gauche qui bat la mesure selon le chansonnier, grand-m\u00e8re- ou son sosie- qui suit le texte sur la feuille volante. Papa joue de la cornemuse, comme il avait l\u2019habitude de se pr\u00e9senter; il doit avoir 45 ans. Les bambins font de leur mieux pour jouer la m\u00e9lodie sur des sifflets. Est-ce que tout cela ne donne pas mal aux oreilles\u00a0? Demandez donc au chien\u00a0!<\/p>\n<p><\/p>\n<p style=\"text-align: justify;\">Nous nous trouvons \u00e0 l&rsquo;int\u00e9rieur, en fin d\u2019apr\u00e8s-midi, peut-\u00eatre un dimanche, \u00e0 l&rsquo;heure de la d\u00e9tente. Une belle lumi\u00e8re vient de gauche, pour que grand-p\u00e8re puisse bien voir avec ses lunettes. \u00c0 c\u00f4t\u00e9 du petit pain, \u00e0 gauche, se trouvent les raisins, au milieu une tourte, \u00e0 droite des poires. L&rsquo;\u00e9clat du cadre de la fen\u00eatre reluit sur l\u2019\u00e9tain.<\/p>\n<p><\/p>\n<p style=\"text-align: justify;\">Quant \u00e0 moi, je me trouve en pleine lumi\u00e8re. Au cas o\u00f9 vous vous en doutez, c&rsquo;est bien moi au milieu (je ne ressemble pas du tout \u00e0 ma m\u00e8re !)<\/p>\n<p><\/p>\n<p style=\"text-align: justify;\">\u00c0 peu pr\u00e8s \u00e0 la m\u00eame \u00e9poque, vers mes vingt ans, papa m&rsquo;a peinte en fille de la campagne, une gamine en bonne sant\u00e9 avec des fleurs au chapeau, un panier et un collier de perles. Mais nous \u00e9tions bien des citadins qui, comme tout le monde, avions l&rsquo;habitude de chanter ensemble.<\/p>\n<p><\/p>\n<p style=\"text-align: justify;\">Mais aujourd&rsquo;hui papa, qui a 85 ans, se porte vraiment mal et moi je ne me sens pas bien non plus. La maladie qui s\u00e9vit en ville a d\u00e9j\u00e0 entra\u00een\u00e9 la mort de dizaines de voisins, d&rsquo;amis et de connaissances. Ma m\u00e8re aurait-elle d\u00fb passer par l\u00e0 ? Voil\u00e0 qu\u2019elle est d\u00e9c\u00e9d\u00e9e il y a pr\u00e8s de 20 ans et depuis, je m&rsquo;occupe de papa. Pour une fille c\u00e9libataire comme moi, c&rsquo;est assez \u00e9vident, d&rsquo;autant plus que je vis avec lui.<\/p>\n<p><\/p>\n<p style=\"text-align: justify;\">Lorsque le prince Guillaume III d&rsquo;Orange nous a rendu visite, il y a un peu plus d&rsquo;un an, son secr\u00e9taire Christiaan Huyghens a \u00e9crit que \u00ab <em>Jacques se faisait porter sur une chaise et d\u00e9raillait\u00bb.<\/em><\/p>\n<p><\/p>\n<p style=\"text-align: justify;\">Cela m&rsquo;attriste beaucoup parce qu&rsquo;avant, il \u00e9tait toujours joyeux et amical avec tout le monde, comme beaucoup l\u2019ont \u00e9crit. En 1669, un peintre de Hambourg, Matthias Scheits, notait que mon p\u00e8re \u00ab<em>\u00e9tait un peintre assid\u00fb<\/em>\u00bb.<\/p>\n<p><\/p>\n<p style=\"text-align: justify;\">O\u00f9 puis-je trouver du r\u00e9confort ? L&rsquo;Ecriture Sainte m&rsquo;a toujours d\u2019un grand secours, au moins depuis que nous avons rejoint la congr\u00e9gation du Mont des Oliviers du Brabant, il y a sept ans (en 1671).<\/p>\n<p><\/p>\n<p style=\"text-align: justify;\">Avec la pr\u00e9sence de commer\u00e7ants, de marchands et de banquiers de l&rsquo;\u00e9tranger, la ville d&rsquo;Anvers est assez tol\u00e9rante, tant qu\u2019on ne cause pas de scandale. M\u00eame lorsque papa a pr\u00eat\u00e9 serment devant le tribunal en 1660 \u00ab <em>devant Dieu <\/em>\u00bb et non plus devant \u00ab <em>tous ses saints<\/em> \u00bb (comme il l&rsquo;avait fait en 1649), le juge l&rsquo;a trouv\u00e9 suffisamment convaincant.<\/p>\n<p><\/p>\n<p style=\"text-align: justify;\"><span style=\"color: #008000;\"><strong>Itin\u00e9raire Sud (suite normale en partant de Oever\/kloosterstraat) :<br \/>\ntournez \u00e0 gauche dans la Muntstraat\/rue de la Monnaie, prenez la Augustijnenstraat\/rue des Augustins et tournez \u00e0 droite dans la Waaistraat (intraduisible) jusqu&rsquo;\u00e0 la place devant <a href=\"https:\/\/rubens-antwerpen.be\/fr\/home\/sud\/eglise-saint-andre\/\">l&rsquo;\u00e9glise Saint-Andr\u00e9<\/a>.<br \/>\nL&rsquo;entr\u00e9e principale se trouve sur cette Pastoor Visschersplein (les entr\u00e9es lat\u00e9rales sur l&rsquo;Augustijnenstraat\/rue des Augustins ou sur la Sint-Andriesstraat\/rue Saint-Andr\u00e9). <\/strong><\/span><\/p>\n\t\t\t\t\t\t\t\t<\/div>\n\t\t\t\t<\/div>\n\t\t\t\t\t<\/div>\n\t\t\t\t<\/div>\n\t\t\t\t<\/div>\n\t\t","protected":false},"excerpt":{"rendered":"<p>Elisabeth Jordaens en concert de famille Continuez votre visite dans la salle 2.11 Elisabeth Jordaens mourut le m\u00eame jour que [&hellip;]<\/p>\n","protected":false},"author":1,"featured_media":0,"parent":3128,"menu_order":152,"comment_status":"closed","ping_status":"closed","template":"","meta":{"site-sidebar-layout":"no-sidebar","site-content-layout":"","ast-site-content-layout":"full-width-container","site-content-style":"default","site-sidebar-style":"default","ast-global-header-display":"","ast-banner-title-visibility":"","ast-main-header-display":"","ast-hfb-above-header-display":"","ast-hfb-below-header-display":"","ast-hfb-mobile-header-display":"","site-post-title":"disabled","ast-breadcrumbs-content":"","ast-featured-img":"disabled","footer-sml-layout":"","ast-disable-related-posts":"","theme-transparent-header-meta":"","adv-header-id-meta":"","stick-header-meta":"","header-above-stick-meta":"","header-main-stick-meta":"","header-below-stick-meta":"","astra-migrate-meta-layouts":"default","ast-page-background-enabled":"default","ast-page-background-meta":{"desktop":{"background-color":"var(--ast-global-color-4)","background-image":"","background-repeat":"repeat","background-position":"center center","background-size":"auto","background-attachment":"scroll","background-type":"","background-media":"","overlay-type":"","overlay-color":"","overlay-opacity":"","overlay-gradient":""},"tablet":{"background-color":"","background-image":"","background-repeat":"repeat","background-position":"center center","background-size":"auto","background-attachment":"scroll","background-type":"","background-media":"","overlay-type":"","overlay-color":"","overlay-opacity":"","overlay-gradient":""},"mobile":{"background-color":"","background-image":"","background-repeat":"repeat","background-position":"center center","background-size":"auto","background-attachment":"scroll","background-type":"","background-media":"","overlay-type":"","overlay-color":"","overlay-opacity":"","overlay-gradient":""}},"ast-content-background-meta":{"desktop":{"background-color":"var(--ast-global-color-5)","background-image":"","background-repeat":"repeat","background-position":"center center","background-size":"auto","background-attachment":"scroll","background-type":"","background-media":"","overlay-type":"","overlay-color":"","overlay-opacity":"","overlay-gradient":""},"tablet":{"background-color":"var(--ast-global-color-5)","background-image":"","background-repeat":"repeat","background-position":"center center","background-size":"auto","background-attachment":"scroll","background-type":"","background-media":"","overlay-type":"","overlay-color":"","overlay-opacity":"","overlay-gradient":""},"mobile":{"background-color":"var(--ast-global-color-5)","background-image":"","background-repeat":"repeat","background-position":"center center","background-size":"auto","background-attachment":"scroll","background-type":"","background-media":"","overlay-type":"","overlay-color":"","overlay-opacity":"","overlay-gradient":""}},"footnotes":""},"class_list":["post-3132","page","type-page","status-publish","hentry"],"aioseo_notices":[],"_links":{"self":[{"href":"https:\/\/rubens-antwerpen.be\/fr\/wp-json\/wp\/v2\/pages\/3132","targetHints":{"allow":["GET"]}}],"collection":[{"href":"https:\/\/rubens-antwerpen.be\/fr\/wp-json\/wp\/v2\/pages"}],"about":[{"href":"https:\/\/rubens-antwerpen.be\/fr\/wp-json\/wp\/v2\/types\/page"}],"author":[{"embeddable":true,"href":"https:\/\/rubens-antwerpen.be\/fr\/wp-json\/wp\/v2\/users\/1"}],"replies":[{"embeddable":true,"href":"https:\/\/rubens-antwerpen.be\/fr\/wp-json\/wp\/v2\/comments?post=3132"}],"version-history":[{"count":17,"href":"https:\/\/rubens-antwerpen.be\/fr\/wp-json\/wp\/v2\/pages\/3132\/revisions"}],"predecessor-version":[{"id":6066,"href":"https:\/\/rubens-antwerpen.be\/fr\/wp-json\/wp\/v2\/pages\/3132\/revisions\/6066"}],"up":[{"embeddable":true,"href":"https:\/\/rubens-antwerpen.be\/fr\/wp-json\/wp\/v2\/pages\/3128"}],"wp:attachment":[{"href":"https:\/\/rubens-antwerpen.be\/fr\/wp-json\/wp\/v2\/media?parent=3132"}],"curies":[{"name":"wp","href":"https:\/\/api.w.org\/{rel}","templated":true}]}}