{"id":3138,"date":"2024-06-19T15:45:51","date_gmt":"2024-06-19T13:45:51","guid":{"rendered":"https:\/\/rubens-antwerpen.be\/home\/sud\/eglise-saint-andre\/saint-andre-la-chaire\/"},"modified":"2025-06-19T15:34:00","modified_gmt":"2025-06-19T13:34:00","slug":"saint-andre-la-chaire","status":"publish","type":"page","link":"https:\/\/rubens-antwerpen.be\/fr\/home\/sud\/eglise-saint-andre\/saint-andre-la-chaire\/","title":{"rendered":"Saint-Andr\u00e9 : la chaire"},"content":{"rendered":"\t\t<div data-elementor-type=\"wp-page\" data-elementor-id=\"3138\" class=\"elementor elementor-3138 elementor-864\">\n\t\t\t\t<div class=\"elementor-element elementor-element-ad42995 e-flex e-con-boxed e-con e-parent\" data-id=\"ad42995\" data-element_type=\"container\" data-e-type=\"container\">\n\t\t\t\t\t<div class=\"e-con-inner\">\n\t\t\t\t<div class=\"elementor-element elementor-element-dbf73d7 elementor-widget elementor-widget-heading\" data-id=\"dbf73d7\" data-element_type=\"widget\" data-e-type=\"widget\" data-widget_type=\"heading.default\">\n\t\t\t\t<div class=\"elementor-widget-container\">\n\t\t\t\t\t<h2 class=\"elementor-heading-title elementor-size-default\">Une chaire du 19\u00e8me si\u00e8cle : J.F. van Geel  J.B. van Hool<\/h2>\t\t\t\t<\/div>\n\t\t\t\t<\/div>\n\t\t\t\t\t<\/div>\n\t\t\t\t<\/div>\n\t\t<div class=\"elementor-element elementor-element-ed4eda6 e-flex e-con-boxed e-con e-parent\" data-id=\"ed4eda6\" data-element_type=\"container\" data-e-type=\"container\">\n\t\t\t\t\t<div class=\"e-con-inner\">\n\t\t\t\t<div class=\"elementor-element elementor-element-829fd3a elementor-widget elementor-widget-text-editor\" data-id=\"829fd3a\" data-element_type=\"widget\" data-e-type=\"widget\" data-widget_type=\"text-editor.default\">\n\t\t\t\t<div class=\"elementor-widget-container\">\n\t\t\t\t\t\t\t\t\t<p style=\"text-align: justify;\"><a href=\"http:\/\/rubens-antwerpen.be\/wp-content\/uploads\/162P-STA-Preekstoel.jpg\"><img fetchpriority=\"high\" decoding=\"async\" class=\"wp-image-540 size-medium alignleft\" src=\"http:\/\/rubens-antwerpen.be\/wp-content\/uploads\/162P-STA-Preekstoel-231x300.jpg\" alt=\"\" width=\"231\" height=\"300\" srcset=\"https:\/\/rubens-antwerpen.be\/wp-content\/uploads\/162P-STA-Preekstoel-231x300.jpg 231w, https:\/\/rubens-antwerpen.be\/wp-content\/uploads\/162P-STA-Preekstoel-768x995.jpg 768w, https:\/\/rubens-antwerpen.be\/wp-content\/uploads\/162P-STA-Preekstoel.jpg 790w\" sizes=\"(max-width: 231px) 100vw, 231px\" \/><\/a><\/p>\n<p><\/p>\n<p style=\"text-align: justify;\"><em>J\u00e9sus leur dit [\u00e0 Pierre et Andr\u00e9] : \u00ab Venez avec moi et je ferai de vous des p\u00eacheurs d&rsquo;hommes \u00bb. Aussit\u00f4t, ils laiss\u00e8rent leurs filets et le suivirent <\/em><br \/>\n(Mt. 4: 19-20)<\/p>\n<p><\/p>\n<hr \/>\n<p><\/p>\n<p style=\"text-align: justify;\">Ce meuble liturgique d\u00e9montre comment la combinaison de r\u00e9alisme et d&rsquo;\u00e9motion dans les formes vous entra\u00eene dans une histoire, avant m\u00eame que le pr\u00e9dicateur n&rsquo;ait dit un seul mot.<\/p>\n<p><\/p>\n<p style=\"text-align: justify;\">Cette sculpture en bois, datant de 1821, f\u00fbt r\u00e9alis\u00e9e par le sculpteur Jan Frans Van Geel et le menuisier Jan Baptist Van Hool. Elle repr\u00e9sente, en chair et en os, la vocation de deux ap\u00f4tres, Andr\u00e9 et son fr\u00e8re Pierre, de profession p\u00eacheurs en mer de Galil\u00e9e.<\/p>\n<p><\/p>\n<p style=\"text-align: justify;\">Les personnages grandeur nature et tous les accessoires de l&rsquo;histoire sont presque tangibles: le bateau, les rames, les filets, les poissons, le homard, le crabe. Le d\u00e9cor de la sc\u00e8ne est form\u00e9 par des rochers, envahis par des plantes, qui s\u2019\u00e9l\u00e8vent le long d\u2019un tronc d&rsquo;arbre jusqu&rsquo;\u00e0 l\u2019abat-voix.<\/p>\n<p><\/p>\n<p style=\"text-align: justify;\">Ce que les peintres sugg\u00e8rent \u00e0 travers l&rsquo;ombre et la lumi\u00e8re, la troisi\u00e8me dimension, notamment celle de l\u2019espace, nous bouscule ici de mani\u00e8re hyperr\u00e9aliste, et de tr\u00e8s pr\u00e8s. D&rsquo;un point de vue artistique, J\u00e9sus peut difficilement \u00eatre plus proche des gens qu&rsquo;il ne l&rsquo;est ici.<\/p>\n<p><\/p>\n<p style=\"text-align: justify;\">Enfin, le jeu expressif des mains \u00e9voque une quatri\u00e8me dimension, celle du temps; \u00e0 travers les si\u00e8cles, l&rsquo;invitation r\u00e9sonne encore toujours \u00ab <em>Venez \u00e0 a suite <\/em>\u00bb. Sous nos yeux les deux fr\u00e8res vivent le revirement radical de leur vie, laissant l\u00e0 leur activit\u00e9 professionnelle bien remplie. Pour nous aussi, spectateurs, cette invitation nous incite \u00e0 r\u00e9fl\u00e9chir sur le sens de notre vie en tant que vocation.<\/p>\n<ul>\n<li style=\"text-align: justify;\"><span style=\"color: #008000;\"><strong>L&rsquo;itin\u00e9raire Sud continue : depuis la Sint-Andriesstraat\/rue Saint-Andr\u00e9, traversez jusqu&rsquo;\u00e0 la Sleutelstraat\/rue de la Clef et tournez \u00e0 gauche puis \u00e0 droite le long de la Kammenstraat\/rue des Peignes (une d\u00e9nomination erron\u00e9e) jusqu&rsquo;\u00e0 l&rsquo;Everdijstraat\/rue Everdij. L&rsquo;\u00e9glise Saint-Augustin d\u00e9sacralis\u00e9e poss\u00e9dait un retable monumental de chacun de nos trois ma\u00eetres, aujourd&rsquo;hui conserv\u00e9 au KMSKA. Jordaens et Van Noort ont habit\u00e9 ensemble une maison de l&rsquo;Everdijstraat. <\/strong><\/span><\/li>\n<li style=\"text-align: justify;\"><span style=\"color: #008000;\"><strong>Si vous tournez \u00e0 gauche pour deux minutes en direction de la Wilde Zee\/ladite \u2018Mer houleuse\u2019, vous verrez au n\u00b0 19 de la Wiegstraat\/rue du Berceau une fa\u00e7ade compos\u00e9e de trois maisons ; derri\u00e8re se trouvait la salle de banquet de la guilde de Saint-Luc, une v\u00e9ritable galerie d&rsquo;art. Revenez sur vos pas ou tournez imm\u00e9diatement \u00e0 droite dans la Korte, puis dans la Lange Gasthuisstraat\/la Courte, ensuite la Longue rue de l\u2019H\u00f4pital, jusqu&rsquo;au N\u00b0 19: le <a href=\"https:\/\/rubens-antwerpen.be\/fr\/home\/sud\/mayer-van-den-bergh\/\">Mus\u00e9e Mayer van den Bergh<\/a>.<\/strong><\/span><\/li>\n<\/ul>\n\t\t\t\t\t\t\t\t<\/div>\n\t\t\t\t<\/div>\n\t\t\t\t\t<\/div>\n\t\t\t\t<\/div>\n\t\t\t\t<\/div>\n\t\t","protected":false},"excerpt":{"rendered":"<p>Une chaire du 19\u00e8me si\u00e8cle : J.F. van Geel J.B. van Hool J\u00e9sus leur dit [\u00e0 Pierre et Andr\u00e9] : [&hellip;]<\/p>\n","protected":false},"author":1,"featured_media":0,"parent":3134,"menu_order":162,"comment_status":"closed","ping_status":"closed","template":"","meta":{"site-sidebar-layout":"no-sidebar","site-content-layout":"","ast-site-content-layout":"full-width-container","site-content-style":"default","site-sidebar-style":"default","ast-global-header-display":"","ast-banner-title-visibility":"","ast-main-header-display":"","ast-hfb-above-header-display":"","ast-hfb-below-header-display":"","ast-hfb-mobile-header-display":"","site-post-title":"disabled","ast-breadcrumbs-content":"","ast-featured-img":"disabled","footer-sml-layout":"","ast-disable-related-posts":"","theme-transparent-header-meta":"","adv-header-id-meta":"","stick-header-meta":"","header-above-stick-meta":"","header-main-stick-meta":"","header-below-stick-meta":"","astra-migrate-meta-layouts":"default","ast-page-background-enabled":"default","ast-page-background-meta":{"desktop":{"background-color":"var(--ast-global-color-4)","background-image":"","background-repeat":"repeat","background-position":"center center","background-size":"auto","background-attachment":"scroll","background-type":"","background-media":"","overlay-type":"","overlay-color":"","overlay-opacity":"","overlay-gradient":""},"tablet":{"background-color":"","background-image":"","background-repeat":"repeat","background-position":"center center","background-size":"auto","background-attachment":"scroll","background-type":"","background-media":"","overlay-type":"","overlay-color":"","overlay-opacity":"","overlay-gradient":""},"mobile":{"background-color":"","background-image":"","background-repeat":"repeat","background-position":"center center","background-size":"auto","background-attachment":"scroll","background-type":"","background-media":"","overlay-type":"","overlay-color":"","overlay-opacity":"","overlay-gradient":""}},"ast-content-background-meta":{"desktop":{"background-color":"var(--ast-global-color-5)","background-image":"","background-repeat":"repeat","background-position":"center center","background-size":"auto","background-attachment":"scroll","background-type":"","background-media":"","overlay-type":"","overlay-color":"","overlay-opacity":"","overlay-gradient":""},"tablet":{"background-color":"var(--ast-global-color-5)","background-image":"","background-repeat":"repeat","background-position":"center center","background-size":"auto","background-attachment":"scroll","background-type":"","background-media":"","overlay-type":"","overlay-color":"","overlay-opacity":"","overlay-gradient":""},"mobile":{"background-color":"var(--ast-global-color-5)","background-image":"","background-repeat":"repeat","background-position":"center center","background-size":"auto","background-attachment":"scroll","background-type":"","background-media":"","overlay-type":"","overlay-color":"","overlay-opacity":"","overlay-gradient":""}},"footnotes":""},"class_list":["post-3138","page","type-page","status-publish","hentry"],"aioseo_notices":[],"_links":{"self":[{"href":"https:\/\/rubens-antwerpen.be\/fr\/wp-json\/wp\/v2\/pages\/3138","targetHints":{"allow":["GET"]}}],"collection":[{"href":"https:\/\/rubens-antwerpen.be\/fr\/wp-json\/wp\/v2\/pages"}],"about":[{"href":"https:\/\/rubens-antwerpen.be\/fr\/wp-json\/wp\/v2\/types\/page"}],"author":[{"embeddable":true,"href":"https:\/\/rubens-antwerpen.be\/fr\/wp-json\/wp\/v2\/users\/1"}],"replies":[{"embeddable":true,"href":"https:\/\/rubens-antwerpen.be\/fr\/wp-json\/wp\/v2\/comments?post=3138"}],"version-history":[{"count":8,"href":"https:\/\/rubens-antwerpen.be\/fr\/wp-json\/wp\/v2\/pages\/3138\/revisions"}],"predecessor-version":[{"id":5460,"href":"https:\/\/rubens-antwerpen.be\/fr\/wp-json\/wp\/v2\/pages\/3138\/revisions\/5460"}],"up":[{"embeddable":true,"href":"https:\/\/rubens-antwerpen.be\/fr\/wp-json\/wp\/v2\/pages\/3134"}],"wp:attachment":[{"href":"https:\/\/rubens-antwerpen.be\/fr\/wp-json\/wp\/v2\/media?parent=3138"}],"curies":[{"name":"wp","href":"https:\/\/api.w.org\/{rel}","templated":true}]}}