{"id":3142,"date":"2024-06-19T15:47:24","date_gmt":"2024-06-19T13:47:24","guid":{"rendered":"https:\/\/rubens-antwerpen.be\/home\/sud\/mayer-van-den-bergh\/cornelis-de-vos-portraits-de-famille-vekemans\/"},"modified":"2025-06-19T15:37:22","modified_gmt":"2025-06-19T13:37:22","slug":"cornelis-de-vos-portraits-de-famille-vekemans","status":"publish","type":"page","link":"https:\/\/rubens-antwerpen.be\/fr\/home\/sud\/mayer-van-den-bergh\/cornelis-de-vos-portraits-de-famille-vekemans\/","title":{"rendered":"Cornelis De Vos: portraits de famille Vekemans"},"content":{"rendered":"\t\t<div data-elementor-type=\"wp-page\" data-elementor-id=\"3142\" class=\"elementor elementor-3142 elementor-869\">\n\t\t\t\t<div class=\"elementor-element elementor-element-ad42995 e-flex e-con-boxed e-con e-parent\" data-id=\"ad42995\" data-element_type=\"container\" data-e-type=\"container\">\n\t\t\t\t\t<div class=\"e-con-inner\">\n\t\t\t\t<div class=\"elementor-element elementor-element-dbf73d7 elementor-widget elementor-widget-heading\" data-id=\"dbf73d7\" data-element_type=\"widget\" data-e-type=\"widget\" data-widget_type=\"heading.default\">\n\t\t\t\t<div class=\"elementor-widget-container\">\n\t\t\t\t\t<h2 class=\"elementor-heading-title elementor-size-default\">Cornelis de Vos : Portraits de famille, les enfants Vekemans<\/h2>\t\t\t\t<\/div>\n\t\t\t\t<\/div>\n\t\t\t\t\t<\/div>\n\t\t\t\t<\/div>\n\t\t<div class=\"elementor-element elementor-element-b0ea2c7 e-flex e-con-boxed e-con e-parent\" data-id=\"b0ea2c7\" data-element_type=\"container\" data-e-type=\"container\">\n\t\t\t\t\t<div class=\"e-con-inner\">\n\t\t\t\t<div class=\"elementor-element elementor-element-0beb672 elementor-widget elementor-widget-text-editor\" data-id=\"0beb672\" data-element_type=\"widget\" data-e-type=\"widget\" data-widget_type=\"text-editor.default\">\n\t\t\t\t<div class=\"elementor-widget-container\">\n\t\t\t\t\t\t\t\t\t<p style=\"text-align: justify;\"><span style=\"color: #008000;\"><strong>Au Mus\u00e9e Mayer van de Bergh: allez dans la salle 2 &#8211; Peintres Baroques<\/strong><\/span><\/p>\n<p><\/p>\n<p style=\"text-align: justify;\"><a href=\"http:\/\/rubens-antwerpen.be\/wp-content\/uploads\/171P-MMB-CDV-Kinderen-Vekemans.jpg\"><img fetchpriority=\"high\" decoding=\"async\" class=\"alignleft wp-image-546 size-medium\" src=\"http:\/\/rubens-antwerpen.be\/wp-content\/uploads\/171P-MMB-CDV-Kinderen-Vekemans-300x203.jpg\" alt=\"\" width=\"300\" height=\"203\" srcset=\"https:\/\/rubens-antwerpen.be\/wp-content\/uploads\/171P-MMB-CDV-Kinderen-Vekemans-300x203.jpg 300w, https:\/\/rubens-antwerpen.be\/wp-content\/uploads\/171P-MMB-CDV-Kinderen-Vekemans-768x519.jpg 768w, https:\/\/rubens-antwerpen.be\/wp-content\/uploads\/171P-MMB-CDV-Kinderen-Vekemans.jpg 1024w\" sizes=\"(max-width: 300px) 100vw, 300px\" \/><\/a><\/p>\n<p><\/p>\n<p style=\"text-align: justify;\"><em>Choyez les liens familiaux et soyez les bienvenus dans une atmosph\u00e8re chaleureuse.<\/em><\/p>\n<p><\/p>\n<hr \/>\n<p><\/p>\n<p style=\"text-align: justify;\">M\u00eame si ces portraits ont 400 ans (ils sont dat\u00e9s de 1624 au plus tard) et que notre vestimentaire est radicalement diff\u00e9rente, nous pouvons reconna\u00eetre ce qu&rsquo;ils repr\u00e9sentent: le bonheur familial.<\/p>\n<p><\/p>\n<p style=\"text-align: justify;\">Les parents ais\u00e9s, commer\u00e7ants ou &#8211; oui, les peintres eux-m\u00eames &#8211; se laissent peindre en portrait de famille, en un groupe, ou dans ce cas, en tableaux individuels, y compris ceux des plus jeunes. Un <em>souvenir pour plus tard<\/em> d&rsquo;une enfance insouciante, un <em>joyau <\/em>qui pouvait orner le salon et impressionner le visiteur comme signe ext\u00e9rieur de prosp\u00e9rit\u00e9, projetant par l\u00e0 l\u2019image id\u00e9ale du mariage harmonieux, visant \u00e0 agrandir la famille.<\/p>\n<p><\/p>\n<p style=\"text-align: justify;\">Le peintre Cornelis de Vos en a fait sa sp\u00e9cialit\u00e9. D&rsquo;apr\u00e8s ce que l&rsquo;on sait de lui, il poss\u00e9dait une personnalit\u00e9 \u00e9quilibr\u00e9e, de sorte qu&rsquo;il y avait une parfaite harmonie entre les souhaits des clients et son savoir-faire de peintre: repr\u00e9senter ce que l&rsquo;on voit.<\/p>\n<p><\/p>\n<p style=\"text-align: justify;\">Il est l&rsquo;un des premiers \u00e0 laisser les enfants \u00eatre des enfants et non des adultes miniatures. Il capte m\u00e9ticuleusement leur expression spontan\u00e9e et leur regard ouvert. Les tissus somptueux ne sont pas destin\u00e9s \u00e0 la plaine de jeux mais sugg\u00e8rent qu&rsquo;il s&rsquo;agit d&rsquo;articles de mode pour adultes en taille \u2018XS\/enfants\u2019.<\/p>\n<p><\/p>\n<p style=\"text-align: justify;\">Les doutes subsistent sur quels enfants Vekemans nous regardent d&rsquo;une mani\u00e8re si actuelle. Le gar\u00e7on serait Fran\u00e7ois \u00e0 l&rsquo;\u00e2ge de quatre ou cinq ans (car Jean a son propre portrait); pour la fille, il s&rsquo;agirait soit d&rsquo;Elisabeth, \u00e0 huit ans, soit de sa s\u0153ur cadette Cornelia. Peu de temps apr\u00e8s la r\u00e9alisation de ces portraits, le p\u00e8re Joris ou Georges s&rsquo;\u00e9teint \u00e0 l&rsquo;\u00e2ge de 35 ans; les filles elles, n&rsquo;ont atteint que l\u2019\u00e2ge de onze et dix-sept ans.<\/p>\n<p><\/p>\n<p style=\"text-align: justify;\">Dans ces charmants portraits ce c\u00f4t\u00e9 sombre de l&rsquo;existence reste absent; leur personnalit\u00e9 intime, dans la mesure o\u00f9 elle s&rsquo;est d\u00e9velopp\u00e9e \u00e0 leur jeune \u00e2ge, ne trouve pas son expression non plus. Il faudra attendre van Dyck pour sugg\u00e9rer une couche plus profonde sous la peinture mat\u00e9rielle.<\/p>\n<p><\/p>\n<p style=\"text-align: justify;\"><span style=\"color: #008000;\"><strong>Au Mus\u00e9e Mayer van den Bergh: <a href=\"https:\/\/rubens-antwerpen.be\/fr\/home\/sud\/mayer-van-den-bergh\/daniel-seghers-fleurs-dans-un-vase\/\">restez dans la m\u00eame salle<\/a><\/strong><\/span><\/p>\n\t\t\t\t\t\t\t\t<\/div>\n\t\t\t\t<\/div>\n\t\t\t\t\t<\/div>\n\t\t\t\t<\/div>\n\t\t\t\t<\/div>\n\t\t","protected":false},"excerpt":{"rendered":"<p>Cornelis de Vos : Portraits de famille, les enfants Vekemans Au Mus\u00e9e Mayer van de Bergh: allez dans la salle [&hellip;]<\/p>\n","protected":false},"author":1,"featured_media":0,"parent":3140,"menu_order":171,"comment_status":"closed","ping_status":"closed","template":"","meta":{"site-sidebar-layout":"no-sidebar","site-content-layout":"","ast-site-content-layout":"full-width-container","site-content-style":"default","site-sidebar-style":"default","ast-global-header-display":"","ast-banner-title-visibility":"","ast-main-header-display":"","ast-hfb-above-header-display":"","ast-hfb-below-header-display":"","ast-hfb-mobile-header-display":"","site-post-title":"disabled","ast-breadcrumbs-content":"","ast-featured-img":"disabled","footer-sml-layout":"","ast-disable-related-posts":"","theme-transparent-header-meta":"","adv-header-id-meta":"","stick-header-meta":"","header-above-stick-meta":"","header-main-stick-meta":"","header-below-stick-meta":"","astra-migrate-meta-layouts":"default","ast-page-background-enabled":"default","ast-page-background-meta":{"desktop":{"background-color":"var(--ast-global-color-4)","background-image":"","background-repeat":"repeat","background-position":"center center","background-size":"auto","background-attachment":"scroll","background-type":"","background-media":"","overlay-type":"","overlay-color":"","overlay-opacity":"","overlay-gradient":""},"tablet":{"background-color":"","background-image":"","background-repeat":"repeat","background-position":"center center","background-size":"auto","background-attachment":"scroll","background-type":"","background-media":"","overlay-type":"","overlay-color":"","overlay-opacity":"","overlay-gradient":""},"mobile":{"background-color":"","background-image":"","background-repeat":"repeat","background-position":"center center","background-size":"auto","background-attachment":"scroll","background-type":"","background-media":"","overlay-type":"","overlay-color":"","overlay-opacity":"","overlay-gradient":""}},"ast-content-background-meta":{"desktop":{"background-color":"var(--ast-global-color-5)","background-image":"","background-repeat":"repeat","background-position":"center center","background-size":"auto","background-attachment":"scroll","background-type":"","background-media":"","overlay-type":"","overlay-color":"","overlay-opacity":"","overlay-gradient":""},"tablet":{"background-color":"var(--ast-global-color-5)","background-image":"","background-repeat":"repeat","background-position":"center center","background-size":"auto","background-attachment":"scroll","background-type":"","background-media":"","overlay-type":"","overlay-color":"","overlay-opacity":"","overlay-gradient":""},"mobile":{"background-color":"var(--ast-global-color-5)","background-image":"","background-repeat":"repeat","background-position":"center center","background-size":"auto","background-attachment":"scroll","background-type":"","background-media":"","overlay-type":"","overlay-color":"","overlay-opacity":"","overlay-gradient":""}},"footnotes":""},"class_list":["post-3142","page","type-page","status-publish","hentry"],"aioseo_notices":[],"_links":{"self":[{"href":"https:\/\/rubens-antwerpen.be\/fr\/wp-json\/wp\/v2\/pages\/3142","targetHints":{"allow":["GET"]}}],"collection":[{"href":"https:\/\/rubens-antwerpen.be\/fr\/wp-json\/wp\/v2\/pages"}],"about":[{"href":"https:\/\/rubens-antwerpen.be\/fr\/wp-json\/wp\/v2\/types\/page"}],"author":[{"embeddable":true,"href":"https:\/\/rubens-antwerpen.be\/fr\/wp-json\/wp\/v2\/users\/1"}],"replies":[{"embeddable":true,"href":"https:\/\/rubens-antwerpen.be\/fr\/wp-json\/wp\/v2\/comments?post=3142"}],"version-history":[{"count":6,"href":"https:\/\/rubens-antwerpen.be\/fr\/wp-json\/wp\/v2\/pages\/3142\/revisions"}],"predecessor-version":[{"id":5464,"href":"https:\/\/rubens-antwerpen.be\/fr\/wp-json\/wp\/v2\/pages\/3142\/revisions\/5464"}],"up":[{"embeddable":true,"href":"https:\/\/rubens-antwerpen.be\/fr\/wp-json\/wp\/v2\/pages\/3140"}],"wp:attachment":[{"href":"https:\/\/rubens-antwerpen.be\/fr\/wp-json\/wp\/v2\/media?parent=3142"}],"curies":[{"name":"wp","href":"https:\/\/api.w.org\/{rel}","templated":true}]}}