{"id":3146,"date":"2024-06-11T13:10:15","date_gmt":"2024-06-11T11:10:15","guid":{"rendered":"https:\/\/rubens-antwerpen.be\/home\/sud\/maagdenhuis-maison-des-orphelines\/"},"modified":"2025-08-19T16:47:11","modified_gmt":"2025-08-19T14:47:11","slug":"maagdenhuis-maison-des-orphelines","status":"publish","type":"page","link":"https:\/\/rubens-antwerpen.be\/fr\/home\/sud\/maagdenhuis-maison-des-orphelines\/","title":{"rendered":"Maagdenhuis (Maison des orphelines)"},"content":{"rendered":"\t\t<div data-elementor-type=\"wp-page\" data-elementor-id=\"3146\" class=\"elementor elementor-3146 elementor-758\">\n\t\t\t\t<div class=\"elementor-element elementor-element-ad42995 e-flex e-con-boxed e-con e-parent\" data-id=\"ad42995\" data-element_type=\"container\" data-e-type=\"container\">\n\t\t\t\t\t<div class=\"e-con-inner\">\n\t\t\t\t<div class=\"elementor-element elementor-element-dbf73d7 elementor-widget elementor-widget-heading\" data-id=\"dbf73d7\" data-element_type=\"widget\" data-e-type=\"widget\" data-widget_type=\"heading.default\">\n\t\t\t\t<div class=\"elementor-widget-container\">\n\t\t\t\t\t<h2 class=\"elementor-heading-title elementor-size-default\">Lange Gasthuisstraat (Longue rue de l\u2019H\u00f4pital) : Maagdenhuis (Maison des orphelines)<\/h2>\t\t\t\t<\/div>\n\t\t\t\t<\/div>\n\t\t\t\t\t<\/div>\n\t\t\t\t<\/div>\n\t\t<div class=\"elementor-element elementor-element-a444f7f e-flex e-con-boxed e-con e-parent\" data-id=\"a444f7f\" data-element_type=\"container\" data-e-type=\"container\">\n\t\t\t\t\t<div class=\"e-con-inner\">\n\t\t<div class=\"elementor-element elementor-element-8276572 e-con-full e-flex e-con e-child\" data-id=\"8276572\" data-element_type=\"container\" data-e-type=\"container\">\n\t\t\t\t<div class=\"elementor-element elementor-element-2ee6a60 elementor-widget elementor-widget-image\" data-id=\"2ee6a60\" data-element_type=\"widget\" data-e-type=\"widget\" data-widget_type=\"image.default\">\n\t\t\t\t<div class=\"elementor-widget-container\">\n\t\t\t\t\t\t\t\t\t\t\t\t\t\t\t\t<a href=\"https:\/\/rubens-antwerpen.be\/wp-content\/uploads\/180P-Maagdenhuis.jpg\" data-elementor-open-lightbox=\"yes\" data-elementor-lightbox-title=\"180P Maagdenhuis\" data-e-action-hash=\"#elementor-action%3Aaction%3Dlightbox%26settings%3DeyJpZCI6MjAzOCwidXJsIjoiaHR0cHM6XC9cL3J1YmVucy1hbnR3ZXJwZW4uYmVcL3dwLWNvbnRlbnRcL3VwbG9hZHNcLzE4MFAtTWFhZ2Rlbmh1aXMuanBnIn0%3D\">\n\t\t\t\t\t\t\t<img fetchpriority=\"high\" decoding=\"async\" width=\"300\" height=\"300\" src=\"https:\/\/rubens-antwerpen.be\/wp-content\/uploads\/180P-Maagdenhuis-300x300.jpg\" class=\"attachment-medium size-medium wp-image-2038\" alt=\"\" srcset=\"https:\/\/rubens-antwerpen.be\/wp-content\/uploads\/180P-Maagdenhuis-300x300.jpg 300w, https:\/\/rubens-antwerpen.be\/wp-content\/uploads\/180P-Maagdenhuis-150x150.jpg 150w, https:\/\/rubens-antwerpen.be\/wp-content\/uploads\/180P-Maagdenhuis-768x768.jpg 768w, https:\/\/rubens-antwerpen.be\/wp-content\/uploads\/180P-Maagdenhuis.jpg 1024w\" sizes=\"(max-width: 300px) 100vw, 300px\" \/>\t\t\t\t\t\t\t\t<\/a>\n\t\t\t\t\t\t\t\t\t\t\t\t\t\t\t<\/div>\n\t\t\t\t<\/div>\n\t\t\t\t<\/div>\n\t\t<div class=\"elementor-element elementor-element-be16ed3 e-con-full e-flex e-con e-child\" data-id=\"be16ed3\" data-element_type=\"container\" data-e-type=\"container\">\n\t\t\t\t<div class=\"elementor-element elementor-element-65a1de8 elementor-widget elementor-widget-text-editor\" data-id=\"65a1de8\" data-element_type=\"widget\" data-e-type=\"widget\" data-widget_type=\"text-editor.default\">\n\t\t\t\t<div class=\"elementor-widget-container\">\n\t\t\t\t\t\t\t\t\t<p style=\"text-align: justify;\"><span style=\"color: #008000;\"><strong>Le Maagdenhuis\/la Maison des orphelines, au n\u00b0 33 de la Lange Gasthuisstraat\/Longue rue de l\u2019H\u00f4pital, est aujourd&rsquo;hui le si\u00e8ge administratif du CPAS, Centre public d&rsquo;action sociale.<br \/>\nEn tant que mus\u00e9e, elle est \u00e0 la recherche d&rsquo;une nouvelle affectation.<br \/>\nSi la maison est accessible, rendez-vous \u00e0 la chapelle puis \u00e0 la Van der Meerezaal, pour vous rapprocher au plus pr\u00e8s d&rsquo;un tableau de Jordaens.<\/strong><\/span><\/p>\n<p><\/p>\n<p style=\"text-align: justify;\"><span style=\"color: #008000;\"><strong>TOUTEFOIS\u00a0: nous continuons \u00e0 vous offrir ces \u0153uvres en ligne.<\/strong><\/span><\/p>\n\t\t\t\t\t\t\t\t<\/div>\n\t\t\t\t<\/div>\n\t\t\t\t<\/div>\n\t\t<div class=\"elementor-element elementor-element-b3232d1 e-con-full e-flex e-con e-child\" data-id=\"b3232d1\" data-element_type=\"container\" data-e-type=\"container\">\n\t\t\t\t<div class=\"elementor-element elementor-element-4056685 elementor-widget elementor-widget-image\" data-id=\"4056685\" data-element_type=\"widget\" data-e-type=\"widget\" data-widget_type=\"image.default\">\n\t\t\t\t<div class=\"elementor-widget-container\">\n\t\t\t\t\t\t\t\t\t\t\t\t\t\t\t\t<a href=\"https:\/\/www.rubens-antwerpen.be\/wp-content\/uploads\/181P-MHS-AVN-Presentatie-Maria.jpg%20\">\n\t\t\t\t\t\t\t<img decoding=\"async\" width=\"300\" height=\"300\" src=\"https:\/\/rubens-antwerpen.be\/wp-content\/uploads\/181Z-MHS-AVN-Presentatie-Maria.jpg\" class=\"attachment-medium size-medium wp-image-2053\" alt=\"\" srcset=\"https:\/\/rubens-antwerpen.be\/wp-content\/uploads\/181Z-MHS-AVN-Presentatie-Maria.jpg 300w, https:\/\/rubens-antwerpen.be\/wp-content\/uploads\/181Z-MHS-AVN-Presentatie-Maria-150x150.jpg 150w\" sizes=\"(max-width: 300px) 100vw, 300px\" \/>\t\t\t\t\t\t\t\t<\/a>\n\t\t\t\t\t\t\t\t\t\t\t\t\t\t\t<\/div>\n\t\t\t\t<\/div>\n\t\t\t\t<div class=\"elementor-element elementor-element-6ddea38 elementor-widget elementor-widget-text-editor\" data-id=\"6ddea38\" data-element_type=\"widget\" data-e-type=\"widget\" data-widget_type=\"text-editor.default\">\n\t\t\t\t<div class=\"elementor-widget-container\">\n\t\t\t\t\t\t\t\t\t<p style=\"text-align: center;\"><a href=\"https:\/\/rubens-antwerpen.be\/fr\/home\/sud\/maagdenhuis-maison-des-orphelines\/adam-van-noort-presentation-de-marie\/\">Adam van Noort:<br \/>\nPr\u00e9sentation de Marie<\/a><\/p>\n<audio class=\"wp-audio-shortcode\" id=\"audio-3146-1\" preload=\"none\" style=\"width: 100%;\" controls=\"controls\"><source type=\"audio\/mpeg\" src=\"http:\/\/rubens-antwerpen.be\/wp-content\/uploads\/181F-AVN-PresentatieMaria.mp3?_=1\" \/><a href=\"http:\/\/rubens-antwerpen.be\/wp-content\/uploads\/181F-AVN-PresentatieMaria.mp3\">http:\/\/rubens-antwerpen.be\/wp-content\/uploads\/181F-AVN-PresentatieMaria.mp3<\/a><\/audio>\n\t\t\t\t\t\t\t\t<\/div>\n\t\t\t\t<\/div>\n\t\t\t\t<\/div>\n\t\t<div class=\"elementor-element elementor-element-6e8552c e-con-full e-flex e-con e-child\" data-id=\"6e8552c\" data-element_type=\"container\" data-e-type=\"container\">\n\t\t\t\t<div class=\"elementor-element elementor-element-dc47e7d elementor-widget elementor-widget-image\" data-id=\"dc47e7d\" data-element_type=\"widget\" data-e-type=\"widget\" data-widget_type=\"image.default\">\n\t\t\t\t<div class=\"elementor-widget-container\">\n\t\t\t\t\t\t\t\t\t\t\t\t\t\t\t\t<a href=\"https:\/\/www.rubens-antwerpen.be\/wp-content\/uploads\/182P-MHS-JJO-Wassing-zalving-Christus.jpg%20\">\n\t\t\t\t\t\t\t<img decoding=\"async\" width=\"300\" height=\"300\" src=\"https:\/\/rubens-antwerpen.be\/wp-content\/uploads\/182Z-MHS-JJO-wassing-zalving-Christus.jpg\" class=\"attachment-medium size-medium wp-image-2062\" alt=\"\" srcset=\"https:\/\/rubens-antwerpen.be\/wp-content\/uploads\/182Z-MHS-JJO-wassing-zalving-Christus.jpg 300w, https:\/\/rubens-antwerpen.be\/wp-content\/uploads\/182Z-MHS-JJO-wassing-zalving-Christus-150x150.jpg 150w\" sizes=\"(max-width: 300px) 100vw, 300px\" \/>\t\t\t\t\t\t\t\t<\/a>\n\t\t\t\t\t\t\t\t\t\t\t\t\t\t\t<\/div>\n\t\t\t\t<\/div>\n\t\t\t\t<div class=\"elementor-element elementor-element-30c9567 elementor-widget elementor-widget-text-editor\" data-id=\"30c9567\" data-element_type=\"widget\" data-e-type=\"widget\" data-widget_type=\"text-editor.default\">\n\t\t\t\t<div class=\"elementor-widget-container\">\n\t\t\t\t\t\t\t\t\t<p style=\"text-align: center;\"><a href=\"https:\/\/rubens-antwerpen.be\/fr\/home\/sud\/maagdenhuis-maison-des-orphelines\/jordaens-lavage-et-onction-du-christ\/\">Jacques Jordaens:\r\nLavage et onction du corps du Christ<\/a><\/p><br><audio class=\"wp-audio-shortcode\" id=\"audio-3146-2\" preload=\"none\" style=\"width: 100%;\" controls=\"controls\"><source type=\"audio\/mpeg\" src=\"http:\/\/rubens-antwerpen.be\/wp-content\/uploads\/182F-JJO-WassingEnZalving.mp3?_=2\" \/><a href=\"http:\/\/rubens-antwerpen.be\/wp-content\/uploads\/182F-JJO-WassingEnZalving.mp3\">http:\/\/rubens-antwerpen.be\/wp-content\/uploads\/182F-JJO-WassingEnZalving.mp3<\/a><\/audio>\t\t\t\t\t\t\t\t<\/div>\n\t\t\t\t<\/div>\n\t\t\t\t<\/div>\n\t\t\t\t\t<\/div>\n\t\t\t\t<\/div>\n\t\t\t\t<\/div>\n\t\t","protected":false},"excerpt":{"rendered":"<p>Lange Gasthuisstraat (Longue rue de l\u2019H\u00f4pital) : Maagdenhuis (Maison des orphelines) Le Maagdenhuis\/la Maison des orphelines, au n\u00b0 33 de [&hellip;]<\/p>\n","protected":false},"author":1,"featured_media":0,"parent":3116,"menu_order":180,"comment_status":"closed","ping_status":"closed","template":"","meta":{"site-sidebar-layout":"no-sidebar","site-content-layout":"","ast-site-content-layout":"full-width-container","site-content-style":"default","site-sidebar-style":"default","ast-global-header-display":"","ast-banner-title-visibility":"","ast-main-header-display":"","ast-hfb-above-header-display":"","ast-hfb-below-header-display":"","ast-hfb-mobile-header-display":"","site-post-title":"","ast-breadcrumbs-content":"","ast-featured-img":"disabled","footer-sml-layout":"","ast-disable-related-posts":"","theme-transparent-header-meta":"","adv-header-id-meta":"","stick-header-meta":"","header-above-stick-meta":"","header-main-stick-meta":"","header-below-stick-meta":"","astra-migrate-meta-layouts":"default","ast-page-background-enabled":"default","ast-page-background-meta":{"desktop":{"background-color":"var(--ast-global-color-4)","background-image":"","background-repeat":"repeat","background-position":"center center","background-size":"auto","background-attachment":"scroll","background-type":"","background-media":"","overlay-type":"","overlay-color":"","overlay-opacity":"","overlay-gradient":""},"tablet":{"background-color":"","background-image":"","background-repeat":"repeat","background-position":"center center","background-size":"auto","background-attachment":"scroll","background-type":"","background-media":"","overlay-type":"","overlay-color":"","overlay-opacity":"","overlay-gradient":""},"mobile":{"background-color":"","background-image":"","background-repeat":"repeat","background-position":"center center","background-size":"auto","background-attachment":"scroll","background-type":"","background-media":"","overlay-type":"","overlay-color":"","overlay-opacity":"","overlay-gradient":""}},"ast-content-background-meta":{"desktop":{"background-color":"var(--ast-global-color-5)","background-image":"","background-repeat":"repeat","background-position":"center center","background-size":"auto","background-attachment":"scroll","background-type":"","background-media":"","overlay-type":"","overlay-color":"","overlay-opacity":"","overlay-gradient":""},"tablet":{"background-color":"var(--ast-global-color-5)","background-image":"","background-repeat":"repeat","background-position":"center center","background-size":"auto","background-attachment":"scroll","background-type":"","background-media":"","overlay-type":"","overlay-color":"","overlay-opacity":"","overlay-gradient":""},"mobile":{"background-color":"var(--ast-global-color-5)","background-image":"","background-repeat":"repeat","background-position":"center center","background-size":"auto","background-attachment":"scroll","background-type":"","background-media":"","overlay-type":"","overlay-color":"","overlay-opacity":"","overlay-gradient":""}},"footnotes":""},"class_list":["post-3146","page","type-page","status-publish","hentry"],"aioseo_notices":[],"_links":{"self":[{"href":"https:\/\/rubens-antwerpen.be\/fr\/wp-json\/wp\/v2\/pages\/3146","targetHints":{"allow":["GET"]}}],"collection":[{"href":"https:\/\/rubens-antwerpen.be\/fr\/wp-json\/wp\/v2\/pages"}],"about":[{"href":"https:\/\/rubens-antwerpen.be\/fr\/wp-json\/wp\/v2\/types\/page"}],"author":[{"embeddable":true,"href":"https:\/\/rubens-antwerpen.be\/fr\/wp-json\/wp\/v2\/users\/1"}],"replies":[{"embeddable":true,"href":"https:\/\/rubens-antwerpen.be\/fr\/wp-json\/wp\/v2\/comments?post=3146"}],"version-history":[{"count":17,"href":"https:\/\/rubens-antwerpen.be\/fr\/wp-json\/wp\/v2\/pages\/3146\/revisions"}],"predecessor-version":[{"id":6243,"href":"https:\/\/rubens-antwerpen.be\/fr\/wp-json\/wp\/v2\/pages\/3146\/revisions\/6243"}],"up":[{"embeddable":true,"href":"https:\/\/rubens-antwerpen.be\/fr\/wp-json\/wp\/v2\/pages\/3116"}],"wp:attachment":[{"href":"https:\/\/rubens-antwerpen.be\/fr\/wp-json\/wp\/v2\/media?parent=3146"}],"curies":[{"name":"wp","href":"https:\/\/api.w.org\/{rel}","templated":true}]}}