{"id":3189,"date":"2024-06-19T15:49:22","date_gmt":"2024-06-19T13:49:22","guid":{"rendered":"https:\/\/rubens-antwerpen.be\/home\/sud\/maagdenhuis-maison-des-orphelines\/adam-van-noort-presentation-de-marie\/"},"modified":"2025-08-19T16:52:57","modified_gmt":"2025-08-19T14:52:57","slug":"adam-van-noort-presentation-de-marie","status":"publish","type":"page","link":"https:\/\/rubens-antwerpen.be\/fr\/home\/sud\/maagdenhuis-maison-des-orphelines\/adam-van-noort-presentation-de-marie\/","title":{"rendered":"Adam van Noort : Pr\u00e9sentation de Marie"},"content":{"rendered":"\t\t<div data-elementor-type=\"wp-page\" data-elementor-id=\"3189\" class=\"elementor elementor-3189 elementor-879\">\n\t\t\t\t<div class=\"elementor-element elementor-element-ad42995 e-flex e-con-boxed e-con e-parent\" data-id=\"ad42995\" data-element_type=\"container\" data-e-type=\"container\">\n\t\t\t\t\t<div class=\"e-con-inner\">\n\t\t\t\t<div class=\"elementor-element elementor-element-dbf73d7 elementor-widget elementor-widget-heading\" data-id=\"dbf73d7\" data-element_type=\"widget\" data-e-type=\"widget\" data-widget_type=\"heading.default\">\n\t\t\t\t<div class=\"elementor-widget-container\">\n\t\t\t\t\t<h2 class=\"elementor-heading-title elementor-size-default\">Ma\u00eetre Adam van Noort : Pr\u00e9sentation de Marie<\/h2>\t\t\t\t<\/div>\n\t\t\t\t<\/div>\n\t\t\t\t\t<\/div>\n\t\t\t\t<\/div>\n\t\t<div class=\"elementor-element elementor-element-0364a8a e-flex e-con-boxed e-con e-parent\" data-id=\"0364a8a\" data-element_type=\"container\" data-e-type=\"container\">\n\t\t\t\t\t<div class=\"e-con-inner\">\n\t\t\t\t<div class=\"elementor-element elementor-element-ef5d9f4 elementor-widget elementor-widget-text-editor\" data-id=\"ef5d9f4\" data-element_type=\"widget\" data-e-type=\"widget\" data-widget_type=\"text-editor.default\">\n\t\t\t\t<div class=\"elementor-widget-container\">\n\t\t\t\t\t\t\t\t\t<p style=\"text-align: justify;\"><span style=\"color: #008000;\"><strong>Au mus\u00e9e Maagdenhuis : aller dans l'(ancienne) chapelle, si elle est accessible.<\/strong><\/span><\/p>\n<p><\/p>\n<p style=\"text-align: justify;\"><a href=\"https:\/\/rubens-antwerpen.be\/wp-content\/uploads\/181P-MHS-AVN-Presentatie-Maria.jpg\"><img fetchpriority=\"high\" decoding=\"async\" class=\"alignleft wp-image-555 size-medium\" src=\"http:\/\/rubens-antwerpen.be\/wp-content\/uploads\/181P-MHS-AVN-Presentatie-Maria-265x300.jpg\" alt=\"\" width=\"300\" height=\"270\" \/><\/a><\/p>\n<p><\/p>\n<p style=\"text-align: justify;\"><em>Encore Carel Van Mander en 1604 \u00e0 propos d&rsquo;Adam van Noort &#8230; \u00ab qui est aussi un peintre de figures dou\u00e9 \u00bb.<\/em><\/p>\n<p><\/p>\n<hr \/>\n<p><\/p>\n<p style=\"text-align: justify;\">Le <em>Maagdenhuis<\/em>, qui f\u00fbt l&rsquo;orphelinat pour filles d&rsquo;Anvers pendant plus de 300 ans (1552 \u00e0 1882), poss\u00e8de une collection consid\u00e9rable de peintures pr\u00e9cieuses, aux sujets li\u00e9s \u00e0 son r\u00f4le historique dans l&rsquo;histoire sociale de la ville. Aujourd&rsquo;hui, il remplit un r\u00f4le de mus\u00e9e o\u00f9 nous pouvons y rencontrer le deuxi\u00e8me ma\u00eetre de Rubens, Adam van Noort. L\u2019ancienne chapelle conserve encore, \u00e0 sa place d\u2019origine, une de ses \u0153uvres: \u2018<em>la Pr\u00e9sentation de la Vierge Marie\u2019.<\/em><\/p>\n<p><\/p>\n<p style=\"text-align: justify;\">Pour une bonne compr\u00e9hension du th\u00e8me: selon une vieille l\u00e9gende, Marie aurait \u00e9t\u00e9 emmen\u00e9e tr\u00e8s jeune au temple de J\u00e9rusalem par ses parents d\u00e9j\u00e0 \u00e2g\u00e9s Joachim et Anne, pour y \u00eatre \u00e9lev\u00e9e et consacr\u00e9e \u00e0 Dieu. Cette histoire absente de la Bible provient des \u00e9crits apocryphes, mais l\u2019Eglise catholique continue \u00e0 la c\u00e9l\u00e9brer cet \u00e9v\u00e8nement le 21 novembre. Avec cette f\u00eate, elle veut inspirer les filles \u00e0 se former, non seulement en connaissances et en comp\u00e9tences, mais aussi \u00e0 la vertu religieuse; ce qui explique pourquoi beaucoup d\u2019anciennes \u00e9coles pour filles portent ce nom.<\/p>\n<p><\/p>\n<p style=\"text-align: justify;\">Adam (1562-1641) apprit le m\u00e9tier aupr\u00e8s de son p\u00e8re Lambert (Amersfoort, 1521 &#8211; +Anvers 1571). Adam avait un atelier au 22 de la Hofstraat\/rue du Jardin, comptait Rubens et Van Balen parmi ses \u00e9l\u00e8ves, mais surtout, il \u00e9tait le ma\u00eetre le plus important de Jordaens, qui \u00e9galement \u00e9pousa sa fille Cath\u00e9rine le 15 mai 1616. Jordaens a peint \u00e0 plusieurs reprises sa grande famille; par comparaison, le personnage central du tableau \u00ab <em>Le roi boit <\/em>\u00bb peut \u00eatre identifi\u00e9 comme un portrait de son beau-p\u00e8re.<\/p>\n<p><\/p>\n<p style=\"text-align: justify;\">Revenons \u00e0 l\u2019 \u0153uvre et \u00e0 l&rsquo;utilisation de la couleur. Les couches de vernis ont assombri la fra\u00eecheur d&rsquo;origine. Une restauration permettrait peut-\u00eatre de raviver les couleurs fan\u00e9es . La composition se conforme aux m\u00e9thodes de travail de la fin du 16<sup>e<\/sup> si\u00e8cle: les principaux personnages au premier plan, le th\u00e8me central au milieu et sur fond gris un aper\u00e7u de l&rsquo;histoire de Joachim et Anne \u00e0 la Porte d&rsquo;Or \u00e0 J\u00e9rusalem. Un tel tableau raconte encore plusieurs chapitres d&rsquo;une m\u00eame histoire en toile de fond: plus tard, \u00e0 l&rsquo;\u00e9poque du baroque, il n&rsquo;y aura plus qu\u2019une seule <em>cover-story<\/em>.<\/p>\n<p><\/p>\n<p style=\"text-align: justify;\">Les mains des personnages ont des gestes expressifs en vis-\u00e0-vis mais gu\u00e8re envers nous en tant que spectateurs. Nous n\u2019avons pas le sentiment d\u2019\u00eatre interpell\u00e9s dans nos \u00e9motions, quoique nous trouvons ce th\u00e8me \u00e9difiant et \u00e9ducatif bien \u00e0 sa place ici.<\/p>\n<p><\/p>\n<p style=\"text-align: justify;\"><span style=\"color: #008000;\"><strong>Allez vers la <a href=\"https:\/\/rubens-antwerpen.be\/fr\/home\/sud\/maagdenhuis-maison-des-orphelines\/jordaens-lavage-et-onction-du-christ\/\">salle Vander Meerezaal<\/a><\/strong><\/span>\u00a0<span style=\"color: #008000;\"><strong>(si accessible)<\/strong><\/span><\/p>\n\t\t\t\t\t\t\t\t<\/div>\n\t\t\t\t<\/div>\n\t\t\t\t\t<\/div>\n\t\t\t\t<\/div>\n\t\t\t\t<\/div>\n\t\t","protected":false},"excerpt":{"rendered":"<p>Ma\u00eetre Adam van Noort : Pr\u00e9sentation de Marie Au mus\u00e9e Maagdenhuis : aller dans l'(ancienne) chapelle, si elle est accessible. [&hellip;]<\/p>\n","protected":false},"author":1,"featured_media":0,"parent":3146,"menu_order":181,"comment_status":"closed","ping_status":"closed","template":"","meta":{"site-sidebar-layout":"no-sidebar","site-content-layout":"","ast-site-content-layout":"full-width-container","site-content-style":"default","site-sidebar-style":"default","ast-global-header-display":"","ast-banner-title-visibility":"","ast-main-header-display":"","ast-hfb-above-header-display":"","ast-hfb-below-header-display":"","ast-hfb-mobile-header-display":"","site-post-title":"","ast-breadcrumbs-content":"","ast-featured-img":"disabled","footer-sml-layout":"","ast-disable-related-posts":"","theme-transparent-header-meta":"","adv-header-id-meta":"","stick-header-meta":"","header-above-stick-meta":"","header-main-stick-meta":"","header-below-stick-meta":"","astra-migrate-meta-layouts":"default","ast-page-background-enabled":"default","ast-page-background-meta":{"desktop":{"background-color":"var(--ast-global-color-4)","background-image":"","background-repeat":"repeat","background-position":"center center","background-size":"auto","background-attachment":"scroll","background-type":"","background-media":"","overlay-type":"","overlay-color":"","overlay-opacity":"","overlay-gradient":""},"tablet":{"background-color":"","background-image":"","background-repeat":"repeat","background-position":"center center","background-size":"auto","background-attachment":"scroll","background-type":"","background-media":"","overlay-type":"","overlay-color":"","overlay-opacity":"","overlay-gradient":""},"mobile":{"background-color":"","background-image":"","background-repeat":"repeat","background-position":"center center","background-size":"auto","background-attachment":"scroll","background-type":"","background-media":"","overlay-type":"","overlay-color":"","overlay-opacity":"","overlay-gradient":""}},"ast-content-background-meta":{"desktop":{"background-color":"var(--ast-global-color-5)","background-image":"","background-repeat":"repeat","background-position":"center center","background-size":"auto","background-attachment":"scroll","background-type":"","background-media":"","overlay-type":"","overlay-color":"","overlay-opacity":"","overlay-gradient":""},"tablet":{"background-color":"var(--ast-global-color-5)","background-image":"","background-repeat":"repeat","background-position":"center center","background-size":"auto","background-attachment":"scroll","background-type":"","background-media":"","overlay-type":"","overlay-color":"","overlay-opacity":"","overlay-gradient":""},"mobile":{"background-color":"var(--ast-global-color-5)","background-image":"","background-repeat":"repeat","background-position":"center center","background-size":"auto","background-attachment":"scroll","background-type":"","background-media":"","overlay-type":"","overlay-color":"","overlay-opacity":"","overlay-gradient":""}},"footnotes":""},"class_list":["post-3189","page","type-page","status-publish","hentry"],"aioseo_notices":[],"_links":{"self":[{"href":"https:\/\/rubens-antwerpen.be\/fr\/wp-json\/wp\/v2\/pages\/3189","targetHints":{"allow":["GET"]}}],"collection":[{"href":"https:\/\/rubens-antwerpen.be\/fr\/wp-json\/wp\/v2\/pages"}],"about":[{"href":"https:\/\/rubens-antwerpen.be\/fr\/wp-json\/wp\/v2\/types\/page"}],"author":[{"embeddable":true,"href":"https:\/\/rubens-antwerpen.be\/fr\/wp-json\/wp\/v2\/users\/1"}],"replies":[{"embeddable":true,"href":"https:\/\/rubens-antwerpen.be\/fr\/wp-json\/wp\/v2\/comments?post=3189"}],"version-history":[{"count":12,"href":"https:\/\/rubens-antwerpen.be\/fr\/wp-json\/wp\/v2\/pages\/3189\/revisions"}],"predecessor-version":[{"id":6252,"href":"https:\/\/rubens-antwerpen.be\/fr\/wp-json\/wp\/v2\/pages\/3189\/revisions\/6252"}],"up":[{"embeddable":true,"href":"https:\/\/rubens-antwerpen.be\/fr\/wp-json\/wp\/v2\/pages\/3146"}],"wp:attachment":[{"href":"https:\/\/rubens-antwerpen.be\/fr\/wp-json\/wp\/v2\/media?parent=3189"}],"curies":[{"name":"wp","href":"https:\/\/api.w.org\/{rel}","templated":true}]}}