{"id":3191,"date":"2024-06-19T15:50:07","date_gmt":"2024-06-19T13:50:07","guid":{"rendered":"https:\/\/rubens-antwerpen.be\/home\/sud\/maagdenhuis-maison-des-orphelines\/jordaens-lavage-et-onction-du-christ\/"},"modified":"2025-08-19T16:57:02","modified_gmt":"2025-08-19T14:57:02","slug":"jordaens-lavage-et-onction-du-christ","status":"publish","type":"page","link":"https:\/\/rubens-antwerpen.be\/fr\/home\/sud\/maagdenhuis-maison-des-orphelines\/jordaens-lavage-et-onction-du-christ\/","title":{"rendered":"Jordaens : lavage et onction du Christ"},"content":{"rendered":"\t\t<div data-elementor-type=\"wp-page\" data-elementor-id=\"3191\" class=\"elementor elementor-3191 elementor-884\">\n\t\t\t\t<div class=\"elementor-element elementor-element-ad42995 e-flex e-con-boxed e-con e-parent\" data-id=\"ad42995\" data-element_type=\"container\" data-e-type=\"container\">\n\t\t\t\t\t<div class=\"e-con-inner\">\n\t\t\t\t<div class=\"elementor-element elementor-element-dbf73d7 elementor-widget elementor-widget-heading\" data-id=\"dbf73d7\" data-element_type=\"widget\" data-e-type=\"widget\" data-widget_type=\"heading.default\">\n\t\t\t\t<div class=\"elementor-widget-container\">\n\t\t\t\t\t<h2 class=\"elementor-heading-title elementor-size-default\">Jacques Jordaens : Le lavage et l\u2019onction du corps du Christ<\/h2>\t\t\t\t<\/div>\n\t\t\t\t<\/div>\n\t\t\t\t\t<\/div>\n\t\t\t\t<\/div>\n\t\t<div class=\"elementor-element elementor-element-64c8764 e-flex e-con-boxed e-con e-parent\" data-id=\"64c8764\" data-element_type=\"container\" data-e-type=\"container\">\n\t\t\t\t\t<div class=\"e-con-inner\">\n\t\t\t\t<div class=\"elementor-element elementor-element-0ff5087 elementor-widget elementor-widget-text-editor\" data-id=\"0ff5087\" data-element_type=\"widget\" data-e-type=\"widget\" data-widget_type=\"text-editor.default\">\n\t\t\t\t<div class=\"elementor-widget-container\">\n\t\t\t\t\t\t\t\t\t<p style=\"text-align: justify;\"><span style=\"color: #008000;\"><strong>Nous restons dans la Maagdenhuis, salle Van der Meere\u00a0(si accessible) ; nulle part ailleurs on ne s&rsquo;approche aussi pr\u00e8s d&rsquo;un tableau de Jordaens.<\/strong><\/span><\/p>\n<p><\/p>\n<p style=\"text-align: justify;\"><a href=\"http:\/\/rubens-antwerpen.be\/wp-content\/uploads\/182P-MHS-JJO-Wassing-zalving-Christus.jpg\"><img fetchpriority=\"high\" decoding=\"async\" class=\"alignleft wp-image-558 size-medium\" src=\"http:\/\/rubens-antwerpen.be\/wp-content\/uploads\/182P-MHS-JJO-Wassing-zalving-Christus-300x225.jpg\" alt=\"\" width=\"300\" height=\"225\" srcset=\"https:\/\/rubens-antwerpen.be\/wp-content\/uploads\/182P-MHS-JJO-Wassing-zalving-Christus-300x225.jpg 300w, https:\/\/rubens-antwerpen.be\/wp-content\/uploads\/182P-MHS-JJO-Wassing-zalving-Christus-768x576.jpg 768w, https:\/\/rubens-antwerpen.be\/wp-content\/uploads\/182P-MHS-JJO-Wassing-zalving-Christus.jpg 1024w\" sizes=\"(max-width: 300px) 100vw, 300px\" \/><\/a><\/p>\n<p><\/p>\n<p style=\"text-align: justify;\"><em>Jordaens a fait don de cette \u0153uvre \u00e0 la Camer der Huysarmen\/Chambre des pauvres, pour les motifs cit\u00e9s par son gendre lors de l\u2019h\u00e9ritage : \u00ab pour quelque bonne inclination que le d\u00e9funt Jacques Jordaens avait envers les pauvres \u00bb.<\/em><\/p>\n<p><\/p>\n<hr \/>\n<p><\/p>\n<p style=\"text-align: justify;\">Au passage, pr\u00eatez attention aux nombreuses \u0153uvres de \u2018ma\u00eetres inconnus\u2019. D&rsquo;une certaine mani\u00e8re, ils sont le pendant des \u00e9l\u00e8ves et collaborateurs bien connus, mais auxquels aucune \u0153uvre connue ne peut \u00eatre attribu\u00e9e. En m\u00eame temps, les connus et les inconnus sont une bonne illustration de la peinture en tant qu&rsquo;artisanat pr\u00e9industriel, un riche centre de production d&rsquo;\u0153uvres qui inspirent, par leurs th\u00e8mes religieux ou historiques, ou qui servent comme d\u00e9coration de votre espace de travail ou de votre demeure.<\/p>\n<p><\/p>\n<p style=\"text-align: justify;\">Dans la Salle Van Der Meere, vous vous trouvez devant une \u0153uvre de grand format de Jordaens de 1620-1623: une <em>piet\u00e0<\/em>, th\u00e8me g\u00e9n\u00e9ral dans l\u2019histoire de l\u2019art de la d\u00e9votion religieuse, qui porte ici son propre titre: \u2018<em>Le lavage et l&rsquo;onction du corps du Christ\u2019.<\/em><\/p>\n<p><\/p>\n<p style=\"text-align: justify;\">Pour les chr\u00e9tiens, \u00ab\u00a0<em>ensevelir les morts\u00a0\u00bb<\/em> est une septi\u00e8me \u0153uvre de mis\u00e9ricorde explicitement ajout\u00e9e. Accomplir de bonnes actions est la meilleure fa\u00e7on catholique de trouver Dieu pour l\u2019\u00e9ternit\u00e9, ce qu&rsquo;on appelle commun\u00e9ment <em>trouver son salut<\/em> \u00bb ou, plus impressionnant encore, \u00ab<em>gagner son Ciel<\/em> \u00bb. Apr\u00e8s tout, \u00ab<em> ce que vous faites au plus petit des miens, c&rsquo;est \u00e0 moi que vous le faites \u00bb,<\/em> selon J\u00e9sus; une telle affection n&rsquo;\u00e9tait pas \u00e9trang\u00e8re \u00e0 Jordaens.<\/p>\n<p><\/p>\n<p style=\"text-align: justify;\">De toute \u00e9vidence, il avait fait ce tableau pour lui-m\u00eame, ou du moins l&rsquo;avait gard\u00e9 chez lui, car il faisait partie de son h\u00e9ritage. C&rsquo;est par l&rsquo;interm\u00e9diaire de la Chambre des Pauvres, lointain pr\u00e9d\u00e9cesseur du CPAS, qu&rsquo;il s&rsquo;est retrouv\u00e9 ici, assorti d\u2019une somme consid\u00e9rable. Son gendre Johan II Wierts a justifi\u00e9 ces dons par \u00ab<em> quelque bonne inclination qu&rsquo;avait le d\u00e9funt Jacques Jordaens envers les pauvres\u00a0\u00bb.<\/em> Voil\u00e0 un message qui m\u00e9rit\u00e9 d\u2019\u00eatre r\u00e9p\u00e9t\u00e9 de nos jours.<\/p>\n<p><\/p>\n<p style=\"text-align: justify;\">Imm\u00e9diatement apr\u00e8s la descente de croix, J\u00e9sus est couch\u00e9 dans les bras de sa m\u00e8re Marie en pleurs, entour\u00e9 de deux femmes apportant des herbes balsamiques, de Nicod\u00e8me s\u2019appuyant sur l&rsquo;\u00e9chelle, de Joseph d&rsquo;Arimathie, de Jean et de deux femmes avec un bassin.<\/p>\n<p><\/p>\n<p style=\"text-align: justify;\">Si l&rsquo;on compare cette <em>Piet\u00e0 <\/em>avec d&rsquo;autres repr\u00e9sentations du m\u00eame sujet, on est frapp\u00e9 par le r\u00e9alisme brutal de la figure de J\u00e9sus qui occupe largement le premier plan. Pourtant, au rappel du titre, le corps a d\u00e9j\u00e0 \u00e9t\u00e9 lav\u00e9, nous \u00e9pargnant les traces les plus grossi\u00e8res de la flagellation, de la crucifixion et du coup de lance. Une onction limit\u00e9e a d\u00e9j\u00e0 \u00e9t\u00e9 appliqu\u00e9e &#8211; voir la cruche\u00a0\u2011\u00a0ce qui explique la lumi\u00e8re jaun\u00e2tre sur le torse.<\/p>\n<p><\/p>\n<p style=\"text-align: justify;\">Bien que l&rsquo;\u00e9v\u00e9nement ait lieu peu avant le coucher du soleil, la lumi\u00e8re tombe sur la sc\u00e8ne par la droite et de mani\u00e8re assez spectaculaire, probablement en accord avec l&rsquo;incidence de la lumi\u00e8re dans la chambre de Jordaens \u00e0 laquelle elle a pu \u00eatre destin\u00e9e. Plusieurs personnages sont mis en \u00e9vidence et un d\u00e9tail m\u00e9rite d\u2019\u00eatre not\u00e9 en particulier: la main tendue de Joseph d&rsquo;Arimathie et son ombre prononc\u00e9e sur le linceul. Les plis du linceul sont repr\u00e9sent\u00e9s autour du corps immobile par un jeu d&rsquo;ombres dures et d\u2019ombres douces.<\/p>\n<p><\/p>\n<p style=\"text-align: justify;\">La partie sup\u00e9rieure avec les angelots est diff\u00e9rente et cela s&rsquo;explique facilement: le panneau a \u00e9t\u00e9 agrandi 30 ans plus tard, vers 1650, en bas \u00e0 gauche et \u00e0 droite, en haut \u00e0 peu pr\u00e8s \u00e0 mi-hauteur de l&rsquo;\u00e9chelle !<\/p>\n<p><\/p>\n<p style=\"text-align: justify;\">A votre c\u00f4t\u00e9 gauche, se trouve un \u2018<em>Saint J\u00e9r\u00f4me\u2019,<\/em> maintenant attribu\u00e9 non plus \u00e0 Van Dyck mais \u00e0 un \u00e9l\u00e8ve, qui ne pouvait qu&rsquo;imiter la qualit\u00e9 du ma\u00eetre dans le rendu d\u00e9taill\u00e9 et soign\u00e9 de la t\u00eate. Une \u00e9tude de ce portrait se verra dans la maison Snijders&amp;Rockox sur notre itin\u00e9raire nord.<\/p>\n<p><\/p>\n<p style=\"text-align: justify;\">D&rsquo;abord, faites un demi-tour pour jeter un coup d&rsquo;\u0153il rapide sur \u2018<em>Les p\u00e8lerins d\u2019Emma\u00fcs\u2019<\/em> de Theodoor Van Loon (ca. 1582-1649). Peintre contemporain de nos ma\u00eetres, actif \u00e0 Bruxelles, qui a travaill\u00e9 enti\u00e8rement dans le style du Caravage: toute la lumi\u00e8re sur les couleurs provient de la bougie; le reste n&rsquo;est que de l&rsquo;ombre. Le baroque est-il \u00ab<strong>ras la palette\u00bb<\/strong> ? Laissez-vous saisir par la main \u00e0 droite qui vous invite \u00e0 les rejoindre \u00e0 table.<\/p>\n<ul style=\"text-align: justify;\">\n<li style=\"list-style-type: none;\">\n<ul>\n<li style=\"text-align: justify;\"><span style=\"color: #008000;\"><strong>L\u2019itin\u00e9raire Sud se termine ; d&rsquo;ici vous pouvez \u00e9galement vous rendre au <a href=\"https:\/\/rubens-antwerpen.be\/fr\/home\/sud\/kmska\/\">KMSKA<\/a> (Mus\u00e9e des Beaux-Arts).<\/strong><\/span><\/li>\n<\/ul>\n<p><\/li>\n<p><\/ul>\n<p><\/p>\n<ul style=\"text-align: justify;\">\n<li style=\"list-style-type: none;\">\n<ul>\n<li style=\"text-align: justify;\"><span style=\"color: #008000;\"><strong>Pour la suite de notre promenade par <a href=\"https:\/\/rubens-antwerpen.be\/fr\/home\/est\/\">l\u2019itin\u00e9raire Est<\/a>, vous traverserez la cour de l&rsquo;ancien h\u00f4pital Sainte-Elisabeth et la Henri Van Heurckstraat\/rue Henri Van Heurck jusqu&rsquo;\u00e0 l&rsquo;Oude Vaartplaats\/place de l\u2019ancien Canal ; tournez \u00e0 gauche et vous arriverez dans la Maria Pijpelincxstraat. Le Wapper ou Bascule et la Maison de Rubens sont \u00e0 proximit\u00e9. <\/strong><\/span><\/li>\n<\/ul>\n<p><\/li>\n<p><\/ul>\n<p><\/p>\n<p style=\"text-align: justify;\">\n\t\t\t\t\t\t\t\t<\/div>\n\t\t\t\t<\/div>\n\t\t\t\t\t<\/div>\n\t\t\t\t<\/div>\n\t\t\t\t<\/div>\n\t\t","protected":false},"excerpt":{"rendered":"<p>Jacques Jordaens : Le lavage et l\u2019onction du corps du Christ Nous restons dans la Maagdenhuis, salle Van der Meere\u00a0(si [&hellip;]<\/p>\n","protected":false},"author":1,"featured_media":0,"parent":3146,"menu_order":182,"comment_status":"closed","ping_status":"closed","template":"","meta":{"site-sidebar-layout":"no-sidebar","site-content-layout":"","ast-site-content-layout":"full-width-container","site-content-style":"default","site-sidebar-style":"default","ast-global-header-display":"","ast-banner-title-visibility":"","ast-main-header-display":"","ast-hfb-above-header-display":"","ast-hfb-below-header-display":"","ast-hfb-mobile-header-display":"","site-post-title":"","ast-breadcrumbs-content":"","ast-featured-img":"disabled","footer-sml-layout":"","ast-disable-related-posts":"","theme-transparent-header-meta":"","adv-header-id-meta":"","stick-header-meta":"","header-above-stick-meta":"","header-main-stick-meta":"","header-below-stick-meta":"","astra-migrate-meta-layouts":"default","ast-page-background-enabled":"default","ast-page-background-meta":{"desktop":{"background-color":"var(--ast-global-color-4)","background-image":"","background-repeat":"repeat","background-position":"center center","background-size":"auto","background-attachment":"scroll","background-type":"","background-media":"","overlay-type":"","overlay-color":"","overlay-opacity":"","overlay-gradient":""},"tablet":{"background-color":"","background-image":"","background-repeat":"repeat","background-position":"center center","background-size":"auto","background-attachment":"scroll","background-type":"","background-media":"","overlay-type":"","overlay-color":"","overlay-opacity":"","overlay-gradient":""},"mobile":{"background-color":"","background-image":"","background-repeat":"repeat","background-position":"center center","background-size":"auto","background-attachment":"scroll","background-type":"","background-media":"","overlay-type":"","overlay-color":"","overlay-opacity":"","overlay-gradient":""}},"ast-content-background-meta":{"desktop":{"background-color":"var(--ast-global-color-5)","background-image":"","background-repeat":"repeat","background-position":"center center","background-size":"auto","background-attachment":"scroll","background-type":"","background-media":"","overlay-type":"","overlay-color":"","overlay-opacity":"","overlay-gradient":""},"tablet":{"background-color":"var(--ast-global-color-5)","background-image":"","background-repeat":"repeat","background-position":"center center","background-size":"auto","background-attachment":"scroll","background-type":"","background-media":"","overlay-type":"","overlay-color":"","overlay-opacity":"","overlay-gradient":""},"mobile":{"background-color":"var(--ast-global-color-5)","background-image":"","background-repeat":"repeat","background-position":"center center","background-size":"auto","background-attachment":"scroll","background-type":"","background-media":"","overlay-type":"","overlay-color":"","overlay-opacity":"","overlay-gradient":""}},"footnotes":""},"class_list":["post-3191","page","type-page","status-publish","hentry"],"aioseo_notices":[],"_links":{"self":[{"href":"https:\/\/rubens-antwerpen.be\/fr\/wp-json\/wp\/v2\/pages\/3191","targetHints":{"allow":["GET"]}}],"collection":[{"href":"https:\/\/rubens-antwerpen.be\/fr\/wp-json\/wp\/v2\/pages"}],"about":[{"href":"https:\/\/rubens-antwerpen.be\/fr\/wp-json\/wp\/v2\/types\/page"}],"author":[{"embeddable":true,"href":"https:\/\/rubens-antwerpen.be\/fr\/wp-json\/wp\/v2\/users\/1"}],"replies":[{"embeddable":true,"href":"https:\/\/rubens-antwerpen.be\/fr\/wp-json\/wp\/v2\/comments?post=3191"}],"version-history":[{"count":12,"href":"https:\/\/rubens-antwerpen.be\/fr\/wp-json\/wp\/v2\/pages\/3191\/revisions"}],"predecessor-version":[{"id":6261,"href":"https:\/\/rubens-antwerpen.be\/fr\/wp-json\/wp\/v2\/pages\/3191\/revisions\/6261"}],"up":[{"embeddable":true,"href":"https:\/\/rubens-antwerpen.be\/fr\/wp-json\/wp\/v2\/pages\/3146"}],"wp:attachment":[{"href":"https:\/\/rubens-antwerpen.be\/fr\/wp-json\/wp\/v2\/media?parent=3191"}],"curies":[{"name":"wp","href":"https:\/\/api.w.org\/{rel}","templated":true}]}}