{"id":3195,"date":"2024-06-11T13:11:56","date_gmt":"2024-06-11T11:11:56","guid":{"rendered":"https:\/\/rubens-antwerpen.be\/home\/est\/maison-de-rubens\/"},"modified":"2025-08-05T14:07:44","modified_gmt":"2025-08-05T12:07:44","slug":"maison-de-rubens","status":"publish","type":"page","link":"https:\/\/rubens-antwerpen.be\/fr\/home\/est\/maison-de-rubens\/","title":{"rendered":"Maison de Rubens"},"content":{"rendered":"\t\t<div data-elementor-type=\"wp-page\" data-elementor-id=\"3195\" class=\"elementor elementor-3195 elementor-763\">\n\t\t\t\t<div class=\"elementor-element elementor-element-ad42995 e-flex e-con-boxed e-con e-parent\" data-id=\"ad42995\" data-element_type=\"container\" data-e-type=\"container\">\n\t\t\t\t\t<div class=\"e-con-inner\">\n\t\t\t\t<div class=\"elementor-element elementor-element-dbf73d7 elementor-widget elementor-widget-heading\" data-id=\"dbf73d7\" data-element_type=\"widget\" data-e-type=\"widget\" data-widget_type=\"heading.default\">\n\t\t\t\t<div class=\"elementor-widget-container\">\n\t\t\t\t\t<h2 class=\"elementor-heading-title elementor-size-default\">Wapper : la Maison de Rubens<\/h2>\t\t\t\t<\/div>\n\t\t\t\t<\/div>\n\t\t\t\t\t<\/div>\n\t\t\t\t<\/div>\n\t\t<div class=\"elementor-element elementor-element-c85521e e-flex e-con-boxed e-con e-parent\" data-id=\"c85521e\" data-element_type=\"container\" data-e-type=\"container\">\n\t\t\t\t\t<div class=\"e-con-inner\">\n\t\t\t\t<div class=\"elementor-element elementor-element-bc33b5f elementor-widget elementor-widget-text-editor\" data-id=\"bc33b5f\" data-element_type=\"widget\" data-e-type=\"widget\" data-widget_type=\"text-editor.default\">\n\t\t\t\t<div class=\"elementor-widget-container\">\n\t\t\t\t\t\t\t\t\t<figure id=\"attachment_2074\" aria-describedby=\"caption-attachment-2074\" style=\"width: 300px\" class=\"wp-caption alignleft\"><a href=\"https:\/\/rubens-antwerpen.be\/wp-content\/uploads\/\/210P-Rubenshuis-300x224.jpg\"><img fetchpriority=\"high\" decoding=\"async\" class=\"wp-image-564 size-medium\" src=\"https:\/\/rubens-antwerpen.be\/wp-content\/uploads\/\/210P-Rubenshuis-300x224.jpg\" alt=\"\" width=\"300\" height=\"224\" srcset=\"https:\/\/rubens-antwerpen.be\/wp-content\/uploads\/210P-Rubenshuis-300x224.jpg 300w, https:\/\/rubens-antwerpen.be\/wp-content\/uploads\/210P-Rubenshuis-768x572.jpg 768w, https:\/\/rubens-antwerpen.be\/wp-content\/uploads\/210P-Rubenshuis.jpg 1024w\" sizes=\"(max-width: 300px) 100vw, 300px\" \/><\/a><figcaption id=\"caption-attachment-2074\" class=\"wp-caption-text\">La cour int\u00e9rieure de la Maison Rubens<\/figcaption><\/figure>\n<p style=\"text-align: justify;\"><em>Le 19 juin 1622, Rubens \u00e9crivait : \u00ab J&rsquo;ai aussi publi\u00e9 un livre sur l&rsquo;architecture des plus beaux palais de G\u00eanes. \u00bb<\/em><br \/>\n<em style=\"font-size: 16px;\">Avec sa propre maison et surtout son atelier, il a apport\u00e9 un \u00e9l\u00e9ment d&rsquo;Italie \u00e0 Anvers.<\/em><\/p>\n<p><\/p>\n<hr \/>\n<p><\/p>\n<p style=\"text-align: justify;\">Regardez la maison de Rubens (maintenant les num\u00e9ros 9-11 sur le Wapper ou <em>Bascule<\/em>). Imaginez qu\u2019une machine \u00e0 remonter le temps vous ram\u00e8ne plus de 400 ans en arri\u00e8re, \u00e0 1611, mais que vous restiez connect\u00e9 \u00e0 aujourd&rsquo;hui.<\/p>\n<p><\/p>\n<p style=\"text-align: justify;\">La protection de la vie priv\u00e9e nous interdirait l\u2019acc\u00e8s aux actes notari\u00e9s d&rsquo;achat, des testaments, des procurations, des permis de construire, mais pour les g\u00e9n\u00e9rations futures ils sont un filon d&rsquo;or de donn\u00e9es historiques.<\/p>\n<p><\/p>\n<p style=\"text-align: justify;\">En 1611, Rubens ach\u00e8te une maison avec terrain sur le Wapper, soit la Bascule, pour 7.600 florins (soit quelque \u20ac125.000). Il entreprend de longues r\u00e9novations et la construction d&rsquo;un atelier au-dessus des fondations existantes; cette entreprise lui co\u00fbte peut-\u00eatre dix fois le prix d&rsquo;achat. En termes mon\u00e9taires d&rsquo;aujourd&rsquo;hui, un investissement d\u00e9passant le million d\u2019euros.<\/p>\n<p><\/p>\n<p style=\"text-align: justify;\">Fort des revenus de ses peintures monumentales, Rubens a pu se constituer une fortune consid\u00e9rable, m\u00eame selon les normes d&rsquo;aujourd&rsquo;hui. La <em>Staetmasse, <\/em>ou succession, r\u00e9dig\u00e9e cinq ans apr\u00e8s sa mort, fait \u00e9tat d&rsquo;une fortune de 400 000 florins, soit 5 millions d&rsquo;euros !<\/p>\n<p><\/p>\n<p style=\"text-align: justify;\">Pas si diff\u00e9rents d\u2019aujourd&rsquo;hui, les citoyens du 17e si\u00e8cle \u00e9taient des planificateurs: Pierre Paul et Isabelle avaient pr\u00e9vu dans un testament r\u00e9ciproque que le fr\u00e8re Philippe et le p\u00e8re Jan Brant deviendraient les tuteurs de leurs enfants (mais Philippe mourut le premier). Pour ses deux mariages, comme il se doit, Rubens a conclu un contrat formel avec sa future \u00e9pouse. Apr\u00e8s le d\u00e9c\u00e8s, les contrats et les testaments ont \u00e9t\u00e9 soigneusement ex\u00e9cut\u00e9s.<\/p>\n<p><\/p>\n<p style=\"text-align: justify;\">Son h\u00e9ritage a \u00e9t\u00e9 partag\u00e9 entre les enfants des deux mariages, personne n&rsquo;a \u00e9t\u00e9 l\u00e9s\u00e9. Son fils Albert a re\u00e7u tous les livres et la moiti\u00e9 des m\u00e9dailles, qu&rsquo;il partageait avec son fr\u00e8re Nicolas. H\u00e9l\u00e8ne a conserv\u00e9 ses bijoux et \u00ab\u00a0<em>ses v\u00eatements en laine, en soie, dor\u00e9s, argent\u00e9s ainsi que les lins lui appartenant<\/em>\u00a0\u00bb (en n\u00e9erlandais: \u00ab\u00a0<em>de cleederen, wolle, syde, goude, silveren ende lijne thaeren lyve dienende\u00a0\u00bb)<\/em><\/p>\n\t\t\t\t\t\t\t\t<\/div>\n\t\t\t\t<\/div>\n\t\t\t\t\t<\/div>\n\t\t\t\t<\/div>\n\t\t<div class=\"elementor-element elementor-element-9239e49 e-flex e-con-boxed e-con e-parent\" data-id=\"9239e49\" data-element_type=\"container\" data-e-type=\"container\">\n\t\t\t\t\t<div class=\"e-con-inner\">\n\t\t<div class=\"elementor-element elementor-element-0463717 e-con-full e-flex e-con e-child\" data-id=\"0463717\" data-element_type=\"container\" data-e-type=\"container\">\n\t\t\t\t<div class=\"elementor-element elementor-element-32cb449 elementor-widget elementor-widget-image\" data-id=\"32cb449\" data-element_type=\"widget\" data-e-type=\"widget\" data-widget_type=\"image.default\">\n\t\t\t\t<div class=\"elementor-widget-container\">\n\t\t\t\t\t\t\t\t\t\t\t\t\t\t\t\t<a href=\"https:\/\/www.rubens-antwerpen.be\/wp-content\/uploads\/211P-RH-PPR-Zelfportret-1621.jpg%20\">\n\t\t\t\t\t\t\t<img decoding=\"async\" width=\"300\" height=\"300\" src=\"https:\/\/rubens-antwerpen.be\/wp-content\/uploads\/211Q-RH-PPR-Zelfportret-1621.jpg\" class=\"attachment-medium size-medium wp-image-2086\" alt=\"\" srcset=\"https:\/\/rubens-antwerpen.be\/wp-content\/uploads\/211Q-RH-PPR-Zelfportret-1621.jpg 300w, https:\/\/rubens-antwerpen.be\/wp-content\/uploads\/211Q-RH-PPR-Zelfportret-1621-150x150.jpg 150w\" sizes=\"(max-width: 300px) 100vw, 300px\" \/>\t\t\t\t\t\t\t\t<\/a>\n\t\t\t\t\t\t\t\t\t\t\t\t\t\t\t<\/div>\n\t\t\t\t<\/div>\n\t\t\t\t<div class=\"elementor-element elementor-element-f3accb0 elementor-widget elementor-widget-text-editor\" data-id=\"f3accb0\" data-element_type=\"widget\" data-e-type=\"widget\" data-widget_type=\"text-editor.default\">\n\t\t\t\t<div class=\"elementor-widget-container\">\n\t\t\t\t\t\t\t\t\t<p style=\"text-align: center;\"><a href=\"https:\/\/rubens-antwerpen.be\/fr\/home\/est\/maison-de-rubens\/rubens-autoportrait-1621\/\">Pierre Paul Rubens\r\nAutoportrait (1621\/23)<\/a><\/p><br><audio class=\"wp-audio-shortcode\" id=\"audio-3195-1\" preload=\"none\" style=\"width: 100%;\" controls=\"controls\"><source type=\"audio\/mpeg\" src=\"http:\/\/rubens-antwerpen.be\/wp-content\/uploads\/211F-PPR-Zelfportret1621.mp3?_=1\" \/><a href=\"http:\/\/rubens-antwerpen.be\/wp-content\/uploads\/211F-PPR-Zelfportret1621.mp3\">http:\/\/rubens-antwerpen.be\/wp-content\/uploads\/211F-PPR-Zelfportret1621.mp3<\/a><\/audio>\t\t\t\t\t\t\t\t<\/div>\n\t\t\t\t<\/div>\n\t\t\t\t<\/div>\n\t\t<div class=\"elementor-element elementor-element-cc8bbab e-con-full e-flex e-con e-child\" data-id=\"cc8bbab\" data-element_type=\"container\" data-e-type=\"container\">\n\t\t\t\t<div class=\"elementor-element elementor-element-61c1a89 elementor-widget elementor-widget-image\" data-id=\"61c1a89\" data-element_type=\"widget\" data-e-type=\"widget\" data-widget_type=\"image.default\">\n\t\t\t\t<div class=\"elementor-widget-container\">\n\t\t\t\t\t\t\t\t\t\t\t\t\t\t\t\t<a href=\"https:\/\/www.rubens-antwerpen.be\/wp-content\/uploads\/212P-RH-PPR-Isabella-Brandt.jpg%20\">\n\t\t\t\t\t\t\t<img decoding=\"async\" width=\"300\" height=\"300\" src=\"https:\/\/rubens-antwerpen.be\/wp-content\/uploads\/212Q-RH-PPR-Isabella-Brandt.jpg\" class=\"attachment-medium size-medium wp-image-2095\" alt=\"\" srcset=\"https:\/\/rubens-antwerpen.be\/wp-content\/uploads\/212Q-RH-PPR-Isabella-Brandt.jpg 300w, https:\/\/rubens-antwerpen.be\/wp-content\/uploads\/212Q-RH-PPR-Isabella-Brandt-150x150.jpg 150w\" sizes=\"(max-width: 300px) 100vw, 300px\" \/>\t\t\t\t\t\t\t\t<\/a>\n\t\t\t\t\t\t\t\t\t\t\t\t\t\t\t<\/div>\n\t\t\t\t<\/div>\n\t\t\t\t<div class=\"elementor-element elementor-element-3955805 elementor-widget elementor-widget-text-editor\" data-id=\"3955805\" data-element_type=\"widget\" data-e-type=\"widget\" data-widget_type=\"text-editor.default\">\n\t\t\t\t<div class=\"elementor-widget-container\">\n\t\t\t\t\t\t\t\t\t<p style=\"text-align: center;\"><a href=\"https:\/\/rubens-antwerpen.be\/fr\/home\/est\/maison-de-rubens\/rubens-isabelle-brant-en-dessin\/\">Pierre Paul Rubens\r\nIsabella Brant en dessin<\/a><\/p><br><audio class=\"wp-audio-shortcode\" id=\"audio-3195-2\" preload=\"none\" style=\"width: 100%;\" controls=\"controls\"><source type=\"audio\/mpeg\" src=\"http:\/\/rubens-antwerpen.be\/wp-content\/uploads\/212F-PPR-IsabellaBrant.mp3?_=2\" \/><a href=\"http:\/\/rubens-antwerpen.be\/wp-content\/uploads\/212F-PPR-IsabellaBrant.mp3\">http:\/\/rubens-antwerpen.be\/wp-content\/uploads\/212F-PPR-IsabellaBrant.mp3<\/a><\/audio>\t\t\t\t\t\t\t\t<\/div>\n\t\t\t\t<\/div>\n\t\t\t\t<\/div>\n\t\t<div class=\"elementor-element elementor-element-319f3ff e-con-full e-flex e-con e-child\" data-id=\"319f3ff\" data-element_type=\"container\" data-e-type=\"container\">\n\t\t\t\t<div class=\"elementor-element elementor-element-da63e4d elementor-widget elementor-widget-image\" data-id=\"da63e4d\" data-element_type=\"widget\" data-e-type=\"widget\" data-widget_type=\"image.default\">\n\t\t\t\t<div class=\"elementor-widget-container\">\n\t\t\t\t\t\t\t\t\t\t\t\t\t\t\t\t<a href=\"https:\/\/www.rubens-antwerpen.be\/wp-content\/uploads\/213P-RH-PPR-Helena-Fourment.jpg%20\">\n\t\t\t\t\t\t\t<img loading=\"lazy\" decoding=\"async\" width=\"300\" height=\"300\" src=\"https:\/\/rubens-antwerpen.be\/wp-content\/uploads\/213Q-RH-PPR-Helena-Fourment.jpg\" class=\"attachment-medium size-medium wp-image-2104\" alt=\"\" srcset=\"https:\/\/rubens-antwerpen.be\/wp-content\/uploads\/213Q-RH-PPR-Helena-Fourment.jpg 300w, https:\/\/rubens-antwerpen.be\/wp-content\/uploads\/213Q-RH-PPR-Helena-Fourment-150x150.jpg 150w\" sizes=\"(max-width: 300px) 100vw, 300px\" \/>\t\t\t\t\t\t\t\t<\/a>\n\t\t\t\t\t\t\t\t\t\t\t\t\t\t\t<\/div>\n\t\t\t\t<\/div>\n\t\t\t\t<div class=\"elementor-element elementor-element-9aeaefe elementor-widget elementor-widget-text-editor\" data-id=\"9aeaefe\" data-element_type=\"widget\" data-e-type=\"widget\" data-widget_type=\"text-editor.default\">\n\t\t\t\t<div class=\"elementor-widget-container\">\n\t\t\t\t\t\t\t\t\t<p style=\"text-align: center;\"><a href=\"https:\/\/rubens-antwerpen.be\/fr\/home\/est\/maison-de-rubens\/rubens-helene-fourment-et-ses-enfants\/\">Pierre Paul Rubens\r\nH\u00e9l\u00e8ne Fourment et ses enfants<\/a><\/p><br><audio class=\"wp-audio-shortcode\" id=\"audio-3195-3\" preload=\"none\" style=\"width: 100%;\" controls=\"controls\"><source type=\"audio\/mpeg\" src=\"http:\/\/rubens-antwerpen.be\/wp-content\/uploads\/213F-PPR-HelenaFourment.mp3?_=3\" \/><a href=\"http:\/\/rubens-antwerpen.be\/wp-content\/uploads\/213F-PPR-HelenaFourment.mp3\">http:\/\/rubens-antwerpen.be\/wp-content\/uploads\/213F-PPR-HelenaFourment.mp3<\/a><\/audio>\t\t\t\t\t\t\t\t<\/div>\n\t\t\t\t<\/div>\n\t\t\t\t<\/div>\n\t\t<div class=\"elementor-element elementor-element-cd09186 e-con-full e-flex e-con e-child\" data-id=\"cd09186\" data-element_type=\"container\" data-e-type=\"container\">\n\t\t\t\t<div class=\"elementor-element elementor-element-a324f40 elementor-widget elementor-widget-image\" data-id=\"a324f40\" data-element_type=\"widget\" data-e-type=\"widget\" data-widget_type=\"image.default\">\n\t\t\t\t<div class=\"elementor-widget-container\">\n\t\t\t\t\t\t\t\t\t\t\t\t\t\t\t\t<a href=\"https:\/\/www.rubens-antwerpen.be\/wp-content\/uploads\/214P-RH-PPR-Zelfportret-1638.jpg%20\">\n\t\t\t\t\t\t\t<img loading=\"lazy\" decoding=\"async\" width=\"300\" height=\"300\" src=\"https:\/\/rubens-antwerpen.be\/wp-content\/uploads\/214Q-RH-PPR-Zelfportret-1638.jpg\" class=\"attachment-medium size-medium wp-image-2113\" alt=\"\" srcset=\"https:\/\/rubens-antwerpen.be\/wp-content\/uploads\/214Q-RH-PPR-Zelfportret-1638.jpg 300w, https:\/\/rubens-antwerpen.be\/wp-content\/uploads\/214Q-RH-PPR-Zelfportret-1638-150x150.jpg 150w\" sizes=\"(max-width: 300px) 100vw, 300px\" \/>\t\t\t\t\t\t\t\t<\/a>\n\t\t\t\t\t\t\t\t\t\t\t\t\t\t\t<\/div>\n\t\t\t\t<\/div>\n\t\t\t\t<div class=\"elementor-element elementor-element-c16802f elementor-widget elementor-widget-text-editor\" data-id=\"c16802f\" data-element_type=\"widget\" data-e-type=\"widget\" data-widget_type=\"text-editor.default\">\n\t\t\t\t<div class=\"elementor-widget-container\">\n\t\t\t\t\t\t\t\t\t<p style=\"text-align: center;\"><a href=\"https:\/\/rubens-antwerpen.be\/fr\/home\/est\/maison-de-rubens\/rubens-autoportrait-1638\/\">Pierre Paul Rubens\r\nautoportrait de Rubens \u00e2g\u00e9 (1638)<\/a><\/p><br><audio class=\"wp-audio-shortcode\" id=\"audio-3195-4\" preload=\"none\" style=\"width: 100%;\" controls=\"controls\"><source type=\"audio\/mpeg\" src=\"http:\/\/rubens-antwerpen.be\/wp-content\/uploads\/214F-PPR-Zelfportret1638.mp3?_=4\" \/><a href=\"http:\/\/rubens-antwerpen.be\/wp-content\/uploads\/214F-PPR-Zelfportret1638.mp3\">http:\/\/rubens-antwerpen.be\/wp-content\/uploads\/214F-PPR-Zelfportret1638.mp3<\/a><\/audio>\t\t\t\t\t\t\t\t<\/div>\n\t\t\t\t<\/div>\n\t\t\t\t<\/div>\n\t\t\t\t\t<\/div>\n\t\t\t\t<\/div>\n\t\t\t\t<\/div>\n\t\t","protected":false},"excerpt":{"rendered":"<p>Wapper : la Maison de Rubens Le 19 juin 1622, Rubens \u00e9crivait : \u00ab J&rsquo;ai aussi publi\u00e9 un livre sur [&hellip;]<\/p>\n","protected":false},"author":1,"featured_media":0,"parent":3193,"menu_order":210,"comment_status":"closed","ping_status":"closed","template":"","meta":{"site-sidebar-layout":"no-sidebar","site-content-layout":"","ast-site-content-layout":"full-width-container","site-content-style":"default","site-sidebar-style":"default","ast-global-header-display":"","ast-banner-title-visibility":"","ast-main-header-display":"","ast-hfb-above-header-display":"","ast-hfb-below-header-display":"","ast-hfb-mobile-header-display":"","site-post-title":"disabled","ast-breadcrumbs-content":"","ast-featured-img":"disabled","footer-sml-layout":"","ast-disable-related-posts":"","theme-transparent-header-meta":"","adv-header-id-meta":"","stick-header-meta":"","header-above-stick-meta":"","header-main-stick-meta":"","header-below-stick-meta":"","astra-migrate-meta-layouts":"default","ast-page-background-enabled":"default","ast-page-background-meta":{"desktop":{"background-color":"var(--ast-global-color-4)","background-image":"","background-repeat":"repeat","background-position":"center center","background-size":"auto","background-attachment":"scroll","background-type":"","background-media":"","overlay-type":"","overlay-color":"","overlay-opacity":"","overlay-gradient":""},"tablet":{"background-color":"","background-image":"","background-repeat":"repeat","background-position":"center center","background-size":"auto","background-attachment":"scroll","background-type":"","background-media":"","overlay-type":"","overlay-color":"","overlay-opacity":"","overlay-gradient":""},"mobile":{"background-color":"","background-image":"","background-repeat":"repeat","background-position":"center center","background-size":"auto","background-attachment":"scroll","background-type":"","background-media":"","overlay-type":"","overlay-color":"","overlay-opacity":"","overlay-gradient":""}},"ast-content-background-meta":{"desktop":{"background-color":"var(--ast-global-color-5)","background-image":"","background-repeat":"repeat","background-position":"center center","background-size":"auto","background-attachment":"scroll","background-type":"","background-media":"","overlay-type":"","overlay-color":"","overlay-opacity":"","overlay-gradient":""},"tablet":{"background-color":"var(--ast-global-color-5)","background-image":"","background-repeat":"repeat","background-position":"center center","background-size":"auto","background-attachment":"scroll","background-type":"","background-media":"","overlay-type":"","overlay-color":"","overlay-opacity":"","overlay-gradient":""},"mobile":{"background-color":"var(--ast-global-color-5)","background-image":"","background-repeat":"repeat","background-position":"center center","background-size":"auto","background-attachment":"scroll","background-type":"","background-media":"","overlay-type":"","overlay-color":"","overlay-opacity":"","overlay-gradient":""}},"footnotes":""},"class_list":["post-3195","page","type-page","status-publish","hentry"],"aioseo_notices":[],"_links":{"self":[{"href":"https:\/\/rubens-antwerpen.be\/fr\/wp-json\/wp\/v2\/pages\/3195","targetHints":{"allow":["GET"]}}],"collection":[{"href":"https:\/\/rubens-antwerpen.be\/fr\/wp-json\/wp\/v2\/pages"}],"about":[{"href":"https:\/\/rubens-antwerpen.be\/fr\/wp-json\/wp\/v2\/types\/page"}],"author":[{"embeddable":true,"href":"https:\/\/rubens-antwerpen.be\/fr\/wp-json\/wp\/v2\/users\/1"}],"replies":[{"embeddable":true,"href":"https:\/\/rubens-antwerpen.be\/fr\/wp-json\/wp\/v2\/comments?post=3195"}],"version-history":[{"count":16,"href":"https:\/\/rubens-antwerpen.be\/fr\/wp-json\/wp\/v2\/pages\/3195\/revisions"}],"predecessor-version":[{"id":5911,"href":"https:\/\/rubens-antwerpen.be\/fr\/wp-json\/wp\/v2\/pages\/3195\/revisions\/5911"}],"up":[{"embeddable":true,"href":"https:\/\/rubens-antwerpen.be\/fr\/wp-json\/wp\/v2\/pages\/3193"}],"wp:attachment":[{"href":"https:\/\/rubens-antwerpen.be\/fr\/wp-json\/wp\/v2\/media?parent=3195"}],"curies":[{"name":"wp","href":"https:\/\/api.w.org\/{rel}","templated":true}]}}