{"id":3201,"date":"2024-06-19T15:57:37","date_gmt":"2024-06-19T13:57:37","guid":{"rendered":"https:\/\/rubens-antwerpen.be\/home\/est\/maison-de-rubens\/rubens-helene-fourment-et-ses-enfants\/"},"modified":"2025-06-19T17:08:54","modified_gmt":"2025-06-19T15:08:54","slug":"rubens-helene-fourment-et-ses-enfants","status":"publish","type":"page","link":"https:\/\/rubens-antwerpen.be\/fr\/home\/est\/maison-de-rubens\/rubens-helene-fourment-et-ses-enfants\/","title":{"rendered":"Rubens : H\u00e9l\u00e8ne Fourment et ses enfants"},"content":{"rendered":"\t\t<div data-elementor-type=\"wp-page\" data-elementor-id=\"3201\" class=\"elementor elementor-3201 elementor-903\">\n\t\t\t\t<div class=\"elementor-element elementor-element-ad42995 e-flex e-con-boxed e-con e-parent\" data-id=\"ad42995\" data-element_type=\"container\" data-e-type=\"container\">\n\t\t\t\t\t<div class=\"e-con-inner\">\n\t\t\t\t<div class=\"elementor-element elementor-element-dbf73d7 elementor-widget elementor-widget-heading\" data-id=\"dbf73d7\" data-element_type=\"widget\" data-e-type=\"widget\" data-widget_type=\"heading.default\">\n\t\t\t\t<div class=\"elementor-widget-container\">\n\t\t\t\t\t<h2 class=\"elementor-heading-title elementor-size-default\">Chronologie 1636 : H\u00e9l\u00e8ne Fourment et ses enfants<\/h2>\t\t\t\t<\/div>\n\t\t\t\t<\/div>\n\t\t\t\t\t<\/div>\n\t\t\t\t<\/div>\n\t\t<div class=\"elementor-element elementor-element-c53f8fb e-flex e-con-boxed e-con e-parent\" data-id=\"c53f8fb\" data-element_type=\"container\" data-e-type=\"container\">\n\t\t\t\t\t<div class=\"e-con-inner\">\n\t\t\t\t<div class=\"elementor-element elementor-element-fdd08ec elementor-widget elementor-widget-text-editor\" data-id=\"fdd08ec\" data-element_type=\"widget\" data-e-type=\"widget\" data-widget_type=\"text-editor.default\">\n\t\t\t\t<div class=\"elementor-widget-container\">\n\t\t\t\t\t\t\t\t\t<p style=\"text-align: justify;\"><a href=\"http:\/\/rubens-antwerpen.be\/wp-content\/uploads\/213P-RH-PPR-Helena-Fourment.jpg\"><img fetchpriority=\"high\" decoding=\"async\" class=\"wp-image-573 size-medium alignleft\" src=\"http:\/\/rubens-antwerpen.be\/wp-content\/uploads\/213P-RH-PPR-Helena-Fourment-220x300.jpg\" alt=\"\" width=\"220\" height=\"300\" srcset=\"https:\/\/rubens-antwerpen.be\/wp-content\/uploads\/213P-RH-PPR-Helena-Fourment-220x300.jpg 220w, https:\/\/rubens-antwerpen.be\/wp-content\/uploads\/213P-RH-PPR-Helena-Fourment.jpg 752w\" sizes=\"(max-width: 220px) 100vw, 220px\" \/><\/a><\/p>\n<p><\/p>\n<p style=\"text-align: justify;\"><em>Plus de 250 lettres de Rubens ont \u00e9t\u00e9 conserv\u00e9es, contre deux seulement de sa seconde \u00e9pouse et encore, elles traitent de sujets quotidiens. Pouvons-nous combler les lacunes de l&rsquo;histoire avec ce que nous savons avec plus ou moins de certitude gr\u00e2ce \u00e0 ce portrait de famille datant d&rsquo;environ 1636, aujourd&rsquo;hui au Louvre ?<\/em><\/p>\n<p><\/p>\n<hr \/>\n<p><\/p>\n<p style=\"text-align: justify;\"><em>H\u00e9l\u00e8ne Fourment dit:<\/em><\/p>\n<p><\/p>\n<p style=\"text-align: justify;\">Aimez-vous cette peinture\u00a0? Moi, certainement\u00a0! Eh bien, je sais que les gens disent que je suis la plus belle femme d&rsquo;Anvers, mais j&rsquo;ai surtout un mari adorable qui m&rsquo;a appel\u00e9e de la maison \u00e0 son atelier tant de fois, m&rsquo;a demand\u00e9 de m&rsquo;asseoir un moment, de sourire, avec mod\u00e9ration \u2026 Et en quelques coups de pinceau, me voil\u00e0. Plus que tous les autres dans lesquels je prends la pose d\u2019une d\u00e9esse antique, j\u2019aime ce portrait de famille \u2013 tout comme ledit \u2018<em>la Petite Pelisse\/Het Pelsken\u2019<\/em> , aujourd\u2019hui \u00e0 Vienne en Autriche.<\/p>\n<p><\/p>\n<p style=\"text-align: justify;\">Parce que nous voici avec nos deux enfants a\u00een\u00e9s, Clara Johanna qui a environ quatre ans ici et Frans, qui vient d&rsquo;avoir trois ans.<\/p>\n<p><\/p>\n<p style=\"text-align: justify;\">Clara pr\u00e9f\u00e9rait rester debout, mais Frans trouvait plus facile d\u2019\u00eatre assis. Cela a permis \u00e0 Pierre Paul de prendre son temps pour peindre le visage de Frans si finement. Il vous regarde dans les yeux, l&rsquo;astuce des peintres pour vous attirer dans la sc\u00e8ne.<\/p>\n<p><\/p>\n<p style=\"text-align: justify;\">Pendant ce temps je le garde \u00e0 l\u2019\u0153il et je le serre, pour que son beau chapeau ne s\u2019envole pas comme les oiseaux.<\/p>\n<p><\/p>\n<p style=\"text-align: justify;\">Nous n&rsquo;avons pas pos\u00e9 longtemps, car Pierre Paul lui-m\u00eame pr\u00e9f\u00e8re que les choses avancent, m\u00eame s&rsquo;il peint pour son plaisir et le n\u00f4tre (trop de travail, dit-il parfois). Vous voyez \u00e0 quelle vitesse il a peint ma robe, mon manteau rouge et un ciel bleu-gris. On pourrait penser que nous sommes assis sous un arbre ou sous notre pavillon de jardin, mais pas vraiment \u00e0 l&rsquo;ombre.<\/p>\n<p><\/p>\n<p style=\"text-align: justify;\">Peut-\u00eatre qu&rsquo;il ach\u00e8vera ce tableau, mais pour moi, il est bien fini. Je pr\u00e9f\u00e9rerais qu&rsquo;il mette une autre \u0153uvre sur son chevalet !<\/p>\n<p><\/p>\n<p style=\"text-align: justify;\"><span style=\"color: #008000;\"><strong>Suite sur la Chronologie 1638 : <a href=\"https:\/\/rubens-antwerpen.be\/fr\/home\/est\/maison-de-rubens\/rubens-autoportrait-1638\/\">autoportrait de Rubens \u00e2g\u00e9<\/a><\/strong><\/span><\/p>\n\t\t\t\t\t\t\t\t<\/div>\n\t\t\t\t<\/div>\n\t\t\t\t\t<\/div>\n\t\t\t\t<\/div>\n\t\t\t\t<\/div>\n\t\t","protected":false},"excerpt":{"rendered":"<p>Chronologie 1636 : H\u00e9l\u00e8ne Fourment et ses enfants Plus de 250 lettres de Rubens ont \u00e9t\u00e9 conserv\u00e9es, contre deux seulement [&hellip;]<\/p>\n","protected":false},"author":1,"featured_media":0,"parent":3195,"menu_order":213,"comment_status":"closed","ping_status":"closed","template":"","meta":{"site-sidebar-layout":"no-sidebar","site-content-layout":"","ast-site-content-layout":"full-width-container","site-content-style":"default","site-sidebar-style":"default","ast-global-header-display":"","ast-banner-title-visibility":"","ast-main-header-display":"","ast-hfb-above-header-display":"","ast-hfb-below-header-display":"","ast-hfb-mobile-header-display":"","site-post-title":"disabled","ast-breadcrumbs-content":"","ast-featured-img":"disabled","footer-sml-layout":"","ast-disable-related-posts":"","theme-transparent-header-meta":"","adv-header-id-meta":"","stick-header-meta":"","header-above-stick-meta":"","header-main-stick-meta":"","header-below-stick-meta":"","astra-migrate-meta-layouts":"default","ast-page-background-enabled":"default","ast-page-background-meta":{"desktop":{"background-color":"var(--ast-global-color-4)","background-image":"","background-repeat":"repeat","background-position":"center center","background-size":"auto","background-attachment":"scroll","background-type":"","background-media":"","overlay-type":"","overlay-color":"","overlay-opacity":"","overlay-gradient":""},"tablet":{"background-color":"","background-image":"","background-repeat":"repeat","background-position":"center center","background-size":"auto","background-attachment":"scroll","background-type":"","background-media":"","overlay-type":"","overlay-color":"","overlay-opacity":"","overlay-gradient":""},"mobile":{"background-color":"","background-image":"","background-repeat":"repeat","background-position":"center center","background-size":"auto","background-attachment":"scroll","background-type":"","background-media":"","overlay-type":"","overlay-color":"","overlay-opacity":"","overlay-gradient":""}},"ast-content-background-meta":{"desktop":{"background-color":"var(--ast-global-color-5)","background-image":"","background-repeat":"repeat","background-position":"center center","background-size":"auto","background-attachment":"scroll","background-type":"","background-media":"","overlay-type":"","overlay-color":"","overlay-opacity":"","overlay-gradient":""},"tablet":{"background-color":"var(--ast-global-color-5)","background-image":"","background-repeat":"repeat","background-position":"center center","background-size":"auto","background-attachment":"scroll","background-type":"","background-media":"","overlay-type":"","overlay-color":"","overlay-opacity":"","overlay-gradient":""},"mobile":{"background-color":"var(--ast-global-color-5)","background-image":"","background-repeat":"repeat","background-position":"center center","background-size":"auto","background-attachment":"scroll","background-type":"","background-media":"","overlay-type":"","overlay-color":"","overlay-opacity":"","overlay-gradient":""}},"footnotes":""},"class_list":["post-3201","page","type-page","status-publish","hentry"],"aioseo_notices":[],"_links":{"self":[{"href":"https:\/\/rubens-antwerpen.be\/fr\/wp-json\/wp\/v2\/pages\/3201","targetHints":{"allow":["GET"]}}],"collection":[{"href":"https:\/\/rubens-antwerpen.be\/fr\/wp-json\/wp\/v2\/pages"}],"about":[{"href":"https:\/\/rubens-antwerpen.be\/fr\/wp-json\/wp\/v2\/types\/page"}],"author":[{"embeddable":true,"href":"https:\/\/rubens-antwerpen.be\/fr\/wp-json\/wp\/v2\/users\/1"}],"replies":[{"embeddable":true,"href":"https:\/\/rubens-antwerpen.be\/fr\/wp-json\/wp\/v2\/comments?post=3201"}],"version-history":[{"count":8,"href":"https:\/\/rubens-antwerpen.be\/fr\/wp-json\/wp\/v2\/pages\/3201\/revisions"}],"predecessor-version":[{"id":5480,"href":"https:\/\/rubens-antwerpen.be\/fr\/wp-json\/wp\/v2\/pages\/3201\/revisions\/5480"}],"up":[{"embeddable":true,"href":"https:\/\/rubens-antwerpen.be\/fr\/wp-json\/wp\/v2\/pages\/3195"}],"wp:attachment":[{"href":"https:\/\/rubens-antwerpen.be\/fr\/wp-json\/wp\/v2\/media?parent=3201"}],"curies":[{"name":"wp","href":"https:\/\/api.w.org\/{rel}","templated":true}]}}