{"id":3203,"date":"2024-06-19T15:58:34","date_gmt":"2024-06-19T13:58:34","guid":{"rendered":"https:\/\/rubens-antwerpen.be\/home\/est\/maison-de-rubens\/rubens-autoportrait-1638\/"},"modified":"2025-06-19T17:15:58","modified_gmt":"2025-06-19T15:15:58","slug":"rubens-autoportrait-1638","status":"publish","type":"page","link":"https:\/\/rubens-antwerpen.be\/fr\/home\/est\/maison-de-rubens\/rubens-autoportrait-1638\/","title":{"rendered":"Rubens : autoportrait 1638"},"content":{"rendered":"\t\t<div data-elementor-type=\"wp-page\" data-elementor-id=\"3203\" class=\"elementor elementor-3203 elementor-908\">\n\t\t\t\t<div class=\"elementor-element elementor-element-ad42995 e-flex e-con-boxed e-con e-parent\" data-id=\"ad42995\" data-element_type=\"container\" data-e-type=\"container\">\n\t\t\t\t\t<div class=\"e-con-inner\">\n\t\t\t\t<div class=\"elementor-element elementor-element-dbf73d7 elementor-widget elementor-widget-heading\" data-id=\"dbf73d7\" data-element_type=\"widget\" data-e-type=\"widget\" data-widget_type=\"heading.default\">\n\t\t\t\t<div class=\"elementor-widget-container\">\n\t\t\t\t\t<h2 class=\"elementor-heading-title elementor-size-default\">Chronologie 1638 : autoportrait de Rubens \u00e2g\u00e9<\/h2>\t\t\t\t<\/div>\n\t\t\t\t<\/div>\n\t\t\t\t\t<\/div>\n\t\t\t\t<\/div>\n\t\t<div class=\"elementor-element elementor-element-0824395 e-flex e-con-boxed e-con e-parent\" data-id=\"0824395\" data-element_type=\"container\" data-e-type=\"container\">\n\t\t\t\t\t<div class=\"e-con-inner\">\n\t\t\t\t<div class=\"elementor-element elementor-element-95ff422 elementor-widget elementor-widget-text-editor\" data-id=\"95ff422\" data-element_type=\"widget\" data-e-type=\"widget\" data-widget_type=\"text-editor.default\">\n\t\t\t\t<div class=\"elementor-widget-container\">\n\t\t\t\t\t\t\t\t\t<p style=\"text-align: justify;\"><a href=\"http:\/\/rubens-antwerpen.be\/wp-content\/uploads\/214P-RH-PPR-Zelfportret-1638.jpg\"><img fetchpriority=\"high\" decoding=\"async\" class=\"wp-image-576 size-medium alignleft\" src=\"http:\/\/rubens-antwerpen.be\/wp-content\/uploads\/214P-RH-PPR-Zelfportret-1638-232x300.jpg\" alt=\"\" width=\"232\" height=\"300\" srcset=\"https:\/\/rubens-antwerpen.be\/wp-content\/uploads\/214P-RH-PPR-Zelfportret-1638-232x300.jpg 232w, https:\/\/rubens-antwerpen.be\/wp-content\/uploads\/214P-RH-PPR-Zelfportret-1638-768x992.jpg 768w, https:\/\/rubens-antwerpen.be\/wp-content\/uploads\/214P-RH-PPR-Zelfportret-1638.jpg 793w\" sizes=\"(max-width: 232px) 100vw, 232px\" \/><\/a><\/p>\n<p><\/p>\n<p style=\"text-align: justify;\"><em>Les 252 lettres du peintre qui nous sont parvenues nous donnent un aper\u00e7u de la vie et de l&rsquo;\u0153uvre, y compris en tant que diplomate. Tout comme il l&rsquo;a fait pour sa d\u00e9funte \u00e9pouse, Rubens n&rsquo;a \u00e9crit \u00e0 propos d\u2019H\u00e9l\u00e8ne qu&rsquo;une seule fois, sans la nommer. Plus personnels sont les souhaits adress\u00e9s \u00e0 son \u00e9l\u00e8ve et collaborateur Lucas Fayd\u2019herbe ; Ils se lisent comme des e-mails\/courriels modernes. <\/em><\/p>\n<p><\/p>\n<hr \/>\n<p><\/p>\n<p style=\"text-align: justify;\"><em>Pierre Paul Rubens dit:<\/em><\/p>\n<p><\/p>\n<p style=\"text-align: justify;\">Jetez un coup d&rsquo;\u0153il sur mon portrait que j&rsquo;ai peint en 1638; ai-je l&rsquo;air fatigu\u00e9 ? Vous avez raison. Quand je repense \u00e0 mes voyages diplomatiques entre l&rsquo;Espagne et l&rsquo;Angleterre, je suis reconnaissant. Les n\u00e9gociations se sont d\u00e9roul\u00e9es \u00e0 l&rsquo;enti\u00e8re satisfaction des souverains. Mais maintenant, j&rsquo;ai l\u2019esprit tranquille car j&rsquo;ai d\u00e9laiss\u00e9 toutes ces activit\u00e9s pour n&rsquo;exercer que mon d\u00e9licieux m\u00e9tier de peintre.<\/p>\n<p><\/p>\n<p style=\"text-align: justify;\">J&rsquo;avoue que la vie citadine est aussi devenue un peu trop agit\u00e9e pour moi, ainsi que pour H\u00e9l\u00e8ne et les enfants; une maison de campagne nous convient, puisque j&rsquo;avais d\u00e9j\u00e0 acquis la demeure de Lancelot d\u2019Ursel, \u00e0 Ekeren en 1627, \u00e0 environ une heure de route d\u2019Anvers-centre.<\/p>\n<p><\/p>\n<p style=\"text-align: justify;\">Vous savez aussi qu&rsquo;il y a quelques ann\u00e9es, le 12 mai 1635, j&rsquo;ai \u00e9galement achet\u00e9 un ancien ch\u00e2teau m\u00e9di\u00e9val \u00e0 Elewijt (entre Malines et Vilvorde) pour 93 000 florins. De ce \u2018<em>Ch\u00e2teau du Steen\u2019, <\/em>comme on l\u2019appelle, je ne poss\u00e8de pas seulement les pierres de l&rsquo;\u00e9difice mais aussi les terres et les bois qui l&rsquo;entourent, et o\u00f9 l&rsquo;on s&rsquo;adresse \u00e0 moi en deux mots \u00ab\u00a0Mon Sieur\u00a0\u00bb.<\/p>\n<p><\/p>\n<p style=\"text-align: justify;\">Ici je prends le temps d&rsquo;\u00e9crire des lettres; la plume est un peu plus patiente que le pinceau lors d\u2019une crise de goutte. Puis-je vous citer deux textes\u00a0?<\/p>\n<p><\/p>\n<p style=\"text-align: justify;\">\u00c0 mon bon ami Peiresc (le 18 d\u00e9cembre 1634, en italien dans le texte):<\/p>\n<p><\/p>\n<p style=\"text-align: justify; padding-left: 40px;\"><em>\u00ab Maintenant, par la gr\u00e2ce de Dieu, je trouve le repos aupr\u00e8s de ma femme et de mes enfants, sans autre d\u00e9sir que de vivre en paix. J&rsquo;ai d\u00e9cid\u00e9 de me remarier parce que j&rsquo;ai constat\u00e9 ne pas encore \u00eatre pr\u00eat \u00e0 l&rsquo;abstinence du c\u00e9libat&#8230; J&rsquo;ai choisi une jeune femme issue d&rsquo;une famille respectable, quoique bourgeoise, bien que tout le monde ait voulu me conseiller de prendre une femme noble. Mais je craignais l&rsquo;orgueil, maladie tr\u00e8s r\u00e9pandue chez la noblesse, surtout du sexe f\u00e9minin. Je pr\u00e9f\u00e9rais donc celle qui ne rougissait pas en me voyant prendre mes pinceaux.\u00a0\u00bb<\/em><\/p>\n<p><\/p>\n<p style=\"text-align: justify;\">J&rsquo;ai \u00e9t\u00e9 anobli par notre roi, Philippe IV, il y a plus de 10 ans, le 5 juin 1624; Le 16 juillet 1631, il m&rsquo;a donn\u00e9 le titre de \u2018chevalier\u2019, c&rsquo;est pourquoi je porte l\u2019\u00e9p\u00e9e sur ce portrait.<\/p>\n<p><\/p>\n<p style=\"text-align: justify;\">Le 21 f\u00e9vrier 1630, j&rsquo;ai \u00e9galement re\u00e7u le titre de \u2018Sir\u2019 du roi anglais Charles.<\/p>\n<p><\/p>\n<p style=\"text-align: justify;\">Du ch\u00e2teau du Steen, j&rsquo;ai \u00e9crit le 17 ao\u00fbt 1638 \u00e0 mon estim\u00e9 collaborateur Lucas Fayd&rsquo;herbe:<\/p>\n<p><\/p>\n<p style=\"text-align: justify; padding-left: 40px;\"><em>Adresse: \u00ab\u00a0A Mons.<sup>r<\/sup> Lucas Fedarbe, chez M. Pietro Pauolo Rubens, sur le Wapper. Cito, cito, cito, \u00e0 Anvers. Poste.<br \/>\n<\/em><em>Cher et bien-aim\u00e9 Lucas,<br \/>\n<\/em><em>J&rsquo;esp\u00e8re que ce billet te parviendra encore \u00e0 Anvers, car j&rsquo;ai besoin d\u2019urgence d&rsquo;un panneau aux trois t\u00eates grandeur nature, de ma main. .. Tu me feras un grand plaisir en me l&rsquo;envoyant ici tout de suite, ou, si tu es dispos\u00e9 \u00e0 venir toi-m\u00eame, en l&rsquo;apportant avec toi. &#8230;<br \/>\n<\/em><em>Monsieur Lucas,<br \/>\n<\/em><em>Ton ami oblig\u00e9,<br \/>\n<\/em><em>Pietro Pauolo Rubens<\/em><\/p>\n<p><\/p>\n<p style=\"text-align: justify;\">(le texte continue)<\/p>\n<p><\/p>\n<p style=\"text-align: justify; padding-left: 40px;\"><em>Lors de ton d\u00e9part, assure-toi que tout est bien ferm\u00e9 \u00e0 cl\u00e9 et qu&rsquo;il ne reste pas d&rsquo;originaux ni de quelques croquis \u00e0 l\u2019\u00e9tage de l\u2019atelier. Rappelle aussi \u00e0 Guillaume, le jardinier, qu&rsquo;en temps voulu il nous enverra les petites poires et les figues s&rsquo;il y en a, ou autre chose de convenable du jardin&#8230;.<\/em><\/p>\n<p><\/p>\n<p style=\"text-align: justify;\"><strong><span style=\"color: #008000;\">Itin\u00e9raire Est: suivre le Hopland\/rue Houblonni\u00e8re, passez devant le nouveau centre d&rsquo;accueil de la Maison de Rubens, tournez \u00e0 gauche dans la <a href=\"https:\/\/rubens-antwerpen.be\/fr\/home\/est\/rue-otto-venius\/\">Otto Veniusstraat\/rue Otto Venius<\/a>. Il y a une plaque comm\u00e9morative \u00e0 la maison num\u00e9ro 21. <\/span><\/strong><\/p>\n<p><\/p>\n<p style=\"text-align: justify;\"><span style=\"font-family: tahoma, arial, helvetica, sans-serif;\"><em><a href=\"#_ftnref1\" name=\"_ftn1\">[1]<\/a> Converti environ \u20ac1.250.000.<\/em><\/span><\/p>\n\t\t\t\t\t\t\t\t<\/div>\n\t\t\t\t<\/div>\n\t\t\t\t\t<\/div>\n\t\t\t\t<\/div>\n\t\t\t\t<\/div>\n\t\t","protected":false},"excerpt":{"rendered":"<p>Chronologie 1638 : autoportrait de Rubens \u00e2g\u00e9 Les 252 lettres du peintre qui nous sont parvenues nous donnent un aper\u00e7u [&hellip;]<\/p>\n","protected":false},"author":1,"featured_media":0,"parent":3195,"menu_order":214,"comment_status":"closed","ping_status":"closed","template":"","meta":{"site-sidebar-layout":"no-sidebar","site-content-layout":"","ast-site-content-layout":"full-width-container","site-content-style":"default","site-sidebar-style":"default","ast-global-header-display":"","ast-banner-title-visibility":"","ast-main-header-display":"","ast-hfb-above-header-display":"","ast-hfb-below-header-display":"","ast-hfb-mobile-header-display":"","site-post-title":"disabled","ast-breadcrumbs-content":"","ast-featured-img":"disabled","footer-sml-layout":"","ast-disable-related-posts":"","theme-transparent-header-meta":"","adv-header-id-meta":"","stick-header-meta":"","header-above-stick-meta":"","header-main-stick-meta":"","header-below-stick-meta":"","astra-migrate-meta-layouts":"default","ast-page-background-enabled":"default","ast-page-background-meta":{"desktop":{"background-color":"var(--ast-global-color-4)","background-image":"","background-repeat":"repeat","background-position":"center center","background-size":"auto","background-attachment":"scroll","background-type":"","background-media":"","overlay-type":"","overlay-color":"","overlay-opacity":"","overlay-gradient":""},"tablet":{"background-color":"","background-image":"","background-repeat":"repeat","background-position":"center center","background-size":"auto","background-attachment":"scroll","background-type":"","background-media":"","overlay-type":"","overlay-color":"","overlay-opacity":"","overlay-gradient":""},"mobile":{"background-color":"","background-image":"","background-repeat":"repeat","background-position":"center center","background-size":"auto","background-attachment":"scroll","background-type":"","background-media":"","overlay-type":"","overlay-color":"","overlay-opacity":"","overlay-gradient":""}},"ast-content-background-meta":{"desktop":{"background-color":"var(--ast-global-color-5)","background-image":"","background-repeat":"repeat","background-position":"center center","background-size":"auto","background-attachment":"scroll","background-type":"","background-media":"","overlay-type":"","overlay-color":"","overlay-opacity":"","overlay-gradient":""},"tablet":{"background-color":"var(--ast-global-color-5)","background-image":"","background-repeat":"repeat","background-position":"center center","background-size":"auto","background-attachment":"scroll","background-type":"","background-media":"","overlay-type":"","overlay-color":"","overlay-opacity":"","overlay-gradient":""},"mobile":{"background-color":"var(--ast-global-color-5)","background-image":"","background-repeat":"repeat","background-position":"center center","background-size":"auto","background-attachment":"scroll","background-type":"","background-media":"","overlay-type":"","overlay-color":"","overlay-opacity":"","overlay-gradient":""}},"footnotes":""},"class_list":["post-3203","page","type-page","status-publish","hentry"],"aioseo_notices":[],"_links":{"self":[{"href":"https:\/\/rubens-antwerpen.be\/fr\/wp-json\/wp\/v2\/pages\/3203","targetHints":{"allow":["GET"]}}],"collection":[{"href":"https:\/\/rubens-antwerpen.be\/fr\/wp-json\/wp\/v2\/pages"}],"about":[{"href":"https:\/\/rubens-antwerpen.be\/fr\/wp-json\/wp\/v2\/types\/page"}],"author":[{"embeddable":true,"href":"https:\/\/rubens-antwerpen.be\/fr\/wp-json\/wp\/v2\/users\/1"}],"replies":[{"embeddable":true,"href":"https:\/\/rubens-antwerpen.be\/fr\/wp-json\/wp\/v2\/comments?post=3203"}],"version-history":[{"count":10,"href":"https:\/\/rubens-antwerpen.be\/fr\/wp-json\/wp\/v2\/pages\/3203\/revisions"}],"predecessor-version":[{"id":5482,"href":"https:\/\/rubens-antwerpen.be\/fr\/wp-json\/wp\/v2\/pages\/3203\/revisions\/5482"}],"up":[{"embeddable":true,"href":"https:\/\/rubens-antwerpen.be\/fr\/wp-json\/wp\/v2\/pages\/3195"}],"wp:attachment":[{"href":"https:\/\/rubens-antwerpen.be\/fr\/wp-json\/wp\/v2\/media?parent=3203"}],"curies":[{"name":"wp","href":"https:\/\/api.w.org\/{rel}","templated":true}]}}