{"id":3205,"date":"2024-06-19T16:00:00","date_gmt":"2024-06-19T14:00:00","guid":{"rendered":"https:\/\/rubens-antwerpen.be\/home\/est\/rue-otto-venius\/"},"modified":"2025-06-19T17:17:41","modified_gmt":"2025-06-19T15:17:41","slug":"rue-otto-venius","status":"publish","type":"page","link":"https:\/\/rubens-antwerpen.be\/fr\/home\/est\/rue-otto-venius\/","title":{"rendered":"Rue Otto Venius"},"content":{"rendered":"\t\t<div data-elementor-type=\"wp-page\" data-elementor-id=\"3205\" class=\"elementor elementor-3205 elementor-913\">\n\t\t\t\t<div class=\"elementor-element elementor-element-ad42995 e-flex e-con-boxed e-con e-parent\" data-id=\"ad42995\" data-element_type=\"container\" data-e-type=\"container\">\n\t\t\t\t\t<div class=\"e-con-inner\">\n\t\t\t\t<div class=\"elementor-element elementor-element-dbf73d7 elementor-widget elementor-widget-heading\" data-id=\"dbf73d7\" data-element_type=\"widget\" data-e-type=\"widget\" data-widget_type=\"heading.default\">\n\t\t\t\t<div class=\"elementor-widget-container\">\n\t\t\t\t\t<h2 class=\"elementor-heading-title elementor-size-default\">Rue Otto Venius<\/h2>\t\t\t\t<\/div>\n\t\t\t\t<\/div>\n\t\t\t\t\t<\/div>\n\t\t\t\t<\/div>\n\t\t<div class=\"elementor-element elementor-element-1198e50 e-flex e-con-boxed e-con e-parent\" data-id=\"1198e50\" data-element_type=\"container\" data-e-type=\"container\">\n\t\t\t\t\t<div class=\"e-con-inner\">\n\t\t\t\t<div class=\"elementor-element elementor-element-e021f41 elementor-widget elementor-widget-text-editor\" data-id=\"e021f41\" data-element_type=\"widget\" data-e-type=\"widget\" data-widget_type=\"text-editor.default\">\n\t\t\t\t<div class=\"elementor-widget-container\">\n\t\t\t\t\t\t\t\t\t<figure id=\"attachment_2119\" aria-describedby=\"caption-attachment-2119\" style=\"width: 240px\" class=\"wp-caption alignleft\"><a href=\"http:\/\/rubens-antwerpen.be\/wp-content\/uploads\/220P-Otto-Veniusstraat.jpg\"><img fetchpriority=\"high\" decoding=\"async\" class=\"wp-image-579 size-medium\" src=\"http:\/\/rubens-antwerpen.be\/wp-content\/uploads\/220P-Otto-Veniusstraat-240x300.jpg\" alt=\"\" width=\"240\" height=\"300\" srcset=\"https:\/\/rubens-antwerpen.be\/wp-content\/uploads\/220P-Otto-Veniusstraat-240x300.jpg 240w, https:\/\/rubens-antwerpen.be\/wp-content\/uploads\/220P-Otto-Veniusstraat-768x960.jpg 768w, https:\/\/rubens-antwerpen.be\/wp-content\/uploads\/220P-Otto-Veniusstraat.jpg 819w\" sizes=\"(max-width: 240px) 100vw, 240px\" \/><\/a><figcaption id=\"caption-attachment-2119\" class=\"wp-caption-text\">Maison d&rsquo;Otto Venius<\/figcaption><\/figure>\n<p style=\"text-align: justify;\"><em>D\u00e9dicace pleinement justifi\u00e9e de la rue du ma\u00eetre de Rubens, mais quels autres ma\u00eetres, collaborateurs, apprentis, \u00e9l\u00e8ves ont re\u00e7u tant d&rsquo;honneurs ?<\/em><\/p>\n<p><\/p>\n<hr \/>\n<p><\/p>\n<p style=\"text-align: justify;\">Gr\u00e2ce \u00e0 leur popularit\u00e9, Rubens, Van Dyck et Jordaens ont obtenu qu\u2019une rue porte leur nom. Qui d&rsquo;autre a re\u00e7u autant d&rsquo;honneur ?<\/p>\n<p><\/p>\n<p style=\"text-align: justify;\">Le ma\u00eetre le plus important de Rubens a eu une rue \u00e0 son nom en 1841, et pour quel motif ? C&rsquo;est ici qu&rsquo;il avait son atelier, dans la maison dite <em>&lsquo;le Prince&rsquo;<\/em> et celle attenante (aujourd&rsquo;hui n\u00b0 21). Nous disons: Octave van Veen, Otto pour les amis, V(a)enius pour les romanistes (les artistes qui avaient fait un s\u00e9jour d&rsquo;\u00e9tude \u00e0 Rome).<\/p>\n<p><\/p>\n<p style=\"text-align: justify;\">D\u00e9j\u00e0 \u00e0 son \u00e9poque, van Veen a re\u00e7u les \u00e9loges dans le pr\u00e9cit\u00e9 <em>Schilderboek\/Livre des peintres<\/em> par Carel van Mander (1604). Il consacrait une longue biographie \u00e0 Van Veen, le qualifiant d\u2019<em>\u00e9minent<\/em>, ce qui nous apprend \u00e0 quel point il \u00e9tait un esprit universel: fils du bourgmestre catholique de Leyde, intellectuellement form\u00e9 en litt\u00e9rature, ma\u00eetrisant l\u2019italien, peintre \u00e0 la cour \u00e0 Parme aupr\u00e8s d\u2019Alexandre Farn\u00e8se, plus tard aupr\u00e8s de nos archiducs Albert et Isabelle.<\/p>\n<p><\/p>\n<p style=\"text-align: justify;\">Rubens aurait-il pu se former avec un meilleur ma\u00eetre? Il est souvent redevable \u00e0 Van Veen pour ses compositions. Au cours de l\u2019itin\u00e9raire Sud, nous avons d\u00e9j\u00e0 pr\u00e9sent\u00e9 le \u2018<em>Martyre de Saint-Andr\u00e9\u2019<\/em> de Van Veen; dans la cath\u00e9drale Notre-Dame, vous pourrez voir comment Rubens a imit\u00e9 et surpass\u00e9 son ma\u00eetre avec \u2018<em>L\u2019 \u00c9rection de la Croix\u2019<\/em>.<\/p>\n<p><\/p>\n<p style=\"text-align: justify;\"><span style=\"color: #008000;\"><strong>Itin\u00e9raire Est : \u00e0 l&rsquo;extr\u00e9mit\u00e9 nord de la Otto Veniusstraat, <a href=\"https:\/\/rubens-antwerpen.be\/fr\/home\/est\/le-meir\/\">sur le Meir<\/a>, vous vous retrouverez devant la statue d&rsquo;Anthony Van Dyck.<\/strong><\/span><\/p>\n\t\t\t\t\t\t\t\t<\/div>\n\t\t\t\t<\/div>\n\t\t\t\t\t<\/div>\n\t\t\t\t<\/div>\n\t\t\t\t<\/div>\n\t\t","protected":false},"excerpt":{"rendered":"<p>Rue Otto Venius D\u00e9dicace pleinement justifi\u00e9e de la rue du ma\u00eetre de Rubens, mais quels autres ma\u00eetres, collaborateurs, apprentis, \u00e9l\u00e8ves [&hellip;]<\/p>\n","protected":false},"author":1,"featured_media":0,"parent":3193,"menu_order":220,"comment_status":"closed","ping_status":"closed","template":"","meta":{"site-sidebar-layout":"no-sidebar","site-content-layout":"","ast-site-content-layout":"full-width-container","site-content-style":"default","site-sidebar-style":"default","ast-global-header-display":"","ast-banner-title-visibility":"","ast-main-header-display":"","ast-hfb-above-header-display":"","ast-hfb-below-header-display":"","ast-hfb-mobile-header-display":"","site-post-title":"disabled","ast-breadcrumbs-content":"","ast-featured-img":"disabled","footer-sml-layout":"","ast-disable-related-posts":"","theme-transparent-header-meta":"","adv-header-id-meta":"","stick-header-meta":"","header-above-stick-meta":"","header-main-stick-meta":"","header-below-stick-meta":"","astra-migrate-meta-layouts":"default","ast-page-background-enabled":"default","ast-page-background-meta":{"desktop":{"background-color":"var(--ast-global-color-4)","background-image":"","background-repeat":"repeat","background-position":"center center","background-size":"auto","background-attachment":"scroll","background-type":"","background-media":"","overlay-type":"","overlay-color":"","overlay-opacity":"","overlay-gradient":""},"tablet":{"background-color":"","background-image":"","background-repeat":"repeat","background-position":"center center","background-size":"auto","background-attachment":"scroll","background-type":"","background-media":"","overlay-type":"","overlay-color":"","overlay-opacity":"","overlay-gradient":""},"mobile":{"background-color":"","background-image":"","background-repeat":"repeat","background-position":"center center","background-size":"auto","background-attachment":"scroll","background-type":"","background-media":"","overlay-type":"","overlay-color":"","overlay-opacity":"","overlay-gradient":""}},"ast-content-background-meta":{"desktop":{"background-color":"var(--ast-global-color-5)","background-image":"","background-repeat":"repeat","background-position":"center center","background-size":"auto","background-attachment":"scroll","background-type":"","background-media":"","overlay-type":"","overlay-color":"","overlay-opacity":"","overlay-gradient":""},"tablet":{"background-color":"var(--ast-global-color-5)","background-image":"","background-repeat":"repeat","background-position":"center center","background-size":"auto","background-attachment":"scroll","background-type":"","background-media":"","overlay-type":"","overlay-color":"","overlay-opacity":"","overlay-gradient":""},"mobile":{"background-color":"var(--ast-global-color-5)","background-image":"","background-repeat":"repeat","background-position":"center center","background-size":"auto","background-attachment":"scroll","background-type":"","background-media":"","overlay-type":"","overlay-color":"","overlay-opacity":"","overlay-gradient":""}},"footnotes":""},"class_list":["post-3205","page","type-page","status-publish","hentry"],"aioseo_notices":[],"_links":{"self":[{"href":"https:\/\/rubens-antwerpen.be\/fr\/wp-json\/wp\/v2\/pages\/3205","targetHints":{"allow":["GET"]}}],"collection":[{"href":"https:\/\/rubens-antwerpen.be\/fr\/wp-json\/wp\/v2\/pages"}],"about":[{"href":"https:\/\/rubens-antwerpen.be\/fr\/wp-json\/wp\/v2\/types\/page"}],"author":[{"embeddable":true,"href":"https:\/\/rubens-antwerpen.be\/fr\/wp-json\/wp\/v2\/users\/1"}],"replies":[{"embeddable":true,"href":"https:\/\/rubens-antwerpen.be\/fr\/wp-json\/wp\/v2\/comments?post=3205"}],"version-history":[{"count":8,"href":"https:\/\/rubens-antwerpen.be\/fr\/wp-json\/wp\/v2\/pages\/3205\/revisions"}],"predecessor-version":[{"id":5484,"href":"https:\/\/rubens-antwerpen.be\/fr\/wp-json\/wp\/v2\/pages\/3205\/revisions\/5484"}],"up":[{"embeddable":true,"href":"https:\/\/rubens-antwerpen.be\/fr\/wp-json\/wp\/v2\/pages\/3193"}],"wp:attachment":[{"href":"https:\/\/rubens-antwerpen.be\/fr\/wp-json\/wp\/v2\/media?parent=3205"}],"curies":[{"name":"wp","href":"https:\/\/api.w.org\/{rel}","templated":true}]}}