{"id":3207,"date":"2024-06-19T16:00:59","date_gmt":"2024-06-19T14:00:59","guid":{"rendered":"https:\/\/rubens-antwerpen.be\/home\/est\/le-meir\/"},"modified":"2025-08-08T17:15:55","modified_gmt":"2025-08-08T15:15:55","slug":"le-meir","status":"publish","type":"page","link":"https:\/\/rubens-antwerpen.be\/fr\/home\/est\/le-meir\/","title":{"rendered":"Le Meir"},"content":{"rendered":"\t\t<div data-elementor-type=\"wp-page\" data-elementor-id=\"3207\" class=\"elementor elementor-3207 elementor-918\">\n\t\t\t\t<div class=\"elementor-element elementor-element-ad42995 e-flex e-con-boxed e-con e-parent\" data-id=\"ad42995\" data-element_type=\"container\" data-e-type=\"container\">\n\t\t\t\t\t<div class=\"e-con-inner\">\n\t\t\t\t<div class=\"elementor-element elementor-element-dbf73d7 elementor-widget elementor-widget-heading\" data-id=\"dbf73d7\" data-element_type=\"widget\" data-e-type=\"widget\" data-widget_type=\"heading.default\">\n\t\t\t\t<div class=\"elementor-widget-container\">\n\t\t\t\t\t<h2 class=\"elementor-heading-title elementor-size-default\">Le Meir : Statue d'Anthony van Dyck<\/h2>\t\t\t\t<\/div>\n\t\t\t\t<\/div>\n\t\t\t\t\t<\/div>\n\t\t\t\t<\/div>\n\t\t<div class=\"elementor-element elementor-element-eb755ca e-flex e-con-boxed e-con e-parent\" data-id=\"eb755ca\" data-element_type=\"container\" data-e-type=\"container\">\n\t\t\t\t\t<div class=\"e-con-inner\">\n\t\t\t\t<div class=\"elementor-element elementor-element-cade918 elementor-widget elementor-widget-text-editor\" data-id=\"cade918\" data-element_type=\"widget\" data-e-type=\"widget\" data-widget_type=\"text-editor.default\">\n\t\t\t\t<div class=\"elementor-widget-container\">\n\t\t\t\t\t\t\t\t\t<p style=\"text-align: justify;\"><a href=\"http:\/\/rubens-antwerpen.be\/wp-content\/uploads\/230P-Meir.jpg\"><img fetchpriority=\"high\" decoding=\"async\" class=\"wp-image-582 size-medium alignleft\" src=\"http:\/\/rubens-antwerpen.be\/wp-content\/uploads\/230P-Meir-225x300.jpg\" alt=\"\" width=\"225\" height=\"300\" srcset=\"https:\/\/rubens-antwerpen.be\/wp-content\/uploads\/230P-Meir-225x300.jpg 225w, https:\/\/rubens-antwerpen.be\/wp-content\/uploads\/230P-Meir.jpg 767w\" sizes=\"(max-width: 225px) 100vw, 225px\" \/><\/a><\/p>\n<p><\/p>\n<p style=\"text-align: justify;\"><em>Fid\u00e8le au personnage repr\u00e9sent\u00e9, sa statue n&rsquo;est pas rest\u00e9e immobile mais a d\u00e9j\u00e0 voyag\u00e9, non pas entre l&rsquo;Italie et l&rsquo;Angleterre, mais d\u2019un endroit \u00e0 l\u2019autre dans la ville d&rsquo;Anvers.<\/em><\/p>\n<p><\/p>\n<hr \/>\n<p><\/p>\n<p style=\"text-align: justify;\">Aujourd&rsquo;hui, dans cette zone pi\u00e9tonni\u00e8re, Anthony Van Dyck se dresse plus grand que nature, habill\u00e9 \u00e0 la mode de l\u2019\u00e9poque, s\u2019appuyant sur un cadre ovale et une liasse de papier \u00e0 dessin. On peut se poser la question\u00a0: est-ce que l\u2019emplacement de ce monument lui donne l\u2019\u00e9loge qu&rsquo;il m\u00e9rite ?<\/p>\n<p><\/p>\n<p style=\"text-align: justify;\">Plus loin au cours de cette promenade, nous nous trouverons devant l&rsquo;Acad\u00e9mie, \u00e0 l&rsquo;actuelle rue Mutsaard; l\u00e0, il \u00e9tait \u00e0 sa place, en tant que peintre et en plus, il se trouvait dans le voisinage de son tout premier atelier.<\/p>\n<p><\/p>\n<p style=\"text-align: justify;\">Plus tard, les statues de Jordaens et van Dyck se sont tenues compagnie sur la place de la Commune, actuellement place Franklin Roosevelt. Ces va-et-vient de leurs monuments sont le r\u00e9sultat de la circulation urbaine croissante, aussi bien des tramways que des automobiles. Heureusement, ici, sur le Meir, Anthony est tout proche de la maison de Rubens, son ma\u00eetre \u00e0 lui.<\/p>\n<p><\/p>\n<p style=\"text-align: justify;\">Il est clair que les peintres baroques du 17<sup>e<\/sup> si\u00e8cle jouissaient d\u2019une renomm\u00e9e internationale : pour preuve, les voyages d&rsquo;\u00e9tudes en Italie, les commandes \u00e9manant des seigneurs r\u00e9gionaux, celles des cours royales de France et d&rsquo;Angleterre, et dans le cas de la R\u00e9publique des provinces unies des Pays-Bas \u00e9galement de la part des conseils municipaux et des stathouders.<\/p>\n<p><\/p>\n<p style=\"text-align: justify;\">\u00c0 quelques pas d&rsquo;ici, vous pouvez saluer David Teniers le Jeune, le fondateur de l&rsquo;Acad\u00e9mie anversoise, et dont la statue jadis a d\u00e9cor\u00e9 le jardin de l\u2019Acad\u00e9mie. La nouvelle formation donn\u00e9e dans cette \u00e9cole de peinture a rompu la relation historique entre ma\u00eetres et apprentis sur laquelle la guilde de Saint-Luc s&rsquo;\u00e9tait appuy\u00e9e jusque-l\u00e0.<\/p>\n<p><\/p>\n<p style=\"text-align: justify;\">L\u2019initiative pour les commandes de tous ces monuments date de la seconde moiti\u00e9 du 19e si\u00e8cle. C\u2019\u00e9tait l&rsquo;\u00e9poque o\u00f9 le romantisme exaltait un pass\u00e9 glorieux, r\u00e9el ou imagin\u00e9; son image populaire en reste d\u00e9termin\u00e9e jusqu&rsquo;\u00e0 nos jours.<\/p>\n<p><\/p>\n<p style=\"text-align: justify;\"><span style=\"color: #008000;\"><strong>Itin\u00e9raire Est : descendez le Meir, jusqu&rsquo;\u00e0 la Eikenstraat\/rue du Ch\u00eane \u00e0 droite.<br \/>\n<\/strong><\/span><strong style=\"color: #008000; font-size: 16px;\">Vous \u00eates sur les pas de Rubens qui se rendait de chez lui \u00e0 son \u00e9glise paroissiale, Saint-Jacques.<br \/>\nSi cet acc\u00e8s est ferm\u00e9, tournez \u00e0 gauche dans la Lange Nieuwstraat\/Longue rue Neuve et \u00e0 droite dans la Sint-Jacobsstraat\/rue <a href=\"https:\/\/rubens-antwerpen.be\/fr\/home\/est\/eglise-saint-jacques\/\">Saint-Jacques<\/a> devant l&rsquo;entr\u00e9e principale (sous r\u00e9serve de travaux de restauration).<\/strong><\/p>\n\t\t\t\t\t\t\t\t<\/div>\n\t\t\t\t<\/div>\n\t\t\t\t\t<\/div>\n\t\t\t\t<\/div>\n\t\t\t\t<\/div>\n\t\t","protected":false},"excerpt":{"rendered":"<p>Le Meir : Statue d&rsquo;Anthony van Dyck Fid\u00e8le au personnage repr\u00e9sent\u00e9, sa statue n&rsquo;est pas rest\u00e9e immobile mais a d\u00e9j\u00e0 [&hellip;]<\/p>\n","protected":false},"author":1,"featured_media":0,"parent":3193,"menu_order":230,"comment_status":"closed","ping_status":"closed","template":"","meta":{"site-sidebar-layout":"no-sidebar","site-content-layout":"","ast-site-content-layout":"full-width-container","site-content-style":"default","site-sidebar-style":"default","ast-global-header-display":"","ast-banner-title-visibility":"","ast-main-header-display":"","ast-hfb-above-header-display":"","ast-hfb-below-header-display":"","ast-hfb-mobile-header-display":"","site-post-title":"disabled","ast-breadcrumbs-content":"","ast-featured-img":"disabled","footer-sml-layout":"","ast-disable-related-posts":"","theme-transparent-header-meta":"","adv-header-id-meta":"","stick-header-meta":"","header-above-stick-meta":"","header-main-stick-meta":"","header-below-stick-meta":"","astra-migrate-meta-layouts":"default","ast-page-background-enabled":"default","ast-page-background-meta":{"desktop":{"background-color":"var(--ast-global-color-4)","background-image":"","background-repeat":"repeat","background-position":"center center","background-size":"auto","background-attachment":"scroll","background-type":"","background-media":"","overlay-type":"","overlay-color":"","overlay-opacity":"","overlay-gradient":""},"tablet":{"background-color":"","background-image":"","background-repeat":"repeat","background-position":"center center","background-size":"auto","background-attachment":"scroll","background-type":"","background-media":"","overlay-type":"","overlay-color":"","overlay-opacity":"","overlay-gradient":""},"mobile":{"background-color":"","background-image":"","background-repeat":"repeat","background-position":"center center","background-size":"auto","background-attachment":"scroll","background-type":"","background-media":"","overlay-type":"","overlay-color":"","overlay-opacity":"","overlay-gradient":""}},"ast-content-background-meta":{"desktop":{"background-color":"var(--ast-global-color-5)","background-image":"","background-repeat":"repeat","background-position":"center center","background-size":"auto","background-attachment":"scroll","background-type":"","background-media":"","overlay-type":"","overlay-color":"","overlay-opacity":"","overlay-gradient":""},"tablet":{"background-color":"var(--ast-global-color-5)","background-image":"","background-repeat":"repeat","background-position":"center center","background-size":"auto","background-attachment":"scroll","background-type":"","background-media":"","overlay-type":"","overlay-color":"","overlay-opacity":"","overlay-gradient":""},"mobile":{"background-color":"var(--ast-global-color-5)","background-image":"","background-repeat":"repeat","background-position":"center center","background-size":"auto","background-attachment":"scroll","background-type":"","background-media":"","overlay-type":"","overlay-color":"","overlay-opacity":"","overlay-gradient":""}},"footnotes":""},"class_list":["post-3207","page","type-page","status-publish","hentry"],"aioseo_notices":[],"_links":{"self":[{"href":"https:\/\/rubens-antwerpen.be\/fr\/wp-json\/wp\/v2\/pages\/3207","targetHints":{"allow":["GET"]}}],"collection":[{"href":"https:\/\/rubens-antwerpen.be\/fr\/wp-json\/wp\/v2\/pages"}],"about":[{"href":"https:\/\/rubens-antwerpen.be\/fr\/wp-json\/wp\/v2\/types\/page"}],"author":[{"embeddable":true,"href":"https:\/\/rubens-antwerpen.be\/fr\/wp-json\/wp\/v2\/users\/1"}],"replies":[{"embeddable":true,"href":"https:\/\/rubens-antwerpen.be\/fr\/wp-json\/wp\/v2\/comments?post=3207"}],"version-history":[{"count":10,"href":"https:\/\/rubens-antwerpen.be\/fr\/wp-json\/wp\/v2\/pages\/3207\/revisions"}],"predecessor-version":[{"id":6085,"href":"https:\/\/rubens-antwerpen.be\/fr\/wp-json\/wp\/v2\/pages\/3207\/revisions\/6085"}],"up":[{"embeddable":true,"href":"https:\/\/rubens-antwerpen.be\/fr\/wp-json\/wp\/v2\/pages\/3193"}],"wp:attachment":[{"href":"https:\/\/rubens-antwerpen.be\/fr\/wp-json\/wp\/v2\/media?parent=3207"}],"curies":[{"name":"wp","href":"https:\/\/api.w.org\/{rel}","templated":true}]}}